{"id":553,"date":"2019-03-18T22:16:53","date_gmt":"2019-03-18T21:16:53","guid":{"rendered":"https:\/\/agora.xtec.cat\/escolajaumesegon\/?page_id=553"},"modified":"2026-01-26T23:19:42","modified_gmt":"2026-01-26T22:19:42","slug":"junta-afa","status":"publish","type":"page","link":"https:\/\/agora.xtec.cat\/ieelperello\/afa\/junta-afa\/","title":{"rendered":"Junta AFA"},"content":{"rendered":"<table style=\"height: 283px; width: 51.1004%; border-collapse: collapse; border: 1px solid #0d0c0c; border-style: solid; border-color: #0d0c0c;\" border=\"1\" cellpadding=\"5\">\n<tbody>\n<tr style=\"background-color: #6aa371;\">\n<td style=\"width: 24.502%; height: 15px; border-color: #000000; border-style: solid;\"><strong>C\u00e0rrec<br \/>\n<\/strong><\/td>\n<td style=\"width: 39.6393%; height: 15px; border-color: #000000; border-style: solid;\"><strong>Responsable<br \/>\n<\/strong><\/td>\n<\/tr>\n<tr style=\"height: 15px;\">\n<td style=\"width: 24.502%; height: 15px; background-color: #92ad51; border-color: #000000; border-style: solid;\"><strong>Presidenta<\/strong><\/td>\n<td style=\"width: 39.6393%; height: 15px; border-color: #000000; border-style: solid;\">Alba Mart\u00ednez Fabregat<\/td>\n<\/tr>\n<tr style=\"height: 15px;\">\n<td style=\"width: 24.502%; height: 15px; background-color: #92ad51; border-color: #000000; border-style: solid;\"><strong>Vicepresidenta<\/strong><\/td>\n<td style=\"width: 39.6393%; height: 15px; border-color: #000000; border-style: solid;\">Jessica Gil Baiges<\/td>\n<\/tr>\n<tr style=\"height: 16px;\">\n<td style=\"width: 24.502%; height: 16px; background-color: #92ad51; border-color: #000000; border-style: solid;\"><strong>Secretari<\/strong><\/td>\n<td style=\"width: 39.6393%; height: 16px; border-color: #000000; border-style: solid;\">Sara Cervera Brull<\/td>\n<\/tr>\n<tr style=\"height: 15px;\">\n<td style=\"width: 24.502%; height: 15px; background-color: #92ad51; border-color: #000000; border-style: solid;\"><strong>Tresorera<\/strong><\/td>\n<td style=\"width: 39.6393%; height: 15px; border-color: #000000; border-style: solid;\">N\u00faria Baiges Mart\u00ed<\/td>\n<\/tr>\n<tr style=\"height: 15px;\">\n<td style=\"width: 24.502%; height: 207px; background-color: #92ad51; vertical-align: top; border-color: #000000; border-style: solid;\" rowspan=\"9\"><strong>Vocals<\/strong><br \/>\n<span style=\"font-weight: normal;\">\u00a0<\/span><br \/>\n<span style=\"font-weight: normal;\">\u00a0<\/span><br \/>\n<span style=\"font-weight: normal;\">\u00a0<\/span><br \/>\n<span style=\"font-weight: normal;\">\u00a0<\/span><br \/>\n<strong><br \/>\n<\/strong><strong><br \/>\n<\/strong><\/td>\n<td style=\"width: 39.6393%; height: 23px; border-color: #000000; border-style: solid;\">N\u00faria J\u00e1\u00f1ez Ribes<\/td>\n<\/tr>\n<tr style=\"height: 23px;\">\n<td style=\"width: 39.6393%; height: 23px; border-color: #000000; border-style: solid;\">Vanessa Llambrich Ramos<\/td>\n<\/tr>\n<tr style=\"height: 23px;\">\n<td style=\"width: 39.6393%; height: 23px; border-color: #000000; border-style: solid;\">Josep Lleberia Pallar\u00e8s<\/td>\n<\/tr>\n<tr style=\"height: 23px;\">\n<td style=\"width: 39.6393%; height: 23px; border-color: #000000; border-style: solid;\">Maria Jes\u00fas Pi\u00f1ol Roca<\/td>\n<\/tr>\n<tr style=\"height: 23px;\">\n<td style=\"width: 39.6393%; height: 23px; border-color: #000000; border-style: solid;\">Ivon Zagal\u00e0 Pla<\/td>\n<\/tr>\n<tr style=\"height: 23px;\">\n<td style=\"width: 39.6393%; height: 23px; border-color: #000000; border-style: solid;\">Veronica Fandos Curto<\/td>\n<\/tr>\n<tr style=\"height: 23px;\">\n<td style=\"width: 39.6393%; height: 23px; border-color: #000000; border-style: solid;\">Hel\u00b7lena Borr\u00e0s Ten<\/td>\n<\/tr>\n<tr style=\"height: 23px;\">\n<td style=\"width: 39.6393%; height: 23px; border-color: #000000; border-style: solid;\">Montse Pallar\u00e8s Custardoy<\/td>\n<\/tr>\n<tr style=\"height: 23px;\">\n<td style=\"width: 39.6393%; height: 23px; border-color: #000000; border-style: solid;\">Vasile (Dani) Mihalache<\/td>\n<\/tr>\n<\/tbody>\n<\/table>\n","protected":false},"excerpt":{"rendered":"<p>C\u00e0rrec Responsable Presidenta Alba Mart\u00ednez Fabregat Vicepresidenta Jessica Gil Baiges Secretari Sara Cervera Brull Tresorera N\u00faria Baiges Mart\u00ed Vocals \u00a0 \u00a0 \u00a0 \u00a0 N\u00faria J\u00e1\u00f1ez Ribes Vanessa Llambrich Ramos Josep Lleberia Pallar\u00e8s Maria Jes\u00fas Pi\u00f1ol Roca Ivon Zagal\u00e0 Pla Veronica Fandos Curto Hel\u00b7lena Borr\u00e0s Ten Montse Pallar\u00e8s Custardoy Vasile (Dani) Mihalache<\/p>\n","protected":false},"author":4,"featured_media":0,"parent":615,"menu_order":1,"comment_status":"closed","ping_status":"closed","template":"","meta":{"_bbp_topic_count":0,"_bbp_reply_count":0,"_bbp_total_topic_count":0,"_bbp_total_reply_count":0,"_bbp_voice_count":0,"_bbp_anonymous_reply_count":0,"_bbp_topic_count_hidden":0,"_bbp_reply_count_hidden":0,"_bbp_forum_subforum_count":0,"site-sidebar-layout":"default","site-content-layout":"","ast-site-content-layout":"default","site-content-style":"default","site-sidebar-style":"default","ast-global-header-display":"","ast-banner-title-visibility":"","ast-main-header-display":"","ast-hfb-above-header-display":"","ast-hfb-below-header-display":"","ast-hfb-mobile-header-display":"","site-post-title":"","ast-breadcrumbs-content":"","ast-featured-img":"","footer-sml-layout":"","theme-transparent-header-meta":"","adv-header-id-meta":"","stick-header-meta":"","header-above-stick-meta":"","header-main-stick-meta":"","header-below-stick-meta":"","astra-migrate-meta-layouts":"set","ast-page-background-enabled":"default","ast-page-background-meta":{"desktop":{"background-color":"var(--ast-global-color-4)","background-image":"","background-repeat":"repeat","background-position":"center center","background-size":"auto","background-attachment":"scroll","background-type":"","background-media":"","overlay-type":"","overlay-color":"","overlay-opacity":"","overlay-gradient":""},"tablet":{"background-color":"","background-image":"","background-repeat":"repeat","background-position":"center center","background-size":"auto","background-attachment":"scroll","background-type":"","background-media":"","overlay-type":"","overlay-color":"","overlay-opacity":"","overlay-gradient":""},"mobile":{"background-color":"","background-image":"","background-repeat":"repeat","background-position":"center center","background-size":"auto","background-attachment":"scroll","background-type":"","background-media":"","overlay-type":"","overlay-color":"","overlay-opacity":"","overlay-gradient":""}},"ast-content-background-meta":{"desktop":{"background-color":"var(--ast-global-color-5)","background-image":"","background-repeat":"repeat","background-position":"center center","background-size":"auto","background-attachment":"scroll","background-type":"","background-media":"","overlay-type":"","overlay-color":"","overlay-opacity":"","overlay-gradient":""},"tablet":{"background-color":"var(--ast-global-color-5)","background-image":"","background-repeat":"repeat","background-position":"center center","background-size":"auto","background-attachment":"scroll","background-type":"","background-media":"","overlay-type":"","overlay-color":"","overlay-opacity":"","overlay-gradient":""},"mobile":{"background-color":"var(--ast-global-color-5)","background-image":"","background-repeat":"repeat","background-position":"center center","background-size":"auto","background-attachment":"scroll","background-type":"","background-media":"","overlay-type":"","overlay-color":"","overlay-opacity":"","overlay-gradient":""}},"footnotes":""},"class_list":["post-553","page","type-page","status-publish","hentry"],"post_mailing_queue_ids":[],"_links":{"self":[{"href":"https:\/\/agora.xtec.cat\/ieelperello\/wp-json\/wp\/v2\/pages\/553","targetHints":{"allow":["GET"]}}],"collection":[{"href":"https:\/\/agora.xtec.cat\/ieelperello\/wp-json\/wp\/v2\/pages"}],"about":[{"href":"https:\/\/agora.xtec.cat\/ieelperello\/wp-json\/wp\/v2\/types\/page"}],"author":[{"embeddable":true,"href":"https:\/\/agora.xtec.cat\/ieelperello\/wp-json\/wp\/v2\/users\/4"}],"replies":[{"embeddable":true,"href":"https:\/\/agora.xtec.cat\/ieelperello\/wp-json\/wp\/v2\/comments?post=553"}],"version-history":[{"count":6,"href":"https:\/\/agora.xtec.cat\/ieelperello\/wp-json\/wp\/v2\/pages\/553\/revisions"}],"predecessor-version":[{"id":5136,"href":"https:\/\/agora.xtec.cat\/ieelperello\/wp-json\/wp\/v2\/pages\/553\/revisions\/5136"}],"up":[{"embeddable":true,"href":"https:\/\/agora.xtec.cat\/ieelperello\/wp-json\/wp\/v2\/pages\/615"}],"wp:attachment":[{"href":"https:\/\/agora.xtec.cat\/ieelperello\/wp-json\/wp\/v2\/media?parent=553"}],"curies":[{"name":"wp","href":"https:\/\/api.w.org\/{rel}","templated":true}]}}