{"id":545,"date":"2019-03-18T21:43:01","date_gmt":"2019-03-18T20:43:01","guid":{"rendered":"https:\/\/agora.xtec.cat\/escolajaumesegon\/?page_id=545"},"modified":"2025-07-18T12:01:22","modified_gmt":"2025-07-18T10:01:22","slug":"estatuts","status":"publish","type":"page","link":"https:\/\/agora.xtec.cat\/ieelperello\/afa\/estatuts\/","title":{"rendered":"Fes-te soci@"},"content":{"rendered":"<div style=\"text-align: center;\">\n<p style=\"text-align: left;\"><span style=\"font-weight: 400;\">La quota anual de soci\/a \u00e9s de 12\u20ac per fill\/a escolaritzat al centre<\/span><\/p>\n<p style=\"text-align: left;\"><span style=\"font-weight: 400;\">Podeu realitzar l\u2019ingr\u00e9s al n\u00famero de compte BBVA: ES68 0182 2475 0902 0000 2840, indicant el nom de l\u2019alumne\/a i el curs que far\u00e0 aquest curs 25\/26<\/span><\/p>\n<p style=\"text-align: left;\"><span style=\"font-weight: 400;\">Per formalitzar l\u2019alta de soci\/a o modificar les teves dades, pots fer-ho a trav\u00e9s d\u2019aquest enlla\u00e7: <\/span><a href=\"https:\/\/tinyurl.com\/3a4hctsd\"><span style=\"font-weight: 400;\">https:\/\/tinyurl.com\/3a4hctsd<\/span><\/a><\/p>\n<p style=\"text-align: left;\"><span style=\"font-weight: 400;\">DE QUINS BENEFICIS DISPOSES PER SER SOCI@?<\/span><\/p>\n<ul style=\"text-align: left;\">\n<li style=\"font-weight: 400;\" aria-level=\"1\"><span style=\"font-weight: 400;\">Descomptes en la compra de llibres (5%) i material escolar (15%) a l\u2019Estanc.<\/span><\/li>\n<li style=\"font-weight: 400;\" aria-level=\"1\"><span style=\"font-weight: 400;\">Agenda escolar gratu\u00efta per als alumnes de prim\u00e0ria, ESO i Batxillerat.<\/span><\/li>\n<li style=\"font-weight: 400;\" aria-level=\"1\"><span style=\"font-weight: 400;\">Regal d\u2019inici de curs per als alumnes d\u2019Infantil (gorra a I3, porta entrepans a I4 i tovallola a I5)<\/span><\/li>\n<li style=\"font-weight: 400;\" aria-level=\"1\"><span style=\"font-weight: 400;\">Descomptes en la compra de roba escolar.<\/span><\/li>\n<li style=\"font-weight: 400;\" aria-level=\"1\"><span style=\"font-weight: 400;\">Preu redu\u00eft en les activitats extraescolars i d\u2019acollida.<\/span><\/li>\n<li style=\"font-weight: 400;\" aria-level=\"1\"><span style=\"font-weight: 400;\">Obtenci\u00f3 gratu\u00efta de la foto de grup de I5 i 6\u00e8 de Prim\u00e0ria, i de l\u2019orla de 4rt d\u2019ESO i\u00a0 2on de Batxillerat.<\/span><\/li>\n<li style=\"font-weight: 400;\" aria-level=\"1\"><span style=\"font-weight: 400;\">Participaci\u00f3 en activitats organitzades per l\u2019AFA (cursos, xerrades de tem\u00e0tiques d\u2019inter\u00e8s per a les fam\u00edlies, festes\u2026)<\/span><\/li>\n<li style=\"font-weight: 400;\" aria-level=\"1\"><span style=\"font-weight: 400;\">Contribuir, amb la teva aportaci\u00f3, a qu\u00e8 l\u2019AFA esdevingui una entitat s\u00f2lida i forta<\/span><\/li>\n<\/ul>\n<p style=\"text-align: left;\"><span style=\"font-weight: 400;\">No ho dubtis! Suma&#8217;t a l&#8217;AFA i fes que el nostre centre sigui encara m\u00e9s gran!<\/span><\/p>\n<\/div>\n<p>&nbsp;<\/p>\n<p>&nbsp;<\/p>\n","protected":false},"excerpt":{"rendered":"<p>La quota anual de soci\/a \u00e9s de 12\u20ac per fill\/a escolaritzat al centre Podeu realitzar l\u2019ingr\u00e9s al n\u00famero de compte BBVA: ES68 0182 2475 0902 0000 2840, indicant el nom de l\u2019alumne\/a i el curs que far\u00e0 aquest curs 25\/26 Per formalitzar l\u2019alta de soci\/a o modificar les teves dades, pots fer-ho a trav\u00e9s d\u2019aquest [&hellip;]<\/p>\n","protected":false},"author":4,"featured_media":0,"parent":615,"menu_order":2,"comment_status":"closed","ping_status":"closed","template":"page-templates\/side-menu.php","meta":{"_bbp_topic_count":0,"_bbp_reply_count":0,"_bbp_total_topic_count":0,"_bbp_total_reply_count":0,"_bbp_voice_count":0,"_bbp_anonymous_reply_count":0,"_bbp_topic_count_hidden":0,"_bbp_reply_count_hidden":0,"_bbp_forum_subforum_count":0,"site-sidebar-layout":"default","site-content-layout":"","ast-site-content-layout":"","site-content-style":"default","site-sidebar-style":"default","ast-global-header-display":"","ast-banner-title-visibility":"","ast-main-header-display":"","ast-hfb-above-header-display":"","ast-hfb-below-header-display":"","ast-hfb-mobile-header-display":"","site-post-title":"","ast-breadcrumbs-content":"","ast-featured-img":"","footer-sml-layout":"","theme-transparent-header-meta":"","adv-header-id-meta":"","stick-header-meta":"","header-above-stick-meta":"","header-main-stick-meta":"","header-below-stick-meta":"","astra-migrate-meta-layouts":"default","ast-page-background-enabled":"default","ast-page-background-meta":{"desktop":{"background-color":"var(--ast-global-color-4)","background-image":"","background-repeat":"repeat","background-position":"center center","background-size":"auto","background-attachment":"scroll","background-type":"","background-media":"","overlay-type":"","overlay-color":"","overlay-opacity":"","overlay-gradient":""},"tablet":{"background-color":"","background-image":"","background-repeat":"repeat","background-position":"center center","background-size":"auto","background-attachment":"scroll","background-type":"","background-media":"","overlay-type":"","overlay-color":"","overlay-opacity":"","overlay-gradient":""},"mobile":{"background-color":"","background-image":"","background-repeat":"repeat","background-position":"center center","background-size":"auto","background-attachment":"scroll","background-type":"","background-media":"","overlay-type":"","overlay-color":"","overlay-opacity":"","overlay-gradient":""}},"ast-content-background-meta":{"desktop":{"background-color":"var(--ast-global-color-5)","background-image":"","background-repeat":"repeat","background-position":"center center","background-size":"auto","background-attachment":"scroll","background-type":"","background-media":"","overlay-type":"","overlay-color":"","overlay-opacity":"","overlay-gradient":""},"tablet":{"background-color":"var(--ast-global-color-5)","background-image":"","background-repeat":"repeat","background-position":"center center","background-size":"auto","background-attachment":"scroll","background-type":"","background-media":"","overlay-type":"","overlay-color":"","overlay-opacity":"","overlay-gradient":""},"mobile":{"background-color":"var(--ast-global-color-5)","background-image":"","background-repeat":"repeat","background-position":"center center","background-size":"auto","background-attachment":"scroll","background-type":"","background-media":"","overlay-type":"","overlay-color":"","overlay-opacity":"","overlay-gradient":""}},"footnotes":""},"class_list":["post-545","page","type-page","status-publish","hentry"],"post_mailing_queue_ids":[],"_links":{"self":[{"href":"https:\/\/agora.xtec.cat\/ieelperello\/wp-json\/wp\/v2\/pages\/545","targetHints":{"allow":["GET"]}}],"collection":[{"href":"https:\/\/agora.xtec.cat\/ieelperello\/wp-json\/wp\/v2\/pages"}],"about":[{"href":"https:\/\/agora.xtec.cat\/ieelperello\/wp-json\/wp\/v2\/types\/page"}],"author":[{"embeddable":true,"href":"https:\/\/agora.xtec.cat\/ieelperello\/wp-json\/wp\/v2\/users\/4"}],"replies":[{"embeddable":true,"href":"https:\/\/agora.xtec.cat\/ieelperello\/wp-json\/wp\/v2\/comments?post=545"}],"version-history":[{"count":4,"href":"https:\/\/agora.xtec.cat\/ieelperello\/wp-json\/wp\/v2\/pages\/545\/revisions"}],"predecessor-version":[{"id":4731,"href":"https:\/\/agora.xtec.cat\/ieelperello\/wp-json\/wp\/v2\/pages\/545\/revisions\/4731"}],"up":[{"embeddable":true,"href":"https:\/\/agora.xtec.cat\/ieelperello\/wp-json\/wp\/v2\/pages\/615"}],"wp:attachment":[{"href":"https:\/\/agora.xtec.cat\/ieelperello\/wp-json\/wp\/v2\/media?parent=545"}],"curies":[{"name":"wp","href":"https:\/\/api.w.org\/{rel}","templated":true}]}}