{"id":4240,"date":"2024-02-16T18:43:57","date_gmt":"2024-02-16T17:43:57","guid":{"rendered":"https:\/\/agora.xtec.cat\/ieelperello\/?page_id=4240"},"modified":"2025-09-25T14:32:43","modified_gmt":"2025-09-25T12:32:43","slug":"guixetes","status":"publish","type":"page","link":"https:\/\/agora.xtec.cat\/ieelperello\/afa\/guixetes\/","title":{"rendered":"Guixetes"},"content":{"rendered":"<p>L\u2019\u00fas de les guixetes \u00e9s un servei que ofereix l\u2019AFA de l&#8217;Institut Escola El Perell\u00f3 als seus associats.<\/p>\n<p>Podeu consultar tota la normativa completa al document adjunt.<\/p>\n<p><a class=\"button\" href=\"https:\/\/agora.xtec.cat\/ieelperello\/wp-content\/uploads\/usu1951\/2024\/02\/Guixetes-AFA.pdf\" target=\"_blank\" rel=\"noopener\">Normativa<\/a><\/p>\n<p><strong>Qui ho pot demanar?<\/strong><\/p>\n<p>Inicialment tothom que cursi educaci\u00f3 secund\u00e0ria o batxillerat.<\/p>\n<p><strong>On s\u2019ha de demanar?<\/strong><\/p>\n<p>Formalitzant aquest formulari d&#8217;inscripci\u00f3.<\/p>\n<p><a class=\"button\" href=\"https:\/\/docs.google.com\/forms\/d\/e\/1FAIpQLScKjtd3jr9Wi8oq39DrMLbdL9kzvbw4brssLOs4sHEDCPVTuw\/viewform?usp=sf_link\" target=\"_blank\" rel=\"noopener\">FORMULARI D&#8217;INSCRIPCI\u00d3<\/a><\/p>\n<p><strong>Quin \u00e9s el preu?<\/strong><\/p>\n<p>El preu de la guixeta de mar\u00e7 a juny \u00e9s de 35\u20ac, d\u2019aquests, 20\u20ac s\u00f3n en concepte de fian\u00e7a i seran retornats al finalitzar el curs tal com s&#8217;explica a la normativa.<\/p>\n<p>Els desperfectes ocasionats per un \u00fas irresponsable comportaran la p\u00e8rdua de la fian\u00e7a, i si escau, l\u2019abonament dels desperfectes.<\/p>\n<p>&nbsp;<\/p>\n<p><img loading=\"lazy\" decoding=\"async\" class=\"aligncenter size-full wp-image-4261\" src=\"https:\/\/agora.xtec.cat\/ieelperello\/wp-content\/uploads\/usu1951\/2024\/02\/IMG-20231221-WA0021-e1708172188865.jpg\" alt=\"\" width=\"1095\" height=\"898\" srcset=\"https:\/\/agora.xtec.cat\/ieelperello\/wp-content\/uploads\/usu1951\/2024\/02\/IMG-20231221-WA0021-e1708172188865.jpg 1095w, https:\/\/agora.xtec.cat\/ieelperello\/wp-content\/uploads\/usu1951\/2024\/02\/IMG-20231221-WA0021-e1708172188865-300x246.jpg 300w, https:\/\/agora.xtec.cat\/ieelperello\/wp-content\/uploads\/usu1951\/2024\/02\/IMG-20231221-WA0021-e1708172188865-1024x840.jpg 1024w, https:\/\/agora.xtec.cat\/ieelperello\/wp-content\/uploads\/usu1951\/2024\/02\/IMG-20231221-WA0021-e1708172188865-768x630.jpg 768w\" sizes=\"auto, (max-width: 1095px) 100vw, 1095px\" \/><\/p>\n","protected":false},"excerpt":{"rendered":"<p>L\u2019\u00fas de les guixetes \u00e9s un servei que ofereix l\u2019AFA de l&#8217;Institut Escola El Perell\u00f3 als seus associats. Podeu consultar tota la normativa completa al document adjunt. Normativa Qui ho pot demanar? Inicialment tothom que cursi educaci\u00f3 secund\u00e0ria o batxillerat. On s\u2019ha de demanar? Formalitzant aquest formulari d&#8217;inscripci\u00f3. FORMULARI D&#8217;INSCRIPCI\u00d3 Quin \u00e9s el preu? El [&hellip;]<\/p>\n","protected":false},"author":4,"featured_media":0,"parent":615,"menu_order":10,"comment_status":"closed","ping_status":"closed","template":"page-templates\/side-menu.php","meta":{"_bbp_topic_count":0,"_bbp_reply_count":0,"_bbp_total_topic_count":0,"_bbp_total_reply_count":0,"_bbp_voice_count":0,"_bbp_anonymous_reply_count":0,"_bbp_topic_count_hidden":0,"_bbp_reply_count_hidden":0,"_bbp_forum_subforum_count":0,"site-sidebar-layout":"default","site-content-layout":"","ast-site-content-layout":"","site-content-style":"default","site-sidebar-style":"default","ast-global-header-display":"","ast-banner-title-visibility":"","ast-main-header-display":"","ast-hfb-above-header-display":"","ast-hfb-below-header-display":"","ast-hfb-mobile-header-display":"","site-post-title":"","ast-breadcrumbs-content":"","ast-featured-img":"","footer-sml-layout":"","theme-transparent-header-meta":"","adv-header-id-meta":"","stick-header-meta":"","header-above-stick-meta":"","header-main-stick-meta":"","header-below-stick-meta":"","astra-migrate-meta-layouts":"default","ast-page-background-enabled":"default","ast-page-background-meta":{"desktop":{"background-color":"var(--ast-global-color-4)","background-image":"","background-repeat":"repeat","background-position":"center center","background-size":"auto","background-attachment":"scroll","background-type":"","background-media":"","overlay-type":"","overlay-color":"","overlay-opacity":"","overlay-gradient":""},"tablet":{"background-color":"","background-image":"","background-repeat":"repeat","background-position":"center center","background-size":"auto","background-attachment":"scroll","background-type":"","background-media":"","overlay-type":"","overlay-color":"","overlay-opacity":"","overlay-gradient":""},"mobile":{"background-color":"","background-image":"","background-repeat":"repeat","background-position":"center center","background-size":"auto","background-attachment":"scroll","background-type":"","background-media":"","overlay-type":"","overlay-color":"","overlay-opacity":"","overlay-gradient":""}},"ast-content-background-meta":{"desktop":{"background-color":"var(--ast-global-color-5)","background-image":"","background-repeat":"repeat","background-position":"center center","background-size":"auto","background-attachment":"scroll","background-type":"","background-media":"","overlay-type":"","overlay-color":"","overlay-opacity":"","overlay-gradient":""},"tablet":{"background-color":"var(--ast-global-color-5)","background-image":"","background-repeat":"repeat","background-position":"center center","background-size":"auto","background-attachment":"scroll","background-type":"","background-media":"","overlay-type":"","overlay-color":"","overlay-opacity":"","overlay-gradient":""},"mobile":{"background-color":"var(--ast-global-color-5)","background-image":"","background-repeat":"repeat","background-position":"center center","background-size":"auto","background-attachment":"scroll","background-type":"","background-media":"","overlay-type":"","overlay-color":"","overlay-opacity":"","overlay-gradient":""}},"footnotes":""},"class_list":["post-4240","page","type-page","status-publish","hentry"],"post_mailing_queue_ids":[],"_links":{"self":[{"href":"https:\/\/agora.xtec.cat\/ieelperello\/wp-json\/wp\/v2\/pages\/4240","targetHints":{"allow":["GET"]}}],"collection":[{"href":"https:\/\/agora.xtec.cat\/ieelperello\/wp-json\/wp\/v2\/pages"}],"about":[{"href":"https:\/\/agora.xtec.cat\/ieelperello\/wp-json\/wp\/v2\/types\/page"}],"author":[{"embeddable":true,"href":"https:\/\/agora.xtec.cat\/ieelperello\/wp-json\/wp\/v2\/users\/4"}],"replies":[{"embeddable":true,"href":"https:\/\/agora.xtec.cat\/ieelperello\/wp-json\/wp\/v2\/comments?post=4240"}],"version-history":[{"count":6,"href":"https:\/\/agora.xtec.cat\/ieelperello\/wp-json\/wp\/v2\/pages\/4240\/revisions"}],"predecessor-version":[{"id":4784,"href":"https:\/\/agora.xtec.cat\/ieelperello\/wp-json\/wp\/v2\/pages\/4240\/revisions\/4784"}],"up":[{"embeddable":true,"href":"https:\/\/agora.xtec.cat\/ieelperello\/wp-json\/wp\/v2\/pages\/615"}],"wp:attachment":[{"href":"https:\/\/agora.xtec.cat\/ieelperello\/wp-json\/wp\/v2\/media?parent=4240"}],"curies":[{"name":"wp","href":"https:\/\/api.w.org\/{rel}","templated":true}]}}