{"id":3458,"date":"2022-10-20T09:59:50","date_gmt":"2022-10-20T07:59:50","guid":{"rendered":"https:\/\/agora.xtec.cat\/ieelperello\/?page_id=3458"},"modified":"2026-01-27T23:30:47","modified_gmt":"2026-01-27T22:30:47","slug":"acolliment-docent","status":"publish","type":"page","link":"https:\/\/agora.xtec.cat\/ieelperello\/documents-de-centre\/pla-destrategia-digital-de-centre\/cultura-digital\/acolliment-digital\/acolliment-docent\/","title":{"rendered":"Acolliment docent"},"content":{"rendered":"<p><span style=\"font-weight: 400;\">Benvolgut company, <a href=\"https:\/\/agora.xtec.cat\/ieelperello\/wp-content\/uploads\/usu1951\/2022\/10\/comunicacio-1.png\"><img loading=\"lazy\" decoding=\"async\" class=\"wp-image-3516 alignright\" src=\"https:\/\/agora.xtec.cat\/ieelperello\/wp-content\/uploads\/usu1951\/2022\/10\/comunicacio-1.png\" alt=\"\" width=\"424\" height=\"357\" srcset=\"https:\/\/agora.xtec.cat\/ieelperello\/wp-content\/uploads\/usu1951\/2022\/10\/comunicacio-1.png 681w, https:\/\/agora.xtec.cat\/ieelperello\/wp-content\/uploads\/usu1951\/2022\/10\/comunicacio-1-300x252.png 300w\" sizes=\"auto, (max-width: 424px) 100vw, 424px\" \/><\/a><\/span><\/p>\n<p><span style=\"font-weight: 400;\">Benvolguda companya,\u00a0<\/span><\/p>\n<p><span style=\"font-weight: 400;\">T\u2019adjuntem informaci\u00f3 important sobre les eines i recursos digitals dels quals disposem a l\u2019escola per tal de facilitar la teva tasca docent i\/o la teva incorporaci\u00f3 al centre.\u00a0<\/span><\/p>\n<p><b>REFERENTS DIGITALS DEL CENTRE\u00a0<\/b><\/p>\n<p><span style=\"font-weight: 400;\">Coordinadores de la Comissi\u00f3 Cultura Digital\u00a0<\/span><\/p>\n<p><span style=\"font-weight: 400;\">Anna Ferrer Garc\u00e9s<\/span><\/p>\n<p><span style=\"font-weight: 400;\">Lina Tom\u00e0s Valldep\u00e9rez\u00a0<\/span><\/p>\n<p><span style=\"font-weight: 400;\">T\u00e8cnic\/a de suport del Departament<\/span><\/p>\n<p><b>XTEC\u00a0<\/b><\/p>\n<p><span style=\"font-weight: 400;\">La Xarxa Telem\u00e0tica Educativa de Catalunya \u00e9s el web de refer\u00e8ncia pels docents on trobar\u00e0s recursos, normatives, projectes, formaci\u00f3, etc., que ofereix el Departament d\u2019Educaci\u00f3. Alguns dels serveis que s\u2019hi ofereixen, requereixen identificaci\u00f3 corporativa.\u00a0<\/span><\/p>\n<p><b>Usuari XTEC:<\/b><span style=\"font-weight: 400;\"> En cas que no disposis de l\u2019usuari corporatiu XTEC, cal que en sol\u00b7licitis l\u2019alta a trav\u00e9s de l\u2019enlla\u00e7: <a href=\"https:\/\/xtec.gencat.cat\/ca\/at_usuari\/gestio\/altausuari\/\">https:\/\/cutt.ly\/altaxtec.\u00a0<\/a><\/span><\/p>\n<p><span style=\"font-weight: 400;\">La direcci\u00f3 del centre rebr\u00e0 l\u2019av\u00eds de la sol\u00b7licitud i en far\u00e0 la validaci\u00f3. Recorda que \u00e9s imprescindible disposar d\u2019aquest usuari corporatiu per a la comunicaci\u00f3 del docent amb el Departament d\u2019Educaci\u00f3.\u00a0<\/span><\/p>\n<p><span style=\"font-weight: 400;\">Amb l\u2019usuari XTEC se\u2019t dona d\u2019alta de les eines Google Workspace sota el domini xtec.cat<\/span><\/p>\n<p><b>ATRI\u00a0<\/b><\/p>\n<p><span style=\"font-weight: 400;\">ATRI \u00e9s el portal per a la gesti\u00f3 laboral (dades personals, retribucions, formaci\u00f3, etc.) de tots els treballadors i treballadores de la Generalitat de Catalunya.\u00a0<\/span><\/p>\n<p><b>Acc\u00e9s a ATRI:<\/b><span style=\"font-weight: 400;\">\u00a0<\/span><\/p>\n<p><span style=\"font-weight: 400;\">La validaci\u00f3 al portal es fa mitjan\u00e7ant usuari (NIF) corporatiu GICAR, el portal de Gesti\u00f3 d\u2019identitats i control d\u2019acc\u00e9s als recursos on podr\u00e0s canviar les contrasenyes dels diferents portals, quan s\u2019escaigui.\u00a0<\/span><\/p>\n<p><b>Acc\u00e9s a GICAR (canvi de contrasenyes): <\/b><a href=\"https:\/\/idp4-gicar.gencat.cat\/siteminderagent\/forms\/autogestio_2016\/autogestio2016.fcc?TYPE=33554433&amp;REALMOID=06-8a2ab989-aee4-4d13-9c50-8905158cd004&amp;GUID=&amp;SMAUTHREASON=0&amp;METHOD=POST&amp;SMAGENTNAME=-SM-UCCDClq4dURG%2bG8T4io79IxvB%2b2QuJxnhZbvuF5aWSvIqeTo5svpw1G3Ov%2b3rmvX&amp;TARGET=-SM-https%3a%2f%2fidp4--gicar%2egencat%2ecat%2fautogestio%2fprotegit%2finiCaptcha%2ejsp\"><b>Canvi de contrasenya<\/b><\/a><\/p>\n<p>El manual d&#8217;aquest aplicatiu el podeu trobar al seg\u00fcent enlla\u00e7:\u00a0<a href=\"https:\/\/drive.google.com\/file\/d\/1P1n-gxqfbBwUTTdm0B0-OyWbL7apG2xm\/view?usp=sharing\">Manual Portal d&#8217;Autogesti\u00f3 de Contrasenyes<\/a><\/p>\n<p><span style=\"font-weight: 400;\">En cas que no disposis d\u2019usuari GICAR per identificar-te sol\u00b7licita l\u2019alta a la direcci\u00f3 del centre.\u00a0<\/span><\/p>\n<p align=\"left\">Recordeu que en cas de ser usuari de CORREU_CORPORATIU, quan canvieu la contrasenya cal que actualitzeu la contrasenya al vostre tel\u00e8fon si teniu el correu en el mateix.<\/p>\n<p align=\"left\">Tens a la teva disposici\u00f3 manuals dels tel\u00e8fons per a actualitzar la contrasenya als seg\u00fcents links:<\/p>\n<ul>\n<li><a href=\"https:\/\/drive.google.com\/file\/d\/1RX_aExmUqXGTVEnIXlvK5t_17pkMmbaA\/view?usp=sharing\">IPhone\/IPad<\/a><\/li>\n<li><a href=\"https:\/\/drive.google.com\/file\/d\/16gqUZVmyheMqQqIcRvOHMhBFhkF7J9En\/view?usp=sharing\">Dispositius Android<\/a><\/li>\n<\/ul>\n<p><b>PORTAL DE CENTRES\u00a0<\/b><\/p>\n<p><span style=\"font-weight: 400;\">Intranet del Departament d\u2019Educaci\u00f3. S\u2019hi accedeix amb les credencials d\u2019autenticaci\u00f3 de GICAR. Centralitza tots els portals web abans esmentats. S\u2019accedeix tamb\u00e9 a normativa, models de documents, tr\u00e0mits del personal, etc.\u00a0<\/span><\/p>\n<p><b>Acc\u00e9s: <\/b><a href=\"https:\/\/inici.espai.educacio.gencat.cat\/?p_proc=68521\"><b>Portal de centres<\/b><\/a><\/p>\n<p><b>ESFERA\u00a0<\/b><\/p>\n<p><span style=\"font-weight: 400;\">ESFERA \u00e9s el portal de gesti\u00f3 acad\u00e8mica, administrativa i econ\u00f2mica que el Departament d&#8217;Educaci\u00f3 posa a disposici\u00f3 dels centres educatius p\u00fablics. A efectes pr\u00e0ctics per al professorat, s\u2019utilitza per a introduir les qualificacions de les avaluacions a final de trimestre i\/o final de curs. S\u2019hi accedeix amb les credencials d\u2019autenticaci\u00f3 de GICAR.\u00a0<\/span><\/p>\n<p><b>WEB DE L\u2019INSTITUT ESCOLA EL PERELL\u00d3<\/b><\/p>\n<p><b>Acc\u00e9s al web: <a href=\"https:\/\/agora.xtec.cat\/ieelperello\/\">ieelperello.cat<\/a><\/b><\/p>\n<p><span style=\"font-weight: 400;\">Des del web de l\u2019escola pots accedir a informaci\u00f3 del centre, a les diferents plataformes i serveis amb els quals treballem a trav\u00e9s d\u2019enlla\u00e7os r\u00e0pids, a les not\u00edcies d\u2019actualitat del centre, documentaci\u00f3 estrat\u00e8gica del centre, etc.<\/span><\/p>\n<p><b>Coordinadora web<\/b><span style=\"font-weight: 400;\">: Lina Tom\u00e0s.\u00a0<\/span><\/p>\n<p><b>USUARI CORPORATIU:<\/b><span style=\"font-weight: 400;\">\u00a0<\/span><\/p>\n<p><span style=\"font-weight: 400;\">Tot el personal del centre disposa d\u2019un usuari corporatiu sota el domini <\/span><b>@ieelperello.cat<\/b><span style=\"font-weight: 400;\">. Per a crear aquest usuari contacta amb el\/la coordinador\/a digital.\u00a0<\/span><\/p>\n<p><span style=\"font-weight: 400;\">Disposar d\u2019aquest usuari dona acc\u00e9s a utilitzar les eines de la suite inform\u00e0tica Google Workspace for Education amb el qual tindr\u00e0s un correu electr\u00f2nic (Google GMail), un espai d\u2019emmagatzematge (Google Drive), eines ofim\u00e0tiques col\u00b7laboratives (Google Docs, Google Sheets, Google Slides, Google Forms, etc\u2026).<\/span><\/p>\n<p><span style=\"font-weight: 400;\">Amb aquest usuari corporatius, a m\u00e9s, tindr\u00e0s acc\u00e9s a altres plataformes que utilitzem, com ara el GoogleClassroom, eina virtual que utilitzem a partir de 2n de prim\u00e0ria.\u00a0<\/span><\/p>\n<p><span style=\"font-weight: 400;\">Per a documents interns i transmissi\u00f3 de documentaci\u00f3 farem servir aquest correu, a m\u00e9s de ser una\u00a0 eina de comunicaci\u00f3 entre docents i entre docents i l&#8217;alumnat.\u00a0<\/span><\/p>\n<p><b>CARNET DOCENT<\/b><\/p>\n<p><span style=\"font-weight: 400;\">Amb la voluntat de facilitar al personal docent l&#8217;acc\u00e9s a la cultura, a la recerca i a la innovaci\u00f3<\/span><span style=\"font-weight: 400;\">, el Departament de Cultura i el Departament d&#8217;Educaci\u00f3 han acordat la creaci\u00f3 d&#8217;un <\/span><a href=\"http:\/\/bit.ly\/2iX4Qkz\"><b>carnet<\/b><\/a><span style=\"font-weight: 400;\">.\u00a0<\/span><\/p>\n<p><span style=\"font-weight: 400;\">En cas de no disposar de carnet docent cal posar-se en contacte amb la secretaria del centre. La direcci\u00f3 el signar\u00e0 i el segellar\u00e0 i servir\u00e0 com a acreditaci\u00f3 oficial per accedir gratu\u00eftament a les biblioteques i els museus p\u00fablics de Catalunya i a altres equipaments culturals adherits.<\/span><\/p>\n<p><b>XARXES INTERNET<\/b><\/p>\n<table style=\"height: 216px; width: 100.002%; border-style: solid; border-color: #000000;\" border=\"1\" cellspacing=\"1\" cellpadding=\"1\">\n<tbody>\n<tr style=\"height: 57px;\">\n<td style=\"width: 1px; height: 1px; border-style: solid; border-color: #000000; background-color: #92ad51; text-align: center;\"><b>Nom de la xarxa<\/b><\/td>\n<td style=\"width: 1px; height: 1px; border-style: solid; border-color: #000000; background-color: #92ad51; text-align: center;\"><b>Disponibilitat\u00a0<\/b><\/td>\n<td style=\"width: 1px; height: 1px; border-style: solid; border-color: #000000; background-color: #92ad51; text-align: center;\"><b>Credencials\u00a0<\/b><\/td>\n<td style=\"width: 1px; height: 1px; border-style: solid; border-color: #000000; background-color: #92ad51; text-align: center;\"><b>Zona d\u2019acci\u00f3 Informaci\u00f3\u00a0<\/b><\/td>\n<\/tr>\n<tr style=\"height: 159px;\">\n<td style=\"width: 1px; height: 1px; border-style: solid; border-color: #000000;\"><span style=\"font-weight: 400;\">gencat_ENS_EDU<\/span><\/td>\n<td style=\"width: 1px; height: 1px; border-style: solid; border-color: #000000;\"><span style=\"font-weight: 400;\">Professorat\u00a0<\/span><\/td>\n<td style=\"width: 1px; height: 1px; border-style: solid; border-color: #000000;\"><span style=\"font-weight: 400;\">USUARI<\/span><span style=\"font-weight: 400;\">CONTRASENYA\u00a0<\/span><\/p>\n<p><span style=\"font-weight: 400;\">Es pot consultar a tots els espais del centre a les infografies de la comissi\u00f3 digital.\u00a0<\/span><\/td>\n<td style=\"width: 1px; height: 1px; border-style: solid; border-color: #000000;\"><span style=\"font-weight: 400;\">Configurable per a l\u2019\u00fas del professorat. SERVEI IMPRESSI\u00d3: Qualsevol de les impressores Konica Minolta.<\/span><\/td>\n<\/tr>\n<tr>\n<td style=\"width: 1px; height: 1px; border-style: solid; border-color: #000000;\"><span style=\"font-weight: 400;\">gencat_ENS_EDU_PORTAL<\/span><\/td>\n<td style=\"width: 1px; height: 1px; border-style: solid; border-color: #000000;\"><span style=\"font-weight: 400;\">Alumnat<\/span><\/td>\n<td style=\"width: 1px; height: 1px; border-style: solid; border-color: #000000;\"><span style=\"font-weight: 400;\">USUARI<\/span><span style=\"font-weight: 400;\">CONTRASENYA\u00a0<\/span><\/p>\n<p><span style=\"font-weight: 400;\">Els tutors i la coordinaci\u00f3 digital disposaran d&#8217;aquesta informaci\u00f3.<\/span><\/td>\n<td style=\"width: 1px; height: 1px; border-style: solid; border-color: #000000;\"><span style=\"font-weight: 400;\">SERVEI IMPRESSI\u00d3: consergeria@ieelperello.cat<\/span><\/td>\n<\/tr>\n<tr>\n<td style=\"width: 1px; height: 1px; border-style: solid; border-color: #000000;\"><span style=\"font-weight: 400;\">eduroam<\/span><\/td>\n<td style=\"width: 1px; height: 1px; border-style: solid; border-color: #000000;\"><span style=\"font-weight: 400;\">Professorat<\/span><\/td>\n<td style=\"width: 1px; height: 1px; border-style: solid; border-color: #000000;\"><span style=\"font-weight: 400;\">USUARI: usuari sense @xtec.cat<\/span><span style=\"font-weight: 400;\">CONTRASENYA: contrasenya de l&#8217;XTEC<\/span><\/p>\n<p><span style=\"font-weight: 400;\">\u00a0<\/span><\/td>\n<td style=\"width: 1px; height: 1px; border-style: solid; border-color: #000000;\"><span style=\"font-weight: 400;\">Connectivitat de tot el personal docent a tots els centres educatius de Catalunya. <\/span><\/td>\n<\/tr>\n<\/tbody>\n<\/table>\n<p><b>DRIVE<\/b><\/p>\n<p><span style=\"font-weight: 400;\">A l\u2019institut escola utilitzem el Drive com per compartir documentaci\u00f3 d\u2019aula i de gesti\u00f3. Hi ha una unitat de treball compartida amb tots els docents.\u00a0<\/span><\/p>\n<p><b>IEDUCA<\/b><\/p>\n<p><span style=\"font-weight: 400;\">A l\u2019institut escola utilitzem la plataforma IEduca com a gesti\u00f3 de l\u2019assist\u00e8ncia de l\u2019alumnat, consulta d\u2019horaris, horaris de gu\u00e0rdia i comunicaci\u00f3 amb les fam\u00edlies.\u00a0 <\/span><a href=\"https:\/\/www.ieduca.com\/que-es-ieduca\/\"><span style=\"font-weight: 400;\">https:\/\/www.ieduca.com\/que-es-ieduca\/<\/span><\/a><span style=\"font-weight: 400;\">\u00a0<\/span><\/p>\n<p><b>ENTORNS VIRTUALS D\u2019APRENENTATGE\u00a0<\/b><\/p>\n<p><span style=\"font-weight: 400;\">A l&#8217;institut escola a les diferents comunitats fem servir:<\/span><\/p>\n<p><b>Comunitat de petits: <\/b><span style=\"font-weight: 400;\">no en fa \u00fas de l\u2019EVA.<\/span><\/p>\n<p><b>Comunitat de mitjans:<\/b><span style=\"font-weight: 400;\"> l\u2019alumnat s\u2019inicia en l\u2019\u00fas de l\u2019entorn Google Workspace for Education.<\/span><\/p>\n<p><b>Comunitat de grans:<\/b><span style=\"font-weight: 400;\">l\u2019alumnat utilitza l\u2019entorn Google Workspace for Education.<\/span><\/p>\n<p><b>Comunitat de joves i Batxillerat: <\/b><span style=\"font-weight: 400;\">utilitza l\u2019entorn Google Classroom que, com a Entorn Virtual d\u2019Aprenentatge (EVA), destaca per la seva senzillesa d\u2019\u00fas i integraci\u00f3 amb els serveis i eines d\u2019aquest paquet d\u2019utilitats. Per accedir-hi utilitzem el correu corporatiu de l\u2019escola. En recomanem el seu \u00fas. <\/span><span style=\"font-weight: 400;\">Altra EVA que es fa servir el Moodle, per tal d\u2019accedir fem servir com a usuari el nom del correu corporatiu i una contrasenya.\u00a0<\/span><\/p>\n<p><b>PORT\u00c0TIL D\u2019\u00daS PER A DOCENTS\u00a0<\/b><\/p>\n<p><span style=\"font-weight: 400;\">El Pla d\u2019Educaci\u00f3 Digital de Catalunya ha dotat els centres educatius d\u2019ordinadors port\u00e0tils per a alumnat i docents. Com a docent, per tant, et cedirem un ordinador. Cal que et posis en contacte amb el coordinador digital que et far\u00e0 el lliurament de l\u2019equip. Cal que conservis el carregador i caixa fins al dia que calgui retornar l\u2019equip.Tamb\u00e9 cal que signes la carta de comprom\u00eds.\u00a0\u00a0<\/span><\/p>\n<p><span style=\"font-weight: 400;\">Usuari d\u2019inici de sessi\u00f3 del port\u00e0til: <\/span><b>usuarixtec@edu.gencat.cat<\/b><span style=\"font-weight: 400;\"> (aquest no \u00e9s un correu operatiu, nom\u00e9s la identificaci\u00f3 a l\u2019equip i a la xarxa educativa digital del Departament d\u2019Educaci\u00f3). Contrasenya: contrasenya ATRI\/GICAR<\/span><\/p>\n<p><span style=\"font-weight: 400;\">L\u2019ordinador caldr\u00e0 retornar-lo un cop finalitzat el nomenament. En cas d&#8217;una baixa laboral sempre s&#8217;ha de deixar el port\u00e0til al centre a disposici\u00f3 del substitut\/a.\u00a0<\/span><\/p>\n<p><span style=\"font-weight: 400;\">Tots els ordinadors estan connectats a les impressores del centre, la direcci\u00f3 del centre i\/o les coordinadores inform\u00e0tiques et donaran un usuari i contrasenya per fer-les servir.\u00a0<\/span><\/p>\n<p><b>GESTOR DOCUMENTAL DE CENTRE<\/b><\/p>\n<p><span style=\"font-weight: 400;\">Per poder accedir a tota la documentaci\u00f3 necess\u00e0ria\u00a0 i el funcionament organitzatiu de l\u2019institut escola s\u2019utilitzar\u00e0 la web del centre. A l&#8217;apartat Documents de Centre.<\/span><\/p>\n<p><b>TRASP\u00c0S DE DADES<\/b><\/p>\n<p><span style=\"font-weight: 400;\">Quan un\/a professor\/a deixa el centre, \u00e9s important que pugui tenir c\u00f2pia del material que ha desenvolupat. Els materials generats al centra s&#8217;han de compartir a final de nomenament amb els caps d&#8217;\u00e0mbits i desats a carpetes de drive.\u00a0<\/span><\/p>\n<p><span style=\"font-weight: 400;\">El motiu d\u2019aquesta acci\u00f3 \u00e9s la creaci\u00f3 d\u2019un banc de recursos intern que ajudi a continuar en la l\u00ednia pedag\u00f2gica del centre. <\/span><span style=\"font-weight: 400;\">El material i\/o recursos compartit ha de ser de totes les comunitats i de totes les mat\u00e8ries, projectes, espais, racons\u2026<\/span><\/p>\n<p><span style=\"font-weight: 400;\">A continuaci\u00f3 hi ha enlla\u00e7ats els documents que expliquen com fer aquest trasp\u00e0s.<\/span><\/p>\n<p><a href=\"https:\/\/drive.google.com\/file\/d\/1JpF3HMROV9LlXYrMzaOkU8yCoPEcN7VP\/view?usp=sharing\">Exportaci\u00f3 de correu i drive a un usuari xtec<\/a><\/p>\n<p><a href=\"https:\/\/drive.google.com\/file\/d\/1vY9_TnRLg8Jm5MCtH8nF67BYMK_aytsh\/view?usp=sharing\">Traspassar comptes de classroom a un usuari xtec<\/a><\/p>\n<p><a href=\"https:\/\/drive.google.com\/file\/d\/1wJUvECO8WZA_P2fXu4RLgUy91qqXjCcK\/view?usp=sharing\">Migrar entorns EVA\u00a0<\/a><\/p>\n<p><b>XARXES SOCIALS\u00a0<\/b><\/p>\n<p>El centre disposa d\u2019un compte d\u2019Instagram\u00a0<a href=\"https:\/\/www.instagram.com\/ieelperello\/\">@ieelperello<\/a> on publicar el dia a dia del centre. Per tant es mostra com una eina molt din\u00e0mica i viva, on publicarem resultats d\u2019activitats, sortides, xerrades, tallers\u2026 de tota la comunitat educativa.\u00a0 Per penjar not\u00edcies, v\u00eddeos o storis necessitarem les imatges i un text de refer\u00e8ncia. Aquesta informaci\u00f3 ser\u00e0 enviada als responsables de portar les xarxes, un per prim\u00e0ria i altre per secund\u00e0ria. Les publicacions es faran per nivell\/grup i com a m\u00ednim tots tindran una publicaci\u00f3 trimestral.<\/p>\n<p>Cada not\u00edcia publicada al web del centre es replica de forma autom\u00e0tica al canal de Telegram del centre.<\/p>\n<p>Totes les imatges publicades tenen signades els drets d\u2019imatge i\/o consentiment de les persones que surten a les mateixes i dels seus tutors legals.<\/p>\n<p><span style=\"font-weight: 400;\">Si feu publicacions d&#8217;activitats educatives a les vostres xarxes socials, heu de vetllar per la privacitat i els drets d&#8217;imatge i d&#8217;autoria de totes les persones que apareixen en les publicacions o treballs creats, siguin en format text o multim\u00e8dia (fotos, v\u00eddeos, etc). NO es poden fer publicacions on s&#8217;identifiqui inequ\u00edvocament l\u2019alumnat, les fam\u00edlies i tutors que no donen perm\u00eds a la publicaci\u00f3 d\u2019imatges i veu a tercers. Cal tenir-ho en compte per a qualsevol persona vinculada amb les activitats a publicar: alumnat, professorat, personal d&#8217;administraci\u00f3 i serveis, conferenciants, talleristes, etc.\u00a0<\/span><\/p>\n<p><strong>GUIES D&#8217;\u00daS I ALTRES RECURSOS<\/strong><\/p>\n<p>A continuaci\u00f3 us deixem amb unes petites guies que us poden ajudar:<\/p>\n<ul style=\"list-style-type: disc;\">\n<li><a href=\"https:\/\/drive.google.com\/file\/d\/17HeeOqtaMK4a9c6OkmnDoxAqQ2P5bzVQ\/view?usp=sharing\">Guia d\u2019us de la plataforma IEduca per als docents<\/a>.<\/li>\n<li><a href=\"https:\/\/drive.google.com\/file\/d\/183Z3Y6xQGscQFq5xRVxsknIu-aWZFe9M\/view?usp=sharing\">Guia d\u2019\u00fas per activar una gu\u00e0rdia a la plataforma IEduca<\/a>.<\/li>\n<li>Guia d\u2019\u00fas de pantalles interactives del centre.<\/li>\n<li><a href=\"https:\/\/drive.google.com\/file\/d\/1Fytt61MFXN7wB4THGnbCJ06T-kEKDSo6\/view?usp=sharing\">Guia i informaci\u00f3 sobre la protecci\u00f3 de dades.\u00a0<\/a><\/li>\n<\/ul>\n","protected":false},"excerpt":{"rendered":"<p>Benvolgut company, Benvolguda companya,\u00a0 T\u2019adjuntem informaci\u00f3 important sobre les eines i recursos digitals dels quals disposem a l\u2019escola per tal de facilitar la teva tasca docent i\/o la teva incorporaci\u00f3 al centre.\u00a0 REFERENTS DIGITALS DEL CENTRE\u00a0 Coordinadores de la Comissi\u00f3 Cultura Digital\u00a0 Anna Ferrer Garc\u00e9s Lina Tom\u00e0s Valldep\u00e9rez\u00a0 T\u00e8cnic\/a de suport del Departament XTEC\u00a0 La [&hellip;]<\/p>\n","protected":false},"author":4,"featured_media":0,"parent":3035,"menu_order":3,"comment_status":"closed","ping_status":"closed","template":"","meta":{"_bbp_topic_count":0,"_bbp_reply_count":0,"_bbp_total_topic_count":0,"_bbp_total_reply_count":0,"_bbp_voice_count":0,"_bbp_anonymous_reply_count":0,"_bbp_topic_count_hidden":0,"_bbp_reply_count_hidden":0,"_bbp_forum_subforum_count":0,"site-sidebar-layout":"default","site-content-layout":"","ast-site-content-layout":"default","site-content-style":"default","site-sidebar-style":"default","ast-global-header-display":"","ast-banner-title-visibility":"","ast-main-header-display":"","ast-hfb-above-header-display":"","ast-hfb-below-header-display":"","ast-hfb-mobile-header-display":"","site-post-title":"","ast-breadcrumbs-content":"","ast-featured-img":"","footer-sml-layout":"","theme-transparent-header-meta":"","adv-header-id-meta":"","stick-header-meta":"","header-above-stick-meta":"","header-main-stick-meta":"","header-below-stick-meta":"","astra-migrate-meta-layouts":"set","ast-page-background-enabled":"default","ast-page-background-meta":{"desktop":{"background-color":"var(--ast-global-color-4)","background-image":"","background-repeat":"repeat","background-position":"center center","background-size":"auto","background-attachment":"scroll","background-type":"","background-media":"","overlay-type":"","overlay-color":"","overlay-opacity":"","overlay-gradient":""},"tablet":{"background-color":"","background-image":"","background-repeat":"repeat","background-position":"center center","background-size":"auto","background-attachment":"scroll","background-type":"","background-media":"","overlay-type":"","overlay-color":"","overlay-opacity":"","overlay-gradient":""},"mobile":{"background-color":"","background-image":"","background-repeat":"repeat","background-position":"center center","background-size":"auto","background-attachment":"scroll","background-type":"","background-media":"","overlay-type":"","overlay-color":"","overlay-opacity":"","overlay-gradient":""}},"ast-content-background-meta":{"desktop":{"background-color":"var(--ast-global-color-5)","background-image":"","background-repeat":"repeat","background-position":"center center","background-size":"auto","background-attachment":"scroll","background-type":"","background-media":"","overlay-type":"","overlay-color":"","overlay-opacity":"","overlay-gradient":""},"tablet":{"background-color":"var(--ast-global-color-5)","background-image":"","background-repeat":"repeat","background-position":"center center","background-size":"auto","background-attachment":"scroll","background-type":"","background-media":"","overlay-type":"","overlay-color":"","overlay-opacity":"","overlay-gradient":""},"mobile":{"background-color":"var(--ast-global-color-5)","background-image":"","background-repeat":"repeat","background-position":"center center","background-size":"auto","background-attachment":"scroll","background-type":"","background-media":"","overlay-type":"","overlay-color":"","overlay-opacity":"","overlay-gradient":""}},"footnotes":""},"class_list":["post-3458","page","type-page","status-publish","hentry"],"post_mailing_queue_ids":[],"_links":{"self":[{"href":"https:\/\/agora.xtec.cat\/ieelperello\/wp-json\/wp\/v2\/pages\/3458","targetHints":{"allow":["GET"]}}],"collection":[{"href":"https:\/\/agora.xtec.cat\/ieelperello\/wp-json\/wp\/v2\/pages"}],"about":[{"href":"https:\/\/agora.xtec.cat\/ieelperello\/wp-json\/wp\/v2\/types\/page"}],"author":[{"embeddable":true,"href":"https:\/\/agora.xtec.cat\/ieelperello\/wp-json\/wp\/v2\/users\/4"}],"replies":[{"embeddable":true,"href":"https:\/\/agora.xtec.cat\/ieelperello\/wp-json\/wp\/v2\/comments?post=3458"}],"version-history":[{"count":3,"href":"https:\/\/agora.xtec.cat\/ieelperello\/wp-json\/wp\/v2\/pages\/3458\/revisions"}],"predecessor-version":[{"id":5205,"href":"https:\/\/agora.xtec.cat\/ieelperello\/wp-json\/wp\/v2\/pages\/3458\/revisions\/5205"}],"up":[{"embeddable":true,"href":"https:\/\/agora.xtec.cat\/ieelperello\/wp-json\/wp\/v2\/pages\/3035"}],"wp:attachment":[{"href":"https:\/\/agora.xtec.cat\/ieelperello\/wp-json\/wp\/v2\/media?parent=3458"}],"curies":[{"name":"wp","href":"https:\/\/api.w.org\/{rel}","templated":true}]}}