{"id":3454,"date":"2022-10-20T10:00:43","date_gmt":"2022-10-20T08:00:43","guid":{"rendered":"https:\/\/agora.xtec.cat\/ieelperello\/?page_id=3454"},"modified":"2025-06-10T20:53:19","modified_gmt":"2025-06-10T18:53:19","slug":"acolliment-families","status":"publish","type":"page","link":"https:\/\/agora.xtec.cat\/ieelperello\/documents-de-centre\/pla-destrategia-digital-de-centre\/cultura-digital\/acolliment-digital\/acolliment-families\/","title":{"rendered":"Acolliment fam\u00edlies"},"content":{"rendered":"<p><span style=\"font-weight: 400;\">Benvolgudes fam\u00edlies:<\/span><b>\u00a0<\/b><\/p>\n<p>En aquest apartat trobareu informaci\u00f3 referent a l&#8217;\u00fas, pr\u00e9stec i reparaci\u00f3 dels dispositius que utilitzem al centre.<a style=\"color: #2795b6;\" href=\"https:\/\/agora.xtec.cat\/ieelperello\/wp-content\/uploads\/usu1951\/2022\/10\/comunicacio3.png\"><img loading=\"lazy\" decoding=\"async\" class=\"wp-image-3464 alignright\" src=\"https:\/\/agora.xtec.cat\/ieelperello\/wp-content\/uploads\/usu1951\/2022\/10\/comunicacio3.png\" alt=\"\" width=\"370\" height=\"329\" srcset=\"https:\/\/agora.xtec.cat\/ieelperello\/wp-content\/uploads\/usu1951\/2022\/10\/comunicacio3.png 613w, https:\/\/agora.xtec.cat\/ieelperello\/wp-content\/uploads\/usu1951\/2022\/10\/comunicacio3-300x267.png 300w\" sizes=\"auto, (max-width: 370px) 100vw, 370px\" \/><\/a><\/p>\n<p><b>PROTOCOL PER A L\u2019\u00daS I CESSI\u00d3 DE DISPOSITIUS M\u00d2BILS, ORDINADORS I MIFIs<\/b><\/p>\n<p><span style=\"font-weight: 400;\">Que les noves tecnologies han enva\u00eft el nostre dia a dia canviant regles socials, rols personals i les nostres relacions amb l\u2019entorn \u00e9s un fet m\u00e9s que constatat. En el context del sistema educatiu, al nostre centre som conscients que els m\u00f2bils s\u00f3n una eina pedag\u00f2gica molt potent, per\u00f2 que, sovint s\u2019acaben convertint en una font de distraccions i conflictes, a banda de representar tamb\u00e9 un detriment de l\u2019exercici f\u00edsic i de les relacions socials a les hores d\u2019esbarjo. En el pitjor dels casos, tamb\u00e9 pot donar lloc a situacions de ciberassetjament, cessi\u00f3 de dades no volgudes, vulneraci\u00f3 dels drets d\u2019imatge o fins i tot addicci\u00f3.<\/span><\/p>\n<p><span style=\"font-weight: 400;\">Per tots aquests motius, el centre creu necessari establir una s\u00e8rie de pautes clares, factibles i proporcionades que regeixin l\u2019\u00fas dels dispositius m\u00f2bils i que s\u2019adrecin principalment als seg\u00fcents focus d\u2019inter\u00e8s:<\/span><\/p>\n<ol>\n<li style=\"font-weight: 400;\" aria-level=\"1\"><span style=\"font-weight: 400;\">Prevenir la generaci\u00f3 de conflictes derivats d\u2019un \u00fas inadequat o deliberadament malintencionat.<\/span><\/li>\n<li style=\"font-weight: 400;\" aria-level=\"1\"><span style=\"font-weight: 400;\">Prevenir qualsevol eventualitat que pugui interferir en la conviv\u00e8ncia del centre i el correcte desenvolupament de la conviv\u00e8ncia i els valors \u00e8tics i ciutadans.<\/span><\/li>\n<li style=\"font-weight: 400;\" aria-level=\"1\"><span style=\"font-weight: 400;\">Cas de no considerar-se contraproduent el seu \u00fas en alguna activitat puntual organitzada des del centre, vetllar per trobar-ne un \u00fas cooperatiu i pedag\u00f2gic.<\/span><\/li>\n<li aria-level=\"1\">Tota aquesta normativa tamb\u00e9 queda recollida a les <a href=\"https:\/\/agora.xtec.cat\/ieelperello\/wp-content\/uploads\/usu1951\/2025\/05\/NOFC.pdf\"><strong>NOFC<\/strong>.<\/a><\/li>\n<\/ol>\n<p><span style=\"font-weight: 400;\">\u00a0<\/span><\/p>\n<p><b>PROTOCOL D\u2019\u00daS D\u2019ORDINADORS PORT\u00c0TILS<\/b><\/p>\n<p><b>NORMES GENERALS<\/b><b>\u00a0<\/b><\/p>\n<ol>\n<li style=\"font-weight: 400;\" aria-level=\"1\"><span style=\"font-weight: 400;\">Els ordinadors s\u00f3n propietat dels alumnes i, per tant, aquests s&#8217;han de responsabilitzar de:\u00a0<\/span>\n<ul>\n<li style=\"list-style-type: none;\">\n<ul style=\"list-style-type: disc;\">\n<li style=\"font-weight: 400;\" aria-level=\"2\"><span style=\"font-weight: 400;\">El seu \u00fas dins i fora del centre.\u00a0<\/span><\/li>\n<li style=\"font-weight: 400;\" aria-level=\"2\"><span style=\"font-weight: 400;\">El seu manteniment i reparaci\u00f3, si escau (Si el dispositiu digital \u00e9s de propietat del centre caldr\u00e0 responsabilitzar-se de la reparaci\u00f3. En canvi, si \u00e9s de dotaci\u00f3 del Departament d\u2019Educaci\u00f3 assumir\u00e0 una sanci\u00f3 econ\u00f2mica).<\/span><\/li>\n<li style=\"font-weight: 400;\" aria-level=\"2\"><span style=\"font-weight: 400;\">Tenir cura dels programes que fan servir i els continguts.\u00a0<\/span><\/li>\n<li style=\"font-weight: 400;\" aria-level=\"2\"><span style=\"font-weight: 400;\">Portar-lo sempre al centre amb les bateries carregades.\u00a0<\/span><\/li>\n<\/ul>\n<\/li>\n<\/ul>\n<\/li>\n<li style=\"font-weight: 400;\" aria-level=\"1\"><span style=\"font-weight: 400;\">Al centre, els ordinadors s\u00f3n una eina de treball. Per tant, el professorat est\u00e0 autoritzat a:\u00a0<\/span>\n<ul>\n<li style=\"list-style-type: none;\">\n<ul style=\"list-style-type: disc;\">\n<li style=\"font-weight: 400;\" aria-level=\"2\"><span style=\"font-weight: 400;\">Comprovar en qualsevol moment si els programes introdu\u00efts s\u00f3n els adients per a la tasca que cal fer. Aix\u00ed, est\u00e0 autoritzat a accedir al disc dur sempre que calgui.\u00a0<\/span><\/li>\n<li style=\"font-weight: 400;\" aria-level=\"2\"><span style=\"font-weight: 400;\">Restringir l&#8217;\u00fas a classe a les seves indicacions.\u00a0<\/span><\/li>\n<li style=\"font-weight: 400;\" aria-level=\"2\"><span style=\"font-weight: 400;\">Restaurar el disc dur si es comprova que cont\u00e9 programes o continguts que no estan permesos.\u00a0<\/span><\/li>\n<li style=\"font-weight: 400;\" aria-level=\"2\"><span style=\"font-weight: 400;\">Retirar l&#8217;ordinador a l&#8217;alumne, si \u00e9s el cas, per un mal \u00fas o per no obeir les seves indicacions.\u00a0<\/span><\/li>\n<\/ul>\n<\/li>\n<\/ul>\n<\/li>\n<\/ol>\n<p>&nbsp;<\/p>\n<p><b>NORMES ESPEC\u00cdFIQUES A L&#8217;AULA I AL CENTRE\u00a0<\/b><\/p>\n<ol>\n<li style=\"font-weight: 400;\" aria-level=\"1\"><span style=\"font-weight: 400;\">El professor indicar\u00e0 l&#8217;\u00fas que s&#8217;ha de fer de l&#8217;ordinador en cada moment. Mentre no es digui el contrari, l&#8217;ordinador estar\u00e0 guardat i apagat.\u00a0<\/span><\/li>\n<li style=\"font-weight: 400;\" aria-level=\"1\"><span style=\"font-weight: 400;\">Mentre el professor explica, els ordinadors han d&#8217;estar amb la tapa abaixada i en mode d&#8217;hivernaci\u00f3.\u00a0<\/span><\/li>\n<li style=\"font-weight: 400;\" aria-level=\"1\"><span style=\"font-weight: 400;\">En cap cas es faran tasques diferents amb l&#8217;ordinador de les que indiqui el professor.\u00a0<\/span><\/li>\n<li style=\"font-weight: 400;\" aria-level=\"1\"><span style=\"font-weight: 400;\">No \u00e9s perm\u00e8s de connectar-se a p\u00e0gines d&#8217;Internet diferents a les que el professorat indiqui, i nom\u00e9s es far\u00e0 seguint les seves instruccions, incloent-hi fotografies, apunts o treballs. No seguir aquesta norma pot comportar l&#8217;expulsi\u00f3 temporal de l&#8217;aula i la retirada de l&#8217;ordinador.\u00a0<\/span><\/li>\n<li style=\"font-weight: 400;\" aria-level=\"1\"><span style=\"font-weight: 400;\">Est\u00e0 prohibit fer \u00fas de l&#8217;ordinador fora de les aules, entre classe i classe i fora del control del professorat. A l&#8217;hora del pati\u00a0 hauran de restar a l&#8217;aula tancats.\u00a0<\/span><\/li>\n<li style=\"font-weight: 400;\" aria-level=\"1\"><span style=\"font-weight: 400;\">Tot ordinador haur\u00e0 d&#8217;estar identificat amb el nom de l&#8217;alumne i el seu n\u00famero de s\u00e8rie.\u00a0<\/span><\/li>\n<li style=\"font-weight: 400;\" aria-level=\"1\"><span style=\"font-weight: 400;\">No es podr\u00e0 accedir a p\u00e0gines tipus WhatsApp, Hangouts\u2026 i d&#8217;altres similars, a no ser que el professorat aix\u00ed ho indiqui. Trencar aquesta norma suposar\u00e0 una falta greu.<\/span><\/li>\n<li style=\"font-weight: 400;\" aria-level=\"1\"><span style=\"font-weight: 400;\">No es poden tenir programes de desc\u00e0rregues de m\u00fasica, video, etc. El professorat est\u00e0 autoritzat a formatar el disc dur si s&#8217;escau.\u00a0<\/span><\/li>\n<\/ol>\n<p>&nbsp;<\/p>\n<p><b>NORMES DE CONSERVACI\u00d3.\u00a0<a href=\"https:\/\/agora.xtec.cat\/ieelperello\/wp-content\/uploads\/usu1951\/2022\/10\/comunicacio7.png\"><img loading=\"lazy\" decoding=\"async\" class=\"wp-image-3465 alignright\" src=\"https:\/\/agora.xtec.cat\/ieelperello\/wp-content\/uploads\/usu1951\/2022\/10\/comunicacio7.png\" alt=\"\" width=\"256\" height=\"334\" srcset=\"https:\/\/agora.xtec.cat\/ieelperello\/wp-content\/uploads\/usu1951\/2022\/10\/comunicacio7.png 341w, https:\/\/agora.xtec.cat\/ieelperello\/wp-content\/uploads\/usu1951\/2022\/10\/comunicacio7-230x300.png 230w\" sizes=\"auto, (max-width: 256px) 100vw, 256px\" \/><\/a><\/b><\/p>\n<ol>\n<li style=\"font-weight: 400;\" aria-level=\"1\"><span style=\"font-weight: 400;\">Cal tenir una funda per protegir l&#8217;ordinador.\u00a0<\/span><\/li>\n<li style=\"font-weight: 400;\" aria-level=\"1\"><span style=\"font-weight: 400;\">No es poden instal\u00b7lar programes no autoritzats o perillosos per a la integritat de l&#8217;aparell.\u00a0<\/span><\/li>\n<li style=\"font-weight: 400;\" aria-level=\"1\"><span style=\"font-weight: 400;\">Si l&#8217;ordinador no funciona a classe, es tancar\u00e0 i posteriorment es consultar\u00e0 la incid\u00e8ncia amb el professor.\u00a0<\/span><\/li>\n<li style=\"font-weight: 400;\" aria-level=\"1\"><span style=\"font-weight: 400;\">No es poden fer provatures de programes i aplicatius, si no s&#8217;est\u00e0 segur del que cal fer. Davant del dubte, s&#8217;ha de consultar al professor.\u00a0<\/span><\/li>\n<li style=\"font-weight: 400;\" aria-level=\"1\"><span style=\"font-weight: 400;\">\u00c9s convenient passar peri\u00f2dicament l&#8217;antivirus.\u00a0<\/span><\/li>\n<li style=\"font-weight: 400;\" aria-level=\"1\"><span style=\"font-weight: 400;\">S\u2019ha d&#8217;anar amb compte amb els llapis de mem\u00f2ria, perqu\u00e8 poden tenir virus o programes cuc.\u00a0<\/span><\/li>\n<li style=\"font-weight: 400;\" aria-level=\"1\"><span style=\"font-weight: 400;\">En cas de que es faci un mal \u00fas de l\u2019ordinador i que impliqui un desperfecte per un \u00fas inadequat del dispositiu inform\u00e0tic cedit, si aix\u00f2 comporta una reparaci\u00f3 el centre aplicar\u00e0 les sancions seg\u00fcents:<\/span><span style=\"font-weight: 400;\">Pantalla trencada: 90\u20ac<\/span><\/li>\n<\/ol>\n<ul>\n<li style=\"list-style-type: none;\">\n<ul>\n<li style=\"font-weight: 400;\" aria-level=\"1\"><span style=\"font-weight: 400;\">Teclat trencat: 50\u20ac<\/span><\/li>\n<li style=\"font-weight: 400;\" aria-level=\"1\"><span style=\"font-weight: 400;\">Cop o desperfectes a l&#8217;estructura (frontissa, carcasa posterior, tapa,&#8230;), equip segueix operatiu: 25\u20ac<\/span><\/li>\n<li style=\"font-weight: 400;\" aria-level=\"1\"><span style=\"font-weight: 400;\">Cop a l&#8217;estructura, equip deixa de ser operatiu (canvi de placa): 120 \u20ac<\/span><\/li>\n<li style=\"font-weight: 400;\" aria-level=\"1\"><span style=\"font-weight: 400;\">P\u00e8rdua de carregador: 25\u20ac<\/span><\/li>\n<li><span style=\"font-weight: 400;\">P\u00e8rdua d\u2019ordinador: 150\u20ac<\/span><\/li>\n<li style=\"font-weight: 400;\" aria-level=\"1\"><span style=\"font-weight: 400;\">Resta d\u2019avaries 30\u20ac<\/span><\/li>\n<\/ul>\n<\/li>\n<\/ul>\n<ol>\n<li style=\"font-weight: 400;\" aria-level=\"1\"><span style=\"font-weight: 400;\">En cas de no retorn dels dispositius caldr\u00e0 estudiar l\u2019origen.<\/span><\/li>\n<\/ol>\n<ul>\n<li style=\"list-style-type: none;\">\n<ul>\n<li style=\"font-weight: 400;\" aria-level=\"1\"><span style=\"font-weight: 400;\">En cas de robatori caldr\u00e0 lliurar al centre una c\u00f2pia de la den\u00fancia presentada al cos de Mossos d\u2019Esquadra. A partir d\u2019aqu\u00ed es gestionar\u00e0 la substituci\u00f3 per part del Departament d\u2019Educaci\u00f3 o mitjan\u00e7ant l\u2019asseguran\u00e7a corresponent.<\/span><\/li>\n<li style=\"font-weight: 400;\" aria-level=\"1\"><span style=\"font-weight: 400;\">En cas de p\u00e8rdua caldr\u00e0 informar a la direcci\u00f3 del centre. Quan el dispositiu digital sigui de propietat del centre la fam\u00edlia haur\u00e0 de reposar el dispositiu. Per altra banda, quan el dispositiu digital sigui de dotaci\u00f3 del Departament d\u2019Educaci\u00f3 l\u2019alumne i la fam\u00edlia no han d\u2019encarregar-se de la reposici\u00f3 de l\u2019equip, sin\u00f3 que es gestionar\u00e0 la reposici\u00f3 d\u2019aquest i el centre aplicar\u00e0 una sanci\u00f3 econ\u00f2mica de 150 euros.<\/span><\/li>\n<\/ul>\n<\/li>\n<\/ul>\n<p>&nbsp;<\/p>\n<p><b>PORT\u00c0TIL D\u2019\u00daS PER A L\u2019ALUMNAT\u00a0<\/b><\/p>\n<p><span style=\"font-weight: 400;\">El Pla d\u2019Educaci\u00f3 Digital de Catalunya ha dotat els centres educatius d\u2019ordinadors port\u00e0tils per a alumnat i docents.\u00a0<\/span><\/p>\n<p><b>Usuari d\u2019inici de sessi\u00f3 del port\u00e0til: <\/b><span style=\"font-weight: 400;\">amb les credencials de l\u2019<\/span><b>usuari@ieeleperello.cat<\/b> <span style=\"font-weight: 400;\">amb una contrasenya que l\u2019alumnat gestionar\u00e0 de forma aut\u00f2noma.<\/span><\/p>\n<p><b>Comunitat de mitjans:<\/b><span style=\"font-weight: 400;\"> el centre dota els grups classe amb ordinadors port\u00e0tils per a poder treballar i desenvolupar les compet\u00e8ncies digitals a l\u2019aula. En cap cas seran ordinadors en pr\u00e9stec.\u00a0<\/span><\/p>\n<p><b>Comunitat de grans:<\/b><span style=\"font-weight: 400;\"> com a alumne\/a de 5\u00e8 i 6\u00e8 de prim\u00e0ria, per tant, et cedirem un ordinador i un carregador, que cal que conservis fins al dia que calgui retornar l\u2019equip. Aquest ordinador est\u00e0 cedit pel Departament d\u2019Educaci\u00f3.\u00a0<\/span><\/p>\n<p><span style=\"font-weight: 400;\">Per indicacions del departament aquests ordinadors sols podran sortir del centre en cas que l\u2019alumnat no disposi d\u2019aquesta eina de treball a la seva llar. Aquesta decisi\u00f3 ser\u00e0 presa pel tutor\/a i l\u2019Equip Directiu del centre.\u00a0<\/span><\/p>\n<p><span style=\"font-weight: 400;\">Cal que la fam\u00edlia hagi signat <a href=\"https:\/\/drive.google.com\/file\/d\/1jb920Ak1b1tBss4GqIaMYDet6zpMglbl\/view?usp=sharing\">el full de comprom\u00eds i responsabilitat del port\u00e0til i Mifis<\/a>, si escau.<\/span><\/p>\n<p><span style=\"font-weight: 400;\">Les promocions anteriors a la 21\/22 s\u00ed podran endur-se el maquinari cedit pel departament a casa, donat que ja disposen d\u2019un Chromebook propi.<\/span><\/p>\n<p><b>Comunitat de joves i Batxillerat: <\/b><span style=\"font-weight: 400;\">et cedirem un ordinador i un carregador, que cal que conservis fins al dia que calgui retornar l\u2019equip.\u00a0<\/span><\/p>\n<p><span style=\"font-weight: 400;\">Per indicacions del departament aquests ordinadors sols podran sortir del centre en cas que l\u2019alumnat no disposi d\u2019aquesta eina de treball a la seva llar.<\/span><\/p>\n<p><span style=\"font-weight: 400;\">Cal que la fam\u00edlia hagi signat el <a href=\"https:\/\/drive.google.com\/file\/d\/1jb920Ak1b1tBss4GqIaMYDet6zpMglbl\/view?usp=sharing\">full de comprom\u00eds i responsabilitat del port\u00e0til<\/a>.\u00a0<\/span><\/p>\n<p><span style=\"font-weight: 400;\">Les promocions anteriors a la 21\/22 s\u00ed podran endur-se el maquinari cedit pel departament a casa, donat que ja disposen d\u2019un Chromebook propi.<\/span><\/p>\n<p><span style=\"font-weight: 400;\">Els dispositius es deixaran sempre al centre quan acabi el curs escolar. En el cas que el professorat designi activitats de refor\u00e7 i\/o d\u2019ampliaci\u00f3, se deixar\u00e0 en pr\u00e9stec el maquinari durant els mesos d\u2019estiu.\u00a0<\/span><\/p>\n<p>&nbsp;<\/p>\n<p><b>PR\u00c9STEC DE MIFI\u00a0<\/b><\/p>\n<p><span style=\"font-weight: 400;\">En cas de no tenir connexi\u00f3 a internet a les llars de l\u2019alumnat el Departament d&#8217;Educaci\u00f3 dota al centre amb Mifis, d&#8217;aquests disposem d\u2019unitats per a l\u2019alumnat amb necessitats.\u00a0<\/span><\/p>\n<p><span style=\"font-weight: 400;\">Aquesta decisi\u00f3 ser\u00e0 presa pel tutor\/a i l\u2019Equip Directiu del centre.\u00a0<\/span><\/p>\n<p><span style=\"font-weight: 400;\">Per obtenir la cessi\u00f3 cal que la fam\u00edlia hagi signat el <a href=\"https:\/\/drive.google.com\/file\/d\/1jb920Ak1b1tBss4GqIaMYDet6zpMglbl\/view?usp=sharing\">full de comprom\u00eds i responsabilitat del MIFI<\/a>.\u00a0<\/span><\/p>\n<p>&nbsp;<\/p>\n<p><b>XARXES SOCIALS, WEB i DRETS D&#8217;IMATGE<\/b><\/p>\n<p>El centre disposa d\u2019un compte d\u2019Instagram\u00a0<a href=\"https:\/\/www.instagram.com\/ieelperello\/\">@ieelperello<\/a> on publicar el dia a dia del centre. Per tant es mostra com una eina molt din\u00e0mica i viva, on publicarem resultats d\u2019activitats, sortides, xerrades, tallers\u2026 de tota la comunitat educativa.<\/p>\n<p>Al nostre portal web<a href=\"https:\/\/agora.xtec.cat\/ieelperello\/\"><strong> ieelperello.cat<\/strong> <\/a>es poden trobar els documents de refer\u00e8ncia i organitzatius del centre, a m\u00e9s cada not\u00edcia publicada al web del centre es replica de forma autom\u00e0tica al canal de Telegram del centre.<\/p>\n<p>Totes les imatges publicades tenen signades els drets d\u2019imatge i\/o consentiment de les persones que surten a les mateixes i dels seus tutors legals, per si vols saber m\u00e9s sobre la gesti\u00f3 dels drets d&#8217;imatge i com els gestionem al centre educatiu, us recomanem visualitzar aquesta infografia: <a href=\"https:\/\/drive.google.com\/file\/d\/1Fytt61MFXN7wB4THGnbCJ06T-kEKDSo6\/view?usp=sharing\"><strong>Als centres educatius protegim les dades <\/strong><strong>perqu\u00e8 es respectin els drets!<\/strong><\/a><\/p>\n<p>Si com a fam\u00edlies i\/o tutors feu fotografies\/v\u00eddeos d\u2019activitats educatives, festivals, diades, obres de teatre, sortides&#8230;, heu de vetllar per la privacitat i els drets d\u2019imatge i d\u2019autoria de totes les persones que apareixen en les mateixes. <strong>NO es poden fer publicacions on s\u2019identifiqui inequ\u00edvocament l\u2019alumnat, les fam\u00edlies i tutors que no donen perm\u00eds a la publicaci\u00f3 d\u2019imatges i veu a tercers.<\/strong> <strong>Aquestes fotografies sols han de tenir un \u00fas dom\u00e8stic, \u00e9s a dir privat.<\/strong><\/p>\n<p>&nbsp;<\/p>\n<p>&nbsp;<\/p>\n","protected":false},"excerpt":{"rendered":"<p>Benvolgudes fam\u00edlies:\u00a0 En aquest apartat trobareu informaci\u00f3 referent a l&#8217;\u00fas, pr\u00e9stec i reparaci\u00f3 dels dispositius que utilitzem al centre. PROTOCOL PER A L\u2019\u00daS I CESSI\u00d3 DE DISPOSITIUS M\u00d2BILS, ORDINADORS I MIFIs Que les noves tecnologies han enva\u00eft el nostre dia a dia canviant regles socials, rols personals i les nostres relacions amb l\u2019entorn \u00e9s un [&hellip;]<\/p>\n","protected":false},"author":4,"featured_media":0,"parent":3035,"menu_order":1,"comment_status":"closed","ping_status":"closed","template":"page-templates\/side-menu.php","meta":{"_bbp_topic_count":0,"_bbp_reply_count":0,"_bbp_total_topic_count":0,"_bbp_total_reply_count":0,"_bbp_voice_count":0,"_bbp_anonymous_reply_count":0,"_bbp_topic_count_hidden":0,"_bbp_reply_count_hidden":0,"_bbp_forum_subforum_count":0,"site-sidebar-layout":"default","site-content-layout":"","ast-site-content-layout":"","site-content-style":"default","site-sidebar-style":"default","ast-global-header-display":"","ast-banner-title-visibility":"","ast-main-header-display":"","ast-hfb-above-header-display":"","ast-hfb-below-header-display":"","ast-hfb-mobile-header-display":"","site-post-title":"","ast-breadcrumbs-content":"","ast-featured-img":"","footer-sml-layout":"","theme-transparent-header-meta":"","adv-header-id-meta":"","stick-header-meta":"","header-above-stick-meta":"","header-main-stick-meta":"","header-below-stick-meta":"","astra-migrate-meta-layouts":"default","ast-page-background-enabled":"default","ast-page-background-meta":{"desktop":{"background-color":"var(--ast-global-color-4)","background-image":"","background-repeat":"repeat","background-position":"center center","background-size":"auto","background-attachment":"scroll","background-type":"","background-media":"","overlay-type":"","overlay-color":"","overlay-opacity":"","overlay-gradient":""},"tablet":{"background-color":"","background-image":"","background-repeat":"repeat","background-position":"center center","background-size":"auto","background-attachment":"scroll","background-type":"","background-media":"","overlay-type":"","overlay-color":"","overlay-opacity":"","overlay-gradient":""},"mobile":{"background-color":"","background-image":"","background-repeat":"repeat","background-position":"center center","background-size":"auto","background-attachment":"scroll","background-type":"","background-media":"","overlay-type":"","overlay-color":"","overlay-opacity":"","overlay-gradient":""}},"ast-content-background-meta":{"desktop":{"background-color":"var(--ast-global-color-5)","background-image":"","background-repeat":"repeat","background-position":"center center","background-size":"auto","background-attachment":"scroll","background-type":"","background-media":"","overlay-type":"","overlay-color":"","overlay-opacity":"","overlay-gradient":""},"tablet":{"background-color":"var(--ast-global-color-5)","background-image":"","background-repeat":"repeat","background-position":"center center","background-size":"auto","background-attachment":"scroll","background-type":"","background-media":"","overlay-type":"","overlay-color":"","overlay-opacity":"","overlay-gradient":""},"mobile":{"background-color":"var(--ast-global-color-5)","background-image":"","background-repeat":"repeat","background-position":"center center","background-size":"auto","background-attachment":"scroll","background-type":"","background-media":"","overlay-type":"","overlay-color":"","overlay-opacity":"","overlay-gradient":""}},"footnotes":""},"class_list":["post-3454","page","type-page","status-publish","hentry"],"post_mailing_queue_ids":[],"_links":{"self":[{"href":"https:\/\/agora.xtec.cat\/ieelperello\/wp-json\/wp\/v2\/pages\/3454","targetHints":{"allow":["GET"]}}],"collection":[{"href":"https:\/\/agora.xtec.cat\/ieelperello\/wp-json\/wp\/v2\/pages"}],"about":[{"href":"https:\/\/agora.xtec.cat\/ieelperello\/wp-json\/wp\/v2\/types\/page"}],"author":[{"embeddable":true,"href":"https:\/\/agora.xtec.cat\/ieelperello\/wp-json\/wp\/v2\/users\/4"}],"replies":[{"embeddable":true,"href":"https:\/\/agora.xtec.cat\/ieelperello\/wp-json\/wp\/v2\/comments?post=3454"}],"version-history":[{"count":3,"href":"https:\/\/agora.xtec.cat\/ieelperello\/wp-json\/wp\/v2\/pages\/3454\/revisions"}],"predecessor-version":[{"id":4697,"href":"https:\/\/agora.xtec.cat\/ieelperello\/wp-json\/wp\/v2\/pages\/3454\/revisions\/4697"}],"up":[{"embeddable":true,"href":"https:\/\/agora.xtec.cat\/ieelperello\/wp-json\/wp\/v2\/pages\/3035"}],"wp:attachment":[{"href":"https:\/\/agora.xtec.cat\/ieelperello\/wp-json\/wp\/v2\/media?parent=3454"}],"curies":[{"name":"wp","href":"https:\/\/api.w.org\/{rel}","templated":true}]}}