{"id":3279,"date":"2022-07-07T23:57:02","date_gmt":"2022-07-07T21:57:02","guid":{"rendered":"https:\/\/agora.xtec.cat\/ieelperello\/?page_id=3279"},"modified":"2026-04-17T11:55:34","modified_gmt":"2026-04-17T09:55:34","slug":"documents-normatius-de-centre","status":"publish","type":"page","link":"https:\/\/agora.xtec.cat\/ieelperello\/documents-de-centre\/documents-normatius-de-centre\/","title":{"rendered":"Documents normatius de centre"},"content":{"rendered":"<p><a href=\"https:\/\/agora.xtec.cat\/ieelperello\/wp-content\/uploads\/usu1951\/2024\/09\/Projecte-Educatiu-de-centre.pdf\">Projecte Educatiu de centre<\/a><\/p>\n<p><a href=\"https:\/\/agora.xtec.cat\/ieelperello\/wp-content\/uploads\/usu1951\/2023\/02\/Projecte-linguistic.pdf\">Projecte ling\u00fc\u00edstic<\/a><\/p>\n<p><a href=\"https:\/\/agora.xtec.cat\/ieelperello\/wp-content\/uploads\/usu1951\/2024\/05\/Pla-de-lectura-de-centre-1-1.pdf\">Pla de lectura de centre<\/a><\/p>\n<p><a href=\"https:\/\/agora.xtec.cat\/ieelperello\/wp-content\/uploads\/usu1951\/2022\/09\/Pla-de-convivencia.pdf\">Pla de conviv\u00e8ncia<\/a><\/p>\n<p><a href=\"https:\/\/drive.google.com\/file\/d\/1JgVKhGe0nVip3vIKCR9LrM54tu9z7Xyf\/view?usp=sharing\">NOFC<\/a><\/p>\n<p><a href=\"https:\/\/agora.xtec.cat\/ieelperello\/wp-content\/uploads\/usu1951\/2025\/05\/Pla-accio-tutorial.pdf\">Pla d&#8217;acci\u00f3 tutorial<\/a><\/p>\n<p><a href=\"https:\/\/drive.google.com\/file\/d\/1bxvUbucg2oZGIOdACXBEctVEaI0VEdIf\/view?usp=sharing\">Pla d&#8217;acollida<\/a><\/p>\n<p><a href=\"https:\/\/agora.xtec.cat\/ieelperello\/wp-content\/uploads\/usu1951\/2022\/09\/Pla-de-comunicacio.pdf\">Pla de comunicaci\u00f3<\/a><\/p>\n<p><a href=\"https:\/\/agora.xtec.cat\/ieelperello\/wp-content\/uploads\/usu1951\/2025\/06\/PLA-DACCIO-24-25-1.pdf\">PLA D&#8217;ACCI\u00d3\u00a0 (MUFPS)<\/a><\/p>\n<p><a href=\"https:\/\/drive.google.com\/file\/d\/1chG5H44y9-lojb0_Hry7feOL3tT79iDb\/view?usp=sharing\">PGA 2025-2026<\/a><\/p>\n<p><a href=\"https:\/\/drive.google.com\/file\/d\/1j5MYj4WV8P5rrDRkaIxxc4L8BDZ6Taj8\/view?usp=sharing\">Sortides aprovades CE<\/a><\/p>\n<p><a href=\"https:\/\/agora.xtec.cat\/ieelperello\/wp-content\/uploads\/usu1951\/2025\/06\/Informe-de-modificacio-del-pressupost-2025-26062025.pdf\">Informe de modificaci\u00f3 del pressupost exercici 2025 26-06-2025<\/a><\/p>\n\n\n<p><\/p>\n","protected":false},"excerpt":{"rendered":"<p>Projecte Educatiu de centre Projecte ling\u00fc\u00edstic Pla de lectura de centre Pla de conviv\u00e8ncia NOFC Pla d&#8217;acci\u00f3 tutorial Pla d&#8217;acollida Pla de comunicaci\u00f3 PLA D&#8217;ACCI\u00d3\u00a0 (MUFPS) PGA 2025-2026 Sortides aprovades CE Informe de modificaci\u00f3 del pressupost exercici 2025 26-06-2025<\/p>\n","protected":false},"author":1,"featured_media":0,"parent":638,"menu_order":0,"comment_status":"closed","ping_status":"closed","template":"","meta":{"_bbp_topic_count":0,"_bbp_reply_count":0,"_bbp_total_topic_count":0,"_bbp_total_reply_count":0,"_bbp_voice_count":0,"_bbp_anonymous_reply_count":0,"_bbp_topic_count_hidden":0,"_bbp_reply_count_hidden":0,"_bbp_forum_subforum_count":0,"site-sidebar-layout":"default","site-content-layout":"","ast-site-content-layout":"default","site-content-style":"default","site-sidebar-style":"default","ast-global-header-display":"","ast-banner-title-visibility":"","ast-main-header-display":"","ast-hfb-above-header-display":"","ast-hfb-below-header-display":"","ast-hfb-mobile-header-display":"","site-post-title":"","ast-breadcrumbs-content":"","ast-featured-img":"","footer-sml-layout":"","theme-transparent-header-meta":"","adv-header-id-meta":"","stick-header-meta":"","header-above-stick-meta":"","header-main-stick-meta":"","header-below-stick-meta":"","astra-migrate-meta-layouts":"set","ast-page-background-enabled":"default","ast-page-background-meta":{"desktop":{"background-color":"var(--ast-global-color-4)","background-image":"","background-repeat":"repeat","background-position":"center center","background-size":"auto","background-attachment":"scroll","background-type":"","background-media":"","overlay-type":"","overlay-color":"","overlay-opacity":"","overlay-gradient":""},"tablet":{"background-color":"","background-image":"","background-repeat":"repeat","background-position":"center center","background-size":"auto","background-attachment":"scroll","background-type":"","background-media":"","overlay-type":"","overlay-color":"","overlay-opacity":"","overlay-gradient":""},"mobile":{"background-color":"","background-image":"","background-repeat":"repeat","background-position":"center center","background-size":"auto","background-attachment":"scroll","background-type":"","background-media":"","overlay-type":"","overlay-color":"","overlay-opacity":"","overlay-gradient":""}},"ast-content-background-meta":{"desktop":{"background-color":"var(--ast-global-color-5)","background-image":"","background-repeat":"repeat","background-position":"center center","background-size":"auto","background-attachment":"scroll","background-type":"","background-media":"","overlay-type":"","overlay-color":"","overlay-opacity":"","overlay-gradient":""},"tablet":{"background-color":"var(--ast-global-color-5)","background-image":"","background-repeat":"repeat","background-position":"center center","background-size":"auto","background-attachment":"scroll","background-type":"","background-media":"","overlay-type":"","overlay-color":"","overlay-opacity":"","overlay-gradient":""},"mobile":{"background-color":"var(--ast-global-color-5)","background-image":"","background-repeat":"repeat","background-position":"center center","background-size":"auto","background-attachment":"scroll","background-type":"","background-media":"","overlay-type":"","overlay-color":"","overlay-opacity":"","overlay-gradient":""}},"footnotes":""},"class_list":["post-3279","page","type-page","status-publish","hentry"],"post_mailing_queue_ids":[],"_links":{"self":[{"href":"https:\/\/agora.xtec.cat\/ieelperello\/wp-json\/wp\/v2\/pages\/3279","targetHints":{"allow":["GET"]}}],"collection":[{"href":"https:\/\/agora.xtec.cat\/ieelperello\/wp-json\/wp\/v2\/pages"}],"about":[{"href":"https:\/\/agora.xtec.cat\/ieelperello\/wp-json\/wp\/v2\/types\/page"}],"author":[{"embeddable":true,"href":"https:\/\/agora.xtec.cat\/ieelperello\/wp-json\/wp\/v2\/users\/1"}],"replies":[{"embeddable":true,"href":"https:\/\/agora.xtec.cat\/ieelperello\/wp-json\/wp\/v2\/comments?post=3279"}],"version-history":[{"count":6,"href":"https:\/\/agora.xtec.cat\/ieelperello\/wp-json\/wp\/v2\/pages\/3279\/revisions"}],"predecessor-version":[{"id":5419,"href":"https:\/\/agora.xtec.cat\/ieelperello\/wp-json\/wp\/v2\/pages\/3279\/revisions\/5419"}],"up":[{"embeddable":true,"href":"https:\/\/agora.xtec.cat\/ieelperello\/wp-json\/wp\/v2\/pages\/638"}],"wp:attachment":[{"href":"https:\/\/agora.xtec.cat\/ieelperello\/wp-json\/wp\/v2\/media?parent=3279"}],"curies":[{"name":"wp","href":"https:\/\/api.w.org\/{rel}","templated":true}]}}