{"id":3039,"date":"2022-03-04T14:27:49","date_gmt":"2022-03-04T13:27:49","guid":{"rendered":"https:\/\/agora.xtec.cat\/ieelperello\/?page_id=3039"},"modified":"2022-12-04T18:40:46","modified_gmt":"2022-12-04T17:40:46","slug":"portals-digitals-i-comunicacio","status":"publish","type":"page","link":"https:\/\/agora.xtec.cat\/ieelperello\/documents-de-centre\/pla-destrategia-digital-de-centre\/cultura-digital\/portals-digitals-i-comunicacio\/","title":{"rendered":"Portals digitals i comunicaci\u00f3"},"content":{"rendered":"<p><span style=\"font-weight: 400;\">L\u2019Equip de treball de comunicaci\u00f3 est\u00e0 integrat i forma part de la comissi\u00f3 d\u2019estrat\u00e8gia <\/span><span style=\"font-weight: 400;\">digital i queda recollida en el document d\u2019estrat\u00e8gia digital de centre com a comissi\u00f3 <\/span><span style=\"font-weight: 400;\">adjunta.<a style=\"color: #2795b6;\" href=\"https:\/\/agora.xtec.cat\/ieelperello\/wp-content\/uploads\/usu1951\/2022\/09\/alumnes3.png\"><img loading=\"lazy\" decoding=\"async\" class=\" wp-image-3354 alignright\" src=\"https:\/\/agora.xtec.cat\/ieelperello\/wp-content\/uploads\/usu1951\/2022\/09\/alumnes3.png\" alt=\"\" width=\"399\" height=\"399\" srcset=\"https:\/\/agora.xtec.cat\/ieelperello\/wp-content\/uploads\/usu1951\/2022\/09\/alumnes3.png 370w, https:\/\/agora.xtec.cat\/ieelperello\/wp-content\/uploads\/usu1951\/2022\/09\/alumnes3-300x300.png 300w, https:\/\/agora.xtec.cat\/ieelperello\/wp-content\/uploads\/usu1951\/2022\/09\/alumnes3-150x150.png 150w\" sizes=\"auto, (max-width: 399px) 100vw, 399px\" \/><\/a><\/span><\/p>\n<p><span style=\"font-weight: 400;\">Aquesta est\u00e0 conformada per:<\/span><\/p>\n<ul>\n<li style=\"font-weight: 400;\" aria-level=\"1\"><span style=\"font-weight: 400;\">Les i els membres de l\u2019Equip Directiu.<\/span><\/li>\n<li style=\"font-weight: 400;\" aria-level=\"1\"><span style=\"font-weight: 400;\">Les i els membres de la comissi\u00f3 d\u2019estrat\u00e8gia digital encarregades de l\u2019\u00e0mbit de <\/span><span style=\"font-weight: 400;\">comunicaci\u00f3 i projecci\u00f3 del centre.<\/span><\/li>\n<li style=\"font-weight: 400;\" aria-level=\"1\"><span style=\"font-weight: 400;\">Les i els coordinadors de comunitat.<\/span><\/li>\n<li style=\"font-weight: 400;\" aria-level=\"1\"><span style=\"font-weight: 400;\">Administratives del centre.<\/span><\/li>\n<\/ul>\n<p><span style=\"font-weight: 400;\">La comissi\u00f3 de comunicaci\u00f3 es reunir\u00e0 sempre que ho consideri oport\u00fa amb un m\u00ednim <\/span><span style=\"font-weight: 400;\">de dos reunions, una a l\u2019inici del curs escolar i l\u2019altra al finalitzar-lo. <\/span><span style=\"font-weight: 400;\">Es realitzar\u00e0 una acta de cadascuna de les trobades.<\/span><\/p>\n<p><b>PORTAL WEB<\/b><\/p>\n<p><span style=\"font-weight: 400;\">El centre disposa d\u2019un web amb la informaci\u00f3 p\u00fablica. S\u2019hi poden trobar informacions est\u00e0tiques que es revisen peri\u00f2dicament (documentaci\u00f3, claustre, dates del curs, etc.) i articles din\u00e0mics sobre el que va succeint al centre dia a dia.<\/span><\/p>\n<p><span style=\"font-weight: 400;\">Aquest web est\u00e0 realitzat aprofitant el servei nodes que ofereix el Departament d\u2019Educaci\u00f3.<\/span><\/p>\n<p><span style=\"font-weight: 400;\">Per penjar not\u00edcies al web necessitem dos elements: una o dues fotografies i el text de la not\u00edcia. Aquesta informaci\u00f3 ser\u00e0 enviada a la responsable del portal web. Les p<\/span><span style=\"font-weight: 400;\">ublicacions al Web en portada tamb\u00e9 es publiquen al Telegram, es faran per nivell\/grup i com a m\u00ednim tots tindran una publicaci\u00f3 trimestral.<\/span><\/p>\n<p><span style=\"font-weight: 400;\">A la barra lateral esquerra s\u2019hi poden trobar els hipervincles per accedir directament als enlla\u00e7os d\u2019inter\u00e9s.<\/span><\/p>\n<p>Totes les imatges publicades tenen signades els drets d&#8217;imatge i\/o consentiment de les persones que surten a les mateixes i dels seus tutors legals.<\/p>\n<p><b>XARXES SOCIALS<\/b><\/p>\n<p><span style=\"font-weight: 400;\">El centre disposa d\u2019un compte d\u2019Instagram <a href=\"https:\/\/www.instagram.com\/ieelperello\/\">@ieelperello<\/a> on publicar el dia a dia del centre. Per tant es mostra com una eina molt din\u00e0mica i viva, on publicarem resultats d\u2019activitats, sortides, xerrades, tallers\u2026 de tota la comunitat educativa.\u00a0<\/span><\/p>\n<p><span style=\"font-weight: 400;\">Per penjar not\u00edcies, v\u00eddeos o storis necessitarem les imatges i un text de refer\u00e8ncia. Aquesta informaci\u00f3 ser\u00e0 enviada als responsables de portar les xarxes, un per prim\u00e0ria i altre per secund\u00e0ria. Les publicacions es faran per nivell\/grup i com a m\u00ednim tots tindran una publicaci\u00f3 trimestral.<\/span><\/p>\n<p><span style=\"font-weight: 400;\">Cada not\u00edcia publicada al web del centre es replica de forma autom\u00e0tica al canal de Telegram del centre.\u00a0<\/span><\/p>\n<p>Totes les imatges publicades tenen signades els drets d&#8217;imatge i\/o consentiment de les persones que surten a les mateixes i dels seus tutors legals. Les<span style=\"color: #000000; font-family: arial, sans-serif;\"> publicacions no es publicaran en temps real, ni geocalitzables. L&#8217;alumnat no sortir\u00e0 de forma reconeixible potenciant les seves accions i activitats pedag\u00f2giques.<\/span><\/p>\n<p>Les imatges\/v\u00eddeos realitzades per les fam\u00edlies en actes i festes del centre educatiu han de tenir un \u00fas dom\u00e8stic i no podran ser publicades a cap xarxa social, ni plataforma digital o anal\u00f2gica.<\/p>\n<p><b>COMUNICACI\u00d3 AMB LES FAM\u00cdLIES\u00a0<\/b><\/p>\n<p><span style=\"font-weight: 400;\">Totes les informacions amb les fam\u00edlies es realitzaran per:<\/span><\/p>\n<ul>\n<li style=\"font-weight: 400;\" aria-level=\"1\"><span style=\"font-weight: 400;\">Canal unidireccional de Telegram: <a href=\"https:\/\/t.me\/s\/IEelPerello\">IEelPerello<\/a><\/span><\/li>\n<li style=\"font-weight: 400;\" aria-level=\"1\"><span style=\"font-weight: 400;\">La plataforma <a href=\"https:\/\/www.ieduca.com\/\">d\u2019IEduca<\/a> es un canal de comunicaci\u00f3 entre el professorat i les fam\u00edlies del grup classe pel que fa a les faltes d&#8217;assist\u00e8ncia, retards, incid\u00e8ncies entre altres. La justificaci\u00f3 de faltes d\u2019assist\u00e8ncia tamb\u00e9 es far\u00e0 per aquest canal. En el cas de lliurar els informes d\u2019avaluaci\u00f3 mitjan\u00e7ant aquesta plataforma cal que les fam\u00edlies comuniquin als tutors que els han rebut.<\/span><\/li>\n<li aria-level=\"1\">El professorat responsable d&#8217;alguna sortida ser\u00e0 l&#8217;encarregat de comunicar als docents acompanyants, les fam\u00edlies i a l&#8217;alumnat quina ser\u00e0 la normativa<span style=\"font-weight: 400;\">, materials que necessiten, menjars, compres, \u00fas de m\u00f2bils\u2026<\/span><\/li>\n<li style=\"font-weight: 400;\" aria-level=\"1\">Qualsevol comunicaci\u00f3 autom\u00e0tica generada per la plataforma IEduca, no es pot contestar. Sempre cal fer-ho des de la mateixa plataforma. Aqu\u00ed us enllacem una <a href=\"https:\/\/agora.xtec.cat\/ieelperello\/lescola\/comunicacio-families-ieduca\/\">petita guia amb els usos b\u00e0sics de la plataforma IEduca.<\/a><\/li>\n<\/ul>\n<p style=\"text-align: center;\"><a href=\"http:\/\/iframe%20src=https:\/\/drive.google.com\/file\/d\/1NqKRP40u1jrVNbebauelz_3u2V-zctP3\/preview%20width=640%20height=480%20allow=autoplay\/iframe\"><iframe loading=\"lazy\" src=\"https:\/\/drive.google.com\/file\/d\/1NqKRP40u1jrVNbebauelz_3u2V-zctP3\/preview\" width=\"640\" height=\"480\"><\/iframe><\/a><\/p>\n<ul>\n<li style=\"font-weight: 400;\" aria-level=\"1\"><span style=\"font-weight: 400;\">El tel\u00e8fon del centre es far\u00e0 servir per a emerg\u00e8ncies i comunicacions directes sempre i quan no sigui possible contactar amb les fam\u00edlies amb els altres canals de comunicaci\u00f3. Es trucar\u00e0 als tel\u00e8fons indicats per la fam\u00edlia en els fulls de renovaci\u00f3 de matr\u00edcula i els tel\u00e8fons que consten a la plataforma IEduca.\u00a0<\/span><\/li>\n<li style=\"font-weight: 400;\" aria-level=\"1\"><span style=\"font-weight: 400;\">La comunicaci\u00f3 presencial sempre ser\u00e0 amb cita pr\u00e8via, dintre de l\u2019horari assignat a les tutories del grup classe. <\/span><\/li>\n<li style=\"font-weight: 400;\" aria-level=\"1\"><span style=\"font-weight: 400;\">Es publicaran infografies per comunicar-se amb la comunitat educativa pels canals digitals.<\/span><\/li>\n<\/ul>\n<p><span style=\"font-weight: 400;\">Per a m\u00e9s concrecions es pot consultar el <\/span><a href=\"https:\/\/agora.xtec.cat\/ieelperello\/wp-content\/uploads\/usu1951\/2022\/09\/Pla-de-comunicacio.pdf\"><strong>Pla de comunicaci\u00f3 de centre<\/strong><\/a><span style=\"font-weight: 400;\">. <\/span><\/p>\n","protected":false},"excerpt":{"rendered":"<p>L\u2019Equip de treball de comunicaci\u00f3 est\u00e0 integrat i forma part de la comissi\u00f3 d\u2019estrat\u00e8gia digital i queda recollida en el document d\u2019estrat\u00e8gia digital de centre com a comissi\u00f3 adjunta. Aquesta est\u00e0 conformada per: Les i els membres de l\u2019Equip Directiu. Les i els membres de la comissi\u00f3 d\u2019estrat\u00e8gia digital encarregades de l\u2019\u00e0mbit de comunicaci\u00f3 i [&hellip;]<\/p>\n","protected":false},"author":1,"featured_media":0,"parent":3015,"menu_order":0,"comment_status":"closed","ping_status":"closed","template":"page-templates\/side-menu.php","meta":{"_bbp_topic_count":0,"_bbp_reply_count":0,"_bbp_total_topic_count":0,"_bbp_total_reply_count":0,"_bbp_voice_count":0,"_bbp_anonymous_reply_count":0,"_bbp_topic_count_hidden":0,"_bbp_reply_count_hidden":0,"_bbp_forum_subforum_count":0,"site-sidebar-layout":"default","site-content-layout":"","ast-site-content-layout":"","site-content-style":"default","site-sidebar-style":"default","ast-global-header-display":"","ast-banner-title-visibility":"","ast-main-header-display":"","ast-hfb-above-header-display":"","ast-hfb-below-header-display":"","ast-hfb-mobile-header-display":"","site-post-title":"","ast-breadcrumbs-content":"","ast-featured-img":"","footer-sml-layout":"","theme-transparent-header-meta":"","adv-header-id-meta":"","stick-header-meta":"","header-above-stick-meta":"","header-main-stick-meta":"","header-below-stick-meta":"","astra-migrate-meta-layouts":"default","ast-page-background-enabled":"default","ast-page-background-meta":{"desktop":{"background-color":"var(--ast-global-color-4)","background-image":"","background-repeat":"repeat","background-position":"center center","background-size":"auto","background-attachment":"scroll","background-type":"","background-media":"","overlay-type":"","overlay-color":"","overlay-opacity":"","overlay-gradient":""},"tablet":{"background-color":"","background-image":"","background-repeat":"repeat","background-position":"center center","background-size":"auto","background-attachment":"scroll","background-type":"","background-media":"","overlay-type":"","overlay-color":"","overlay-opacity":"","overlay-gradient":""},"mobile":{"background-color":"","background-image":"","background-repeat":"repeat","background-position":"center center","background-size":"auto","background-attachment":"scroll","background-type":"","background-media":"","overlay-type":"","overlay-color":"","overlay-opacity":"","overlay-gradient":""}},"ast-content-background-meta":{"desktop":{"background-color":"var(--ast-global-color-5)","background-image":"","background-repeat":"repeat","background-position":"center center","background-size":"auto","background-attachment":"scroll","background-type":"","background-media":"","overlay-type":"","overlay-color":"","overlay-opacity":"","overlay-gradient":""},"tablet":{"background-color":"var(--ast-global-color-5)","background-image":"","background-repeat":"repeat","background-position":"center center","background-size":"auto","background-attachment":"scroll","background-type":"","background-media":"","overlay-type":"","overlay-color":"","overlay-opacity":"","overlay-gradient":""},"mobile":{"background-color":"var(--ast-global-color-5)","background-image":"","background-repeat":"repeat","background-position":"center center","background-size":"auto","background-attachment":"scroll","background-type":"","background-media":"","overlay-type":"","overlay-color":"","overlay-opacity":"","overlay-gradient":""}},"footnotes":""},"class_list":["post-3039","page","type-page","status-publish","hentry"],"post_mailing_queue_ids":[],"_links":{"self":[{"href":"https:\/\/agora.xtec.cat\/ieelperello\/wp-json\/wp\/v2\/pages\/3039","targetHints":{"allow":["GET"]}}],"collection":[{"href":"https:\/\/agora.xtec.cat\/ieelperello\/wp-json\/wp\/v2\/pages"}],"about":[{"href":"https:\/\/agora.xtec.cat\/ieelperello\/wp-json\/wp\/v2\/types\/page"}],"author":[{"embeddable":true,"href":"https:\/\/agora.xtec.cat\/ieelperello\/wp-json\/wp\/v2\/users\/1"}],"replies":[{"embeddable":true,"href":"https:\/\/agora.xtec.cat\/ieelperello\/wp-json\/wp\/v2\/comments?post=3039"}],"version-history":[{"count":3,"href":"https:\/\/agora.xtec.cat\/ieelperello\/wp-json\/wp\/v2\/pages\/3039\/revisions"}],"predecessor-version":[{"id":3656,"href":"https:\/\/agora.xtec.cat\/ieelperello\/wp-json\/wp\/v2\/pages\/3039\/revisions\/3656"}],"up":[{"embeddable":true,"href":"https:\/\/agora.xtec.cat\/ieelperello\/wp-json\/wp\/v2\/pages\/3015"}],"wp:attachment":[{"href":"https:\/\/agora.xtec.cat\/ieelperello\/wp-json\/wp\/v2\/media?parent=3039"}],"curies":[{"name":"wp","href":"https:\/\/api.w.org\/{rel}","templated":true}]}}