{"id":3033,"date":"2022-03-04T14:25:52","date_gmt":"2022-03-04T13:25:52","guid":{"rendered":"https:\/\/agora.xtec.cat\/ieelperello\/?page_id=3033"},"modified":"2026-01-27T23:20:50","modified_gmt":"2026-01-27T22:20:50","slug":"acords-de-claustre","status":"publish","type":"page","link":"https:\/\/agora.xtec.cat\/ieelperello\/documents-de-centre\/pla-destrategia-digital-de-centre\/cultura-digital\/acords-de-claustre\/","title":{"rendered":"Acords de claustre i consell escolar"},"content":{"rendered":"<p>\u00a0<\/p>\n<table style=\"height: 583px; width: 99.8253%; border-style: solid; border-color: #000000;\" border=\"1\" cellspacing=\"1\" cellpadding=\"1\">\n<tbody>\n<tr style=\"height: 57px;\">\n<td style=\"background-color: #92ad51; border-style: solid; border-color: #000000; width: 1px; height: 1px;\"><strong>Data<\/strong><\/td>\n<td style=\"background-color: #92ad51; border-style: solid; border-color: #000000; width: 1px; height: 1px;\"><b>\u00d2rgan de participaci\u00f3\u00a0<\/b><\/td>\n<td style=\"background-color: #92ad51; border-style: solid; border-color: #000000; width: 1px; height: 1px;\" colspan=\"2\"><b>Acords referents a la cultura digital del centre<\/b><\/td>\n<\/tr>\n<tr style=\"height: 5px;\">\n<td style=\"border-style: solid; border-color: #000000; width: 1px; height: 1px;\">28\/09\/2022<\/td>\n<td style=\"border-style: solid; border-color: #000000; width: 1px; height: 1px;\">Consell Escolar<\/td>\n<td style=\"border-style: solid; border-color: #000000; width: 1px; height: 1px;\" colspan=\"2\">Retirada de maquinari inform\u00e0tic obsolet: 12 ordinadors\u00a0sobretaula i 13 pantalles.<\/td>\n<\/tr>\n<tr style=\"height: 46px;\">\n<td style=\"border-style: solid; border-color: #000000; width: 1px; height: 1px;\">2\/11\/2022<\/td>\n<td style=\"border-style: solid; border-color: #000000; width: 1px; height: 1px;\">Consell Escolar<\/td>\n<td style=\"border-style: solid; border-color: #000000; width: 1px; height: 1px;\" colspan=\"2\">Retirada de maquinari inform\u00e0tic obsolet: 7 port\u00e0tils, 2 projectors de llarga dist\u00e0ncia, 5 pantalles i 13 carregadors de port\u00e0tils.<\/td>\n<\/tr>\n<tr style=\"height: 23px;\">\n<td style=\"border-style: solid; border-color: #000000; width: 1px; height: 1px;\">30\/11\/2022<\/td>\n<td style=\"border-style: solid; border-color: #000000; width: 1px; height: 1px;\">Consell Escolar<\/td>\n<td style=\"border-style: solid; border-color: #000000; width: 1px; height: 1px;\" colspan=\"2\">Retirada de maquinari inform\u00e0tic obsolet: 3 chromebooks i 3 tablets.<\/td>\n<\/tr>\n<tr style=\"height: 23px;\">\n<td style=\"border-style: solid; border-color: #000000; width: 1px; height: 1px;\">31\/01\/2023<\/td>\n<td style=\"border-style: solid; border-color: #000000; width: 1px; height: 1px;\">Consell Escolar<\/td>\n<td style=\"border-style: solid; border-color: #000000; width: 1px; height: 1px;\" colspan=\"2\">Retirada de maquinari inform\u00e0tic obsolet: 1 chromebooks, 1 pantalla d&#8217;ordinador de sobretaula i 33 MIFI&#8217;s.<\/td>\n<\/tr>\n<tr style=\"height: 23px;\">\n<td style=\"border-style: solid; border-color: #000000; width: 1px; height: 1px;\">17\/05\/2023<\/td>\n<td style=\"border-style: solid; border-color: #000000; width: 1px; height: 1px;\">Consell Escolar<\/td>\n<td style=\"border-style: solid; border-color: #000000; width: 1px; height: 1px;\" colspan=\"2\">Retirada de maquinari inform\u00e0tic obsolet: 1 ordinador port\u00e0til, 1 retroprojector i 1 esc\u00e0ner.<\/td>\n<\/tr>\n<tr style=\"height: 102px;\">\n<td style=\"border-style: solid; border-color: #000000; width: 1px; height: 1px;\">7\/06\/2023<\/td>\n<td style=\"border-style: solid; border-color: #000000; width: 1px; height: 1px;\">Consell Escolar<\/td>\n<td style=\"border-style: solid; border-color: #000000; width: 1px; height: 1px;\" colspan=\"2\">Adquisici\u00f3 d&#8217;un panell t\u00e0ctil de 75&#8243; per part del centre.\n<p>Retirada de maquinari inform\u00e0tic obsolet: 2 ordinadors sobretaula.<\/p>\n<\/td>\n<\/tr>\n<tr style=\"height: 46px;\">\n<td style=\"border-style: solid; border-color: #000000; width: 1px; height: 1px;\">8\/11\/2023<\/td>\n<td style=\"border-style: solid; border-color: #000000; width: 1px; height: 1px;\">Comissi\u00f3 Permanent<\/td>\n<td style=\"border-style: solid; border-color: #000000; width: 1px; height: 1px;\" colspan=\"2\">Retirada de maquinari inform\u00e0tic obsolet: 1 SAID, 2 projectors curta dist\u00e0ncia i 1 ordinador sobretaula.<\/td>\n<\/tr>\n<tr style=\"height: 23px;\">\n<td style=\"border-style: solid; border-color: #000000; width: 1px; height: 1px;\">31\/01\/2024<\/td>\n<td style=\"border-style: solid; border-color: #000000; width: 1px; height: 1px;\">Consell Escolar<\/td>\n<td style=\"border-style: solid; border-color: #000000; width: 1px; height: 1px;\" colspan=\"2\">Retirada de maquinari inform\u00e0tic obsolet: 8 PDI&#8217;s i 5 projectors curta dist\u00e0ncia.<\/td>\n<\/tr>\n<tr style=\"height: 46px;\">\n<td style=\"border-style: solid; border-color: #000000; width: 1px; height: 1px;\">10\/04\/2024<\/td>\n<td style=\"border-style: solid; border-color: #000000; width: 1px; height: 1px;\">Comissi\u00f3 Permanent<\/td>\n<td style=\"border-style: solid; border-color: #000000; width: 1px; height: 1px;\" colspan=\"2\">Retirada de maquinari inform\u00e0tic obsolet: 3 ordinadors sobretaula, 2 port\u00e0tils, 1 projector i 9 tauletes digitals.<\/td>\n<\/tr>\n<tr style=\"height: 23px;\">\n<td style=\"border-style: solid; border-color: #000000; width: 1px; height: 1px;\">22\/05\/2024<\/td>\n<td style=\"border-style: solid; border-color: #000000; width: 1px; height: 1px;\">Consell Escolar<\/td>\n<td style=\"border-style: solid; border-color: #000000; width: 1px; height: 1px;\" colspan=\"2\">Retirada de maquinari inform\u00e0tic obsolet: 1 PDI, 1 ordinador de sobretaula i 1 sac de cablejat inform\u00e0tic vari.<\/td>\n<\/tr>\n<tr style=\"height: 23px;\">\n<td style=\"border-style: solid; border-color: #000000; width: 1px; height: 1px;\">26\/09\/2024<\/td>\n<td style=\"border-style: solid; border-color: #000000; width: 1px; height: 1px;\">Consell Escolar<\/td>\n<td style=\"border-style: solid; border-color: #000000; width: 1px; height: 1px;\" colspan=\"2\">Retirada de maquinari inform\u00e0tic obsolet: 1 ordinadors sobretaula, 14 port\u00e0tils i cablejat divers.<\/td>\n<\/tr>\n<tr style=\"height: 46px;\">\n<td style=\"border-style: solid; border-color: #000000; width: 1px; height: 1px;\">9\/10\/2024<\/td>\n<td style=\"border-style: solid; border-color: #000000; width: 1px; height: 1px;\">Comissi\u00f3 Permanent<\/td>\n<td style=\"border-style: solid; border-color: #000000; width: 1px; height: 1px;\" colspan=\"2\">Retirada de maquinari inform\u00e0tic obsolet: 2 ordinadors sobretaula i 1 pantalla ordinador sobretaula.<\/td>\n<\/tr>\n<tr style=\"height: 46px;\">\n<td style=\"border-style: solid; border-color: #000000; width: 1px; height: 1px;\">6\/11\/2024<\/td>\n<td style=\"border-style: solid; border-color: #000000; width: 1px; height: 1px;\">Comissi\u00f3 Permanent<\/td>\n<td style=\"border-style: solid; border-color: #000000; width: 1px; height: 1px;\" colspan=\"2\">Retirada de maquinari inform\u00e0tic obsolet: 6 ordinadors sobretaula.<\/td>\n<\/tr>\n<tr style=\"height: 23px;\">\n<td style=\"border-style: solid; border-color: #000000; width: 1px; height: 1px;\">27\/11\/2024<\/td>\n<td style=\"border-style: solid; border-color: #000000; width: 1px; height: 1px;\">Consell Escolar<\/td>\n<td style=\"border-style: solid; border-color: #000000; width: 1px; height: 1px;\" colspan=\"2\">Retirada de maquinari inform\u00e0tic obsolet: 13 ordinadors sobretaula.<\/td>\n<\/tr>\n<tr style=\"height: 23px;\">\n<td style=\"border-style: solid; border-color: #000000; width: 1px; height: 1px;\">29\/01\/2025<\/td>\n<td style=\"border-style: solid; border-color: #000000; width: 1px; height: 1px;\">Consell Escolar<\/td>\n<td style=\"border-style: solid; border-color: #000000; width: 1px; height: 1px;\" colspan=\"2\">Retirada de maquinari inform\u00e0tic obsolet: 9 pantalles d&#8217;ordinador sobretaula.<\/td>\n<\/tr>\n<\/tbody>\n<\/table>\n\n\n<p><\/p>\n","protected":false},"excerpt":{"rendered":"<p>\u00a0 Data \u00d2rgan de participaci\u00f3\u00a0 Acords referents a la cultura digital del centre 28\/09\/2022 Consell Escolar Retirada de maquinari inform\u00e0tic obsolet: 12 ordinadors\u00a0sobretaula i 13 pantalles. 2\/11\/2022 Consell Escolar Retirada de maquinari inform\u00e0tic obsolet: 7 port\u00e0tils, 2 projectors de llarga dist\u00e0ncia, 5 pantalles i 13 carregadors de port\u00e0tils. 30\/11\/2022 Consell Escolar Retirada de maquinari inform\u00e0tic [&hellip;]<\/p>\n","protected":false},"author":1,"featured_media":0,"parent":3015,"menu_order":0,"comment_status":"closed","ping_status":"closed","template":"","meta":{"_bbp_topic_count":0,"_bbp_reply_count":0,"_bbp_total_topic_count":0,"_bbp_total_reply_count":0,"_bbp_voice_count":0,"_bbp_anonymous_reply_count":0,"_bbp_topic_count_hidden":0,"_bbp_reply_count_hidden":0,"_bbp_forum_subforum_count":0,"site-sidebar-layout":"default","site-content-layout":"","ast-site-content-layout":"default","site-content-style":"default","site-sidebar-style":"default","ast-global-header-display":"","ast-banner-title-visibility":"","ast-main-header-display":"","ast-hfb-above-header-display":"","ast-hfb-below-header-display":"","ast-hfb-mobile-header-display":"","site-post-title":"","ast-breadcrumbs-content":"","ast-featured-img":"","footer-sml-layout":"","theme-transparent-header-meta":"","adv-header-id-meta":"","stick-header-meta":"","header-above-stick-meta":"","header-main-stick-meta":"","header-below-stick-meta":"","astra-migrate-meta-layouts":"set","ast-page-background-enabled":"default","ast-page-background-meta":{"desktop":{"background-color":"var(--ast-global-color-4)","background-image":"","background-repeat":"repeat","background-position":"center center","background-size":"auto","background-attachment":"scroll","background-type":"","background-media":"","overlay-type":"","overlay-color":"","overlay-opacity":"","overlay-gradient":""},"tablet":{"background-color":"","background-image":"","background-repeat":"repeat","background-position":"center center","background-size":"auto","background-attachment":"scroll","background-type":"","background-media":"","overlay-type":"","overlay-color":"","overlay-opacity":"","overlay-gradient":""},"mobile":{"background-color":"","background-image":"","background-repeat":"repeat","background-position":"center center","background-size":"auto","background-attachment":"scroll","background-type":"","background-media":"","overlay-type":"","overlay-color":"","overlay-opacity":"","overlay-gradient":""}},"ast-content-background-meta":{"desktop":{"background-color":"var(--ast-global-color-5)","background-image":"","background-repeat":"repeat","background-position":"center center","background-size":"auto","background-attachment":"scroll","background-type":"","background-media":"","overlay-type":"","overlay-color":"","overlay-opacity":"","overlay-gradient":""},"tablet":{"background-color":"var(--ast-global-color-5)","background-image":"","background-repeat":"repeat","background-position":"center center","background-size":"auto","background-attachment":"scroll","background-type":"","background-media":"","overlay-type":"","overlay-color":"","overlay-opacity":"","overlay-gradient":""},"mobile":{"background-color":"var(--ast-global-color-5)","background-image":"","background-repeat":"repeat","background-position":"center center","background-size":"auto","background-attachment":"scroll","background-type":"","background-media":"","overlay-type":"","overlay-color":"","overlay-opacity":"","overlay-gradient":""}},"footnotes":""},"class_list":["post-3033","page","type-page","status-publish","hentry"],"post_mailing_queue_ids":[],"_links":{"self":[{"href":"https:\/\/agora.xtec.cat\/ieelperello\/wp-json\/wp\/v2\/pages\/3033","targetHints":{"allow":["GET"]}}],"collection":[{"href":"https:\/\/agora.xtec.cat\/ieelperello\/wp-json\/wp\/v2\/pages"}],"about":[{"href":"https:\/\/agora.xtec.cat\/ieelperello\/wp-json\/wp\/v2\/types\/page"}],"author":[{"embeddable":true,"href":"https:\/\/agora.xtec.cat\/ieelperello\/wp-json\/wp\/v2\/users\/1"}],"replies":[{"embeddable":true,"href":"https:\/\/agora.xtec.cat\/ieelperello\/wp-json\/wp\/v2\/comments?post=3033"}],"version-history":[{"count":6,"href":"https:\/\/agora.xtec.cat\/ieelperello\/wp-json\/wp\/v2\/pages\/3033\/revisions"}],"predecessor-version":[{"id":5197,"href":"https:\/\/agora.xtec.cat\/ieelperello\/wp-json\/wp\/v2\/pages\/3033\/revisions\/5197"}],"up":[{"embeddable":true,"href":"https:\/\/agora.xtec.cat\/ieelperello\/wp-json\/wp\/v2\/pages\/3015"}],"wp:attachment":[{"href":"https:\/\/agora.xtec.cat\/ieelperello\/wp-json\/wp\/v2\/media?parent=3033"}],"curies":[{"name":"wp","href":"https:\/\/api.w.org\/{rel}","templated":true}]}}