{"id":3029,"date":"2022-03-04T14:24:53","date_gmt":"2022-03-04T13:24:53","guid":{"rendered":"https:\/\/agora.xtec.cat\/ieelperello\/?page_id=3029"},"modified":"2022-10-27T11:13:43","modified_gmt":"2022-10-27T09:13:43","slug":"descripcio-de-serveis","status":"publish","type":"page","link":"https:\/\/agora.xtec.cat\/ieelperello\/documents-de-centre\/pla-destrategia-digital-de-centre\/cultura-digital\/descripcio-de-serveis\/","title":{"rendered":"Descripci\u00f3 de serveis"},"content":{"rendered":"<p><strong>Documentaci\u00f3 b\u00e0sica<\/strong><\/p>\n<p><span style=\"font-weight: 400;\">La cultura digital apareix en pr\u00e0cticament tots els documents b\u00e0sics del centre. A continuaci\u00f3 es enllacem cadascun un d\u2019ells.<\/span><\/p>\n<p><b><a href=\"https:\/\/agora.xtec.cat\/ieelperello\/lescola\/documents-de-centre\/documents-normatius-de-centre\/\">PEC, NOFC, PGA, PROJECTE DIRECCI\u00d3 DE CENTRE i PLA DE COMUNICACI\u00d3 DE CENTRE.<\/a>\u00a0<\/b><\/p>\n<p><b>Documentaci\u00f3 de centre<\/b><\/p>\n<p><a style=\"color: #2795b6;\" href=\"https:\/\/agora.xtec.cat\/ieelperello\/wp-content\/uploads\/usu1951\/2022\/10\/comunicacio6.png\"><img loading=\"lazy\" decoding=\"async\" class=\"wp-image-3502 alignright\" src=\"https:\/\/agora.xtec.cat\/ieelperello\/wp-content\/uploads\/usu1951\/2022\/10\/comunicacio6.png\" alt=\"\" width=\"437\" height=\"196\" srcset=\"https:\/\/agora.xtec.cat\/ieelperello\/wp-content\/uploads\/usu1951\/2022\/10\/comunicacio6.png 733w, https:\/\/agora.xtec.cat\/ieelperello\/wp-content\/uploads\/usu1951\/2022\/10\/comunicacio6-300x135.png 300w\" sizes=\"auto, (max-width: 437px) 100vw, 437px\" \/><\/a><span style=\"font-weight: 400;\">El centre organitza tota la documentaci\u00f3 en unitats compartides. Aquestes unitats es comparteixen exclusivament amb grups, de tal manera que en tot moment es controla qui t\u00e9 acc\u00e9s a la informaci\u00f3.<\/span><\/p>\n<p><b>Els nostres serveis<\/b><\/p>\n<p><span style=\"font-weight: 400;\">Tot el personal docent compta amb ordinadors port\u00e0tils dotats pel Departament. Aquests estan connectats a les impressores. A partir de 5\u00e8 de Prim\u00e0ria, cada alumne disposa d\u2019un ordinador port\u00e0til. De 1r fins a 4t de Prim\u00e0ria hi ha ordinadors d\u2019aula a disposici\u00f3 de l\u2019alumnat.\u00a0<\/span><\/p>\n<p><span style=\"font-weight: 400;\">Impressores: Al centre disposem de tres impressores, dotaci\u00f3 del Departament, per \u00fas docent i administratiu. A m\u00e9s a cada departament\/despatx compta amb la seva impressora. La direcci\u00f3 del centre i\/o les coordinadores inform\u00e0tiques et donaran un usuari i contrasenya per fer-les servir.\u00a0<\/span><\/p>\n<p><span style=\"font-weight: 400;\">N\u00famero de servidors: hi ha un de xarxa i un d&#8217;impressi\u00f3.<\/span><\/p>\n<p><span style=\"font-weight: 400;\">Tipus de Xarxa: Tenim connexi\u00f3 fibra.<\/span><\/p>\n<p><span style=\"font-weight: 400;\">El centre disposa d\u2019un domini G Suite for Education propi. D\u2019aquesta manera, alumnat, professorat i personal d\u2019administraci\u00f3 disposen d\u2019un usuari <strong>@ieelperello.cat<\/strong><\/span><\/p>\n<p><b>Usuaris de centre<\/b><\/p>\n<p><span style=\"font-weight: 400;\">Cada membre de la comunitat escolar disposa del seu usuari <\/span><span style=\"font-weight: 400;\">@ieelperello.cat\u00a0<\/span><\/p>\n<p>A m\u00e9s de l&#8217;usuari <strong><em>consergeria@ieelperello.cat<\/em> <\/strong>on es poden enviar documents per a imprimir, tant els docents com l&#8217;alumnat.<\/p>\n","protected":false},"excerpt":{"rendered":"<p>Documentaci\u00f3 b\u00e0sica La cultura digital apareix en pr\u00e0cticament tots els documents b\u00e0sics del centre. A continuaci\u00f3 es enllacem cadascun un d\u2019ells. PEC, NOFC, PGA, PROJECTE DIRECCI\u00d3 DE CENTRE i PLA DE COMUNICACI\u00d3 DE CENTRE.\u00a0 Documentaci\u00f3 de centre El centre organitza tota la documentaci\u00f3 en unitats compartides. Aquestes unitats es comparteixen exclusivament amb grups, de tal [&hellip;]<\/p>\n","protected":false},"author":1,"featured_media":0,"parent":3015,"menu_order":0,"comment_status":"closed","ping_status":"closed","template":"page-templates\/side-menu.php","meta":{"_bbp_topic_count":0,"_bbp_reply_count":0,"_bbp_total_topic_count":0,"_bbp_total_reply_count":0,"_bbp_voice_count":0,"_bbp_anonymous_reply_count":0,"_bbp_topic_count_hidden":0,"_bbp_reply_count_hidden":0,"_bbp_forum_subforum_count":0,"site-sidebar-layout":"default","site-content-layout":"","ast-site-content-layout":"","site-content-style":"default","site-sidebar-style":"default","ast-global-header-display":"","ast-banner-title-visibility":"","ast-main-header-display":"","ast-hfb-above-header-display":"","ast-hfb-below-header-display":"","ast-hfb-mobile-header-display":"","site-post-title":"","ast-breadcrumbs-content":"","ast-featured-img":"","footer-sml-layout":"","theme-transparent-header-meta":"","adv-header-id-meta":"","stick-header-meta":"","header-above-stick-meta":"","header-main-stick-meta":"","header-below-stick-meta":"","astra-migrate-meta-layouts":"default","ast-page-background-enabled":"default","ast-page-background-meta":{"desktop":{"background-color":"var(--ast-global-color-4)","background-image":"","background-repeat":"repeat","background-position":"center center","background-size":"auto","background-attachment":"scroll","background-type":"","background-media":"","overlay-type":"","overlay-color":"","overlay-opacity":"","overlay-gradient":""},"tablet":{"background-color":"","background-image":"","background-repeat":"repeat","background-position":"center center","background-size":"auto","background-attachment":"scroll","background-type":"","background-media":"","overlay-type":"","overlay-color":"","overlay-opacity":"","overlay-gradient":""},"mobile":{"background-color":"","background-image":"","background-repeat":"repeat","background-position":"center center","background-size":"auto","background-attachment":"scroll","background-type":"","background-media":"","overlay-type":"","overlay-color":"","overlay-opacity":"","overlay-gradient":""}},"ast-content-background-meta":{"desktop":{"background-color":"var(--ast-global-color-5)","background-image":"","background-repeat":"repeat","background-position":"center center","background-size":"auto","background-attachment":"scroll","background-type":"","background-media":"","overlay-type":"","overlay-color":"","overlay-opacity":"","overlay-gradient":""},"tablet":{"background-color":"var(--ast-global-color-5)","background-image":"","background-repeat":"repeat","background-position":"center center","background-size":"auto","background-attachment":"scroll","background-type":"","background-media":"","overlay-type":"","overlay-color":"","overlay-opacity":"","overlay-gradient":""},"mobile":{"background-color":"var(--ast-global-color-5)","background-image":"","background-repeat":"repeat","background-position":"center center","background-size":"auto","background-attachment":"scroll","background-type":"","background-media":"","overlay-type":"","overlay-color":"","overlay-opacity":"","overlay-gradient":""}},"footnotes":""},"class_list":["post-3029","page","type-page","status-publish","hentry"],"post_mailing_queue_ids":[],"_links":{"self":[{"href":"https:\/\/agora.xtec.cat\/ieelperello\/wp-json\/wp\/v2\/pages\/3029","targetHints":{"allow":["GET"]}}],"collection":[{"href":"https:\/\/agora.xtec.cat\/ieelperello\/wp-json\/wp\/v2\/pages"}],"about":[{"href":"https:\/\/agora.xtec.cat\/ieelperello\/wp-json\/wp\/v2\/types\/page"}],"author":[{"embeddable":true,"href":"https:\/\/agora.xtec.cat\/ieelperello\/wp-json\/wp\/v2\/users\/1"}],"replies":[{"embeddable":true,"href":"https:\/\/agora.xtec.cat\/ieelperello\/wp-json\/wp\/v2\/comments?post=3029"}],"version-history":[{"count":4,"href":"https:\/\/agora.xtec.cat\/ieelperello\/wp-json\/wp\/v2\/pages\/3029\/revisions"}],"predecessor-version":[{"id":3527,"href":"https:\/\/agora.xtec.cat\/ieelperello\/wp-json\/wp\/v2\/pages\/3029\/revisions\/3527"}],"up":[{"embeddable":true,"href":"https:\/\/agora.xtec.cat\/ieelperello\/wp-json\/wp\/v2\/pages\/3015"}],"wp:attachment":[{"href":"https:\/\/agora.xtec.cat\/ieelperello\/wp-json\/wp\/v2\/media?parent=3029"}],"curies":[{"name":"wp","href":"https:\/\/api.w.org\/{rel}","templated":true}]}}