{"id":3015,"date":"2022-03-04T14:01:33","date_gmt":"2022-03-04T13:01:33","guid":{"rendered":"https:\/\/agora.xtec.cat\/ieelperello\/?page_id=3015"},"modified":"2026-01-26T20:00:19","modified_gmt":"2026-01-26T19:00:19","slug":"cultura-digital","status":"publish","type":"page","link":"https:\/\/agora.xtec.cat\/ieelperello\/documents-de-centre\/pla-destrategia-digital-de-centre\/cultura-digital\/","title":{"rendered":"Cultura Digital"},"content":{"rendered":"<p>La transformaci\u00f3 digital de centre s\u2019ent\u00e9n com un proc\u00e9s global i sist\u00e8mic on tecnologia i metodologia es van retroalimentant. En aquest apartat trobareu tots els documents que hem desenvolupat per afavorir aquest proc\u00e9s de transformaci\u00f3:<\/p>\n<ul>\n<li><a href=\"https:\/\/agora.xtec.cat\/ieelperello\/lescola\/documents-de-centre\/cultura-digital\/descripcio-de-serveis\/\">Descripci\u00f3 de serveis<\/a><\/li>\n<li><a href=\"https:\/\/agora.xtec.cat\/ieelperello\/lescola\/documents-de-centre\/cultura-digital\/maquinaris\/\">Maquinaris\u00a0<\/a><\/li>\n<li><a href=\"https:\/\/agora.xtec.cat\/ieelperello\/lescola\/documents-de-centre\/cultura-digital\/acords-de-claustre\/\">Acords de claustre i consell escolar<\/a><\/li>\n<li><a href=\"https:\/\/agora.xtec.cat\/ieelperello\/lescola\/documents-de-centre\/cultura-digital\/acolliment-digital\/\">Acolliment digital (alumnat, fam\u00edlies i docents)\u00a0<\/a><\/li>\n<li><a href=\"https:\/\/agora.xtec.cat\/ieelperello\/lescola\/documents-de-centre\/cultura-digital\/desplegament-de-les-competencies\/\">Desplegament de les compet\u00e8ncies<\/a><\/li>\n<li><a href=\"https:\/\/agora.xtec.cat\/ieelperello\/lescola\/documents-de-centre\/cultura-digital\/portals-digitals-i-comunicacio\/\">Portals digitals i comunicaci\u00f3<\/a><\/li>\n<\/ul>\n","protected":false},"excerpt":{"rendered":"<p>La transformaci\u00f3 digital de centre s\u2019ent\u00e9n com un proc\u00e9s global i sist\u00e8mic on tecnologia i metodologia es van retroalimentant. En aquest apartat trobareu tots els documents que hem desenvolupat per afavorir aquest proc\u00e9s de transformaci\u00f3: Descripci\u00f3 de serveis Maquinaris\u00a0 Acords de claustre i consell escolar Acolliment digital (alumnat, fam\u00edlies i docents)\u00a0 Desplegament de les compet\u00e8ncies [&hellip;]<\/p>\n","protected":false},"author":1,"featured_media":0,"parent":3891,"menu_order":0,"comment_status":"closed","ping_status":"closed","template":"","meta":{"_bbp_topic_count":0,"_bbp_reply_count":0,"_bbp_total_topic_count":0,"_bbp_total_reply_count":0,"_bbp_voice_count":0,"_bbp_anonymous_reply_count":0,"_bbp_topic_count_hidden":0,"_bbp_reply_count_hidden":0,"_bbp_forum_subforum_count":0,"site-sidebar-layout":"default","site-content-layout":"","ast-site-content-layout":"default","site-content-style":"default","site-sidebar-style":"default","ast-global-header-display":"","ast-banner-title-visibility":"","ast-main-header-display":"","ast-hfb-above-header-display":"","ast-hfb-below-header-display":"","ast-hfb-mobile-header-display":"","site-post-title":"","ast-breadcrumbs-content":"","ast-featured-img":"","footer-sml-layout":"","theme-transparent-header-meta":"","adv-header-id-meta":"","stick-header-meta":"","header-above-stick-meta":"","header-main-stick-meta":"","header-below-stick-meta":"","astra-migrate-meta-layouts":"set","ast-page-background-enabled":"default","ast-page-background-meta":{"desktop":{"background-color":"var(--ast-global-color-4)","background-image":"","background-repeat":"repeat","background-position":"center center","background-size":"auto","background-attachment":"scroll","background-type":"","background-media":"","overlay-type":"","overlay-color":"","overlay-opacity":"","overlay-gradient":""},"tablet":{"background-color":"","background-image":"","background-repeat":"repeat","background-position":"center center","background-size":"auto","background-attachment":"scroll","background-type":"","background-media":"","overlay-type":"","overlay-color":"","overlay-opacity":"","overlay-gradient":""},"mobile":{"background-color":"","background-image":"","background-repeat":"repeat","background-position":"center center","background-size":"auto","background-attachment":"scroll","background-type":"","background-media":"","overlay-type":"","overlay-color":"","overlay-opacity":"","overlay-gradient":""}},"ast-content-background-meta":{"desktop":{"background-color":"var(--ast-global-color-5)","background-image":"","background-repeat":"repeat","background-position":"center center","background-size":"auto","background-attachment":"scroll","background-type":"","background-media":"","overlay-type":"","overlay-color":"","overlay-opacity":"","overlay-gradient":""},"tablet":{"background-color":"var(--ast-global-color-5)","background-image":"","background-repeat":"repeat","background-position":"center center","background-size":"auto","background-attachment":"scroll","background-type":"","background-media":"","overlay-type":"","overlay-color":"","overlay-opacity":"","overlay-gradient":""},"mobile":{"background-color":"var(--ast-global-color-5)","background-image":"","background-repeat":"repeat","background-position":"center center","background-size":"auto","background-attachment":"scroll","background-type":"","background-media":"","overlay-type":"","overlay-color":"","overlay-opacity":"","overlay-gradient":""}},"footnotes":""},"class_list":["post-3015","page","type-page","status-publish","hentry"],"post_mailing_queue_ids":[],"_links":{"self":[{"href":"https:\/\/agora.xtec.cat\/ieelperello\/wp-json\/wp\/v2\/pages\/3015","targetHints":{"allow":["GET"]}}],"collection":[{"href":"https:\/\/agora.xtec.cat\/ieelperello\/wp-json\/wp\/v2\/pages"}],"about":[{"href":"https:\/\/agora.xtec.cat\/ieelperello\/wp-json\/wp\/v2\/types\/page"}],"author":[{"embeddable":true,"href":"https:\/\/agora.xtec.cat\/ieelperello\/wp-json\/wp\/v2\/users\/1"}],"replies":[{"embeddable":true,"href":"https:\/\/agora.xtec.cat\/ieelperello\/wp-json\/wp\/v2\/comments?post=3015"}],"version-history":[{"count":3,"href":"https:\/\/agora.xtec.cat\/ieelperello\/wp-json\/wp\/v2\/pages\/3015\/revisions"}],"predecessor-version":[{"id":5104,"href":"https:\/\/agora.xtec.cat\/ieelperello\/wp-json\/wp\/v2\/pages\/3015\/revisions\/5104"}],"up":[{"embeddable":true,"href":"https:\/\/agora.xtec.cat\/ieelperello\/wp-json\/wp\/v2\/pages\/3891"}],"wp:attachment":[{"href":"https:\/\/agora.xtec.cat\/ieelperello\/wp-json\/wp\/v2\/media?parent=3015"}],"curies":[{"name":"wp","href":"https:\/\/api.w.org\/{rel}","templated":true}]}}