{"id":3011,"date":"2022-03-04T13:51:06","date_gmt":"2022-03-04T12:51:06","guid":{"rendered":"https:\/\/agora.xtec.cat\/ieelperello\/?page_id=3011"},"modified":"2026-01-26T20:01:44","modified_gmt":"2026-01-26T19:01:44","slug":"estrategia-digital-de-centre","status":"publish","type":"page","link":"https:\/\/agora.xtec.cat\/ieelperello\/documents-de-centre\/pla-destrategia-digital-de-centre\/estrategia-digital-de-centre\/","title":{"rendered":"Estrat\u00e8gia digital de centre"},"content":{"rendered":"<p>L&#8217;EDC (Estrat\u00e8gia Digital de Centre) defineix i concreta les l\u00ednies d&#8217;actuaci\u00f3 del nostre centre escolar que fan possible que docents, alumnat i centre assoleixin la compet\u00e8ncia digital. En aquest apartat us enllacem els diferents punts que hem desenvolupat:<\/p>\n<ul class=\"sub-menu menu-odd sub-sub-menu menu-depth-3\">\n<li id=\"nav-menu-item-3052\" class=\"sub-menu-item sub-sub-menu-item menu-item-odd menu-item-depth-3 menu-item menu-item-type-post_type menu-item-object-page\"><a class=\"menu-link sub-menu-link\" href=\"https:\/\/agora.xtec.cat\/ieelperello\/lescola\/documents-de-centre\/estrategia-digital-de-centre\/diagnosi\/\">Diagnosi<\/a><\/li>\n<li id=\"nav-menu-item-3051\" class=\"sub-menu-item sub-sub-menu-item menu-item-odd menu-item-depth-3 menu-item menu-item-type-post_type menu-item-object-page\"><a class=\"menu-link sub-menu-link\" href=\"https:\/\/agora.xtec.cat\/ieelperello\/lescola\/documents-de-centre\/estrategia-digital-de-centre\/objectius\/\">Objectius<\/a><\/li>\n<li id=\"nav-menu-item-3050\" class=\"sub-menu-item sub-sub-menu-item menu-item-odd menu-item-depth-3 menu-item menu-item-type-post_type menu-item-object-page\"><a class=\"menu-link sub-menu-link\" href=\"https:\/\/agora.xtec.cat\/ieelperello\/lescola\/documents-de-centre\/estrategia-digital-de-centre\/planificacio\/\">Planificaci\u00f3<\/a><\/li>\n<li id=\"nav-menu-item-3049\" class=\"sub-menu-item sub-sub-menu-item menu-item-odd menu-item-depth-3 menu-item menu-item-type-post_type menu-item-object-page\"><a class=\"menu-link sub-menu-link\" href=\"https:\/\/agora.xtec.cat\/ieelperello\/lescola\/documents-de-centre\/estrategia-digital-de-centre\/avaluacio\/\">Avaluaci\u00f3<\/a><\/li>\n<li id=\"nav-menu-item-3048\" class=\"sub-menu-item sub-sub-menu-item menu-item-odd menu-item-depth-3 menu-item menu-item-type-post_type menu-item-object-page\"><a class=\"menu-link sub-menu-link\" href=\"https:\/\/agora.xtec.cat\/ieelperello\/lescola\/documents-de-centre\/estrategia-digital-de-centre\/documentacio\/\">Documentaci\u00f3<\/a><\/li>\n<\/ul>\n","protected":false},"excerpt":{"rendered":"<p>L&#8217;EDC (Estrat\u00e8gia Digital de Centre) defineix i concreta les l\u00ednies d&#8217;actuaci\u00f3 del nostre centre escolar que fan possible que docents, alumnat i centre assoleixin la compet\u00e8ncia digital. En aquest apartat us enllacem els diferents punts que hem desenvolupat: Diagnosi Objectius Planificaci\u00f3 Avaluaci\u00f3 Documentaci\u00f3<\/p>\n","protected":false},"author":1,"featured_media":0,"parent":3891,"menu_order":0,"comment_status":"closed","ping_status":"closed","template":"","meta":{"_bbp_topic_count":0,"_bbp_reply_count":0,"_bbp_total_topic_count":0,"_bbp_total_reply_count":0,"_bbp_voice_count":0,"_bbp_anonymous_reply_count":0,"_bbp_topic_count_hidden":0,"_bbp_reply_count_hidden":0,"_bbp_forum_subforum_count":0,"site-sidebar-layout":"default","site-content-layout":"","ast-site-content-layout":"default","site-content-style":"default","site-sidebar-style":"default","ast-global-header-display":"","ast-banner-title-visibility":"","ast-main-header-display":"","ast-hfb-above-header-display":"","ast-hfb-below-header-display":"","ast-hfb-mobile-header-display":"","site-post-title":"","ast-breadcrumbs-content":"","ast-featured-img":"","footer-sml-layout":"","theme-transparent-header-meta":"","adv-header-id-meta":"","stick-header-meta":"","header-above-stick-meta":"","header-main-stick-meta":"","header-below-stick-meta":"","astra-migrate-meta-layouts":"set","ast-page-background-enabled":"default","ast-page-background-meta":{"desktop":{"background-color":"var(--ast-global-color-4)","background-image":"","background-repeat":"repeat","background-position":"center center","background-size":"auto","background-attachment":"scroll","background-type":"","background-media":"","overlay-type":"","overlay-color":"","overlay-opacity":"","overlay-gradient":""},"tablet":{"background-color":"","background-image":"","background-repeat":"repeat","background-position":"center center","background-size":"auto","background-attachment":"scroll","background-type":"","background-media":"","overlay-type":"","overlay-color":"","overlay-opacity":"","overlay-gradient":""},"mobile":{"background-color":"","background-image":"","background-repeat":"repeat","background-position":"center center","background-size":"auto","background-attachment":"scroll","background-type":"","background-media":"","overlay-type":"","overlay-color":"","overlay-opacity":"","overlay-gradient":""}},"ast-content-background-meta":{"desktop":{"background-color":"var(--ast-global-color-5)","background-image":"","background-repeat":"repeat","background-position":"center center","background-size":"auto","background-attachment":"scroll","background-type":"","background-media":"","overlay-type":"","overlay-color":"","overlay-opacity":"","overlay-gradient":""},"tablet":{"background-color":"var(--ast-global-color-5)","background-image":"","background-repeat":"repeat","background-position":"center center","background-size":"auto","background-attachment":"scroll","background-type":"","background-media":"","overlay-type":"","overlay-color":"","overlay-opacity":"","overlay-gradient":""},"mobile":{"background-color":"var(--ast-global-color-5)","background-image":"","background-repeat":"repeat","background-position":"center center","background-size":"auto","background-attachment":"scroll","background-type":"","background-media":"","overlay-type":"","overlay-color":"","overlay-opacity":"","overlay-gradient":""}},"footnotes":""},"class_list":["post-3011","page","type-page","status-publish","hentry"],"post_mailing_queue_ids":[],"_links":{"self":[{"href":"https:\/\/agora.xtec.cat\/ieelperello\/wp-json\/wp\/v2\/pages\/3011","targetHints":{"allow":["GET"]}}],"collection":[{"href":"https:\/\/agora.xtec.cat\/ieelperello\/wp-json\/wp\/v2\/pages"}],"about":[{"href":"https:\/\/agora.xtec.cat\/ieelperello\/wp-json\/wp\/v2\/types\/page"}],"author":[{"embeddable":true,"href":"https:\/\/agora.xtec.cat\/ieelperello\/wp-json\/wp\/v2\/users\/1"}],"replies":[{"embeddable":true,"href":"https:\/\/agora.xtec.cat\/ieelperello\/wp-json\/wp\/v2\/comments?post=3011"}],"version-history":[{"count":4,"href":"https:\/\/agora.xtec.cat\/ieelperello\/wp-json\/wp\/v2\/pages\/3011\/revisions"}],"predecessor-version":[{"id":5105,"href":"https:\/\/agora.xtec.cat\/ieelperello\/wp-json\/wp\/v2\/pages\/3011\/revisions\/5105"}],"up":[{"embeddable":true,"href":"https:\/\/agora.xtec.cat\/ieelperello\/wp-json\/wp\/v2\/pages\/3891"}],"wp:attachment":[{"href":"https:\/\/agora.xtec.cat\/ieelperello\/wp-json\/wp\/v2\/media?parent=3011"}],"curies":[{"name":"wp","href":"https:\/\/api.w.org\/{rel}","templated":true}]}}