{"id":2868,"date":"2025-12-01T07:50:44","date_gmt":"2025-12-01T06:50:44","guid":{"rendered":"https:\/\/agora.xtec.cat\/ieelperello\/?page_id=2868"},"modified":"2025-12-04T19:50:06","modified_gmt":"2025-12-04T18:50:06","slug":"secretaria","status":"publish","type":"page","link":"https:\/\/agora.xtec.cat\/ieelperello\/lescola\/secretaria\/","title":{"rendered":"Secretaria"},"content":{"rendered":"<p>Benvinguts\/des a l&#8217;espai de secretaria!<\/p>\n<p>Som l&#8217;\u00c0ngel, l&#8217;Aina i la Laia, en qu\u00e8 us podem ajudar?<\/p>\n<p>Ens podeu adre\u00e7ar demanda de qualsevol tr\u00e0mit o gesti\u00f3 administrativa al correu electr\u00f2nic secretaria@ieelperello.cat\u00a0mitjan\u00e7ant la <a href=\"https:\/\/agora.xtec.cat\/ieelperello\/wp-content\/uploads\/usu1951\/2022\/11\/Sollicitud-generica.pdf\">sol\u00b7licitud gen\u00e8rica<\/a>.<\/p>\n<p>Per fer sol\u00b7licitud per obtenir el certificat de catal\u00e0 (B2 i C1) cal que ens envieu el seg\u00fcent document: <a href=\"https:\/\/agora.xtec.cat\/ieelperello\/wp-content\/uploads\/usu1951\/2025\/12\/Sollicitud-reconeixement-nivell-catala.pdf\">Sol\u00b7licitud reconeixement nivell catal\u00e0<\/a>.<\/p>\n<p>Tanmateix, disposeu de l&#8217;opci\u00f3 presencial en horari d&#8217;atenci\u00f3 de dilluns a divendres de 09:00 a 14:00 h (excepte d&#8217;11:00 a 12:00 hores).<\/p>\n","protected":false},"excerpt":{"rendered":"<p>Benvinguts\/des a l&#8217;espai de secretaria! Som l&#8217;\u00c0ngel, l&#8217;Aina i la Laia, en qu\u00e8 us podem ajudar? Ens podeu adre\u00e7ar demanda de qualsevol tr\u00e0mit o gesti\u00f3 administrativa al correu electr\u00f2nic secretaria@ieelperello.cat\u00a0mitjan\u00e7ant la sol\u00b7licitud gen\u00e8rica. Per fer sol\u00b7licitud per obtenir el certificat de catal\u00e0 (B2 i C1) cal que ens envieu el seg\u00fcent document: Sol\u00b7licitud reconeixement nivell [&hellip;]<\/p>\n","protected":false},"author":4,"featured_media":0,"parent":22,"menu_order":9,"comment_status":"closed","ping_status":"closed","template":"","meta":{"_bbp_topic_count":0,"_bbp_reply_count":0,"_bbp_total_topic_count":0,"_bbp_total_reply_count":0,"_bbp_voice_count":0,"_bbp_anonymous_reply_count":0,"_bbp_topic_count_hidden":0,"_bbp_reply_count_hidden":0,"_bbp_forum_subforum_count":0,"site-sidebar-layout":"default","site-content-layout":"","ast-site-content-layout":"","site-content-style":"default","site-sidebar-style":"default","ast-global-header-display":"","ast-banner-title-visibility":"","ast-main-header-display":"","ast-hfb-above-header-display":"","ast-hfb-below-header-display":"","ast-hfb-mobile-header-display":"","site-post-title":"","ast-breadcrumbs-content":"","ast-featured-img":"","footer-sml-layout":"","theme-transparent-header-meta":"","adv-header-id-meta":"","stick-header-meta":"","header-above-stick-meta":"","header-main-stick-meta":"","header-below-stick-meta":"","astra-migrate-meta-layouts":"default","ast-page-background-enabled":"default","ast-page-background-meta":{"desktop":{"background-color":"var(--ast-global-color-4)","background-image":"","background-repeat":"repeat","background-position":"center center","background-size":"auto","background-attachment":"scroll","background-type":"","background-media":"","overlay-type":"","overlay-color":"","overlay-opacity":"","overlay-gradient":""},"tablet":{"background-color":"","background-image":"","background-repeat":"repeat","background-position":"center center","background-size":"auto","background-attachment":"scroll","background-type":"","background-media":"","overlay-type":"","overlay-color":"","overlay-opacity":"","overlay-gradient":""},"mobile":{"background-color":"","background-image":"","background-repeat":"repeat","background-position":"center center","background-size":"auto","background-attachment":"scroll","background-type":"","background-media":"","overlay-type":"","overlay-color":"","overlay-opacity":"","overlay-gradient":""}},"ast-content-background-meta":{"desktop":{"background-color":"var(--ast-global-color-5)","background-image":"","background-repeat":"repeat","background-position":"center center","background-size":"auto","background-attachment":"scroll","background-type":"","background-media":"","overlay-type":"","overlay-color":"","overlay-opacity":"","overlay-gradient":""},"tablet":{"background-color":"var(--ast-global-color-5)","background-image":"","background-repeat":"repeat","background-position":"center center","background-size":"auto","background-attachment":"scroll","background-type":"","background-media":"","overlay-type":"","overlay-color":"","overlay-opacity":"","overlay-gradient":""},"mobile":{"background-color":"var(--ast-global-color-5)","background-image":"","background-repeat":"repeat","background-position":"center center","background-size":"auto","background-attachment":"scroll","background-type":"","background-media":"","overlay-type":"","overlay-color":"","overlay-opacity":"","overlay-gradient":""}},"footnotes":""},"class_list":["post-2868","page","type-page","status-publish","hentry"],"post_mailing_queue_ids":[],"_links":{"self":[{"href":"https:\/\/agora.xtec.cat\/ieelperello\/wp-json\/wp\/v2\/pages\/2868","targetHints":{"allow":["GET"]}}],"collection":[{"href":"https:\/\/agora.xtec.cat\/ieelperello\/wp-json\/wp\/v2\/pages"}],"about":[{"href":"https:\/\/agora.xtec.cat\/ieelperello\/wp-json\/wp\/v2\/types\/page"}],"author":[{"embeddable":true,"href":"https:\/\/agora.xtec.cat\/ieelperello\/wp-json\/wp\/v2\/users\/4"}],"replies":[{"embeddable":true,"href":"https:\/\/agora.xtec.cat\/ieelperello\/wp-json\/wp\/v2\/comments?post=2868"}],"version-history":[{"count":7,"href":"https:\/\/agora.xtec.cat\/ieelperello\/wp-json\/wp\/v2\/pages\/2868\/revisions"}],"predecessor-version":[{"id":3575,"href":"https:\/\/agora.xtec.cat\/ieelperello\/wp-json\/wp\/v2\/pages\/2868\/revisions\/3575"}],"up":[{"embeddable":true,"href":"https:\/\/agora.xtec.cat\/ieelperello\/wp-json\/wp\/v2\/pages\/22"}],"wp:attachment":[{"href":"https:\/\/agora.xtec.cat\/ieelperello\/wp-json\/wp\/v2\/media?parent=2868"}],"curies":[{"name":"wp","href":"https:\/\/api.w.org\/{rel}","templated":true}]}}