{"id":28,"date":"2014-09-18T12:29:35","date_gmt":"2014-09-18T10:29:35","guid":{"rendered":"http:\/\/agora.xtec.cat\/escolajaumesegon\/?page_id=28"},"modified":"2026-01-28T22:26:45","modified_gmt":"2026-01-28T21:26:45","slug":"consell-escolar","status":"publish","type":"page","link":"https:\/\/agora.xtec.cat\/ieelperello\/lescola\/consell-escolar\/","title":{"rendered":"Consell escolar"},"content":{"rendered":"<div>\n<p>El consell escolar del centre \u00e9s l&#8217;\u00f2rgan col\u00b7legiat de participaci\u00f3 de la comunitat escolar en el govern del centre. En el consell escolar hi ha representats tots els col\u00b7lectius que intervenen en la comunitat educativa: directora, mestres, fam\u00edlies, personal d&#8217;administraci\u00f3 i serveis, etc.<\/p>\n<p>En els centres p\u00fablics, la funci\u00f3 principal del consell escolar \u00e9s debatre i aprovar tots aquells temes importants per al funcionament i l&#8217;organitzaci\u00f3 del centre: el projecte educatiu, el pla i la mem\u00f2ria anual de centre, el pressupost, etc.<\/p>\n<p>Les persones del consell escolar s\u00f3n elegides per un per\u00edode de quatre anys i es renoven per meitats cada dos anys.<\/p>\n<p>La composici\u00f3 actual del nostre consell escolar \u00e9s:<\/p>\n<\/div>\n<table style=\"height: 498px; width: 89.2272%; border-collapse: collapse; border-style: solid; border-color: #000000;\" border=\"1\" cellspacing=\"1\" cellpadding=\"1\">\n<tbody>\n<tr style=\"height: 52px;\">\n<td style=\"width: 28.519%; height: 52px; border-style: solid; border-color: #000000; background-color: #92ad51;\"><strong style=\"font-size: 16px; font-style: normal;\">\u00a0Presidenta<\/strong><\/td>\n<td style=\"border-style: solid; border-color: #000000; width: 1px; height: 52px; background-color: #ffffff;\"><span style=\"font-size: 16px; font-style: normal; font-weight: 400;\">Judit Benavent<\/span><\/td>\n<\/tr>\n<tr style=\"height: 82px;\">\n<td style=\"width: 28.519%; height: 10px; border-style: solid; border-color: #000000; background-color: #92ad51;\">\n<p><strong style=\"font-size: 16px; font-style: normal;\">Cap d&#8217;estudis infantil i prim\u00e0ria<\/strong><\/p>\n<\/td>\n<td style=\"border-style: solid; border-color: #000000; width: 1px; height: 10px; background-color: #ffffff;\"><span style=\"font-size: 16px; font-style: normal; font-weight: 400;\">Marta Jam\u00e0s<\/span><\/td>\n<\/tr>\n<tr style=\"height: 82px;\">\n<td style=\"width: 28.519%; height: 52px; border-style: solid; border-color: #000000; background-color: #92ad51;\"><strong style=\"font-size: 16px; font-style: normal;\">Cap d&#8217;estudis secund\u00e0ria i batxillerat<\/strong><\/td>\n<td style=\"border-style: solid; border-color: #000000; width: 1px; height: 52px; background-color: #ffffff;\"><span style=\"font-size: 16px; font-style: normal; font-weight: 400;\">Enric Margalef<\/span><\/td>\n<\/tr>\n<tr style=\"height: 52px;\">\n<td style=\"width: 28.519%; height: 52px; border-style: solid; border-color: #000000; background-color: #92ad51;\"><strong style=\"font-size: 16px; font-style: normal;\">Representant Ajuntament<\/strong><\/td>\n<td style=\"border-style: solid; border-color: #000000; width: 1px; height: 52px; background-color: #ffffff;\"><span style=\"font-size: 16px; font-style: normal; font-weight: 400;\">Samuel Ferr\u00e9<\/span><\/td>\n<\/tr>\n<tr style=\"height: 52px;\">\n<td style=\"width: 28.519%; height: 80px; border-style: solid; border-color: #000000; background-color: #92ad51;\"><strong style=\"font-size: 16px; font-style: normal;\">Sector professorat<\/strong><\/td>\n<td style=\"border-style: solid; border-color: #000000; width: 1px; height: 80px; background-color: #ffffff;\"><span style=\"font-size: 16px; font-style: normal; font-weight: 400;\">Dolors Callau,\u00a0<\/span>Esther Lab\u00f2ria, Jordi Lleix\u00e0, Noem\u00ed Cano, Ver\u00f2nica Callau, Susana Pardos i Paloma Antonio.<\/td>\n<\/tr>\n<tr style=\"height: 52px;\">\n<td style=\"width: 28.519%; height: 58px; border-style: solid; border-color: #000000; background-color: #92ad51;\"><strong style=\"font-size: 16px; font-style: normal;\">Sector alumnat<\/strong><\/td>\n<td style=\"border-style: solid; border-color: #000000; width: 1px; height: 58px; background-color: #ffffff;\"><span style=\"font-size: 16px; font-style: normal; font-weight: 400;\">\u00c0lex Curto,\u00a0<\/span>Alex Dobreanu i Mag\u00ed Felicidad<\/td>\n<\/tr>\n<tr style=\"height: 52px;\">\n<td style=\"width: 28.519%; height: 51px; border-style: solid; border-color: #000000; background-color: #92ad51;\"><strong>Sector fam\u00edlies<\/strong><\/td>\n<td style=\"border-style: solid; border-color: #000000; width: 1px; height: 51px; background-color: #ffffff;\">Am\u00e0lia Gil, Montse Mart\u00ed, J\u00e8ssica Gil i Atenea Sauras<\/td>\n<\/tr>\n<tr style=\"height: 52px;\">\n<td style=\"width: 28.519%; height: 52px; border-style: solid; border-color: #000000; background-color: #92ad51;\"><strong style=\"font-size: 16px; font-style: normal;\">Representant sector PAE<\/strong><\/td>\n<td style=\"border-style: solid; border-color: #000000; width: 1px; height: 52px; background-color: #ffffff;\">Imma Esteve<\/td>\n<\/tr>\n<tr style=\"height: 52px;\">\n<td style=\"width: 28.519%; height: 52px; border-style: solid; border-color: #000000; background-color: #92ad51;\"><strong style=\"font-size: 16px; font-style: normal;\">Representant sector PAS<\/strong><\/td>\n<td style=\"border-style: solid; border-color: #000000; width: 1px; height: 52px; background-color: #ffffff;\">Franc Pujol<\/td>\n<\/tr>\n<tr style=\"height: 82px;\">\n<td style=\"width: 28.519%; height: 39px; border-style: solid; border-color: #000000; background-color: #92ad51;\"><strong style=\"font-size: 16px; font-style: normal;\">Secretari del Consell Escolar<\/strong><\/td>\n<td style=\"border-style: solid; border-color: #000000; width: 1px; height: 39px; background-color: #ffffff;\"><span style=\"font-size: 16px; font-style: normal; font-weight: 400;\">\u00c0ngel Fuster<\/span><\/td>\n<\/tr>\n<\/tbody>\n<\/table>\n<div>\u00a0<\/div>\n<div>\n<table style=\"width: 89.5793%; border-collapse: collapse; border-style: solid; border-color: #000000; height: 307px;\">\n<tbody>\n<tr style=\"height: 23px;\">\n<td style=\"width: 37.5953%; background-color: #6aa371; height: 23px; border-style: solid; border-color: #000000; text-align: center;\" colspan=\"2\"><b>COMISSIONS<\/b><b><br \/><\/b><\/td>\n<\/tr>\n<tr style=\"height: 23px;\">\n<td style=\"width: 37.5953%; background-color: #92ad51; height: 23px; text-align: center; border-style: solid; border-color: #000000;\" colspan=\"2\"><b>COMISSI\u00d3 PERMANENT<\/b><\/td>\n<\/tr>\n<tr style=\"height: 32px;\">\n<td style=\"width: 18.7292%; height: 32px; background-color: #92ad51; border-style: solid; border-color: #000000;\"><strong>Directora<\/strong><\/td>\n<td style=\"width: 18.8661%; height: 32px; border-style: solid; border-color: #000000;\">Judit Benavent<\/td>\n<\/tr>\n<tr style=\"height: 32px;\">\n<td style=\"width: 18.7292%; height: 32px; background-color: #92ad51; border-style: solid; border-color: #000000;\"><strong>Cap d&#8217;estudis d&#8217;infantil i prim\u00e0ria\u00a0<\/strong><\/td>\n<td style=\"width: 18.8661%; height: 32px; border-style: solid; border-color: #000000;\">Marta Jam\u00e0s<\/td>\n<\/tr>\n<tr style=\"height: 33px;\">\n<td style=\"height: 30px; vertical-align: top; width: 18.7292%; background-color: #92ad51; border-style: solid; border-color: #000000;\"><strong>Cap d&#8217;estudis de secund\u00e0ria i batxillerat<\/strong><\/td>\n<td style=\"width: 18.8661%; height: 30px; border-style: solid; border-color: #000000;\">Enric Margalef<\/td>\n<\/tr>\n<tr style=\"height: 33px;\">\n<td style=\"vertical-align: top; width: 18.7292%; height: 34px; background-color: #92ad51; border-style: solid; border-color: #000000;\"><strong>Secretari<\/strong><\/td>\n<td style=\"width: 18.8661%; height: 34px; border-style: solid; border-color: #000000;\">\u00c0ngel Fuster<\/td>\n<\/tr>\n<tr style=\"height: 33px;\">\n<td style=\"vertical-align: top; width: 18.7292%; height: 34px; background-color: #92ad51; border-style: solid; border-color: #000000;\"><strong>Representant sector docents<\/strong><\/td>\n<td style=\"width: 18.8661%; height: 34px; border-style: solid; border-color: #000000;\">Esther Lab\u00f2ria<\/td>\n<\/tr>\n<tr style=\"height: 32px;\">\n<td style=\"vertical-align: top; width: 18.7292%; height: 34px; background-color: #92ad51; border-style: solid; border-color: #000000;\"><strong>Representant sector fam\u00edlies<\/strong><\/td>\n<td style=\"width: 18.8661%; height: 34px; border-style: solid; border-color: #000000;\">Am\u00e0lia Gil<\/td>\n<\/tr>\n<tr style=\"height: 33px;\">\n<td style=\"vertical-align: top; width: 18.7292%; height: 33px; background-color: #92ad51; border-style: solid; border-color: #000000;\"><strong>Representant sector PAE<\/strong><\/td>\n<td style=\"width: 18.8661%; height: 33px; border-style: solid; border-color: #000000;\">Imma Esteve<\/td>\n<\/tr>\n<tr style=\"height: 32px;\">\n<td style=\"vertical-align: top; width: 18.7292%; height: 32px; background-color: #92ad51; border-style: solid; border-color: #000000;\"><strong>Representant sector PAS<\/strong><\/td>\n<td style=\"width: 18.8661%; height: 32px; border-style: solid; border-color: #000000;\">Franc Pujol<\/td>\n<\/tr>\n<\/tbody>\n<\/table>\n<\/div>\n<div>\n<table style=\"width: 89.8419%; border-collapse: collapse; border-style: solid; border-color: #000000; height: 226px;\" border=\"1\" cellspacing=\"1\" cellpadding=\"1\">\n<tbody>\n<tr style=\"height: 33px;\">\n<td style=\"width: 38.3363%; background-color: #6aa371; height: 10px; border-style: solid; border-color: #000000; text-align: center;\" colspan=\"2\"><b><strong>COMISSI\u00d3 DE CONVIV\u00c8NCIA<\/strong><\/b><\/td>\n<\/tr>\n<tr style=\"height: 32px;\">\n<td style=\"width: 19.0447%; height: 32px; background-color: #92ad51; border-style: solid; border-color: #000000;\"><strong>Directora<\/strong><\/td>\n<td style=\"width: 19.2916%; height: 32px; border-style: solid; border-color: #000000;\">Judit Benavent<\/td>\n<\/tr>\n<tr style=\"height: 32px;\">\n<td style=\"vertical-align: top; width: 19.0447%; height: 32px; background-color: #92ad51; border-style: solid; border-color: #000000;\"><strong>Secretari<\/strong><\/td>\n<td style=\"width: 19.2916%; height: 32px; border-style: solid; border-color: #000000;\">\u00c0ngel Fuster<\/td>\n<\/tr>\n<tr style=\"height: 33px;\">\n<td style=\"vertical-align: top; width: 19.0447%; height: 17px; background-color: #92ad51; border-style: solid; border-color: #000000;\"><strong>Representant sector docents<\/strong><\/td>\n<td style=\"width: 19.2916%; height: 17px; border-style: solid; border-color: #000000;\">Susana Pardos i Noem\u00ed Cano<\/td>\n<\/tr>\n<tr style=\"height: 33px;\">\n<td style=\"vertical-align: top; width: 19.0447%; height: 34px; background-color: #92ad51; border-style: solid; border-color: #000000;\"><strong>Representant sector fam\u00edlies<\/strong><\/td>\n<td style=\"width: 19.2916%; height: 34px; border-style: solid; border-color: #000000;\">Jessica Gil<\/td>\n<\/tr>\n<tr style=\"height: 33px;\">\n<td style=\"vertical-align: top; width: 19.0447%; height: 34px; background-color: #92ad51; border-style: solid; border-color: #000000;\"><strong>Representant sector alumnat<\/strong><\/td>\n<td style=\"width: 19.2916%; height: 34px; border-style: solid; border-color: #000000;\">\u00c0lex Curto<\/td>\n<\/tr>\n<tr style=\"height: 32px;\">\n<td style=\"vertical-align: top; width: 19.0447%; height: 34px; background-color: #92ad51; border-style: solid; border-color: #000000;\"><strong>Representant sector PAE<\/strong><\/td>\n<td style=\"width: 19.2916%; height: 34px; border-style: solid; border-color: #000000;\">Imma Eteve<\/td>\n<\/tr>\n<tr style=\"height: 33px;\">\n<td style=\"width: 19.0447%; height: 33px; vertical-align: top; background-color: #92ad51; border-style: solid; border-color: #000000;\"><strong>Representant Ajuntament<\/strong><\/td>\n<td style=\"width: 19.2916%; height: 33px; border-style: solid; border-color: #000000;\">Samuel Ferr\u00e9<\/td>\n<\/tr>\n<\/tbody>\n<\/table>\n<\/div>\n<div>\n<table style=\"width: 90.1046%; border-collapse: collapse; border-color: #000000; border-style: solid;\" border=\"1\" cellspacing=\"1\" cellpadding=\"1\">\n<tbody>\n<tr style=\"height: 33px;\">\n<td style=\"height: 10px; background-color: #6aa371; width: 35.51%; border-style: solid; border-color: #000000; text-align: center;\" colspan=\"2\"><strong>COMISSI\u00d3 ECON\u00d2MICA<\/strong><\/td>\n<\/tr>\n<tr style=\"height: 32px;\">\n<td style=\"width: 17.4802%; height: 32px; background-color: #92ad51; border-style: solid; border-color: #000000;\"><strong>Directora<\/strong><\/td>\n<td style=\"width: 18.0298%; height: 32px; border-style: solid; border-color: #000000;\">Judit Benavent<\/td>\n<\/tr>\n<tr style=\"height: 34px;\">\n<td style=\"vertical-align: top; width: 17.4802%; height: 34px; background-color: #92ad51; border-style: solid; border-color: #000000;\"><strong>Secretari<\/strong><\/td>\n<td style=\"width: 18.0298%; height: 34px; border-style: solid; border-color: #000000;\">\u00c0ngel Fuster<\/td>\n<\/tr>\n<tr style=\"height: 34px;\">\n<td style=\"vertical-align: top; width: 17.4802%; height: 34px; background-color: #92ad51; border-style: solid; border-color: #000000;\"><strong>Representant sector docents<\/strong><\/td>\n<td style=\"width: 18.0298%; height: 34px; border-style: solid; border-color: #000000;\">Dolors Callau<\/td>\n<\/tr>\n<tr style=\"height: 34px;\">\n<td style=\"vertical-align: top; width: 17.4802%; height: 34px; background-color: #92ad51; border-style: solid; border-color: #000000;\"><strong>Representant sector fam\u00edlies<\/strong><\/td>\n<td style=\"width: 18.0298%; height: 34px; border-style: solid; border-color: #000000;\">Atenea Sauras<\/td>\n<\/tr>\n<tr style=\"height: 33px;\">\n<td style=\"vertical-align: top; width: 17.4802%; height: 33px; background-color: #92ad51; border-style: solid; border-color: #000000;\"><strong>Representant sector alumnat<\/strong><\/td>\n<td style=\"width: 18.0298%; height: 33px; border-style: solid; border-color: #000000;\">\u00c0lex Dobreanu<\/td>\n<\/tr>\n<tr style=\"height: 34px;\">\n<td style=\"vertical-align: top; width: 17.4802%; height: 34px; background-color: #92ad51; border-style: solid; border-color: #000000;\"><strong>Representant Ajuntament<\/strong><\/td>\n<td style=\"width: 18.0298%; height: 34px; border-style: solid; border-color: #000000;\">Samuel Ferr\u00e9<\/td>\n<\/tr>\n<\/tbody>\n<\/table>\n<\/div>\n<div>\n<table style=\"height: 181px; width: 90.5423%; border-collapse: collapse; border-style: solid; border-color: #000000;\" border=\"1\" cellspacing=\"1\" cellpadding=\"1\">\n<tbody>\n<tr style=\"height: 33px;\">\n<td style=\"width: 39.0368%; background-color: #6aa371; height: 10px; border-style: solid; border-color: #000000; text-align: center;\" colspan=\"2\"><strong style=\"font-size: 16px; font-style: normal;\">COMISSI\u00d3 DE MENJADOR<\/strong><\/td>\n<\/tr>\n<tr style=\"height: 32px;\">\n<td style=\"width: 19.38%; height: 32px; background-color: #92ad51; border-style: solid; border-color: #000000;\"><strong>Directora<\/strong><\/td>\n<td style=\"width: 19.6568%; height: 32px; border-style: solid; border-color: #000000;\">Judit Benavent<\/td>\n<\/tr>\n<tr style=\"height: 34px;\">\n<td style=\"vertical-align: top; width: 19.38%; height: 34px; background-color: #92ad51; border-style: solid; border-color: #000000;\"><strong>Secretari<\/strong><\/td>\n<td style=\"width: 19.6568%; height: 34px; border-style: solid; border-color: #000000;\">\u00c0ngel Fuster<\/td>\n<\/tr>\n<tr style=\"height: 34px;\">\n<td style=\"vertical-align: top; width: 19.38%; height: 34px; background-color: #92ad51; border-style: solid; border-color: #000000;\"><strong>Representant docents<\/strong><\/td>\n<td style=\"width: 19.6568%; height: 34px; border-style: solid; border-color: #000000;\">Paloma Antonio<\/td>\n<\/tr>\n<tr style=\"height: 34px;\">\n<td style=\"vertical-align: top; width: 19.38%; height: 34px; background-color: #92ad51; border-style: solid; border-color: #000000;\"><strong>Representant AFA<\/strong><\/td>\n<td style=\"width: 19.6568%; height: 34px; border-style: solid; border-color: #000000;\">Jessica Gil<\/td>\n<\/tr>\n<tr style=\"height: 33px;\">\n<td style=\"vertical-align: top; width: 19.38%; height: 37px; background-color: #92ad51; border-style: solid; border-color: #000000;\"><strong>Representant sector fam\u00edlies<\/strong><\/td>\n<td style=\"width: 19.6568%; height: 37px; border-style: solid; border-color: #000000;\">Montse Mart\u00ed<\/td>\n<\/tr>\n<\/tbody>\n<\/table>\n<\/div>\n<div>\n<table style=\"width: 90.2797%; border-collapse: collapse; border-style: solid; border-color: #000000;\" border=\"1\" cellspacing=\"1\" cellpadding=\"1\">\n<tbody>\n<tr>\n<td style=\"width: 100.846%; background-color: #6aa371; border-style: solid; border-color: #000000; text-align: center;\" colspan=\"5\"><strong style=\"font-size: 16px; font-style: normal;\">COMISSI\u00d3 PERMANENT<\/strong><\/td>\n<\/tr>\n<tr style=\"height: 32px;\">\n<td style=\"width: 50%; height: 32px; background-color: #92ad51; border-style: solid; border-color: #000000;\"><strong>Directora<\/strong><\/td>\n<td style=\"width: 50.8465%; height: 32px; border-style: solid; border-color: #000000;\" colspan=\"4\">Judit Benavent<\/td>\n<\/tr>\n<tr style=\"height: 34px;\">\n<td style=\"vertical-align: top; width: 50%; height: 34px; background-color: #92ad51; border-style: solid; border-color: #000000;\"><strong>Secret\u00e0ria<\/strong><\/td>\n<td style=\"width: 50.8465%; height: 34px; border-style: solid; border-color: #000000;\" colspan=\"4\">\u00c0ngel Fuster<\/td>\n<\/tr>\n<tr style=\"height: 33px;\">\n<td style=\"vertical-align: top; width: 50%; height: 33px; background-color: #92ad51; border-style: solid; border-color: #000000;\"><strong>Representant sector professorat<\/strong><\/td>\n<td style=\"width: 50.8465%; height: 33px; border-style: solid; border-color: #000000;\" colspan=\"4\">Jordi Lleix\u00e0 i Ver\u00f2nica Callau<\/td>\n<\/tr>\n<tr style=\"height: 33px;\">\n<td style=\"vertical-align: top; width: 50%; height: 33px; background-color: #92ad51; border-style: solid; border-color: #000000;\"><strong>Representant sector alumnat<\/strong><\/td>\n<td style=\"width: 50.8465%; height: 33px; border-style: solid; border-color: #000000;\" colspan=\"4\">Mag\u00ed Felicidad<\/td>\n<\/tr>\n<tr style=\"height: 33px;\">\n<td style=\"vertical-align: top; width: 50%; height: 33px; background-color: #92ad51; border-style: solid; border-color: #000000;\"><strong>Representant sector fam\u00edlies<\/strong><\/td>\n<td style=\"width: 50.8465%; height: 33px; border-style: solid; border-color: #000000;\" colspan=\"4\">Atenea Sauras<\/td>\n<\/tr>\n<tr style=\"height: 32px;\">\n<td style=\"vertical-align: top; width: 50%; height: 32px; background-color: #92ad51; border-style: solid; border-color: #000000;\"><strong>Representant sector PAS<\/strong><\/td>\n<td style=\"width: 50.8465%; height: 32px; border-style: solid; border-color: #000000;\" colspan=\"4\">Franc Pujol<\/td>\n<\/tr>\n<tr style=\"height: 34px;\">\n<td style=\"vertical-align: top; width: 50%; height: 34px; background-color: #92ad51; border-style: solid; border-color: #000000;\"><strong>Representant Ajuntament<\/strong><\/td>\n<td style=\"width: 50.8465%; height: 34px; border-style: solid; border-color: #000000;\" colspan=\"4\">Samuel Ferr\u00e9<\/td>\n<\/tr>\n<\/tbody>\n<\/table>\n<\/div>\n\n\n<p><\/p>\n","protected":false},"excerpt":{"rendered":"<p>El consell escolar del centre \u00e9s l&#8217;\u00f2rgan col\u00b7legiat de participaci\u00f3 de la comunitat escolar en el govern del centre. En el consell escolar hi ha representats tots els col\u00b7lectius que intervenen en la comunitat educativa: directora, mestres, fam\u00edlies, personal d&#8217;administraci\u00f3 i serveis, etc. En els centres p\u00fablics, la funci\u00f3 principal del consell escolar \u00e9s debatre [&hellip;]<\/p>\n","protected":false},"author":1,"featured_media":0,"parent":22,"menu_order":6,"comment_status":"closed","ping_status":"closed","template":"","meta":{"_bbp_topic_count":0,"_bbp_reply_count":0,"_bbp_total_topic_count":0,"_bbp_total_reply_count":0,"_bbp_voice_count":0,"_bbp_anonymous_reply_count":0,"_bbp_topic_count_hidden":0,"_bbp_reply_count_hidden":0,"_bbp_forum_subforum_count":0,"site-sidebar-layout":"default","site-content-layout":"","ast-site-content-layout":"default","site-content-style":"default","site-sidebar-style":"default","ast-global-header-display":"","ast-banner-title-visibility":"","ast-main-header-display":"","ast-hfb-above-header-display":"","ast-hfb-below-header-display":"","ast-hfb-mobile-header-display":"","site-post-title":"","ast-breadcrumbs-content":"","ast-featured-img":"","footer-sml-layout":"","theme-transparent-header-meta":"default","adv-header-id-meta":"","stick-header-meta":"","header-above-stick-meta":"","header-main-stick-meta":"","header-below-stick-meta":"","astra-migrate-meta-layouts":"set","ast-page-background-enabled":"default","ast-page-background-meta":{"desktop":{"background-color":"var(--ast-global-color-4)","background-image":"","background-repeat":"repeat","background-position":"center center","background-size":"auto","background-attachment":"scroll","background-type":"","background-media":"","overlay-type":"","overlay-color":"","overlay-opacity":"","overlay-gradient":""},"tablet":{"background-color":"","background-image":"","background-repeat":"repeat","background-position":"center center","background-size":"auto","background-attachment":"scroll","background-type":"","background-media":"","overlay-type":"","overlay-color":"","overlay-opacity":"","overlay-gradient":""},"mobile":{"background-color":"","background-image":"","background-repeat":"repeat","background-position":"center center","background-size":"auto","background-attachment":"scroll","background-type":"","background-media":"","overlay-type":"","overlay-color":"","overlay-opacity":"","overlay-gradient":""}},"ast-content-background-meta":{"desktop":{"background-color":"var(--ast-global-color-5)","background-image":"","background-repeat":"repeat","background-position":"center center","background-size":"auto","background-attachment":"scroll","background-type":"","background-media":"","overlay-type":"","overlay-color":"","overlay-opacity":"","overlay-gradient":""},"tablet":{"background-color":"var(--ast-global-color-5)","background-image":"","background-repeat":"repeat","background-position":"center center","background-size":"auto","background-attachment":"scroll","background-type":"","background-media":"","overlay-type":"","overlay-color":"","overlay-opacity":"","overlay-gradient":""},"mobile":{"background-color":"var(--ast-global-color-5)","background-image":"","background-repeat":"repeat","background-position":"center center","background-size":"auto","background-attachment":"scroll","background-type":"","background-media":"","overlay-type":"","overlay-color":"","overlay-opacity":"","overlay-gradient":""}},"footnotes":""},"class_list":["post-28","page","type-page","status-publish","hentry"],"post_mailing_queue_ids":[],"_links":{"self":[{"href":"https:\/\/agora.xtec.cat\/ieelperello\/wp-json\/wp\/v2\/pages\/28","targetHints":{"allow":["GET"]}}],"collection":[{"href":"https:\/\/agora.xtec.cat\/ieelperello\/wp-json\/wp\/v2\/pages"}],"about":[{"href":"https:\/\/agora.xtec.cat\/ieelperello\/wp-json\/wp\/v2\/types\/page"}],"author":[{"embeddable":true,"href":"https:\/\/agora.xtec.cat\/ieelperello\/wp-json\/wp\/v2\/users\/1"}],"replies":[{"embeddable":true,"href":"https:\/\/agora.xtec.cat\/ieelperello\/wp-json\/wp\/v2\/comments?post=28"}],"version-history":[{"count":6,"href":"https:\/\/agora.xtec.cat\/ieelperello\/wp-json\/wp\/v2\/pages\/28\/revisions"}],"predecessor-version":[{"id":5212,"href":"https:\/\/agora.xtec.cat\/ieelperello\/wp-json\/wp\/v2\/pages\/28\/revisions\/5212"}],"up":[{"embeddable":true,"href":"https:\/\/agora.xtec.cat\/ieelperello\/wp-json\/wp\/v2\/pages\/22"}],"wp:attachment":[{"href":"https:\/\/agora.xtec.cat\/ieelperello\/wp-json\/wp\/v2\/media?parent=28"}],"curies":[{"name":"wp","href":"https:\/\/api.w.org\/{rel}","templated":true}]}}