{"id":733,"date":"2022-09-23T12:18:42","date_gmt":"2022-09-23T10:18:42","guid":{"rendered":"https:\/\/agora.xtec.cat\/ieelmoli\/?page_id=733"},"modified":"2026-02-20T10:47:36","modified_gmt":"2026-02-20T09:47:36","slug":"projecte-educatiu","status":"publish","type":"page","link":"https:\/\/agora.xtec.cat\/ieelmoli\/projecte-educatiu\/","title":{"rendered":"Projecte educatiu"},"content":{"rendered":"<h3>La nostra identitat<\/h3>\n<p style=\"text-align: justify;\"><strong>L\u2019Institut Escola El Mol\u00ed<\/strong> inicia el seu cam\u00ed el curs 2022-2023, com a projecte de transformaci\u00f3 i fusi\u00f3 de dos centres hist\u00f2rics, l\u2019escola Prosperitat i l\u2019Institut Galileo Galilei, al Districte de Nou Barris de Barcelona al barri de la Prosperitat.<\/p>\n<p style=\"text-align: justify;\">L\u2019escola Prosperitat va n\u00e9ixer l\u2019any 1974 amb el nom d\u2019Escola Cardenal Cisneros i era una de les escoles m\u00e9s grans de Barcelona, amb una capacitat de 1500 alumnes i m\u00e9s de 40 mestres, l\u2019Institut Galileo Galilei va n\u00e9ixer com una extensi\u00f3 de l\u2019Institut de Batxillerat Sant Andreu i que des de l\u2019any 1985 comparteixen l\u2019edifici.<\/p>\n<p style=\"text-align: justify;\">L\u2019edifici alberga la ludoteca La Guineu que ofereix activitats de lleure gratu\u00eft als infants des de 1981, va ser la primera ludoteca municipal de Barcelona que va sorgir per iniciativa popular de ve\u00efns i l\u2019AMPA de l\u2019Escola Prosperitat.<\/p>\n<p style=\"text-align: justify;\">El prop\u00f2sit del nou projecte \u00e9s integrar les etapes de l\u2019ensenyament obligatori des dels <strong>3 als 16 anys<\/strong> en una mateixa l\u00ednia pedag\u00f2gica, que ens permet dur a terme un <strong>projecte educatiu<\/strong> amb capacitat organitzativa i de gesti\u00f3 de recursos pr\u00f2pia, oferint una <strong>experi\u00e8ncia educativa i vivencial<\/strong> als infants i joves al llarg de la seva etapa d\u2019educaci\u00f3 obligat\u00f2ria.<\/p>\n<p style=\"text-align: justify;\">La l\u00ednia pedag\u00f2gica d&#8217;aquest nou projecte est\u00e0 basada en el <strong>seguiment de l\u2019evoluci\u00f3 personal, social i educativa<\/strong> de cada alumne\/a, tractant d&#8217;ajustar les nostres accions al seu grau de maduresa, tot acompanyant-lo en el pas de la infantesa a l\u2019adolesc\u00e8ncia, a fi de <strong>consolidar una bona conviv\u00e8ncia<\/strong>, mitjan\u00e7ant la participaci\u00f3, la responsabilitat, la cooperaci\u00f3 i la solidaritat de tota la comunitat.<\/p>\n<p style=\"text-align: justify;\">Treballem per esdevenir un centre educatiu on tothom se senti representat i acollit, amb una manera de fer <strong>integradora i inclusiva<\/strong>, en igualtat d\u2019oportunitats, on la diversitat sigui una font d\u2019enriquiment en el nostre centre, fomentant el respecte per la cultura, l\u2019entorn natural i el comprom\u00eds social.<\/p>\n<p style=\"text-align: justify;\">Volem ser una <strong>comunitat educativa compromesa<\/strong> amb l\u2019educaci\u00f3 dels infants i joves i vinculada a fam\u00edlies, agents educatius i referents implicats del barri, perqu\u00e8 el centre es consolidi com un punt de cohesi\u00f3 i transformaci\u00f3 de l\u2019entorn.<\/p>\n\t\t\t\t\t\t<style>\r\n\t\t\t\t\r\n\t\t\t\t\t#tab_container_7439 {\r\n\toverflow:hidden;\r\n\tdisplay:block;\r\n\twidth:100%;\r\n\tborder:0px solid #ddd;\r\n\tmargin-bottom:30px;\r\n\t}\r\n\r\n#tab_container_7439 .tab-content{\r\n\tpadding:20px;\r\n\tborder: 1px solid #e6e6e6 !important;\r\n\tmargin-top: 0px;\r\n\tbackground-color:#ffffff !important;\r\n\tcolor: #000000 !important;\r\n\tfont-size:16px !important;\r\n\tfont-family: Verdana !important;\r\n\t\r\n\t\t\tborder: 0px solid #e6e6e6 !important;\r\n\t\t\r\n\t}\r\n#tab_container_7439 .wpsm_nav-tabs {\r\n    border-bottom: 0px solid #ddd;\r\n}\r\n#tab_container_7439 .wpsm_nav-tabs > li.active > a, #tab_container_7439 .wpsm_nav-tabs > li.active > a:hover, #tab_container_7439 .wpsm_nav-tabs > li.active > a:focus {\r\n\tcolor: #ffffff !important;\r\n\tcursor: default;\r\n\tbackground-color: #1989a8 !important;\r\n\tborder: 1px solid #00708f !important;\r\n}\r\n\r\n#tab_container_7439 .wpsm_nav-tabs > li > a {\r\n    margin-right: 0px !important; \r\n    line-height: 1.42857143 !important;\r\n    border: 1px solid #d5d5d5 !important;\r\n    border-radius: 0px 0px 0 0 !important; \r\n\tbackground-color: #e8e8e8 !important;\r\n\tcolor: #000000 !important;\r\n\tpadding: 15px 18px 15px 18px !important;\r\n\ttext-decoration: none !important;\r\n\tfont-size: 16px !important;\r\n\ttext-align:center !important;\r\n\tfont-family: Verdana !important;\r\n}\r\n#tab_container_7439 .wpsm_nav-tabs > li > a:focus {\r\noutline: 0px !important;\r\n}\r\n\r\n#tab_container_7439 .wpsm_nav-tabs > li > a:before {\r\n\tdisplay:none !important;\r\n}\r\n#tab_container_7439 .wpsm_nav-tabs > li > a:after {\r\n\tdisplay:none !important ;\r\n}\r\n#tab_container_7439 .wpsm_nav-tabs > li{\r\npadding:0px !important ;\r\nmargin:0px;\r\n}\r\n\r\n#tab_container_7439 .wpsm_nav-tabs > li > a:hover , #tab_container_7439 .wpsm_nav-tabs > li > a:focus {\r\n    color: #000000 !important;\r\n    background-color: #e8e8e8 !important;\r\n\tborder: 1px solid #d5d5d5 !important;\r\n\t\r\n}\r\n#tab_container_7439 .wpsm_nav-tabs > li > a .fa{\r\n\r\nmargin-right:5px !important;\r\n\r\nmargin-left:5px !important;\r\n\r\n\r\n}\r\n\r\n\t\t#tab_container_7439 .wpsm_nav-tabs a{\r\n\t\t\tbackground-image: url(https:\/\/agora.xtec.cat\/ieelmoli\/wp-content\/plugins\/tabs-responsive\/assets\/images\/style-soft.png);\r\n\t\t\tbackground-position: 0 0;\r\n\t\t\tbackground-repeat: repeat-x;\r\n\t\t}\r\n\t\t\t\r\n\r\n\r\n#tab_container_7439 .wpsm_nav-tabs > li {\r\n    float: left;\r\n    margin-bottom: -1px !important;\r\n\tmargin-right:0px !important; \r\n}\r\n\r\n\r\n#tab_container_7439 .tab-content{\r\noverflow:hidden !important;\r\n}\r\n\r\n\r\n@media (min-width: 769px) {\r\n\r\n\t#tab_container_7439 .wpsm_nav-tabs > li{\r\n\tfloat:none !important;\r\n\t\tmargin-right:-1px !important;\r\n\t\t\t}\r\n\t#tab_container_7439 .wpsm_nav-tabs{\r\n\tfloat:left !important;\r\n\tmargin:0px !important;\r\n\t}\r\n}\r\n\r\n#tab_container_7439 .wpsm_nav-tabs > li {\r\n    \tmargin-bottom: 8px !important;\r\n\t\t\r\n}\r\n#tab_container_7439 .wpsm_nav{\r\n\t}\r\n\r\n\r\n@media (max-width: 768px) {\r\n\t#tab_container_7439 .wpsm_nav-tabs > li {\r\n\t\t\t\tmargin-bottom: 8px !important;\r\n\t\tmargin-right:0px !important;\r\n\t\tmargin-left:0px !important;\r\n\t\t\t\t\r\n\t}\r\n\t#tab_container_7439 .wpsm_nav{\r\n\t\t\t}\r\n}\r\n\r\n\r\n\t.wpsm_nav-tabs li:before{\r\n\t\tdisplay:none !important;\r\n\t}\r\n\r\n\t@media (max-width: 768px) {\r\n\t\t\t\t\r\n\t\t\t\t.wpsm_nav-tabs{\r\n\t\t\tmargin-left:0px !important;\r\n\t\t\tmargin-right:0px !important; \r\n\t\t\t\r\n\t\t}\r\n\t\t\t\t#tab_container_7439 .wpsm_nav-tabs > li{\r\n\t\t\tfloat:none !important;\r\n\t\t}\r\n\t\t\t\r\n\t}\t\t\t\t<\/style>\r\n\t\t\t\t<div id=\"tab_container_7439\" >\r\n\t \r\n\t\t\t\t\t<ul class=\"wpsm_nav wpsm_nav-tabs\" role=\"tablist\" id=\"myTab_7439\">\r\n\t\t\t\t\t\t\t\r\n\t\t\t\t\t\t\t<li role=\"presentation\"  class=\"active\"  onclick=\"do_resize()\">\r\n\r\n\t\t\t\t\t\t\t\t<!-- XTEC ************ MODIFICAT - Disable scrolling on tab change. Fixes error in option \"Tabs Description Animation\" -->\r\n\t\t\t\t\t\t\t\t<!-- 2021.12.01 @aginard -->\r\n\t\t\t\t\t\t\t\t<a href=\"javascript:void(0);\" aria-controls=\"tabs_desc_7439_1\" role=\"tab\" data-toggle=\"tab\" data-target=\"#tabs_desc_7439_1\">\r\n\t\t\t\t\t\t\t\t<!-- ORIGINAL\r\n\t\t\t\t\t\t\t\t<a href=\"#tabs_desc_7439_1\" aria-controls=\"tabs_desc_7439_1\" role=\"tab\" data-toggle=\"tab\">\r\n\t\t\t\t\t\t\t\t-->\r\n\t\t\t\t\t\t\t\t<!-- ************ FI -->\r\n\t\t\t\t\t\t\t\t\t\r\n\t\t\t\t\t\t\t\t\t\t\t\t\t\t\t\t\t\t\t\t\t\t\t\t\t\t\t\t\t\t\t<i class=\"fa fa-laptop\"><\/i> \t\t\t\t\t\t\t\t\t\t\t\t\t\t\t\t\t\t\t\r\n\t\t\t\t\t\t\t\t\t\t\t\t\t\t\t\t\t\t\r\n\t\t\t\t\t\t\t\t\t<span>Qui som?<\/span>\r\n\t\t\t\t\t\t\t\t\t\r\n\t\t\t\t\t\t\t\t\t\t\t\t\t\t\t\t\t\t\r\n\t\t\t\t\t\t\t\t\t\t\t\t\t\t\t\t\t\t\t\t\r\n\t\t\t\t\t\t\t\t\t\r\n\t\t\t\t\t\t\t\t<\/a>\r\n\t\t\t\t\t\t\t<\/li>\r\n\t\t\t\t\t\t\t\r\n\t\t\t\t\t\t\t<li role=\"presentation\"  onclick=\"do_resize()\">\r\n\r\n\t\t\t\t\t\t\t\t<!-- XTEC ************ MODIFICAT - Disable scrolling on tab change. Fixes error in option \"Tabs Description Animation\" -->\r\n\t\t\t\t\t\t\t\t<!-- 2021.12.01 @aginard -->\r\n\t\t\t\t\t\t\t\t<a href=\"javascript:void(0);\" aria-controls=\"tabs_desc_7439_2\" role=\"tab\" data-toggle=\"tab\" data-target=\"#tabs_desc_7439_2\">\r\n\t\t\t\t\t\t\t\t<!-- ORIGINAL\r\n\t\t\t\t\t\t\t\t<a href=\"#tabs_desc_7439_2\" aria-controls=\"tabs_desc_7439_2\" role=\"tab\" data-toggle=\"tab\">\r\n\t\t\t\t\t\t\t\t-->\r\n\t\t\t\t\t\t\t\t<!-- ************ FI -->\r\n\t\t\t\t\t\t\t\t\t\r\n\t\t\t\t\t\t\t\t\t\t\t\t\t\t\t\t\t\t\t\t\t\t\t\t\t\t\t\t\t\t\t<i class=\"fa fa-laptop\"><\/i> \t\t\t\t\t\t\t\t\t\t\t\t\t\t\t\t\t\t\t\r\n\t\t\t\t\t\t\t\t\t\t\t\t\t\t\t\t\t\t\r\n\t\t\t\t\t\t\t\t\t<span>Qu\u00e8 fem?<\/span>\r\n\t\t\t\t\t\t\t\t\t\r\n\t\t\t\t\t\t\t\t\t\t\t\t\t\t\t\t\t\t\r\n\t\t\t\t\t\t\t\t\t\t\t\t\t\t\t\t\t\t\t\t\r\n\t\t\t\t\t\t\t\t\t\r\n\t\t\t\t\t\t\t\t<\/a>\r\n\t\t\t\t\t\t\t<\/li>\r\n\t\t\t\t\t\t\t\r\n\t\t\t\t\t\t\t<li role=\"presentation\"  onclick=\"do_resize()\">\r\n\r\n\t\t\t\t\t\t\t\t<!-- XTEC ************ MODIFICAT - Disable scrolling on tab change. Fixes error in option \"Tabs Description Animation\" -->\r\n\t\t\t\t\t\t\t\t<!-- 2021.12.01 @aginard -->\r\n\t\t\t\t\t\t\t\t<a href=\"javascript:void(0);\" aria-controls=\"tabs_desc_7439_3\" role=\"tab\" data-toggle=\"tab\" data-target=\"#tabs_desc_7439_3\">\r\n\t\t\t\t\t\t\t\t<!-- ORIGINAL\r\n\t\t\t\t\t\t\t\t<a href=\"#tabs_desc_7439_3\" aria-controls=\"tabs_desc_7439_3\" role=\"tab\" data-toggle=\"tab\">\r\n\t\t\t\t\t\t\t\t-->\r\n\t\t\t\t\t\t\t\t<!-- ************ FI -->\r\n\t\t\t\t\t\t\t\t\t\r\n\t\t\t\t\t\t\t\t\t\t\t\t\t\t\t\t\t\t\t\t\t\t\t\t\t\t\t\t\t\t\t<i class=\"fa fa-laptop\"><\/i> \t\t\t\t\t\t\t\t\t\t\t\t\t\t\t\t\t\t\t\r\n\t\t\t\t\t\t\t\t\t\t\t\t\t\t\t\t\t\t\r\n\t\t\t\t\t\t\t\t\t<span>Com ho fem?<\/span>\r\n\t\t\t\t\t\t\t\t\t\r\n\t\t\t\t\t\t\t\t\t\t\t\t\t\t\t\t\t\t\r\n\t\t\t\t\t\t\t\t\t\t\t\t\t\t\t\t\t\t\t\t\r\n\t\t\t\t\t\t\t\t\t\r\n\t\t\t\t\t\t\t\t<\/a>\r\n\t\t\t\t\t\t\t<\/li>\r\n\t\t\t\t\t\t\t\t\t\t\t <\/ul>\r\n\r\n\t\t\t\t\t  <!-- Tab panes -->\r\n\t\t\t\t\t  <div class=\"tab-content\" id=\"tab-content_7439\">\r\n\t\t\t\t\t\t\t\t\t\t\t\t <div role=\"tabpanel\" class=\"tab-pane  in active \" id=\"tabs_desc_7439_1\">\r\n\t\t\t\t\t\t\t\t<p><strong>L\u2019Institut Escola El Mol\u00ed<\/strong>\u00a0inicia el seu cam\u00ed el curs 2022-2023, com a projecte de transformaci\u00f3 i fusi\u00f3 de dos centres hist\u00f2rics, l\u2019escola Prosperitat i l\u2019Institut Galileo Galilei, al Districte de Nou Barris de Barcelona al barri de la Prosperitat.<\/p>\n<p>L\u2019escola Prosperitat va n\u00e9ixer l\u2019any 1974 amb el nom d\u2019Escola Cardenal Cisneros i era una de les escoles m\u00e9s grans de Barcelona, amb una capacitat de 1500 alumnes i m\u00e9s de 40 mestres, l\u2019Institut Galileo Galilei va n\u00e9ixer com una extensi\u00f3 de l\u2019Institut de Batxillerat Sant Andreu i que des de l\u2019any 1985 comparteixen l\u2019edifici.<\/p>\n<p>L\u2019edifici alberga la ludoteca La Guineu que ofereix activitats de lleure gratu\u00eft als infants des de 1981, va ser la primera ludoteca municipal de Barcelona que va sorgir per iniciativa popular de ve\u00efns i l\u2019AMPA de l\u2019Escola Prosperitat.<\/p>\n\t\t\t\t\t\t <\/div>\r\n\t\t\t\t\t\t\t\t\t\t\t\t <div role=\"tabpanel\" class=\"tab-pane \" id=\"tabs_desc_7439_2\">\r\n\t\t\t\t\t\t\t\t<h2>Un nou projecte<\/h2>\n<p>El prop\u00f2sit del nou projecte \u00e9s integrar les etapes de l\u2019ensenyament obligatori des dels\u00a0<strong>3 als 16 anys<\/strong>\u00a0en una mateixa l\u00ednia pedag\u00f2gica, que ens permet dur a terme un\u00a0<strong>projecte educatiu<\/strong>\u00a0amb capacitat organitzativa i de gesti\u00f3 de recursos pr\u00f2pia, oferint una\u00a0<strong>experi\u00e8ncia educativa i vivencial<\/strong>\u00a0als infants i joves al llarg de la seva etapa d\u2019educaci\u00f3 obligat\u00f2ria.<\/p>\n<p>La l\u00ednia pedag\u00f2gica d\u2019aquest nou projecte est\u00e0 basada en el\u00a0<strong>seguiment de l\u2019evoluci\u00f3 personal, social i educativa<\/strong>\u00a0de cada alumne\/a, tractant d\u2019ajustar les nostres accions al seu grau de maduresa, tot acompanyant-lo en el pas de la infantesa a l\u2019adolesc\u00e8ncia, a fi de\u00a0<strong>consolidar una bona conviv\u00e8ncia<\/strong>, mitjan\u00e7ant la participaci\u00f3, la responsabilitat, la cooperaci\u00f3 i la solidaritat de tota la comunitat.<\/p>\n<p>El prop\u00f2sit del nou projecte \u00e9s integrar les etapes de l\u2019ensenyament obligatori des dels\u00a0<strong>3 als 16 anys<\/strong>\u00a0en una mateixa l\u00ednia pedag\u00f2gica, que ens permet dur a terme un\u00a0<strong>projecte educatiu<\/strong>\u00a0amb capacitat organitzativa i de gesti\u00f3 de recursos pr\u00f2pia, oferint una\u00a0<strong>experi\u00e8ncia educativa i vivencial<\/strong>\u00a0als infants i joves al llarg de la seva etapa d\u2019educaci\u00f3 obligat\u00f2ria.<\/p>\n<p>La l\u00ednia pedag\u00f2gica d\u2019aquest nou projecte est\u00e0 basada en el\u00a0<strong>seguiment de l\u2019evoluci\u00f3 personal, social i educativa<\/strong>\u00a0de cada alumne\/a, tractant d\u2019ajustar les nostres accions al seu grau de maduresa, tot acompanyant-lo en el pas de la infantesa a l\u2019adolesc\u00e8ncia, a fi de\u00a0<strong>consolidar una bona conviv\u00e8ncia<\/strong>, mitjan\u00e7ant la participaci\u00f3, la responsabilitat, la cooperaci\u00f3 i la solidaritat de tota la comunitat.<\/p>\n\t\t\t\t\t\t <\/div>\r\n\t\t\t\t\t\t\t\t\t\t\t\t <div role=\"tabpanel\" class=\"tab-pane \" id=\"tabs_desc_7439_3\">\r\n\t\t\t\t\t\t\t\t<p>Treballem per esdevenir un centre educatiu on tothom se senti representat i acollit, amb una manera de fer\u00a0<strong>integradora i inclusiva<\/strong>, en igualtat d\u2019oportunitats, on la diversitat sigui una font d\u2019enriquiment en el nostre centre, fomentant el respecte per la cultura, l\u2019entorn natural i el comprom\u00eds social.<\/p>\n<p>Volem ser una\u00a0<strong>comunitat educativa compromesa<\/strong>\u00a0amb l\u2019educaci\u00f3 dels infants i joves i vinculada a fam\u00edlies, agents educatius i referents implicats del barri, perqu\u00e8 el centre es consolidi com un punt de cohesi\u00f3 i transformaci\u00f3 de l\u2019entorn.<\/p>\n\t\t\t\t\t\t <\/div>\r\n\t\t\t\t\t\t\t\r\n\t\t\t\t\t <\/div>\r\n\t\t\t\t\t \r\n\t\t\t\t <\/div>\r\n <script>\r\n\t\tjQuery(function () {\r\n\t\t\tjQuery('#myTab_7439 a:first').tab('show')\r\n\t\t});\r\n\t\t\r\n\t\t\t\tjQuery(function(){\r\n\t\t\tvar b=\"fadeIn\";\r\n\t\t\tvar c;\r\n\t\t\tvar a;\r\n\t\t\td(jQuery(\"#myTab_7439 a\"),jQuery(\"#tab-content_7439\"));function d(e,f,g){\r\n\t\t\t\te.click(function(i){\r\n\t\t\t\t\ti.preventDefault();\r\n\t\t\t\t\tjQuery(this).tab(\"show\");\r\n\t\t\t\t\tvar h=jQuery(this).data(\"easein\");\r\n\t\t\t\t\tif(c){c.removeClass(a);}\r\n\t\t\t\t\tif(h){f.find(\"div.active\").addClass(\"animated \"+h);a=h;}\r\n\t\t\t\t\telse{if(g){f.find(\"div.active\").addClass(\"animated \"+g);a=g;}else{f.find(\"div.active\").addClass(\"animated \"+b);a=b;}}c=f.find(\"div.active\");\r\n\t\t\t\t});\r\n\t\t\t}\r\n\t\t});\r\n\t\t\r\n\r\n\t\tfunction do_resize(){\r\n\r\n\t\t\tvar width=jQuery( '.tab-content .tab-pane iframe' ).width();\r\n\t\t\tvar height=jQuery( '.tab-content .tab-pane iframe' ).height();\r\n\r\n\t\t\tvar toggleSize = true;\r\n\t\t\tjQuery('iframe').animate({\r\n\t\t\t    width: toggleSize ? width : 640,\r\n\t\t\t    height: toggleSize ? height : 360\r\n\t\t\t  }, 250);\r\n\r\n\t\t\t  toggleSize = !toggleSize;\r\n\t\t}\r\n\r\n\r\n\t<\/script>\r\n\t\t\t\t\r\n\t\t\t\n","protected":false},"excerpt":{"rendered":"<p>La nostra identitat L\u2019Institut Escola El Mol\u00ed inicia el seu cam\u00ed el curs 2022-2023, com a projecte de transformaci\u00f3 i fusi\u00f3 de dos centres hist\u00f2rics, l\u2019escola Prosperitat i l\u2019Institut Galileo Galilei, al Districte de Nou Barris de Barcelona al barri de la Prosperitat. L\u2019escola Prosperitat va n\u00e9ixer l\u2019any 1974 amb el nom d\u2019Escola Cardenal Cisneros [&hellip;]<\/p>\n","protected":false},"author":3,"featured_media":0,"parent":0,"menu_order":0,"comment_status":"closed","ping_status":"closed","template":"","meta":{"_bbp_topic_count":0,"_bbp_reply_count":0,"_bbp_total_topic_count":0,"_bbp_total_reply_count":0,"_bbp_voice_count":0,"_bbp_anonymous_reply_count":0,"_bbp_topic_count_hidden":0,"_bbp_reply_count_hidden":0,"_bbp_forum_subforum_count":0,"site-sidebar-layout":"default","site-content-layout":"","ast-site-content-layout":"default","site-content-style":"default","site-sidebar-style":"default","ast-global-header-display":"","ast-banner-title-visibility":"","ast-main-header-display":"","ast-hfb-above-header-display":"","ast-hfb-below-header-display":"","ast-hfb-mobile-header-display":"","site-post-title":"","ast-breadcrumbs-content":"","ast-featured-img":"","footer-sml-layout":"","theme-transparent-header-meta":"default","adv-header-id-meta":"","stick-header-meta":"","header-above-stick-meta":"","header-main-stick-meta":"","header-below-stick-meta":"","astra-migrate-meta-layouts":"set","ast-page-background-enabled":"default","ast-page-background-meta":{"desktop":{"background-color":"var(--ast-global-color-4)","background-image":"","background-repeat":"repeat","background-position":"center center","background-size":"auto","background-attachment":"scroll","background-type":"","background-media":"","overlay-type":"","overlay-color":"","overlay-opacity":"","overlay-gradient":""},"tablet":{"background-color":"","background-image":"","background-repeat":"repeat","background-position":"center center","background-size":"auto","background-attachment":"scroll","background-type":"","background-media":"","overlay-type":"","overlay-color":"","overlay-opacity":"","overlay-gradient":""},"mobile":{"background-color":"","background-image":"","background-repeat":"repeat","background-position":"center center","background-size":"auto","background-attachment":"scroll","background-type":"","background-media":"","overlay-type":"","overlay-color":"","overlay-opacity":"","overlay-gradient":""}},"ast-content-background-meta":{"desktop":{"background-color":"var(--ast-global-color-5)","background-image":"","background-repeat":"repeat","background-position":"center center","background-size":"auto","background-attachment":"scroll","background-type":"","background-media":"","overlay-type":"","overlay-color":"","overlay-opacity":"","overlay-gradient":""},"tablet":{"background-color":"var(--ast-global-color-5)","background-image":"","background-repeat":"repeat","background-position":"center center","background-size":"auto","background-attachment":"scroll","background-type":"","background-media":"","overlay-type":"","overlay-color":"","overlay-opacity":"","overlay-gradient":""},"mobile":{"background-color":"var(--ast-global-color-5)","background-image":"","background-repeat":"repeat","background-position":"center center","background-size":"auto","background-attachment":"scroll","background-type":"","background-media":"","overlay-type":"","overlay-color":"","overlay-opacity":"","overlay-gradient":""}},"footnotes":""},"class_list":["post-733","page","type-page","status-publish","hentry"],"post_mailing_queue_ids":[],"_links":{"self":[{"href":"https:\/\/agora.xtec.cat\/ieelmoli\/wp-json\/wp\/v2\/pages\/733","targetHints":{"allow":["GET"]}}],"collection":[{"href":"https:\/\/agora.xtec.cat\/ieelmoli\/wp-json\/wp\/v2\/pages"}],"about":[{"href":"https:\/\/agora.xtec.cat\/ieelmoli\/wp-json\/wp\/v2\/types\/page"}],"author":[{"embeddable":true,"href":"https:\/\/agora.xtec.cat\/ieelmoli\/wp-json\/wp\/v2\/users\/3"}],"replies":[{"embeddable":true,"href":"https:\/\/agora.xtec.cat\/ieelmoli\/wp-json\/wp\/v2\/comments?post=733"}],"version-history":[{"count":5,"href":"https:\/\/agora.xtec.cat\/ieelmoli\/wp-json\/wp\/v2\/pages\/733\/revisions"}],"predecessor-version":[{"id":7440,"href":"https:\/\/agora.xtec.cat\/ieelmoli\/wp-json\/wp\/v2\/pages\/733\/revisions\/7440"}],"wp:attachment":[{"href":"https:\/\/agora.xtec.cat\/ieelmoli\/wp-json\/wp\/v2\/media?parent=733"}],"curies":[{"name":"wp","href":"https:\/\/api.w.org\/{rel}","templated":true}]}}