{"id":1232,"date":"2022-10-21T23:47:03","date_gmt":"2022-10-21T21:47:03","guid":{"rendered":"https:\/\/agora.xtec.cat\/ieelmoli\/?page_id=1232"},"modified":"2023-11-29T09:57:26","modified_gmt":"2023-11-29T08:57:26","slug":"curs-2022-23","status":"publish","type":"page","link":"https:\/\/agora.xtec.cat\/ieelmoli\/videos-i-fotos\/curs-2022-23\/","title":{"rendered":"Curs 2022-23"},"content":{"rendered":"<table style=\"width: 100%; border: none;\">\n<tbody>\n<tr>\n<td style=\"text-align: center; border: none; width: 25%;\"><a href=\"https:\/\/agora.xtec.cat\/ieelmoli\/videos-i-fotos\/curs-2022-23\/infantil\/\"><img loading=\"lazy\" decoding=\"async\" class=\"aligncenter wp-image-1175\" src=\"https:\/\/agora.xtec.cat\/ieelmoli\/wp-content\/uploads\/usu2318\/2022\/10\/icona-estudis-infantil-1-transparent.png\" alt=\"\" width=\"133\" height=\"100\" srcset=\"https:\/\/agora.xtec.cat\/ieelmoli\/wp-content\/uploads\/usu2318\/2022\/10\/icona-estudis-infantil-1-transparent.png 380w, https:\/\/agora.xtec.cat\/ieelmoli\/wp-content\/uploads\/usu2318\/2022\/10\/icona-estudis-infantil-1-transparent-300x225.png 300w, https:\/\/agora.xtec.cat\/ieelmoli\/wp-content\/uploads\/usu2318\/2022\/10\/icona-estudis-infantil-1-transparent-200x150.png 200w\" sizes=\"auto, (max-width: 133px) 100vw, 133px\" \/><\/a><\/td>\n<td style=\"text-align: center; border: none; width: 25%;\"><a href=\"https:\/\/agora.xtec.cat\/ieelmoli\/videos-i-fotos\/curs-2022-23\/primaria\/\"><img loading=\"lazy\" decoding=\"async\" class=\"aligncenter wp-image-1177\" src=\"https:\/\/agora.xtec.cat\/ieelmoli\/wp-content\/uploads\/usu2318\/2022\/10\/icona-estudis-primaria-transparent.png\" alt=\"\" width=\"133\" height=\"100\" srcset=\"https:\/\/agora.xtec.cat\/ieelmoli\/wp-content\/uploads\/usu2318\/2022\/10\/icona-estudis-primaria-transparent.png 380w, https:\/\/agora.xtec.cat\/ieelmoli\/wp-content\/uploads\/usu2318\/2022\/10\/icona-estudis-primaria-transparent-300x225.png 300w, https:\/\/agora.xtec.cat\/ieelmoli\/wp-content\/uploads\/usu2318\/2022\/10\/icona-estudis-primaria-transparent-200x150.png 200w\" sizes=\"auto, (max-width: 133px) 100vw, 133px\" \/><\/a><\/td>\n<td style=\"text-align: center; border: none; width: 25%;\"><a href=\"https:\/\/agora.xtec.cat\/ieelmoli\/videos-i-fotos\/curs-2022-23\/eso\/\"><img loading=\"lazy\" decoding=\"async\" class=\"aligncenter wp-image-1174\" src=\"https:\/\/agora.xtec.cat\/ieelmoli\/wp-content\/uploads\/usu2318\/2022\/10\/icona-estudis-eso-transparent.png\" alt=\"\" width=\"133\" height=\"100\" srcset=\"https:\/\/agora.xtec.cat\/ieelmoli\/wp-content\/uploads\/usu2318\/2022\/10\/icona-estudis-eso-transparent.png 380w, https:\/\/agora.xtec.cat\/ieelmoli\/wp-content\/uploads\/usu2318\/2022\/10\/icona-estudis-eso-transparent-300x225.png 300w, https:\/\/agora.xtec.cat\/ieelmoli\/wp-content\/uploads\/usu2318\/2022\/10\/icona-estudis-eso-transparent-200x150.png 200w\" sizes=\"auto, (max-width: 133px) 100vw, 133px\" \/><\/a><\/td>\n<td style=\"text-align: center; border: none; width: 25%;\"><a href=\"https:\/\/agora.xtec.cat\/ieelmoli\/videos-i-fotos\/curs-2022-23\/batxillerat\/\"><img loading=\"lazy\" decoding=\"async\" class=\"aligncenter wp-image-1173\" src=\"https:\/\/agora.xtec.cat\/ieelmoli\/wp-content\/uploads\/usu2318\/2022\/10\/icona-estudis-batxillerat-transparent.png\" alt=\"\" width=\"133\" height=\"100\" srcset=\"https:\/\/agora.xtec.cat\/ieelmoli\/wp-content\/uploads\/usu2318\/2022\/10\/icona-estudis-batxillerat-transparent.png 380w, https:\/\/agora.xtec.cat\/ieelmoli\/wp-content\/uploads\/usu2318\/2022\/10\/icona-estudis-batxillerat-transparent-300x225.png 300w, https:\/\/agora.xtec.cat\/ieelmoli\/wp-content\/uploads\/usu2318\/2022\/10\/icona-estudis-batxillerat-transparent-200x150.png 200w\" sizes=\"auto, (max-width: 133px) 100vw, 133px\" \/><\/a><\/td>\n<\/tr>\n<\/tbody>\n<tbody>\n<tr>\n<th style=\"text-align: center;\">\n<h5><a href=\"https:\/\/agora.xtec.cat\/ieelmoli\/videos-i-fotos\/curs-2022-23\/infantil\/\">V\u00eddeos i fotos d&#8217;Educaci\u00f3 Infantil<\/a><\/h5>\n<\/th>\n<th style=\"text-align: center;\">\n<h5><a href=\"https:\/\/agora.xtec.cat\/ieelmoli\/videos-i-fotos\/curs-2022-23\/primaria\/\">V\u00eddeos i fotos d&#8217;Educaci\u00f3 Prim\u00e0ria<\/a><\/h5>\n<\/th>\n<th style=\"text-align: center;\">\n<h5><a href=\"https:\/\/agora.xtec.cat\/ieelmoli\/videos-i-fotos\/curs-2022-23\/eso\/\">V\u00eddeos i fotos d&#8217;ESO<\/a><\/h5>\n<\/th>\n<th style=\"text-align: center;\">\n<h5><a href=\"https:\/\/agora.xtec.cat\/ieelmoli\/videos-i-fotos\/curs-2022-23\/batxillerat\/\">V\u00eddeos i fotos de Batxillerat<\/a><\/h5>\n<\/th>\n<\/tr>\n<\/tbody>\n<\/table>\n","protected":false},"excerpt":{"rendered":"<p>V\u00eddeos i fotos d&#8217;Educaci\u00f3 Infantil V\u00eddeos i fotos d&#8217;Educaci\u00f3 Prim\u00e0ria V\u00eddeos i fotos d&#8217;ESO V\u00eddeos i fotos de Batxillerat<\/p>\n","protected":false},"author":3,"featured_media":0,"parent":1229,"menu_order":10,"comment_status":"closed","ping_status":"closed","template":"","meta":{"_bbp_topic_count":0,"_bbp_reply_count":0,"_bbp_total_topic_count":0,"_bbp_total_reply_count":0,"_bbp_voice_count":0,"_bbp_anonymous_reply_count":0,"_bbp_topic_count_hidden":0,"_bbp_reply_count_hidden":0,"_bbp_forum_subforum_count":0,"site-sidebar-layout":"default","site-content-layout":"","ast-site-content-layout":"","site-content-style":"default","site-sidebar-style":"default","ast-global-header-display":"","ast-banner-title-visibility":"","ast-main-header-display":"","ast-hfb-above-header-display":"","ast-hfb-below-header-display":"","ast-hfb-mobile-header-display":"","site-post-title":"","ast-breadcrumbs-content":"","ast-featured-img":"","footer-sml-layout":"","theme-transparent-header-meta":"","adv-header-id-meta":"","stick-header-meta":"","header-above-stick-meta":"","header-main-stick-meta":"","header-below-stick-meta":"","astra-migrate-meta-layouts":"default","ast-page-background-enabled":"default","ast-page-background-meta":{"desktop":{"background-color":"var(--ast-global-color-4)","background-image":"","background-repeat":"repeat","background-position":"center center","background-size":"auto","background-attachment":"scroll","background-type":"","background-media":"","overlay-type":"","overlay-color":"","overlay-opacity":"","overlay-gradient":""},"tablet":{"background-color":"","background-image":"","background-repeat":"repeat","background-position":"center center","background-size":"auto","background-attachment":"scroll","background-type":"","background-media":"","overlay-type":"","overlay-color":"","overlay-opacity":"","overlay-gradient":""},"mobile":{"background-color":"","background-image":"","background-repeat":"repeat","background-position":"center center","background-size":"auto","background-attachment":"scroll","background-type":"","background-media":"","overlay-type":"","overlay-color":"","overlay-opacity":"","overlay-gradient":""}},"ast-content-background-meta":{"desktop":{"background-color":"var(--ast-global-color-5)","background-image":"","background-repeat":"repeat","background-position":"center center","background-size":"auto","background-attachment":"scroll","background-type":"","background-media":"","overlay-type":"","overlay-color":"","overlay-opacity":"","overlay-gradient":""},"tablet":{"background-color":"var(--ast-global-color-5)","background-image":"","background-repeat":"repeat","background-position":"center center","background-size":"auto","background-attachment":"scroll","background-type":"","background-media":"","overlay-type":"","overlay-color":"","overlay-opacity":"","overlay-gradient":""},"mobile":{"background-color":"var(--ast-global-color-5)","background-image":"","background-repeat":"repeat","background-position":"center center","background-size":"auto","background-attachment":"scroll","background-type":"","background-media":"","overlay-type":"","overlay-color":"","overlay-opacity":"","overlay-gradient":""}},"footnotes":""},"class_list":["post-1232","page","type-page","status-publish","hentry"],"post_mailing_queue_ids":[],"_links":{"self":[{"href":"https:\/\/agora.xtec.cat\/ieelmoli\/wp-json\/wp\/v2\/pages\/1232","targetHints":{"allow":["GET"]}}],"collection":[{"href":"https:\/\/agora.xtec.cat\/ieelmoli\/wp-json\/wp\/v2\/pages"}],"about":[{"href":"https:\/\/agora.xtec.cat\/ieelmoli\/wp-json\/wp\/v2\/types\/page"}],"author":[{"embeddable":true,"href":"https:\/\/agora.xtec.cat\/ieelmoli\/wp-json\/wp\/v2\/users\/3"}],"replies":[{"embeddable":true,"href":"https:\/\/agora.xtec.cat\/ieelmoli\/wp-json\/wp\/v2\/comments?post=1232"}],"version-history":[{"count":3,"href":"https:\/\/agora.xtec.cat\/ieelmoli\/wp-json\/wp\/v2\/pages\/1232\/revisions"}],"predecessor-version":[{"id":1248,"href":"https:\/\/agora.xtec.cat\/ieelmoli\/wp-json\/wp\/v2\/pages\/1232\/revisions\/1248"}],"up":[{"embeddable":true,"href":"https:\/\/agora.xtec.cat\/ieelmoli\/wp-json\/wp\/v2\/pages\/1229"}],"wp:attachment":[{"href":"https:\/\/agora.xtec.cat\/ieelmoli\/wp-json\/wp\/v2\/media?parent=1232"}],"curies":[{"name":"wp","href":"https:\/\/api.w.org\/{rel}","templated":true}]}}