{"id":38,"date":"2014-09-18T12:34:08","date_gmt":"2014-09-18T11:34:08","guid":{"rendered":"http:\/\/agora.xtec.cat\/ieelisabets\/?page_id=38"},"modified":"2023-02-21T13:30:31","modified_gmt":"2023-02-21T12:30:31","slug":"salut","status":"publish","type":"page","link":"https:\/\/agora.xtec.cat\/ieelisabets\/lescola\/salut\/","title":{"rendered":"Salut"},"content":{"rendered":"<p>Els i les professionals del centre educatiu nom\u00e9s poden administrar medicaments o fer accions que no requereixin cap titulaci\u00f3 sanit\u00e0ria,<br \/>\ncom aquelles adre\u00e7ades a cures senzilles (d&#8217;erosions i petites ferides) i tamb\u00e9 quan sigui necess\u00e0ria una primera atenci\u00f3 a qualsevol incident inesperada.<\/p>\n<p>Sempre que sigui imprescindible administrar medicaments a l&#8217;alumnat en l&#8217;horari lectiu caldr\u00e0, pr\u00e8viament, lliurar al centre la documentaci\u00f3 seg\u00fcent:<\/p>\n<ul>\n<li>Un informe m\u00e8dic on consti el nom de l&#8217;alumne o alumna, el nom del medicament que ha de prendre i la pauta d&#8217;administraci\u00f3.<\/li>\n<li>Una autoritzaci\u00f3 on se sol\u00b7liciti a la direcci\u00f3 del centre educatiu l&#8217;administraci\u00f3 al fill o filla del medicament prescrit d&#8217;acord amb les pautes que constin en l&#8217;informe esmentat anteriorment, i se n&#8217;autoritzi l&#8217;administraci\u00f3 als professionals del centre.<\/li>\n<\/ul>\n<p>&nbsp;<\/p>\n<p>&nbsp;<\/p>\n<p>&nbsp;<\/p>\n<p>&nbsp;<\/p>\n<p>&nbsp;<\/p>\n","protected":false},"excerpt":{"rendered":"<p>Els i les professionals del centre educatiu nom\u00e9s poden administrar medicaments o fer accions que no requereixin cap titulaci\u00f3 sanit\u00e0ria,<br \/>\ncom aquelles adre\u00e7ades a cures senzilles (d&#8217;erosions i petites ferides) i tamb\u00e9 quan sigui necess\u00e0ria una primera atenci\u00f3 a qualsevol incident inesperada.<br \/>\nSempre que sigui imprescindible administrar&hellip;  <a href=\"https:\/\/agora.xtec.cat\/ieelisabets\/lescola\/salut\/\" title=\"Read Salut\">Llegeix m\u00e9s\u00bb<\/a><\/p>\n","protected":false},"author":1,"featured_media":0,"parent":22,"menu_order":80,"comment_status":"closed","ping_status":"closed","template":"page-templates\/side-menu.php","meta":{"_bbp_topic_count":0,"_bbp_reply_count":0,"_bbp_total_topic_count":0,"_bbp_total_reply_count":0,"_bbp_voice_count":0,"_bbp_anonymous_reply_count":0,"_bbp_topic_count_hidden":0,"_bbp_reply_count_hidden":0,"_bbp_forum_subforum_count":0,"footnotes":""},"class_list":["post-38","page","type-page","status-publish","hentry"],"post_mailing_queue_ids":[],"_links":{"self":[{"href":"https:\/\/agora.xtec.cat\/ieelisabets\/wp-json\/wp\/v2\/pages\/38","targetHints":{"allow":["GET"]}}],"collection":[{"href":"https:\/\/agora.xtec.cat\/ieelisabets\/wp-json\/wp\/v2\/pages"}],"about":[{"href":"https:\/\/agora.xtec.cat\/ieelisabets\/wp-json\/wp\/v2\/types\/page"}],"author":[{"embeddable":true,"href":"https:\/\/agora.xtec.cat\/ieelisabets\/wp-json\/wp\/v2\/users\/1"}],"replies":[{"embeddable":true,"href":"https:\/\/agora.xtec.cat\/ieelisabets\/wp-json\/wp\/v2\/comments?post=38"}],"version-history":[{"count":4,"href":"https:\/\/agora.xtec.cat\/ieelisabets\/wp-json\/wp\/v2\/pages\/38\/revisions"}],"predecessor-version":[{"id":4555,"href":"https:\/\/agora.xtec.cat\/ieelisabets\/wp-json\/wp\/v2\/pages\/38\/revisions\/4555"}],"up":[{"embeddable":true,"href":"https:\/\/agora.xtec.cat\/ieelisabets\/wp-json\/wp\/v2\/pages\/22"}],"wp:attachment":[{"href":"https:\/\/agora.xtec.cat\/ieelisabets\/wp-json\/wp\/v2\/media?parent=38"}],"curies":[{"name":"wp","href":"https:\/\/api.w.org\/{rel}","templated":true}]}}