{"id":36,"date":"2014-09-18T12:33:11","date_gmt":"2014-09-18T11:33:11","guid":{"rendered":"http:\/\/agora.xtec.cat\/ieelisabets\/?page_id=36"},"modified":"2026-02-11T17:45:53","modified_gmt":"2026-02-11T16:45:53","slug":"material-escolar","status":"publish","type":"page","link":"https:\/\/agora.xtec.cat\/ieelisabets\/lescola\/material-escolar\/","title":{"rendered":"Material escolar"},"content":{"rendered":"<p>Descripci\u00f3 i enumeraci\u00f3 del material escolar que els alumnes i fam\u00edlies necessitaran per al nivell educatiu corresponent, \u00e9s recomanable diferenciar les diferents tipologies de material escolar necessari (llibres de text, lectures, dispositius digitals, material de taller, de dibuix\u2026)<\/p>\n<div>Les quotes de material que paguen les fam\u00edlies s\u00f3n les seg\u00fcents:<\/div>\n<div><\/div>\n<div>\n<div><\/div>\n<div><\/div>\n<div>\n<table style=\"border-collapse: collapse; width: 17.2163%;\">\n<tbody>\n<tr>\n<td style=\"width: 37.8108%;\" colspan=\"2\"><strong>EDUCACI\u00d3 INFANTIL<\/strong><\/td>\n<\/tr>\n<tr>\n<td style=\"width: 6.75676%;\"><span style=\"font-size: large;\">EI3<\/span><\/td>\n<td style=\"width: 31.054%;\"><b>95 \u20ac<\/b><\/td>\n<\/tr>\n<tr>\n<td style=\"width: 6.75676%;\"><span style=\"font-size: large;\">EI4<\/span><\/td>\n<td style=\"width: 31.054%;\"><b>95 \u20ac<\/b><\/td>\n<\/tr>\n<tr>\n<td style=\"width: 6.75676%;\"><span style=\"font-size: large;\">EI5<\/span><\/td>\n<td style=\"width: 31.054%;\"><b>100 \u20ac<\/b><\/td>\n<\/tr>\n<\/tbody>\n<\/table>\n<table style=\"border-collapse: collapse; width: 18.6174%;\">\n<tbody>\n<tr>\n<td style=\"width: 26.4287%;\" colspan=\"2\"><strong>EDUCACI\u00d3 PRIM\u00c0RIA<\/strong><\/td>\n<\/tr>\n<tr>\n<td style=\"width: 6.25626%;\"><span style=\"font-size: large;\">1EP<\/span><\/td>\n<td style=\"width: 20.1725%;\"><b>125 \u20ac\u00a0<\/b><\/td>\n<\/tr>\n<tr>\n<td style=\"width: 6.25626%;\"><span style=\"font-size: large;\">2EP<\/span><\/td>\n<td style=\"width: 20.1725%;\"><b>130 \u20ac\u00a0<\/b><\/td>\n<\/tr>\n<tr>\n<td style=\"width: 6.25626%;\"><span style=\"font-size: large;\">3EP<\/span><\/td>\n<td style=\"width: 20.1725%;\"><b>125 \u20ac\u00a0<\/b><\/td>\n<\/tr>\n<tr>\n<td style=\"width: 6.25626%;\"><span style=\"font-size: large;\">4EP<\/span><\/td>\n<td style=\"width: 20.1725%;\"><b>125 \u20ac\u00a0<\/b><\/td>\n<\/tr>\n<tr>\n<td style=\"width: 6.25626%;\"><span style=\"font-size: large;\">5EP<\/span><\/td>\n<td style=\"width: 20.1725%;\"><b>125 \u20ac\u00a0<\/b><\/td>\n<\/tr>\n<tr>\n<td style=\"width: 6.25626%;\"><span style=\"font-size: large;\">6EP<\/span><\/td>\n<td style=\"width: 20.1725%;\"><b>125 \u20ac\u00a0<\/b><\/td>\n<\/tr>\n<\/tbody>\n<\/table>\n<\/div>\n<div><b><span style=\"font-size: large;\">\u00a0<\/span><\/b><\/div>\n<div>\n<table style=\"border-collapse: collapse; width: 18.3172%; height: 162px;\">\n<tbody>\n<tr style=\"height: 32px;\">\n<td style=\"width: 7.25726%; height: 32px;\" colspan=\"2\"><strong>ESO<\/strong><\/td>\n<\/tr>\n<tr style=\"height: 33px;\">\n<td style=\"width: 7.25726%; height: 33px;\"><span style=\"font-size: large;\">1ESO<\/span><\/td>\n<td style=\"width: 11.061%; height: 33px;\"><b>135 \u20ac<\/b><\/td>\n<\/tr>\n<tr style=\"height: 32px;\">\n<td style=\"width: 7.25726%; height: 32px;\"><span style=\"font-size: large;\">1ESO<\/span><\/td>\n<td style=\"width: 11.061%; height: 32px;\"><b>135 \u20ac<\/b><\/td>\n<\/tr>\n<tr style=\"height: 32px;\">\n<td style=\"width: 7.25726%; height: 32px;\"><span style=\"font-size: large;\">1ESO<\/span><\/td>\n<td style=\"width: 11.061%; height: 32px;\"><b>137 \u20ac<\/b><\/td>\n<\/tr>\n<tr style=\"height: 33px;\">\n<td style=\"width: 7.25726%; height: 33px;\"><span style=\"font-size: large;\">1ESO<\/span><\/td>\n<td style=\"width: 11.061%; height: 33px;\"><b>137 \u20ac<\/b><\/td>\n<\/tr>\n<\/tbody>\n<\/table>\n<\/div>\n<div><b><span style=\"font-size: large;\">\u00a0<\/span><\/b><\/div>\n<div><\/div>\n<div>\n<div><\/div>\n<\/div>\n<\/div>\n","protected":false},"excerpt":{"rendered":"<p>Descripci\u00f3 i enumeraci\u00f3 del material escolar que els alumnes i fam\u00edlies necessitaran per al nivell educatiu corresponent, \u00e9s recomanable diferenciar les diferents tipologies de material escolar necessari (llibres de text, lectures, dispositius digitals, material de taller, de dibuix\u2026)<br \/>\nLes quotes de material que paguen les fam\u00edlies&hellip;  <a href=\"https:\/\/agora.xtec.cat\/ieelisabets\/lescola\/material-escolar\/\" title=\"Read Material escolar\">Llegeix m\u00e9s\u00bb<\/a><\/p>\n","protected":false},"author":1,"featured_media":0,"parent":22,"menu_order":70,"comment_status":"closed","ping_status":"closed","template":"page-templates\/side-menu.php","meta":{"_bbp_topic_count":0,"_bbp_reply_count":0,"_bbp_total_topic_count":0,"_bbp_total_reply_count":0,"_bbp_voice_count":0,"_bbp_anonymous_reply_count":0,"_bbp_topic_count_hidden":0,"_bbp_reply_count_hidden":0,"_bbp_forum_subforum_count":0,"footnotes":""},"class_list":["post-36","page","type-page","status-publish","hentry"],"post_mailing_queue_ids":[],"_links":{"self":[{"href":"https:\/\/agora.xtec.cat\/ieelisabets\/wp-json\/wp\/v2\/pages\/36","targetHints":{"allow":["GET"]}}],"collection":[{"href":"https:\/\/agora.xtec.cat\/ieelisabets\/wp-json\/wp\/v2\/pages"}],"about":[{"href":"https:\/\/agora.xtec.cat\/ieelisabets\/wp-json\/wp\/v2\/types\/page"}],"author":[{"embeddable":true,"href":"https:\/\/agora.xtec.cat\/ieelisabets\/wp-json\/wp\/v2\/users\/1"}],"replies":[{"embeddable":true,"href":"https:\/\/agora.xtec.cat\/ieelisabets\/wp-json\/wp\/v2\/comments?post=36"}],"version-history":[{"count":7,"href":"https:\/\/agora.xtec.cat\/ieelisabets\/wp-json\/wp\/v2\/pages\/36\/revisions"}],"predecessor-version":[{"id":12884,"href":"https:\/\/agora.xtec.cat\/ieelisabets\/wp-json\/wp\/v2\/pages\/36\/revisions\/12884"}],"up":[{"embeddable":true,"href":"https:\/\/agora.xtec.cat\/ieelisabets\/wp-json\/wp\/v2\/pages\/22"}],"wp:attachment":[{"href":"https:\/\/agora.xtec.cat\/ieelisabets\/wp-json\/wp\/v2\/media?parent=36"}],"curies":[{"name":"wp","href":"https:\/\/api.w.org\/{rel}","templated":true}]}}