{"id":28,"date":"2014-09-18T12:29:35","date_gmt":"2014-09-18T11:29:35","guid":{"rendered":"http:\/\/agora.xtec.cat\/ieelisabets\/?page_id=28"},"modified":"2021-10-29T15:45:23","modified_gmt":"2021-10-29T13:45:23","slug":"consell-escolar","status":"publish","type":"page","link":"https:\/\/agora.xtec.cat\/ieelisabets\/lescola\/consell-escolar\/","title":{"rendered":"Consell escolar"},"content":{"rendered":"<h2 class=\"Main_title\">Qu\u00e8 \u00e9s el Consell Escolar del Centre?<\/h2>\n<div id=\"GoBack\">\n<div><\/div>\n<\/div>\n<div class=\"BloqFaq\">\n<p>\u00c9s l&#8217;\u00f2rgan de govern del centre educatiu, ja sigui de prim\u00e0ria o secund\u00e0ria. Est\u00e0 compost per representants del personal docent, del personal d&#8217;administraci\u00f3 i serveis, dels pares i mares, de l&#8217;associaci\u00f3 de pares i mares, dels alumnes i un representant de l&#8217;Ajuntament. Els representants surten elegits per votaci\u00f3.<\/p>\n<p>Les seves funcions s\u00f3n entre altres:<\/p>\n<ul>\n<li>Aprovar el pressupost del centre, fer-ne el seguiment i aprovar-ne la liquidaci\u00f3.<\/li>\n<li>Aprovar el reglament de r\u00e8gim intern del centre.<\/li>\n<li>Promoure la conservaci\u00f3 i renovaci\u00f3 de les instal\u00b7lacions i material escolar.<\/li>\n<li>Analitzar i valorar el funcionament general del centre, l&#8217;evoluci\u00f3 del rendiment escolar.<\/li>\n<li>Elaborar un informe que s&#8217;inclou en la mem\u00f2ria anual.<\/li>\n<\/ul>\n<\/div>\n<p style=\"color: #444444;\">\n","protected":false},"excerpt":{"rendered":"<p>Qu\u00e8 \u00e9s el Consell Escolar del Centre?<\/p>\n<p>\u00c9s l&#8217;\u00f2rgan de govern del centre educatiu, ja sigui de prim\u00e0ria o secund\u00e0ria. Est\u00e0 compost per representants del personal docent, del personal d&#8217;administraci\u00f3 i serveis, dels pares i mares, de l&#8217;associaci\u00f3 de pares i mares, dels alumnes i un&hellip;  <a href=\"https:\/\/agora.xtec.cat\/ieelisabets\/lescola\/consell-escolar\/\" title=\"Read Consell escolar\">Llegeix m\u00e9s\u00bb<\/a><\/p>\n","protected":false},"author":1,"featured_media":0,"parent":22,"menu_order":30,"comment_status":"closed","ping_status":"closed","template":"page-templates\/side-menu.php","meta":{"_bbp_topic_count":0,"_bbp_reply_count":0,"_bbp_total_topic_count":0,"_bbp_total_reply_count":0,"_bbp_voice_count":0,"_bbp_anonymous_reply_count":0,"_bbp_topic_count_hidden":0,"_bbp_reply_count_hidden":0,"_bbp_forum_subforum_count":0,"footnotes":""},"class_list":["post-28","page","type-page","status-publish","hentry"],"post_mailing_queue_ids":[],"_links":{"self":[{"href":"https:\/\/agora.xtec.cat\/ieelisabets\/wp-json\/wp\/v2\/pages\/28","targetHints":{"allow":["GET"]}}],"collection":[{"href":"https:\/\/agora.xtec.cat\/ieelisabets\/wp-json\/wp\/v2\/pages"}],"about":[{"href":"https:\/\/agora.xtec.cat\/ieelisabets\/wp-json\/wp\/v2\/types\/page"}],"author":[{"embeddable":true,"href":"https:\/\/agora.xtec.cat\/ieelisabets\/wp-json\/wp\/v2\/users\/1"}],"replies":[{"embeddable":true,"href":"https:\/\/agora.xtec.cat\/ieelisabets\/wp-json\/wp\/v2\/comments?post=28"}],"version-history":[{"count":1,"href":"https:\/\/agora.xtec.cat\/ieelisabets\/wp-json\/wp\/v2\/pages\/28\/revisions"}],"predecessor-version":[{"id":588,"href":"https:\/\/agora.xtec.cat\/ieelisabets\/wp-json\/wp\/v2\/pages\/28\/revisions\/588"}],"up":[{"embeddable":true,"href":"https:\/\/agora.xtec.cat\/ieelisabets\/wp-json\/wp\/v2\/pages\/22"}],"wp:attachment":[{"href":"https:\/\/agora.xtec.cat\/ieelisabets\/wp-json\/wp\/v2\/media?parent=28"}],"curies":[{"name":"wp","href":"https:\/\/api.w.org\/{rel}","templated":true}]}}