{"id":26,"date":"2014-09-18T12:24:32","date_gmt":"2014-09-18T11:24:32","guid":{"rendered":"http:\/\/agora.xtec.cat\/ieelisabets\/?page_id=26"},"modified":"2025-09-19T10:01:12","modified_gmt":"2025-09-19T08:01:12","slug":"historia","status":"publish","type":"page","link":"https:\/\/agora.xtec.cat\/ieelisabets\/lescola\/historia\/","title":{"rendered":"Hist\u00f2ria"},"content":{"rendered":"<p>L\u2019Institut Escola Elisabets \u00e9s un centre ubicat al C\/ Elisabets, 8-10, en el barri del Raval de Barcelona. El curs 2021-2022\u00a0 es va integrar a la xarxa de centres p\u00fablics de la ciutat de Barcelona despr\u00e9s d\u2019una llarga traject\u00f2ria com a Escola Labour\u00e9.<\/p>\n<p>L&#8217;edifici pertany a la Fundaci\u00f3 Casa Miseric\u00f2rdia i si b\u00e9 l&#8217;edifici s&#8217;ha anat ampliant i modificant, la seva construcci\u00f3 inicial data del segle XVIII.<\/p>\n","protected":false},"excerpt":{"rendered":"<p>L\u2019Institut Escola Elisabets \u00e9s un centre ubicat al C\/ Elisabets, 8-10, en el barri del Raval de Barcelona. El curs 2021-2022\u00a0 es va integrar a la xarxa de centres p\u00fablics de la ciutat de Barcelona despr\u00e9s d\u2019una llarga traject\u00f2ria com a Escola Labour\u00e9.<br \/>\nL&#8217;edifici pertany a&hellip;  <a href=\"https:\/\/agora.xtec.cat\/ieelisabets\/lescola\/historia\/\" title=\"Read Hist\u00f2ria\">Llegeix m\u00e9s\u00bb<\/a><\/p>\n","protected":false},"author":1,"featured_media":0,"parent":22,"menu_order":20,"comment_status":"closed","ping_status":"closed","template":"page-templates\/side-menu.php","meta":{"_bbp_topic_count":0,"_bbp_reply_count":0,"_bbp_total_topic_count":0,"_bbp_total_reply_count":0,"_bbp_voice_count":0,"_bbp_anonymous_reply_count":0,"_bbp_topic_count_hidden":0,"_bbp_reply_count_hidden":0,"_bbp_forum_subforum_count":0,"footnotes":""},"class_list":["post-26","page","type-page","status-publish","hentry"],"post_mailing_queue_ids":[],"_links":{"self":[{"href":"https:\/\/agora.xtec.cat\/ieelisabets\/wp-json\/wp\/v2\/pages\/26","targetHints":{"allow":["GET"]}}],"collection":[{"href":"https:\/\/agora.xtec.cat\/ieelisabets\/wp-json\/wp\/v2\/pages"}],"about":[{"href":"https:\/\/agora.xtec.cat\/ieelisabets\/wp-json\/wp\/v2\/types\/page"}],"author":[{"embeddable":true,"href":"https:\/\/agora.xtec.cat\/ieelisabets\/wp-json\/wp\/v2\/users\/1"}],"replies":[{"embeddable":true,"href":"https:\/\/agora.xtec.cat\/ieelisabets\/wp-json\/wp\/v2\/comments?post=26"}],"version-history":[{"count":4,"href":"https:\/\/agora.xtec.cat\/ieelisabets\/wp-json\/wp\/v2\/pages\/26\/revisions"}],"predecessor-version":[{"id":12316,"href":"https:\/\/agora.xtec.cat\/ieelisabets\/wp-json\/wp\/v2\/pages\/26\/revisions\/12316"}],"up":[{"embeddable":true,"href":"https:\/\/agora.xtec.cat\/ieelisabets\/wp-json\/wp\/v2\/pages\/22"}],"wp:attachment":[{"href":"https:\/\/agora.xtec.cat\/ieelisabets\/wp-json\/wp\/v2\/media?parent=26"}],"curies":[{"name":"wp","href":"https:\/\/api.w.org\/{rel}","templated":true}]}}