{"id":2549,"date":"2022-05-19T21:06:22","date_gmt":"2022-05-19T19:06:22","guid":{"rendered":"https:\/\/agora.xtec.cat\/ieelisabets\/?page_id=2549"},"modified":"2023-05-01T10:28:46","modified_gmt":"2023-05-01T08:28:46","slug":"cultura-digital","status":"publish","type":"page","link":"https:\/\/agora.xtec.cat\/ieelisabets\/estrategia-digital-de-centre\/cultura-digital\/","title":{"rendered":"Cultura Digital"},"content":{"rendered":"<h2>Cultura<\/h2>\n<p>La segona part de l\u2019EDC permet recollir i tenir unificades totes les accions que el centre ja realitza en l\u2019\u00e0mbit digital. Fruit de l\u2019experi\u00e8ncia del centre, per\u00f2 tamb\u00e9 de l\u2019aplicaci\u00f3 de la part m\u00e9s estrat\u00e8gica de l\u2019EDC, els centres defineixen procediments, protocols, normes, acords i plans per assolir les compet\u00e8ncies digitals. \u00c9s interessant que estiguin recollits en la segona part del document de l\u2019EDC, ja que permet tenir una refer\u00e8ncia \u00fanica en el centre.<\/p>\n<p>Cada centre definir\u00e0 i estructurar\u00e0 aquesta part segons la seva experi\u00e8ncia pr\u00e8via i segons la seva evoluci\u00f3. Tot i aix\u00f2, els aspectes que s\u2019anomenen a continuaci\u00f3 haurien de quedar-hi reflectits.<\/p>\n<table style=\"height: 476px; width: 100%; border-collapse: collapse; border-color: #ffffff; background-color: #ffffff;\">\n<tbody>\n<tr style=\"height: 207px;\">\n<td style=\"width: 50%; height: 207px;\"><a href=\"https:\/\/agora.xtec.cat\/ieelisabets\/wp-content\/uploads\/usu2574\/2023\/05\/alumnat.jpg\"><img loading=\"lazy\" decoding=\"async\" class=\"aligncenter wp-image-5394\" src=\"https:\/\/agora.xtec.cat\/ieelisabets\/wp-content\/uploads\/usu2574\/2023\/05\/alumnat.jpg\" alt=\"\" width=\"220\" height=\"175\" \/><\/a><\/td>\n<td style=\"width: 50%; height: 207px;\"><a href=\"https:\/\/agora.xtec.cat\/ieelisabets\/wp-content\/uploads\/usu2574\/2023\/05\/docents.jpg\"><img loading=\"lazy\" decoding=\"async\" class=\"wp-image-5395 aligncenter\" src=\"https:\/\/agora.xtec.cat\/ieelisabets\/wp-content\/uploads\/usu2574\/2023\/05\/docents.jpg\" alt=\"\" width=\"171\" height=\"171\" \/><\/a><\/td>\n<\/tr>\n<tr style=\"height: 32px;\">\n<td style=\"width: 50%; text-align: center; height: 32px;\"><a href=\"https:\/\/agora.xtec.cat\/ieelisabets\/estrategia-digital-de-centre\/cultura-digital\/alumnes\/\">Alumnat<\/a><\/td>\n<td style=\"width: 50%; text-align: center; height: 32px;\"><a href=\"https:\/\/agora.xtec.cat\/ieelisabets\/estrategia-digital-de-centre\/cultura-digital\/docents\/\">Docents<\/a><\/td>\n<\/tr>\n<tr style=\"height: 205px;\">\n<td style=\"width: 50%; text-align: center; height: 205px;\"><a href=\"https:\/\/agora.xtec.cat\/ieelisabets\/wp-content\/uploads\/usu2574\/2023\/05\/escola.png\"><img loading=\"lazy\" decoding=\"async\" class=\"alignnone wp-image-5396\" src=\"https:\/\/agora.xtec.cat\/ieelisabets\/wp-content\/uploads\/usu2574\/2023\/05\/escola.png\" alt=\"\" width=\"182\" height=\"186\" \/><\/a><\/td>\n<td style=\"width: 50%; text-align: center; height: 205px;\"><a href=\"https:\/\/agora.xtec.cat\/ieelisabets\/wp-content\/uploads\/usu2574\/2023\/05\/families.jpg\"><img loading=\"lazy\" decoding=\"async\" class=\"alignnone wp-image-5397\" src=\"https:\/\/agora.xtec.cat\/ieelisabets\/wp-content\/uploads\/usu2574\/2023\/05\/families.jpg\" alt=\"\" width=\"244\" height=\"185\" \/><\/a><\/td>\n<\/tr>\n<tr style=\"height: 32px;\">\n<td style=\"width: 50%; text-align: center; height: 32px;\"><a href=\"https:\/\/agora.xtec.cat\/ieelisabets\/estrategia-digital-de-centre\/cultura-digital\/escola\/\">Centre<\/a><\/td>\n<td style=\"width: 50%; text-align: center; height: 32px;\"><a href=\"https:\/\/agora.xtec.cat\/ieelisabets\/estrategia-digital-de-centre\/cultura-digital\/families\/\">Fam\u00edlies<\/a><\/td>\n<\/tr>\n<\/tbody>\n<\/table>\n<p>&nbsp;<\/p>\n","protected":false},"excerpt":{"rendered":"<p>Cultura<br \/>\nLa segona part de l\u2019EDC permet recollir i tenir unificades totes les accions que el centre ja realitza en l\u2019\u00e0mbit digital. Fruit de l\u2019experi\u00e8ncia del centre, per\u00f2 tamb\u00e9 de l\u2019aplicaci\u00f3 de la part m\u00e9s estrat\u00e8gica de l\u2019EDC, els centres defineixen procediments, protocols, normes, acords i&hellip;  <a href=\"https:\/\/agora.xtec.cat\/ieelisabets\/estrategia-digital-de-centre\/cultura-digital\/\" title=\"Read Cultura Digital\">Llegeix m\u00e9s\u00bb<\/a><\/p>\n","protected":false},"author":3,"featured_media":0,"parent":2540,"menu_order":0,"comment_status":"closed","ping_status":"closed","template":"","meta":{"_bbp_topic_count":0,"_bbp_reply_count":0,"_bbp_total_topic_count":0,"_bbp_total_reply_count":0,"_bbp_voice_count":0,"_bbp_anonymous_reply_count":0,"_bbp_topic_count_hidden":0,"_bbp_reply_count_hidden":0,"_bbp_forum_subforum_count":0,"footnotes":""},"class_list":["post-2549","page","type-page","status-publish","hentry"],"post_mailing_queue_ids":[],"_links":{"self":[{"href":"https:\/\/agora.xtec.cat\/ieelisabets\/wp-json\/wp\/v2\/pages\/2549","targetHints":{"allow":["GET"]}}],"collection":[{"href":"https:\/\/agora.xtec.cat\/ieelisabets\/wp-json\/wp\/v2\/pages"}],"about":[{"href":"https:\/\/agora.xtec.cat\/ieelisabets\/wp-json\/wp\/v2\/types\/page"}],"author":[{"embeddable":true,"href":"https:\/\/agora.xtec.cat\/ieelisabets\/wp-json\/wp\/v2\/users\/3"}],"replies":[{"embeddable":true,"href":"https:\/\/agora.xtec.cat\/ieelisabets\/wp-json\/wp\/v2\/comments?post=2549"}],"version-history":[{"count":5,"href":"https:\/\/agora.xtec.cat\/ieelisabets\/wp-json\/wp\/v2\/pages\/2549\/revisions"}],"predecessor-version":[{"id":5402,"href":"https:\/\/agora.xtec.cat\/ieelisabets\/wp-json\/wp\/v2\/pages\/2549\/revisions\/5402"}],"up":[{"embeddable":true,"href":"https:\/\/agora.xtec.cat\/ieelisabets\/wp-json\/wp\/v2\/pages\/2540"}],"wp:attachment":[{"href":"https:\/\/agora.xtec.cat\/ieelisabets\/wp-json\/wp\/v2\/media?parent=2549"}],"curies":[{"name":"wp","href":"https:\/\/api.w.org\/{rel}","templated":true}]}}