{"id":2546,"date":"2022-05-19T21:02:59","date_gmt":"2022-05-19T19:02:59","guid":{"rendered":"https:\/\/agora.xtec.cat\/ieelisabets\/?page_id=2546"},"modified":"2023-05-23T19:54:31","modified_gmt":"2023-05-23T17:54:31","slug":"estrategia-digital","status":"publish","type":"page","link":"https:\/\/agora.xtec.cat\/ieelisabets\/estrategia-digital-de-centre\/estrategia-digital\/","title":{"rendered":"Estrat\u00e8gia Digital"},"content":{"rendered":"<h2><\/h2>\n<h2>Estrat\u00e8gia<\/h2>\n<p>Hem dissenyat una infografia amb les quatre fases de l&#8217;estrat\u00e8gia desplegades que explica el que farem a cadascuna d&#8217;elles. A m\u00e9s a m\u00e9s, en tot moment veureu un marcador que indicar\u00e0 el moment en qu\u00e8 ens trobem.<br \/>\n<iframe loading=\"lazy\" src=\"https:\/\/drive.google.com\/file\/d\/1LOWyGQ5dn6yF-rMck4KkAe7iwpRBQ8c5\/preview\" width=\"640\" height=\"480\" allow=\"autoplay\"><\/iframe><\/p>\n<p><strong>1. Diagnosi<\/strong><\/p>\n<p>El centre ha decidit utilitzar l&#8217;eina SELFIE, per fer una diagnosi de l&#8217;estat de la compet\u00e8ncia digital del centre. A continuaci\u00f3 us mostrem els informes dels resultats obtinguts, un per Prim\u00e0ria i l&#8217;altre per Secund\u00e0ria.<\/p>\n<p>&nbsp;<\/p>\n<p><iframe loading=\"lazy\" src=\"https:\/\/drive.google.com\/file\/d\/1mBC7OnVdB5sPN_0xRyohLV9DUCzHooa0\/preview\" width=\"640\" height=\"480\"><\/iframe><\/p>\n<p><iframe loading=\"lazy\" src=\"https:\/\/drive.google.com\/file\/d\/1eLu8uSTTuMaYVG2fHdBF8qEraT14b31G\/preview\" width=\"640\" height=\"480\"><\/iframe><\/p>\n<p>D&#8217;altra banda, per tal de tenir m\u00e9s clars els resultats, hem elaborat un buidatge comparatiu de prim\u00e0ria i secund\u00e0ria de totes les \u00e0rees del Selfie. En aquest buidatge hem extret totes les dades i hem creat diversos gr\u00e0fics dels resultats finals, veient el nivell global de cadascuna d&#8217;elles.<\/p>\n<p><iframe loading=\"lazy\" src=\"https:\/\/docs.google.com\/spreadsheets\/d\/e\/2PACX-1vRXaMTqlOXySlzVrbtD_krYYXAQWLKdwpVTpL2_BlBdaJfJnquGnMKs7715_A8CvCe5xfcMpb1A5xRj\/pubhtml?widget=true&amp;headers=false\" width=\"840\" height=\"580\"><\/iframe>Finalment, a partir del buidatge dels resultats del Selfie hem extret els diferents punts forts i febles a nivell de professorat, alumnat i centre. Aquests punts forts i febles s\u00f3n els que ens han perm\u00e8s extreure els objectius i actuacions de la nostra Estrat\u00e8gia Digital.<\/p>\n<p><iframe loading=\"lazy\" src=\"https:\/\/drive.google.com\/file\/d\/12_HnxekLfPrToTltkp03QEsLCg-DQ3XU\/preview\" width=\"1200\" height=\"480\"><\/iframe><\/p>\n<p><strong>2. Objectius<\/strong><\/p>\n<p>Despr\u00e9s d&#8217;haver detectat els punts forts i febles, hem elaborat els objectius i les actuacions per a cadascun d&#8217;ells i les hem temporitzat en un per\u00edode de tres cursos acad\u00e8mics. A continuaci\u00f3 teniu una presentaci\u00f3 amb aquests objectius i activitats temporitzats per cursos i trimestres.<\/p>\n<div style=\"width: 100%;\">\n<div style=\"position: relative; padding-bottom: 56.25%; padding-top: 0; height: 0;\"><iframe loading=\"lazy\" style=\"position: absolute; top: 0; left: 0; width: 100%; height: 100%;\" title=\"Planificaci\u00f3 EDC\" src=\"https:\/\/view.genial.ly\/63f4bbf5f917dd0018773167\" width=\"1200\" height=\"675\" frameborder=\"0\" scrolling=\"yes\" allowfullscreen=\"allowfullscreen\"><\/iframe><\/div>\n<\/div>\n<p>&nbsp;<\/p>\n<p><strong><br \/>\n3. Planificaci\u00f3<\/strong><\/p>\n<p><iframe loading=\"lazy\" src=\"https:\/\/docs.google.com\/spreadsheets\/d\/e\/2PACX-1vTyTc1JLUFRc0YS-bUiMDdEpOt26VnKCuHz-MwVC_DY9wXWpnFjfUzG7o8OCH-nJtXG9TTZ5FqVFzbo\/pubhtml\" width=\"900\" height=\"480\"><\/iframe><\/p>\n<p><strong>4. Avaluaci\u00f3.<\/strong><\/p>\n<p><iframe loading=\"lazy\" src=\"https:\/\/docs.google.com\/spreadsheets\/d\/e\/2PACX-1vTEwhhedtGaFTRJ2uzxNC4mi2nX5zZf8MQUz51iThYp3n0ISQBSstmc_AbhigcMCipjJQEYNFxAL6cz\/pubhtml?gid=0&amp;single=true\" width=\"900\" height=\"480\"><\/iframe><\/p>\n<p>&nbsp;<\/p>\n<p>&nbsp;<\/p>\n","protected":false},"excerpt":{"rendered":"<p>Estrat\u00e8gia<br \/>\nHem dissenyat una infografia amb les quatre fases de l&#8217;estrat\u00e8gia desplegades que explica el que farem a cadascuna d&#8217;elles. A m\u00e9s a m\u00e9s, en tot moment veureu un marcador que indicar\u00e0 el moment en qu\u00e8 ens trobem.<\/p>\n<p>1. Diagnosi<br \/>\nEl centre ha decidit utilitzar l&#8217;eina SELFIE, per&hellip;  <a href=\"https:\/\/agora.xtec.cat\/ieelisabets\/estrategia-digital-de-centre\/estrategia-digital\/\" title=\"Read Estrat\u00e8gia Digital\">Llegeix m\u00e9s\u00bb<\/a><\/p>\n","protected":false},"author":3,"featured_media":0,"parent":2540,"menu_order":0,"comment_status":"closed","ping_status":"closed","template":"","meta":{"_bbp_topic_count":0,"_bbp_reply_count":0,"_bbp_total_topic_count":0,"_bbp_total_reply_count":0,"_bbp_voice_count":0,"_bbp_anonymous_reply_count":0,"_bbp_topic_count_hidden":0,"_bbp_reply_count_hidden":0,"_bbp_forum_subforum_count":0,"footnotes":""},"class_list":["post-2546","page","type-page","status-publish","hentry"],"post_mailing_queue_ids":[],"_links":{"self":[{"href":"https:\/\/agora.xtec.cat\/ieelisabets\/wp-json\/wp\/v2\/pages\/2546","targetHints":{"allow":["GET"]}}],"collection":[{"href":"https:\/\/agora.xtec.cat\/ieelisabets\/wp-json\/wp\/v2\/pages"}],"about":[{"href":"https:\/\/agora.xtec.cat\/ieelisabets\/wp-json\/wp\/v2\/types\/page"}],"author":[{"embeddable":true,"href":"https:\/\/agora.xtec.cat\/ieelisabets\/wp-json\/wp\/v2\/users\/3"}],"replies":[{"embeddable":true,"href":"https:\/\/agora.xtec.cat\/ieelisabets\/wp-json\/wp\/v2\/comments?post=2546"}],"version-history":[{"count":3,"href":"https:\/\/agora.xtec.cat\/ieelisabets\/wp-json\/wp\/v2\/pages\/2546\/revisions"}],"predecessor-version":[{"id":5918,"href":"https:\/\/agora.xtec.cat\/ieelisabets\/wp-json\/wp\/v2\/pages\/2546\/revisions\/5918"}],"up":[{"embeddable":true,"href":"https:\/\/agora.xtec.cat\/ieelisabets\/wp-json\/wp\/v2\/pages\/2540"}],"wp:attachment":[{"href":"https:\/\/agora.xtec.cat\/ieelisabets\/wp-json\/wp\/v2\/media?parent=2546"}],"curies":[{"name":"wp","href":"https:\/\/api.w.org\/{rel}","templated":true}]}}