{"id":2540,"date":"2022-05-19T20:09:09","date_gmt":"2022-05-19T18:09:09","guid":{"rendered":"https:\/\/agora.xtec.cat\/ieelisabets\/?page_id=2540"},"modified":"2023-05-01T16:10:37","modified_gmt":"2023-05-01T14:10:37","slug":"estrategia-digital-de-centre","status":"publish","type":"page","link":"https:\/\/agora.xtec.cat\/ieelisabets\/estrategia-digital-de-centre\/","title":{"rendered":"Estrat\u00e8gia Digital de Centre"},"content":{"rendered":"<p><span style=\"font-weight: 400;\">L\u2019Estrat\u00e8gia Digital de Centre (EDC) \u00e9s un document que recull totes les accions que es realitzen en un centre, i les que es realitzaran a mitj\u00e0 termini, per aconseguir la m\u00e0xima compet\u00e8ncia digital de l\u2019alumnat, del professorat i del centre educatiu. Ha de tenir com a referent el Pla d\u2019educaci\u00f3 digital de Catalunya (PEDC), on s\u2019indica la necessitat d\u2019assolir la fita d\u2019una societat digitalment competent, fent \u00e8mfasi en l\u2019equitat i tenint en compte l\u2019evoluci\u00f3 del context social i tecnol\u00f2gic.<\/span><\/p>\n<p><img loading=\"lazy\" decoding=\"async\" class=\"alignnone size-large wp-image-2541\" src=\"https:\/\/agora.xtec.cat\/ieelisabets\/wp-content\/uploads\/usu2574\/2022\/05\/Captura-de-pantalla-2022-05-19-a-les-20.07.32-1024x721.png\" alt=\"\" width=\"1024\" height=\"721\" srcset=\"https:\/\/agora.xtec.cat\/ieelisabets\/wp-content\/uploads\/usu2574\/2022\/05\/Captura-de-pantalla-2022-05-19-a-les-20.07.32-1024x721.png 1024w, https:\/\/agora.xtec.cat\/ieelisabets\/wp-content\/uploads\/usu2574\/2022\/05\/Captura-de-pantalla-2022-05-19-a-les-20.07.32-300x211.png 300w, https:\/\/agora.xtec.cat\/ieelisabets\/wp-content\/uploads\/usu2574\/2022\/05\/Captura-de-pantalla-2022-05-19-a-les-20.07.32-768x541.png 768w, https:\/\/agora.xtec.cat\/ieelisabets\/wp-content\/uploads\/usu2574\/2022\/05\/Captura-de-pantalla-2022-05-19-a-les-20.07.32-1536x1081.png 1536w, https:\/\/agora.xtec.cat\/ieelisabets\/wp-content\/uploads\/usu2574\/2022\/05\/Captura-de-pantalla-2022-05-19-a-les-20.07.32.png 1622w\" sizes=\"auto, (max-width: 1024px) 100vw, 1024px\" \/><\/p>\n<h4><b>OBJECTIUS DE L&#8217;ESTRAT\u00c8GIA DIGITAL de CENTRE (EDC)<\/b><\/h4>\n<ul>\n<li style=\"font-weight: 400;\" aria-level=\"1\"><span style=\"font-weight: 400;\">Assegurar la compet\u00e8ncia digital de tot l&#8217;alumnat.<\/span><\/li>\n<li style=\"font-weight: 400;\" aria-level=\"1\"><span style=\"font-weight: 400;\">Aconseguir la integraci\u00f3 curricular de les TIC.<\/span><\/li>\n<li style=\"font-weight: 400;\" aria-level=\"1\"><span style=\"font-weight: 400;\">Afavorir la inclusi\u00f3 digital de tota la comunitat educativa.<\/span><\/li>\n<li style=\"font-weight: 400;\" aria-level=\"1\"><span style=\"font-weight: 400;\">Promoure la innovaci\u00f3 pedag\u00f2gica.<\/span><\/li>\n<li style=\"font-weight: 400;\" aria-level=\"1\"><span style=\"font-weight: 400;\">Documentar l&#8217;Estrat\u00e8gia Digital del Centre.<\/span><\/li>\n<\/ul>\n","protected":false},"excerpt":{"rendered":"<p>L\u2019Estrat\u00e8gia Digital de Centre (EDC) \u00e9s un document que recull totes les accions que es realitzen en un centre, i les que es realitzaran a mitj\u00e0 termini, per aconseguir la m\u00e0xima compet\u00e8ncia digital de l\u2019alumnat, del professorat i del centre educatiu. Ha de tenir com&hellip;  <a href=\"https:\/\/agora.xtec.cat\/ieelisabets\/estrategia-digital-de-centre\/\" title=\"Read Estrat\u00e8gia Digital de Centre\">Llegeix m\u00e9s\u00bb<\/a><\/p>\n","protected":false},"author":3,"featured_media":0,"parent":0,"menu_order":0,"comment_status":"closed","ping_status":"closed","template":"","meta":{"_bbp_topic_count":0,"_bbp_reply_count":0,"_bbp_total_topic_count":0,"_bbp_total_reply_count":0,"_bbp_voice_count":0,"_bbp_anonymous_reply_count":0,"_bbp_topic_count_hidden":0,"_bbp_reply_count_hidden":0,"_bbp_forum_subforum_count":0,"footnotes":""},"class_list":["post-2540","page","type-page","status-publish","hentry"],"post_mailing_queue_ids":[],"_links":{"self":[{"href":"https:\/\/agora.xtec.cat\/ieelisabets\/wp-json\/wp\/v2\/pages\/2540","targetHints":{"allow":["GET"]}}],"collection":[{"href":"https:\/\/agora.xtec.cat\/ieelisabets\/wp-json\/wp\/v2\/pages"}],"about":[{"href":"https:\/\/agora.xtec.cat\/ieelisabets\/wp-json\/wp\/v2\/types\/page"}],"author":[{"embeddable":true,"href":"https:\/\/agora.xtec.cat\/ieelisabets\/wp-json\/wp\/v2\/users\/3"}],"replies":[{"embeddable":true,"href":"https:\/\/agora.xtec.cat\/ieelisabets\/wp-json\/wp\/v2\/comments?post=2540"}],"version-history":[{"count":2,"href":"https:\/\/agora.xtec.cat\/ieelisabets\/wp-json\/wp\/v2\/pages\/2540\/revisions"}],"predecessor-version":[{"id":5455,"href":"https:\/\/agora.xtec.cat\/ieelisabets\/wp-json\/wp\/v2\/pages\/2540\/revisions\/5455"}],"wp:attachment":[{"href":"https:\/\/agora.xtec.cat\/ieelisabets\/wp-json\/wp\/v2\/media?parent=2540"}],"curies":[{"name":"wp","href":"https:\/\/api.w.org\/{rel}","templated":true}]}}