{"id":912,"date":"2016-03-30T08:42:58","date_gmt":"2016-03-30T07:42:58","guid":{"rendered":"http:\/\/agora.xtec.cat\/iedelprat\/?page_id=912"},"modified":"2018-12-04T17:23:54","modified_gmt":"2018-12-04T16:23:54","slug":"radio","status":"publish","type":"page","link":"https:\/\/agora.xtec.cat\/iedelprat\/audiovisuals\/radio\/","title":{"rendered":"R\u00e0dio"},"content":{"rendered":"<p>Produccions mensuals de tem\u00e0tiques diverses realitzades pels alumnes amb el seu professorat i que posteriorment es graven a la sala de r\u00e0dio amb el coordinador de l&#8217;activitat.<\/p>\n<h5>Programa Alumnat de Prim\u00e0ria Setembre i Octubre de 2018<\/h5>\n<p>https:\/\/youtu.be\/yQT-miNBgUY<\/p>\n<h5>Programa Alumnat de Prim\u00e0ria Febrer de 2017<\/h5>\n<p><iframe loading=\"lazy\" src=\"https:\/\/w.soundcloud.com\/player\/?url=https%3A\/\/api.soundcloud.com\/tracks\/330860979&amp;color=ff5500&amp;auto_play=false&amp;hide_related=false&amp;show_comments=true&amp;show_user=true&amp;show_reposts=false\" width=\"100%\" height=\"166\" frameborder=\"no\" scrolling=\"no\"><\/iframe><\/p>\n<h5>Programa Alumnat ESO (Curs 2016-17)<\/h5>\n<p><iframe loading=\"lazy\" src=\"https:\/\/w.soundcloud.com\/player\/?url=https%3A\/\/api.soundcloud.com\/tracks\/330165726&amp;color=ff5500&amp;auto_play=false&amp;hide_related=false&amp;show_comments=true&amp;show_user=true&amp;show_reposts=false\" width=\"100%\" height=\"166\" frameborder=\"no\" scrolling=\"no\"><\/iframe><\/p>\n<h5>Programa Especial Nadales 2016 Alumnat de Prim\u00e0ria<\/h5>\n<h5><iframe loading=\"lazy\" src=\"https:\/\/w.soundcloud.com\/player\/?url=https%3A\/\/api.soundcloud.com\/tracks\/299128872&amp;auto_play=false&amp;hide_related=false&amp;show_comments=true&amp;show_user=true&amp;show_reposts=false&amp;visual=true\" width=\"100%\" height=\"450\" frameborder=\"no\" scrolling=\"no\"><\/iframe><br \/>\nPrograma Alumnat de Prim\u00e0ria Octubre 2016<\/h5>\n<h5><iframe loading=\"lazy\" src=\"https:\/\/w.soundcloud.com\/player\/?url=https%3A\/\/api.soundcloud.com\/tracks\/298022897&amp;color=ff5500&amp;auto_play=false&amp;hide_related=false&amp;show_comments=true&amp;show_user=true&amp;show_reposts=false\" width=\"100%\" height=\"166\" frameborder=\"no\" scrolling=\"no\"><\/iframe><br \/>\nPrograma Alumnat ESO (Curs 2015-16)<\/h5>\n<p><iframe loading=\"lazy\" src=\"https:\/\/w.soundcloud.com\/player\/?url=https%3A\/\/api.soundcloud.com\/tracks\/257773178&amp;color=ff5500&amp;auto_play=false&amp;hide_related=false&amp;show_comments=true&amp;show_user=true&amp;show_reposts=false\" width=\"100%\" height=\"166\" frameborder=\"no\" scrolling=\"no\"><\/iframe><\/p>\n","protected":false},"excerpt":{"rendered":"<p>Produccions mensuals de tem\u00e0tiques diverses realitzades pels alumnes amb el seu professorat i que posteriorment es graven a la sala de r\u00e0dio amb el coordinador de l&#8217;activitat.<br \/>\nPrograma Alumnat de Prim\u00e0ria Setembre i Octubre de 2018<br \/>\nhttps:\/\/youtu.be\/yQT-miNBgUY<br \/>\nPrograma Alumnat de Prim\u00e0ria Febrer de 2017<\/p>\n<p>Programa Alumnat ESO (Curs 2016-17)<\/p>\n<p>Programa&hellip;  <a href=\"https:\/\/agora.xtec.cat\/iedelprat\/audiovisuals\/radio\/\" title=\"Read R\u00e0dio\">Llegeix m\u00e9s\u00bb<\/a><\/p>\n","protected":false},"author":5,"featured_media":0,"parent":908,"menu_order":0,"comment_status":"closed","ping_status":"closed","template":"page-templates\/side-menu.php","meta":{"_bbp_topic_count":0,"_bbp_reply_count":0,"_bbp_total_topic_count":0,"_bbp_total_reply_count":0,"_bbp_voice_count":0,"_bbp_anonymous_reply_count":0,"_bbp_topic_count_hidden":0,"_bbp_reply_count_hidden":0,"_bbp_forum_subforum_count":0,"footnotes":""},"class_list":["post-912","page","type-page","status-publish","hentry"],"post_mailing_queue_ids":[],"_links":{"self":[{"href":"https:\/\/agora.xtec.cat\/iedelprat\/wp-json\/wp\/v2\/pages\/912","targetHints":{"allow":["GET"]}}],"collection":[{"href":"https:\/\/agora.xtec.cat\/iedelprat\/wp-json\/wp\/v2\/pages"}],"about":[{"href":"https:\/\/agora.xtec.cat\/iedelprat\/wp-json\/wp\/v2\/types\/page"}],"author":[{"embeddable":true,"href":"https:\/\/agora.xtec.cat\/iedelprat\/wp-json\/wp\/v2\/users\/5"}],"replies":[{"embeddable":true,"href":"https:\/\/agora.xtec.cat\/iedelprat\/wp-json\/wp\/v2\/comments?post=912"}],"version-history":[{"count":3,"href":"https:\/\/agora.xtec.cat\/iedelprat\/wp-json\/wp\/v2\/pages\/912\/revisions"}],"predecessor-version":[{"id":9759,"href":"https:\/\/agora.xtec.cat\/iedelprat\/wp-json\/wp\/v2\/pages\/912\/revisions\/9759"}],"up":[{"embeddable":true,"href":"https:\/\/agora.xtec.cat\/iedelprat\/wp-json\/wp\/v2\/pages\/908"}],"wp:attachment":[{"href":"https:\/\/agora.xtec.cat\/iedelprat\/wp-json\/wp\/v2\/media?parent=912"}],"curies":[{"name":"wp","href":"https:\/\/api.w.org\/{rel}","templated":true}]}}