{"id":67,"date":"2014-09-18T10:14:18","date_gmt":"2014-09-18T10:14:18","guid":{"rendered":"http:\/\/agora.xtec.cat\/iedelprat\/?page_id=67"},"modified":"2024-01-11T09:49:52","modified_gmt":"2024-01-11T08:49:52","slug":"revista","status":"publish","type":"page","link":"https:\/\/agora.xtec.cat\/iedelprat\/audiovisuals\/revista\/","title":{"rendered":"Revista"},"content":{"rendered":"<p>Publicacions trimestrals per als alumnes, per a les fam\u00edlies i per a les institucions de la localitat on es recullen les activitats i les not\u00edcies m\u00e9s destacades del centre. Majorit\u00e0riament els articles i les not\u00edcies estan realitzats per l&#8217;alumnat de tots els cursos.<\/p>\n<p style=\"text-align: center;\"><strong><a href=\"https:\/\/agora.xtec.cat\/iedelprat\/audiovisuals\/revista\/revistes-curs-2023-24\/\">CURS 2023-24<\/a><\/strong><\/p>\n<p style=\"text-align: center;\"><strong><a href=\"https:\/\/agora.xtec.cat\/iedelprat\/audiovisuals\/revista\/revistes-curs-2022-23\/\">CURS 2022-23<\/a><\/strong><\/p>\n<p style=\"text-align: center;\"><strong><a href=\"https:\/\/agora.xtec.cat\/iedelprat\/audiovisuals\/revista\/revistes-curs-2021-22\/\">CURS 2021-22<\/a><\/strong><\/p>\n<p style=\"text-align: center;\"><strong><a href=\"https:\/\/agora.xtec.cat\/iedelprat\/audiovisuals\/revista\/revistes-curs-2019-20\/\">CURS 2019-20<\/a><\/strong><\/p>\n<p style=\"text-align: center;\"><strong><a href=\"http:\/\/agora.xtec.cat\/iedelprat\/audiovisuals\/revista\/revistes-curs-2017-18\/\">CURS 2017-18<\/a><\/strong><\/p>\n<p style=\"text-align: center;\"><strong><a href=\"http:\/\/agora.xtec.cat\/iedelprat\/audiovisuals\/revista\/revistes-curs-2015-16-2\/\">CURS 2016-17<\/a><\/strong><\/p>\n<p style=\"text-align: center;\"><strong><a href=\"http:\/\/agora.xtec.cat\/iedelprat\/audiovisuals\/revista\/revistes-curs-2015-16\/\">CURS 2015-16<\/a><\/strong><\/p>\n<p style=\"text-align: center;\"><strong><a href=\"http:\/\/agora.xtec.cat\/iedelprat\/audiovisuals\/revista\/revistes-curs-2014-15\/\">CURS 2014-15<\/a><\/strong><\/p>\n<p style=\"text-align: center;\"><strong><a href=\"http:\/\/agora.xtec.cat\/iedelprat\/audiovisuals\/revista\/revistes-curs-2013-14\/\">CURS 2013-14<\/a><\/strong><\/p>\n<p style=\"text-align: center;\"><strong><a href=\"http:\/\/agora.xtec.cat\/iedelprat\/audiovisuals\/revista\/revistes-curs-2012-13\/\">CURS 2012-13<\/a><\/strong><\/p>\n<p>&nbsp;<\/p>\n","protected":false},"excerpt":{"rendered":"<p>Publicacions trimestrals per als alumnes, per a les fam\u00edlies i per a les institucions de la localitat on es recullen les activitats i les not\u00edcies m\u00e9s destacades del centre. Majorit\u00e0riament els articles i les not\u00edcies estan realitzats per l&#8217;alumnat de tots els cursos.<br \/>\n<a href=\"https:\/\/agora.xtec.cat\/iedelprat\/audiovisuals\/revista\/revistes-curs-2023-24\/\">CURS 2023-24<\/a><br \/>\n<a&hellip;  <a href=\"https:\/\/agora.xtec.cat\/iedelprat\/audiovisuals\/revista\/\" title=\"Read Revista\">Llegeix m\u00e9s\u00bb<\/a><\/p>\n","protected":false},"author":2,"featured_media":0,"parent":908,"menu_order":0,"comment_status":"closed","ping_status":"closed","template":"page-templates\/side-menu.php","meta":{"_bbp_topic_count":0,"_bbp_reply_count":0,"_bbp_total_topic_count":0,"_bbp_total_reply_count":0,"_bbp_voice_count":0,"_bbp_anonymous_reply_count":0,"_bbp_topic_count_hidden":0,"_bbp_reply_count_hidden":0,"_bbp_forum_subforum_count":0,"footnotes":""},"class_list":["post-67","page","type-page","status-publish","hentry"],"post_mailing_queue_ids":[],"_links":{"self":[{"href":"https:\/\/agora.xtec.cat\/iedelprat\/wp-json\/wp\/v2\/pages\/67","targetHints":{"allow":["GET"]}}],"collection":[{"href":"https:\/\/agora.xtec.cat\/iedelprat\/wp-json\/wp\/v2\/pages"}],"about":[{"href":"https:\/\/agora.xtec.cat\/iedelprat\/wp-json\/wp\/v2\/types\/page"}],"author":[{"embeddable":true,"href":"https:\/\/agora.xtec.cat\/iedelprat\/wp-json\/wp\/v2\/users\/2"}],"replies":[{"embeddable":true,"href":"https:\/\/agora.xtec.cat\/iedelprat\/wp-json\/wp\/v2\/comments?post=67"}],"version-history":[{"count":7,"href":"https:\/\/agora.xtec.cat\/iedelprat\/wp-json\/wp\/v2\/pages\/67\/revisions"}],"predecessor-version":[{"id":15730,"href":"https:\/\/agora.xtec.cat\/iedelprat\/wp-json\/wp\/v2\/pages\/67\/revisions\/15730"}],"up":[{"embeddable":true,"href":"https:\/\/agora.xtec.cat\/iedelprat\/wp-json\/wp\/v2\/pages\/908"}],"wp:attachment":[{"href":"https:\/\/agora.xtec.cat\/iedelprat\/wp-json\/wp\/v2\/media?parent=67"}],"curies":[{"name":"wp","href":"https:\/\/api.w.org\/{rel}","templated":true}]}}