{"id":2626,"date":"2017-05-29T10:36:17","date_gmt":"2017-05-29T08:36:17","guid":{"rendered":"http:\/\/agora.xtec.cat\/iedelprat\/?page_id=2626"},"modified":"2025-12-02T12:34:54","modified_gmt":"2025-12-02T11:34:54","slug":"pec","status":"publish","type":"page","link":"https:\/\/agora.xtec.cat\/iedelprat\/pec\/","title":{"rendered":"DOCUMENTS DE CENTRE"},"content":{"rendered":"<p style=\"text-align: center;\">Clica al document per llegir-lo:<\/p>\n<h5 style=\"text-align: center;\"><a href=\"https:\/\/drive.google.com\/file\/d\/0B93ZKJYFaSegOTFQY3lqajVkRWs\/view?usp=sharing\" target=\"_blank\" rel=\"noopener noreferrer\">PROJECTE EDUCATIU DE CENTRE<\/a><\/h5>\n<h5 style=\"text-align: center;\"><a href=\"https:\/\/drive.google.com\/file\/d\/14iHy0MNDM9QBCPzvh7H7RKLBtzGqp6CJ\/view?usp=sharing\">PROJECTE LING\u00dc\u00cdSTIC DE CENTRE (en revisi\u00f3)<\/a><\/h5>\n<h5 style=\"text-align: center;\"><a href=\"https:\/\/drive.google.com\/file\/d\/1GylzU8GdX44gI8PIlDCPNCWi40RZPTRO\/view?usp=sharing\">NOFC\u00a0 (actualitzades novembre 2025)\u00a0<\/a><\/h5>\n<h5 style=\"text-align: center;\">\u00a0<\/h5>\n\n\n<p><\/p>\n","protected":false},"excerpt":{"rendered":"<p>Clica al document per llegir-lo:<br \/>\n<a href=\"https:\/\/drive.google.com\/file\/d\/0B93ZKJYFaSegOTFQY3lqajVkRWs\/view?usp=sharing\" target=\"_blank\" rel=\"noopener noreferrer\">PROJECTE EDUCATIU DE CENTRE<\/a><br \/>\n<a href=\"https:\/\/drive.google.com\/file\/d\/14iHy0MNDM9QBCPzvh7H7RKLBtzGqp6CJ\/view?usp=sharing\">PROJECTE LING\u00dc\u00cdSTIC DE CENTRE (en revisi\u00f3)<\/a><br \/>\n<a href=\"https:\/\/drive.google.com\/file\/d\/1GylzU8GdX44gI8PIlDCPNCWi40RZPTRO\/view?usp=sharing\">NOFC\u00a0 (actualitzades novembre 2025)\u00a0<\/a><br \/>\n\u00a0<\/p>\n","protected":false},"author":5,"featured_media":0,"parent":0,"menu_order":0,"comment_status":"closed","ping_status":"closed","template":"","meta":{"_bbp_topic_count":0,"_bbp_reply_count":0,"_bbp_total_topic_count":0,"_bbp_total_reply_count":0,"_bbp_voice_count":0,"_bbp_anonymous_reply_count":0,"_bbp_topic_count_hidden":0,"_bbp_reply_count_hidden":0,"_bbp_forum_subforum_count":0,"footnotes":""},"class_list":["post-2626","page","type-page","status-publish","hentry"],"post_mailing_queue_ids":[],"_links":{"self":[{"href":"https:\/\/agora.xtec.cat\/iedelprat\/wp-json\/wp\/v2\/pages\/2626","targetHints":{"allow":["GET"]}}],"collection":[{"href":"https:\/\/agora.xtec.cat\/iedelprat\/wp-json\/wp\/v2\/pages"}],"about":[{"href":"https:\/\/agora.xtec.cat\/iedelprat\/wp-json\/wp\/v2\/types\/page"}],"author":[{"embeddable":true,"href":"https:\/\/agora.xtec.cat\/iedelprat\/wp-json\/wp\/v2\/users\/5"}],"replies":[{"embeddable":true,"href":"https:\/\/agora.xtec.cat\/iedelprat\/wp-json\/wp\/v2\/comments?post=2626"}],"version-history":[{"count":6,"href":"https:\/\/agora.xtec.cat\/iedelprat\/wp-json\/wp\/v2\/pages\/2626\/revisions"}],"predecessor-version":[{"id":16941,"href":"https:\/\/agora.xtec.cat\/iedelprat\/wp-json\/wp\/v2\/pages\/2626\/revisions\/16941"}],"wp:attachment":[{"href":"https:\/\/agora.xtec.cat\/iedelprat\/wp-json\/wp\/v2\/media?parent=2626"}],"curies":[{"name":"wp","href":"https:\/\/api.w.org\/{rel}","templated":true}]}}