{"id":2244,"date":"2017-02-07T16:35:23","date_gmt":"2017-02-07T15:35:23","guid":{"rendered":"http:\/\/agora.xtec.cat\/iedelprat\/?page_id=2244"},"modified":"2017-03-08T16:11:40","modified_gmt":"2017-03-08T15:11:40","slug":"voluntariat","status":"publish","type":"page","link":"https:\/\/agora.xtec.cat\/iedelprat\/families\/voluntariat\/","title":{"rendered":"Voluntariat"},"content":{"rendered":"<p>Com a Comunitat d&#8217;Aprenentatge que som, enguany, l&#8217;escola est\u00e0 oberta a qualsevol fam\u00edlia, ve\u00ed i professional que desitgi treballar i col\u00b7laborar pel futur educatiu del nostre alumnat.<\/p>\n<p>Vine i pregunta!<\/p>\n<p><a href=\"http:\/\/agora.xtec.cat\/iedelprat\/wp-content\/uploads\/usu210\/2017\/02\/PANCARTAVOLUNTARIAT.bmp\"><img loading=\"lazy\" decoding=\"async\" class=\"alignleft  wp-image-2339\" src=\"http:\/\/agora.xtec.cat\/iedelprat\/wp-content\/uploads\/usu210\/2017\/02\/PANCARTAVOLUNTARIAT.bmp\" alt=\"pancartavoluntariat\" width=\"839\" height=\"282\" \/><\/p>\n<p><\/a><\/p>\n<p>&nbsp;<\/p>\n<p>&nbsp;<\/p>\n<p>&nbsp;<\/p>\n<p>&nbsp;<\/p>\n<p><a href=\"http:\/\/agora.xtec.cat\/iedelprat\/wp-content\/uploads\/usu210\/2017\/02\/DSC_0075.jpg\"><img loading=\"lazy\" decoding=\"async\" class=\"alignleft  wp-image-2338\" src=\"http:\/\/agora.xtec.cat\/iedelprat\/wp-content\/uploads\/usu210\/2017\/02\/DSC_0075-1024x679.jpg\" alt=\"dsc_0075\" width=\"410\" height=\"272\" srcset=\"https:\/\/agora.xtec.cat\/iedelprat\/wp-content\/uploads\/usu210\/2017\/02\/DSC_0075-1024x679.jpg 1024w, https:\/\/agora.xtec.cat\/iedelprat\/wp-content\/uploads\/usu210\/2017\/02\/DSC_0075-300x199.jpg 300w, https:\/\/agora.xtec.cat\/iedelprat\/wp-content\/uploads\/usu210\/2017\/02\/DSC_0075-768x509.jpg 768w\" sizes=\"auto, (max-width: 410px) 100vw, 410px\" \/><\/a><\/p>\n<p><a href=\"http:\/\/agora.xtec.cat\/iedelprat\/wp-content\/uploads\/usu210\/2017\/02\/DSC_0078.jpg\"><img loading=\"lazy\" decoding=\"async\" class=\"alignleft  wp-image-2337\" src=\"http:\/\/agora.xtec.cat\/iedelprat\/wp-content\/uploads\/usu210\/2017\/02\/DSC_0078-1024x679.jpg\" alt=\"dsc_0078\" width=\"408\" height=\"270\" srcset=\"https:\/\/agora.xtec.cat\/iedelprat\/wp-content\/uploads\/usu210\/2017\/02\/DSC_0078-1024x679.jpg 1024w, https:\/\/agora.xtec.cat\/iedelprat\/wp-content\/uploads\/usu210\/2017\/02\/DSC_0078-300x199.jpg 300w, https:\/\/agora.xtec.cat\/iedelprat\/wp-content\/uploads\/usu210\/2017\/02\/DSC_0078-768x509.jpg 768w\" sizes=\"auto, (max-width: 408px) 100vw, 408px\" \/><\/a><\/p>\n<p>&nbsp;<\/p>\n<p>&nbsp;<\/p>\n","protected":false},"excerpt":{"rendered":"<p>Com a Comunitat d&#8217;Aprenentatge que som, enguany, l&#8217;escola est\u00e0 oberta a qualsevol fam\u00edlia, ve\u00ed i professional que desitgi treballar i col\u00b7laborar pel futur educatiu del nostre alumnat.<br \/>\nVine i pregunta!<br \/>\n<a href=\"http:\/\/agora.xtec.cat\/iedelprat\/wp-content\/uploads\/usu210\/2017\/02\/PANCARTAVOLUNTARIAT.bmp\"><br \/>\n<\/a><br \/>\n&nbsp;<br \/>\n&nbsp;<br \/>\n&nbsp;<br \/>\n&nbsp;<br \/>\n<a href=\"http:\/\/agora.xtec.cat\/iedelprat\/wp-content\/uploads\/usu210\/2017\/02\/DSC_0075.jpg\"><\/a><br \/>\n<a href=\"http:\/\/agora.xtec.cat\/iedelprat\/wp-content\/uploads\/usu210\/2017\/02\/DSC_0078.jpg\"><\/a><br \/>\n&nbsp;<br \/>\n&nbsp;<\/p>\n","protected":false},"author":5,"featured_media":0,"parent":2232,"menu_order":0,"comment_status":"closed","ping_status":"closed","template":"page-templates\/side-menu.php","meta":{"_bbp_topic_count":0,"_bbp_reply_count":0,"_bbp_total_topic_count":0,"_bbp_total_reply_count":0,"_bbp_voice_count":0,"_bbp_anonymous_reply_count":0,"_bbp_topic_count_hidden":0,"_bbp_reply_count_hidden":0,"_bbp_forum_subforum_count":0,"footnotes":""},"class_list":["post-2244","page","type-page","status-publish","hentry"],"post_mailing_queue_ids":[],"_links":{"self":[{"href":"https:\/\/agora.xtec.cat\/iedelprat\/wp-json\/wp\/v2\/pages\/2244","targetHints":{"allow":["GET"]}}],"collection":[{"href":"https:\/\/agora.xtec.cat\/iedelprat\/wp-json\/wp\/v2\/pages"}],"about":[{"href":"https:\/\/agora.xtec.cat\/iedelprat\/wp-json\/wp\/v2\/types\/page"}],"author":[{"embeddable":true,"href":"https:\/\/agora.xtec.cat\/iedelprat\/wp-json\/wp\/v2\/users\/5"}],"replies":[{"embeddable":true,"href":"https:\/\/agora.xtec.cat\/iedelprat\/wp-json\/wp\/v2\/comments?post=2244"}],"version-history":[{"count":3,"href":"https:\/\/agora.xtec.cat\/iedelprat\/wp-json\/wp\/v2\/pages\/2244\/revisions"}],"predecessor-version":[{"id":2340,"href":"https:\/\/agora.xtec.cat\/iedelprat\/wp-json\/wp\/v2\/pages\/2244\/revisions\/2340"}],"up":[{"embeddable":true,"href":"https:\/\/agora.xtec.cat\/iedelprat\/wp-json\/wp\/v2\/pages\/2232"}],"wp:attachment":[{"href":"https:\/\/agora.xtec.cat\/iedelprat\/wp-json\/wp\/v2\/media?parent=2244"}],"curies":[{"name":"wp","href":"https:\/\/api.w.org\/{rel}","templated":true}]}}