{"id":2238,"date":"2017-02-07T16:34:18","date_gmt":"2017-02-07T15:34:18","guid":{"rendered":"http:\/\/agora.xtec.cat\/iedelprat\/?page_id=2238"},"modified":"2022-10-17T14:18:15","modified_gmt":"2022-10-17T12:18:15","slug":"formacio","status":"publish","type":"page","link":"https:\/\/agora.xtec.cat\/iedelprat\/families\/formacio\/","title":{"rendered":"Formaci\u00f3 de Fam\u00edlies"},"content":{"rendered":"<p>Espai destinat a la formaci\u00f3 d&#8217;adults per a les fam\u00edlies del centre.<\/p>\n<h3>Curs 2016-2017<\/h3>\n<p>El nou curs va comen\u00e7ar amb demandes noves de formaci\u00f3 per part de les fam\u00edlies. Al octubre vam comen\u00e7ar la formaci\u00f3 d&#8217;adults al centre. Est\u00e0 obert a totes les fam\u00edlies. Totes i tots esteu convidats a venir. Us esperem els divendres de 9&#8217;30h. a 11&#8217;30h.<\/p>\n<p><a href=\"http:\/\/agora.xtec.cat\/iedelprat\/wp-content\/uploads\/usu210\/2017\/02\/IMG_4263.jpg\"><img loading=\"lazy\" decoding=\"async\" class=\"alignnone size-large wp-image-2274\" src=\"http:\/\/agora.xtec.cat\/iedelprat\/wp-content\/uploads\/usu210\/2017\/02\/IMG_4263-1024x614.jpg\" alt=\"img_4263\" width=\"1024\" height=\"614\" srcset=\"https:\/\/agora.xtec.cat\/iedelprat\/wp-content\/uploads\/usu210\/2017\/02\/IMG_4263-1024x614.jpg 1024w, https:\/\/agora.xtec.cat\/iedelprat\/wp-content\/uploads\/usu210\/2017\/02\/IMG_4263-300x180.jpg 300w, https:\/\/agora.xtec.cat\/iedelprat\/wp-content\/uploads\/usu210\/2017\/02\/IMG_4263-768x461.jpg 768w, https:\/\/agora.xtec.cat\/iedelprat\/wp-content\/uploads\/usu210\/2017\/02\/IMG_4263.jpg 1600w\" sizes=\"auto, (max-width: 1024px) 100vw, 1024px\" \/><\/a><\/p>\n","protected":false},"excerpt":{"rendered":"<p>Espai destinat a la formaci\u00f3 d&#8217;adults per a les fam\u00edlies del centre.<br \/>\nCurs 2016-2017<br \/>\nEl nou curs va comen\u00e7ar amb demandes noves de formaci\u00f3 per part de les fam\u00edlies. Al octubre vam comen\u00e7ar la formaci\u00f3 d&#8217;adults al centre. Est\u00e0 obert a totes les fam\u00edlies. Totes i tots&hellip;  <a href=\"https:\/\/agora.xtec.cat\/iedelprat\/families\/formacio\/\" title=\"Read Formaci\u00f3 de Fam\u00edlies\">Llegeix m\u00e9s\u00bb<\/a><\/p>\n","protected":false},"author":5,"featured_media":0,"parent":2232,"menu_order":0,"comment_status":"closed","ping_status":"closed","template":"page-templates\/side-menu.php","meta":{"_bbp_topic_count":0,"_bbp_reply_count":0,"_bbp_total_topic_count":0,"_bbp_total_reply_count":0,"_bbp_voice_count":0,"_bbp_anonymous_reply_count":0,"_bbp_topic_count_hidden":0,"_bbp_reply_count_hidden":0,"_bbp_forum_subforum_count":0,"footnotes":""},"class_list":["post-2238","page","type-page","status-publish","hentry"],"post_mailing_queue_ids":[],"_links":{"self":[{"href":"https:\/\/agora.xtec.cat\/iedelprat\/wp-json\/wp\/v2\/pages\/2238","targetHints":{"allow":["GET"]}}],"collection":[{"href":"https:\/\/agora.xtec.cat\/iedelprat\/wp-json\/wp\/v2\/pages"}],"about":[{"href":"https:\/\/agora.xtec.cat\/iedelprat\/wp-json\/wp\/v2\/types\/page"}],"author":[{"embeddable":true,"href":"https:\/\/agora.xtec.cat\/iedelprat\/wp-json\/wp\/v2\/users\/5"}],"replies":[{"embeddable":true,"href":"https:\/\/agora.xtec.cat\/iedelprat\/wp-json\/wp\/v2\/comments?post=2238"}],"version-history":[{"count":4,"href":"https:\/\/agora.xtec.cat\/iedelprat\/wp-json\/wp\/v2\/pages\/2238\/revisions"}],"predecessor-version":[{"id":14816,"href":"https:\/\/agora.xtec.cat\/iedelprat\/wp-json\/wp\/v2\/pages\/2238\/revisions\/14816"}],"up":[{"embeddable":true,"href":"https:\/\/agora.xtec.cat\/iedelprat\/wp-json\/wp\/v2\/pages\/2232"}],"wp:attachment":[{"href":"https:\/\/agora.xtec.cat\/iedelprat\/wp-json\/wp\/v2\/media?parent=2238"}],"curies":[{"name":"wp","href":"https:\/\/api.w.org\/{rel}","templated":true}]}}