{"id":84,"date":"2014-09-18T14:11:31","date_gmt":"2014-09-18T13:11:31","guid":{"rendered":"http:\/\/agora.xtec.cat\/iedecaldes\/?page_id=84"},"modified":"2025-10-09T20:15:12","modified_gmt":"2025-10-09T18:15:12","slug":"activitats-extraescolars","status":"publish","type":"page","link":"https:\/\/agora.xtec.cat\/iedecaldes\/serveis\/activitats-extraescolars\/","title":{"rendered":"Activitats extraescolars"},"content":{"rendered":"\n<p>Si voleu contactar amb el servei d&#8217;extraescolars podeu escriure al seg\u00fcent correu:<\/p>\n\n\n\n<p class=\"has-text-align-center\"><mark style=\"background-color:rgba(0, 0, 0, 0)\" class=\"has-inline-color has-vivid-red-color\"><strong>extraescolars@iedecaldes.cat<\/strong><\/mark><\/p>\n\n\n\n<p>Les activitats que han sortit aquest curs 25\/26 s\u00f3n les seg\u00fcents:<\/p>\n\n\n\n<ul class=\"wp-block-list\">\n<li>Rob\u00f2tica de prim\u00e0ria i secund\u00e0ria<\/li>\n\n\n\n<li>Angl\u00e8s<\/li>\n\n\n\n<li>M\u00fasica infantil<\/li>\n\n\n\n<li>Dibuix<\/li>\n\n\n\n<li>Il\u00b7lustraci\u00f3<\/li>\n\n\n\n<li>Ballem<\/li>\n\n\n\n<li>Escalada<\/li>\n\n\n\n<li>Nataci\u00f3<\/li>\n<\/ul>\n\n\n\n<div data-wp-interactive=\"core\/file\" class=\"wp-block-file\"><object data-wp-bind--hidden=\"!state.hasPdfPreview\" hidden class=\"wp-block-file__embed\" data=\"https:\/\/agora.xtec.cat\/iedecaldes\/wp-content\/uploads\/usu3054\/2025\/07\/extraescolars_primaria_25.26.pdf\" type=\"application\/pdf\" style=\"width:100%;height:600px\" aria-label=\"Incrustaci\u00f3 del fitxer extraescolars_primaria_25.26.\"><\/object><a id=\"wp-block-file--media-3026fe3b-d5f3-4279-8df8-9592943dac85\" href=\"https:\/\/agora.xtec.cat\/iedecaldes\/wp-content\/uploads\/usu3054\/2025\/07\/extraescolars_primaria_25.26.pdf\">extraescolars_primaria_25.26<\/a><a href=\"https:\/\/agora.xtec.cat\/iedecaldes\/wp-content\/uploads\/usu3054\/2025\/07\/extraescolars_primaria_25.26.pdf\" class=\"wp-block-file__button wp-element-button\" download aria-describedby=\"wp-block-file--media-3026fe3b-d5f3-4279-8df8-9592943dac85\">Baixa<\/a><\/div>\n\n\n\n<div data-wp-interactive=\"core\/file\" class=\"wp-block-file\"><object data-wp-bind--hidden=\"!state.hasPdfPreview\" hidden class=\"wp-block-file__embed\" data=\"https:\/\/agora.xtec.cat\/iedecaldes\/wp-content\/uploads\/usu3054\/2025\/07\/extraescolars_secundaria_25.26.pdf\" type=\"application\/pdf\" style=\"width:100%;height:600px\" aria-label=\"Incrustaci\u00f3 del fitxer extraescolars_secundaria_25.26.\"><\/object><a id=\"wp-block-file--media-e6f3555d-8bdd-41d7-a017-5a33e78941c4\" href=\"https:\/\/agora.xtec.cat\/iedecaldes\/wp-content\/uploads\/usu3054\/2025\/07\/extraescolars_secundaria_25.26.pdf\">extraescolars_secundaria_25.26<\/a><a href=\"https:\/\/agora.xtec.cat\/iedecaldes\/wp-content\/uploads\/usu3054\/2025\/07\/extraescolars_secundaria_25.26.pdf\" class=\"wp-block-file__button wp-element-button\" download aria-describedby=\"wp-block-file--media-e6f3555d-8bdd-41d7-a017-5a33e78941c4\">Baixa<\/a><\/div>\n","protected":false},"excerpt":{"rendered":"<p>Si voleu contactar amb el servei d&#8217;extraescolars podeu escriure al seg\u00fcent correu:<\/p>\n<p>extraescolars@iedecaldes.cat<\/p>\n<p>Les activitats que han sortit aquest curs 25\/26 s\u00f3n les seg\u00fcents:<\/p>\n<ul class=\"wp-block-list\">\n<li>Rob\u00f2tica de prim\u00e0ria i secund\u00e0ria<\/li>\n<li>Angl\u00e8s<\/li>\n<li>M\u00fasica infantil<\/li>\n<li>Dibuix<\/li>\n<li>Il\u00b7lustraci\u00f3<\/li>\n<li>Ballem<\/li>\n<li>Escalada<\/li>\n<li>Nataci\u00f3<\/li>\n<\/ul>\n<p><a id=\"wp-block-file--media-3026fe3b-d5f3-4279-8df8-9592943dac85\" href=\"https:\/\/agora.xtec.cat\/iedecaldes\/wp-content\/uploads\/usu3054\/2025\/07\/extraescolars_primaria_25.26.pdf\">extraescolars_primaria_25.26<\/a><a href=\"https:\/\/agora.xtec.cat\/iedecaldes\/wp-content\/uploads\/usu3054\/2025\/07\/extraescolars_primaria_25.26.pdf\" class=\"wp-block-file__button wp-element-button\" download aria-describedby=\"wp-block-file--media-3026fe3b-d5f3-4279-8df8-9592943dac85\">Baixa<\/a><\/p>\n<p><a id=\"wp-block-file--media-e6f3555d-8bdd-41d7-a017-5a33e78941c4\" href=\"https:\/\/agora.xtec.cat\/iedecaldes\/wp-content\/uploads\/usu3054\/2025\/07\/extraescolars_secundaria_25.26.pdf\">extraescolars_secundaria_25.26<\/a><a href=\"https:\/\/agora.xtec.cat\/iedecaldes\/wp-content\/uploads\/usu3054\/2025\/07\/extraescolars_secundaria_25.26.pdf\" class=\"wp-block-file__button wp-element-button\" download aria-describedby=\"wp-block-file--media-e6f3555d-8bdd-41d7-a017-5a33e78941c4\">Baixa<\/a><\/p>\n","protected":false},"author":1,"featured_media":0,"parent":66,"menu_order":60,"comment_status":"closed","ping_status":"closed","template":"page-templates\/side-menu.php","meta":{"footnotes":""},"class_list":["post-84","page","type-page","status-publish","hentry"],"post_mailing_queue_ids":[],"_links":{"self":[{"href":"https:\/\/agora.xtec.cat\/iedecaldes\/wp-json\/wp\/v2\/pages\/84","targetHints":{"allow":["GET"]}}],"collection":[{"href":"https:\/\/agora.xtec.cat\/iedecaldes\/wp-json\/wp\/v2\/pages"}],"about":[{"href":"https:\/\/agora.xtec.cat\/iedecaldes\/wp-json\/wp\/v2\/types\/page"}],"author":[{"embeddable":true,"href":"https:\/\/agora.xtec.cat\/iedecaldes\/wp-json\/wp\/v2\/users\/1"}],"replies":[{"embeddable":true,"href":"https:\/\/agora.xtec.cat\/iedecaldes\/wp-json\/wp\/v2\/comments?post=84"}],"version-history":[{"count":4,"href":"https:\/\/agora.xtec.cat\/iedecaldes\/wp-json\/wp\/v2\/pages\/84\/revisions"}],"predecessor-version":[{"id":907,"href":"https:\/\/agora.xtec.cat\/iedecaldes\/wp-json\/wp\/v2\/pages\/84\/revisions\/907"}],"up":[{"embeddable":true,"href":"https:\/\/agora.xtec.cat\/iedecaldes\/wp-json\/wp\/v2\/pages\/66"}],"wp:attachment":[{"href":"https:\/\/agora.xtec.cat\/iedecaldes\/wp-json\/wp\/v2\/media?parent=84"}],"curies":[{"name":"wp","href":"https:\/\/api.w.org\/{rel}","templated":true}]}}