{"id":520,"date":"2024-08-18T16:22:19","date_gmt":"2024-08-18T14:22:19","guid":{"rendered":"https:\/\/agora.xtec.cat\/iedecaldes\/?page_id=520"},"modified":"2024-09-15T09:46:10","modified_gmt":"2024-09-15T07:46:10","slug":"horari-datencio","status":"publish","type":"page","link":"https:\/\/agora.xtec.cat\/iedecaldes\/horari-datencio\/","title":{"rendered":"Horari d&#8217;atenci\u00f3"},"content":{"rendered":"\n<p>L\u2019horari d\u2019<strong>atenci\u00f3 al p\u00fablic<\/strong>&nbsp;\u00e9s:<\/p>\n\n\n\n<p>MATINS: de dilluns a divendres de 9.00h a 12.30h<br>TARDES: dilluns, dimarts i dijous de 14:30h a 16:15h<br><\/p>\n\n\n\n<p>El tel\u00e8fon de contacte \u00e9s:&nbsp;93 862 77 26<\/p>\n","protected":false},"excerpt":{"rendered":"<p>L\u2019horari d\u2019atenci\u00f3 al p\u00fablic&nbsp;\u00e9s:<\/p>\n<p>MATINS: de dilluns a divendres de 9.00h a 12.30hTARDES: dilluns, dimarts i dijous de 14:30h a 16:15h<\/p>\n<p>El tel\u00e8fon de contacte \u00e9s:&nbsp;93 862 77 26<\/p>\n","protected":false},"author":1,"featured_media":0,"parent":0,"menu_order":0,"comment_status":"closed","ping_status":"close","template":"","meta":{"footnotes":""},"class_list":["post-520","page","type-page","status-publish","hentry"],"post_mailing_queue_ids":[],"_links":{"self":[{"href":"https:\/\/agora.xtec.cat\/iedecaldes\/wp-json\/wp\/v2\/pages\/520","targetHints":{"allow":["GET"]}}],"collection":[{"href":"https:\/\/agora.xtec.cat\/iedecaldes\/wp-json\/wp\/v2\/pages"}],"about":[{"href":"https:\/\/agora.xtec.cat\/iedecaldes\/wp-json\/wp\/v2\/types\/page"}],"author":[{"embeddable":true,"href":"https:\/\/agora.xtec.cat\/iedecaldes\/wp-json\/wp\/v2\/users\/1"}],"replies":[{"embeddable":true,"href":"https:\/\/agora.xtec.cat\/iedecaldes\/wp-json\/wp\/v2\/comments?post=520"}],"version-history":[{"count":3,"href":"https:\/\/agora.xtec.cat\/iedecaldes\/wp-json\/wp\/v2\/pages\/520\/revisions"}],"predecessor-version":[{"id":668,"href":"https:\/\/agora.xtec.cat\/iedecaldes\/wp-json\/wp\/v2\/pages\/520\/revisions\/668"}],"wp:attachment":[{"href":"https:\/\/agora.xtec.cat\/iedecaldes\/wp-json\/wp\/v2\/media?parent=520"}],"curies":[{"name":"wp","href":"https:\/\/api.w.org\/{rel}","templated":true}]}}