{"id":516,"date":"2024-08-18T16:21:02","date_gmt":"2024-08-18T14:21:02","guid":{"rendered":"https:\/\/agora.xtec.cat\/iedecaldes\/?page_id=516"},"modified":"2025-08-03T00:12:08","modified_gmt":"2025-08-02T22:12:08","slug":"contacte-tutors-es-i-direccio","status":"publish","type":"page","link":"https:\/\/agora.xtec.cat\/iedecaldes\/contacte-tutors-es-i-direccio\/","title":{"rendered":"Contacte tutors\/es i Direcci\u00f3"},"content":{"rendered":"\n<p>Contactes dels <em><strong>tutors\/es de grup<\/strong><\/em>:<\/p>\n\n\n\n<figure class=\"wp-block-table is-style-stripes has-medium-font-size\"><table class=\"has-light-green-cyan-background-color has-background\"><tbody><tr><td><strong>Grup classe<\/strong><\/td><td><strong>Nom tutor\/a<\/strong><\/td><td><strong>Correu electr\u00f2nic<\/strong><\/td><\/tr><tr><td>I3<\/td><td>Bea Miguel<\/td><td>bmiguel@iedecaldes.cat<\/td><\/tr><tr><td>I4<\/td><td>N\u00faria Marin<\/td><td>nmarin@iedecaldes.cat<\/td><\/tr><tr><td>I5<\/td><td>Elisenda Di\u00e9guez<\/td><td>edieguez@iedecaldes.cat<\/td><\/tr><tr><td>1r prim\u00e0ria<\/td><td>C\u00e8lia Vila<\/td><td>cvila@iedecaldes.cat<\/td><\/tr><tr><td>2n prim\u00e0ria<\/td><td>Anna Bas<\/td><td>abas@iedecaldes.cat<\/td><\/tr><tr><td>3r prim\u00e0ria<\/td><td><\/td><td><\/td><\/tr><tr><td>4t prim\u00e0ria<\/td><td>Ariadna Sanagust\u00edn<\/td><td>asanagustin@iedecaldes.cat<\/td><\/tr><tr><td>5\u00e8 prim\u00e0ria<\/td><td>Laia Garcia<\/td><td><\/td><\/tr><tr><td>6\u00e8 prim\u00e0ria<\/td><td>Maria Jes\u00fas Garcia<\/td><td>mgarcia3@iedecaldes.cat<\/td><\/tr><tr><td>1r ESO A<\/td><td>Iris Su\u00f1er<\/td><td>isuner@iedecaldes.cat<\/td><\/tr><tr><td>1r ESO B<\/td><td>Yolanda Mart\u00ednez<\/td><td>ymartinez@iedecaldes.cat<\/td><\/tr><tr><td>2n ESO A<\/td><td>Daniel Arias<\/td><td>darias@iedecaldes.cat<\/td><\/tr><tr><td>2n ESO B<\/td><td>Eva S\u00e1nchez<\/td><td>esanchez@iedecaldes.cat<\/td><\/tr><tr><td>3r ESO A<\/td><td>Desi Grima<\/td><td>dgrima@iedecaldes.cat<\/td><\/tr><tr><td>3r ESO B<\/td><td>Anna Barald\u00e9s<\/td><td>abaraldes@iedecaldes.cat<\/td><\/tr><tr><td>4t ESO A<\/td><td>Sibila Oliver<\/td><td>soliver@iedecaldes.cat<\/td><\/tr><tr><td>4t ESO B<\/td><td>Irene Carb\u00f3<\/td><td>icarbo@iedecaldes.cat<\/td><\/tr><\/tbody><\/table><figcaption class=\"wp-element-caption\">Sempre ser\u00e0 convenient <strong>demanar cita<\/strong> per correu electr\u00f2nic o tel\u00e8fon del centre.<\/figcaption><\/figure>\n\n\n\n<p><\/p>\n\n\n\n<p>Contactes dels membres de <em><strong>Direcci\u00f3<\/strong><\/em>:<\/p>\n\n\n\n<figure class=\"wp-block-table is-style-stripes has-medium-font-size\"><table class=\"has-pale-cyan-blue-background-color has-background\"><tbody><tr><td><strong>Direcci\u00f3<\/strong><\/td><td><strong>Correu electr\u00f2nic<\/strong><\/td><\/tr><tr><td>Montse Giralt (Directora)<\/td><td>mgiralt@iedecaldes.cat<\/td><\/tr><tr><td>Laia Pag\u00e8s (Cap d&#8217;Estudis Infantil &#8211; Prim\u00e0ria)<\/td><td>lpages@iedecaldes.cat<\/td><\/tr><tr><td>Vicent Pastor (Cap d&#8217;Estudis ESO)<\/td><td>vpastor@iedecaldes.cat<\/td><\/tr><tr><td>Carme Carbonell (Secretaria)<\/td><td>ccarbonell@iedecaldes.cat<\/td><\/tr><tr><td>Montserrat Dant\u00ed (Coordinadora Pedag\u00f2gica)<\/td><td>mdanti@iedecaldes.cat<\/td><\/tr><\/tbody><\/table><figcaption class=\"wp-element-caption\">Sempre ser\u00e0 convenient <strong>demanar cita<\/strong> per correu electr\u00f2nic o tel\u00e8fon del centre.<\/figcaption><\/figure>\n","protected":false},"excerpt":{"rendered":"<p>Contactes dels tutors\/es de grup:<\/p>\n<p>Grup classeNom tutor\/aCorreu electr\u00f2nicI3Bea Miguelbmiguel@iedecaldes.catI4N\u00faria Marinnmarin@iedecaldes.catI5Elisenda Di\u00e9guezedieguez@iedecaldes.cat1r prim\u00e0riaC\u00e8lia Vilacvila@iedecaldes.cat2n prim\u00e0riaAnna Basabas@iedecaldes.cat3r prim\u00e0ria4t prim\u00e0riaAriadna Sanagust\u00ednasanagustin@iedecaldes.cat5\u00e8 prim\u00e0riaLaia Garcia6\u00e8 prim\u00e0riaMaria Jes\u00fas Garciamgarcia3@iedecaldes.cat1r ESO AIris Su\u00f1erisuner@iedecaldes.cat1r ESO BYolanda Mart\u00ednezymartinez@iedecaldes.cat2n ESO ADaniel Ariasdarias@iedecaldes.cat2n ESO BEva S\u00e1nchezesanchez@iedecaldes.cat3r ESO ADesi Grimadgrima@iedecaldes.cat3r ESO BAnna Barald\u00e9sabaraldes@iedecaldes.cat4t ESO ASibila Oliversoliver@iedecaldes.cat4t ESO&hellip;  <a href=\"https:\/\/agora.xtec.cat\/iedecaldes\/contacte-tutors-es-i-direccio\/\" title=\"Read Contacte tutors\/es i Direcci\u00f3\">Llegeix m\u00e9s\u00bb<\/a><\/p>\n","protected":false},"author":1,"featured_media":0,"parent":0,"menu_order":0,"comment_status":"closed","ping_status":"close","template":"","meta":{"footnotes":""},"class_list":["post-516","page","type-page","status-publish","hentry"],"post_mailing_queue_ids":[],"_links":{"self":[{"href":"https:\/\/agora.xtec.cat\/iedecaldes\/wp-json\/wp\/v2\/pages\/516","targetHints":{"allow":["GET"]}}],"collection":[{"href":"https:\/\/agora.xtec.cat\/iedecaldes\/wp-json\/wp\/v2\/pages"}],"about":[{"href":"https:\/\/agora.xtec.cat\/iedecaldes\/wp-json\/wp\/v2\/types\/page"}],"author":[{"embeddable":true,"href":"https:\/\/agora.xtec.cat\/iedecaldes\/wp-json\/wp\/v2\/users\/1"}],"replies":[{"embeddable":true,"href":"https:\/\/agora.xtec.cat\/iedecaldes\/wp-json\/wp\/v2\/comments?post=516"}],"version-history":[{"count":6,"href":"https:\/\/agora.xtec.cat\/iedecaldes\/wp-json\/wp\/v2\/pages\/516\/revisions"}],"predecessor-version":[{"id":893,"href":"https:\/\/agora.xtec.cat\/iedecaldes\/wp-json\/wp\/v2\/pages\/516\/revisions\/893"}],"wp:attachment":[{"href":"https:\/\/agora.xtec.cat\/iedecaldes\/wp-json\/wp\/v2\/media?parent=516"}],"curies":[{"name":"wp","href":"https:\/\/api.w.org\/{rel}","templated":true}]}}