{"id":512,"date":"2024-08-18T16:19:53","date_gmt":"2024-08-18T14:19:53","guid":{"rendered":"https:\/\/agora.xtec.cat\/iedecaldes\/?page_id=512"},"modified":"2025-07-29T10:27:38","modified_gmt":"2025-07-29T08:27:38","slug":"dossiers-dinici-de-curs","status":"publish","type":"page","link":"https:\/\/agora.xtec.cat\/iedecaldes\/dossiers-dinici-de-curs\/","title":{"rendered":"Dossiers d&#8217;inici de curs"},"content":{"rendered":"\n<p><a href=\"https:\/\/agora.xtec.cat\/iedecaldes\/wp-content\/uploads\/usu3054\/2025\/07\/Dossier-families-INF-25-26.pdf\" data-type=\"link\" data-id=\"https:\/\/agora.xtec.cat\/iedecaldes\/wp-content\/uploads\/usu3054\/2024\/08\/dossier-families-INF.pdf\" target=\"_blank\" rel=\"noreferrer noopener\">Dossier fam\u00edlies INFANTIL<\/a><\/p>\n\n\n\n<p><a href=\"https:\/\/agora.xtec.cat\/iedecaldes\/wp-content\/uploads\/usu3054\/2025\/07\/Dossier-families-CI-25-26-1.pdf\" data-type=\"link\" data-id=\"https:\/\/agora.xtec.cat\/iedecaldes\/wp-content\/uploads\/usu3054\/2024\/08\/dossier-families-CI.pdf\" target=\"_blank\" rel=\"noreferrer noopener\">Dossier fam\u00edlies 1r i 2n PRIM\u00c0RIA<\/a><\/p>\n\n\n\n<p><a href=\"https:\/\/agora.xtec.cat\/iedecaldes\/wp-content\/uploads\/usu3054\/2025\/07\/Dossier-families-CM-25-26.pdf\" data-type=\"link\" data-id=\"https:\/\/agora.xtec.cat\/iedecaldes\/wp-content\/uploads\/usu3054\/2024\/08\/dossier-families-CM.pdf\" target=\"_blank\" rel=\"noreferrer noopener\">Dossier fam\u00edlies 3r i 4t PRIM\u00c0RIA<\/a><\/p>\n\n\n\n<p><a href=\"https:\/\/agora.xtec.cat\/iedecaldes\/wp-content\/uploads\/usu3054\/2025\/07\/Dossier-families-CS-25-26.pdf\" data-type=\"link\" data-id=\"https:\/\/agora.xtec.cat\/iedecaldes\/wp-content\/uploads\/usu3054\/2024\/08\/dossier-families-CS.pdf\" target=\"_blank\" rel=\"noreferrer noopener\">Dossier fam\u00edlies 5\u00e8 i 6\u00e8 PRIM\u00c0RIA<\/a><\/p>\n\n\n\n<p><a href=\"https:\/\/agora.xtec.cat\/iedecaldes\/wp-content\/uploads\/usu3054\/2025\/07\/Dossier-families-ESO-25-26.pdf\" data-type=\"link\" data-id=\"https:\/\/agora.xtec.cat\/iedecaldes\/wp-content\/uploads\/usu3054\/2024\/08\/dossier-families-ESO.pdf\" target=\"_blank\" rel=\"noreferrer noopener\">Dossier fam\u00edlies ESO<\/a><\/p>\n\n\n\n<p><a href=\"https:\/\/agora.xtec.cat\/iedecaldes\/wp-content\/uploads\/usu3054\/2025\/07\/Dossier-families-SIEI-25-26.pdf\" data-type=\"link\" data-id=\"https:\/\/agora.xtec.cat\/iedecaldes\/wp-content\/uploads\/usu3054\/2024\/08\/dossier-families-SIEI.pdf\" target=\"_blank\" rel=\"noreferrer noopener\">Dossier fam\u00edlies SIEI<\/a><\/p>\n\n\n\n<p><a href=\"https:\/\/agora.xtec.cat\/iedecaldes\/wp-content\/uploads\/usu3054\/2025\/07\/Dossier-families-CIM-25-26-1.pdf\" data-type=\"link\" data-id=\"https:\/\/agora.xtec.cat\/iedecaldes\/wp-content\/uploads\/usu3054\/2024\/08\/dossier-families-CIM.pdf\" target=\"_blank\" rel=\"noreferrer noopener\">Dossier fam\u00edlies EL CIM<\/a><\/p>\n","protected":false},"excerpt":{"rendered":"<p><a href=\"https:\/\/agora.xtec.cat\/iedecaldes\/wp-content\/uploads\/usu3054\/2025\/07\/Dossier-families-INF-25-26.pdf\" data-type=\"link\" data-id=\"https:\/\/agora.xtec.cat\/iedecaldes\/wp-content\/uploads\/usu3054\/2024\/08\/dossier-families-INF.pdf\" target=\"_blank\" rel=\"noreferrer noopener\">Dossier fam\u00edlies INFANTIL<\/a><\/p>\n<p><a href=\"https:\/\/agora.xtec.cat\/iedecaldes\/wp-content\/uploads\/usu3054\/2025\/07\/Dossier-families-CI-25-26-1.pdf\" data-type=\"link\" data-id=\"https:\/\/agora.xtec.cat\/iedecaldes\/wp-content\/uploads\/usu3054\/2024\/08\/dossier-families-CI.pdf\" target=\"_blank\" rel=\"noreferrer noopener\">Dossier fam\u00edlies 1r i 2n PRIM\u00c0RIA<\/a><\/p>\n<p><a href=\"https:\/\/agora.xtec.cat\/iedecaldes\/wp-content\/uploads\/usu3054\/2025\/07\/Dossier-families-CM-25-26.pdf\" data-type=\"link\" data-id=\"https:\/\/agora.xtec.cat\/iedecaldes\/wp-content\/uploads\/usu3054\/2024\/08\/dossier-families-CM.pdf\" target=\"_blank\" rel=\"noreferrer noopener\">Dossier fam\u00edlies 3r i 4t PRIM\u00c0RIA<\/a><\/p>\n<p><a href=\"https:\/\/agora.xtec.cat\/iedecaldes\/wp-content\/uploads\/usu3054\/2025\/07\/Dossier-families-CS-25-26.pdf\" data-type=\"link\" data-id=\"https:\/\/agora.xtec.cat\/iedecaldes\/wp-content\/uploads\/usu3054\/2024\/08\/dossier-families-CS.pdf\" target=\"_blank\" rel=\"noreferrer noopener\">Dossier fam\u00edlies 5\u00e8 i 6\u00e8 PRIM\u00c0RIA<\/a><\/p>\n<p><a href=\"https:\/\/agora.xtec.cat\/iedecaldes\/wp-content\/uploads\/usu3054\/2025\/07\/Dossier-families-ESO-25-26.pdf\" data-type=\"link\" data-id=\"https:\/\/agora.xtec.cat\/iedecaldes\/wp-content\/uploads\/usu3054\/2024\/08\/dossier-families-ESO.pdf\"&hellip;  <a href=\"https:\/\/agora.xtec.cat\/iedecaldes\/dossiers-dinici-de-curs\/\" title=\"Read Dossiers d&#8217;inici de curs\">Llegeix m\u00e9s\u00bb<\/a><\/p>\n","protected":false},"author":1,"featured_media":0,"parent":0,"menu_order":0,"comment_status":"closed","ping_status":"close","template":"","meta":{"footnotes":""},"class_list":["post-512","page","type-page","status-publish","hentry"],"post_mailing_queue_ids":[],"_links":{"self":[{"href":"https:\/\/agora.xtec.cat\/iedecaldes\/wp-json\/wp\/v2\/pages\/512","targetHints":{"allow":["GET"]}}],"collection":[{"href":"https:\/\/agora.xtec.cat\/iedecaldes\/wp-json\/wp\/v2\/pages"}],"about":[{"href":"https:\/\/agora.xtec.cat\/iedecaldes\/wp-json\/wp\/v2\/types\/page"}],"author":[{"embeddable":true,"href":"https:\/\/agora.xtec.cat\/iedecaldes\/wp-json\/wp\/v2\/users\/1"}],"replies":[{"embeddable":true,"href":"https:\/\/agora.xtec.cat\/iedecaldes\/wp-json\/wp\/v2\/comments?post=512"}],"version-history":[{"count":4,"href":"https:\/\/agora.xtec.cat\/iedecaldes\/wp-json\/wp\/v2\/pages\/512\/revisions"}],"predecessor-version":[{"id":881,"href":"https:\/\/agora.xtec.cat\/iedecaldes\/wp-json\/wp\/v2\/pages\/512\/revisions\/881"}],"wp:attachment":[{"href":"https:\/\/agora.xtec.cat\/iedecaldes\/wp-json\/wp\/v2\/media?parent=512"}],"curies":[{"name":"wp","href":"https:\/\/api.w.org\/{rel}","templated":true}]}}