{"id":34,"date":"2014-09-18T12:32:18","date_gmt":"2014-09-18T11:32:18","guid":{"rendered":"http:\/\/agora.xtec.cat\/iedecaldes\/?page_id=34"},"modified":"2025-07-29T10:09:28","modified_gmt":"2025-07-29T08:09:28","slug":"oferta-educativa","status":"publish","type":"page","link":"https:\/\/agora.xtec.cat\/iedecaldes\/lescola\/oferta-educativa\/","title":{"rendered":"Oferta educativa"},"content":{"rendered":"\n<p>L\u2019oferta formativa actual, curs 2025\/2026, \u00e9s la seg\u00fcent:<\/p>\n\n\n\n<p>\u2013 1 l\u00ednia de P3 a 6\u00e8 de Prim\u00e0ria.<\/p>\n\n\n\n<p>\u2013 2 l\u00ednies de 1r a 4t d\u2019ESO.<\/p>\n\n\n\n<p>\u2013 1 SIEI<\/p>\n","protected":false},"excerpt":{"rendered":"<p>L\u2019oferta formativa actual, curs 2025\/2026, \u00e9s la seg\u00fcent:<\/p>\n<p>\u2013 1 l\u00ednia de P3 a 6\u00e8 de Prim\u00e0ria.<\/p>\n<p>\u2013 2 l\u00ednies de 1r a 4t d\u2019ESO.<\/p>\n<p>\u2013 1 SIEI<\/p>\n","protected":false},"author":1,"featured_media":0,"parent":22,"menu_order":60,"comment_status":"closed","ping_status":"closed","template":"page-templates\/side-menu.php","meta":{"footnotes":""},"class_list":["post-34","page","type-page","status-publish","hentry"],"post_mailing_queue_ids":[],"_links":{"self":[{"href":"https:\/\/agora.xtec.cat\/iedecaldes\/wp-json\/wp\/v2\/pages\/34","targetHints":{"allow":["GET"]}}],"collection":[{"href":"https:\/\/agora.xtec.cat\/iedecaldes\/wp-json\/wp\/v2\/pages"}],"about":[{"href":"https:\/\/agora.xtec.cat\/iedecaldes\/wp-json\/wp\/v2\/types\/page"}],"author":[{"embeddable":true,"href":"https:\/\/agora.xtec.cat\/iedecaldes\/wp-json\/wp\/v2\/users\/1"}],"replies":[{"embeddable":true,"href":"https:\/\/agora.xtec.cat\/iedecaldes\/wp-json\/wp\/v2\/comments?post=34"}],"version-history":[{"count":3,"href":"https:\/\/agora.xtec.cat\/iedecaldes\/wp-json\/wp\/v2\/pages\/34\/revisions"}],"predecessor-version":[{"id":870,"href":"https:\/\/agora.xtec.cat\/iedecaldes\/wp-json\/wp\/v2\/pages\/34\/revisions\/870"}],"up":[{"embeddable":true,"href":"https:\/\/agora.xtec.cat\/iedecaldes\/wp-json\/wp\/v2\/pages\/22"}],"wp:attachment":[{"href":"https:\/\/agora.xtec.cat\/iedecaldes\/wp-json\/wp\/v2\/media?parent=34"}],"curies":[{"name":"wp","href":"https:\/\/api.w.org\/{rel}","templated":true}]}}