{"id":22114,"date":"2026-02-19T12:54:27","date_gmt":"2026-02-19T11:54:27","guid":{"rendered":"https:\/\/agora.xtec.cat\/iecomaruga\/?page_id=22114"},"modified":"2026-04-16T13:07:34","modified_gmt":"2026-04-16T11:07:34","slug":"radio","status":"publish","type":"page","link":"https:\/\/agora.xtec.cat\/iecomaruga\/projectes\/radio\/","title":{"rendered":"R\u00c0DIO"},"content":{"rendered":"\n<p><strong>Projecte de R\u00e0dio a 6\u00e8 de Prim\u00e0ria<\/strong>.<br>A 6\u00e8 de prim\u00e0ria fem els nostres primers passos com a professionals de la r\u00e0dio!\ud83c\udf99\ufe0f<\/p>\n\n\n\n<p>A l&#8217;escola,  l\u2019alumnat de 6\u00e8 s\u2019endinsa en el m\u00f3n de la r\u00e0dio per a con\u00e8ixer-ne els or\u00edgens, la seva evoluci\u00f3 al llarg dels anys, els diferents tipus de programes que existeixen, les persones que hi treballen&#8230;  A partir dels coneixements previs i de la informaci\u00f3 que es recull, es reflexiona sobre la import\u00e0ncia d\u2019aquest mitj\u00e0 de comunicaci\u00f3 i el paper que t\u00e9 avui dia.<br>Per enriquir l\u2019experi\u00e8ncia, realitzem una sortida al Museu de la R\u00e0dio Luis del Olmo, situat al Roc de Sant Gaiet\u00e0 (Roda de Ber\u00e0). Aquesta visita ens permet descobrir com ha evolucionat la r\u00e0dio al llarg del temps i ens inspira per a comen\u00e7ar a crear els nostres propis programes de r\u00e0dio.<\/p>\n\n\n\n<p>Despr\u00e9s, es passa a la part m\u00e9s pr\u00e0ctica i creativa del projecte. Aquesta \u00e9s la part m\u00e9s vivencial del projecte on l\u2019alumnat apr\u00e8n com es construeix un programa de r\u00e0dio des de dins. Treballant en petits grups, posen en pr\u00e0ctica la planificaci\u00f3, l\u2019expressi\u00f3 oral i la capacitat d\u2019organitzar idees per comunicar un missatge de manera clara i atractiva.<br>Durant aquest proc\u00e9s, desenvolupen habilitats com la creativitat, el treball en equip, l\u2019escolta activa i la confian\u00e7a en les pr\u00f2pies capacitats, convertint-se en protagonistes del seu propi aprenentatge.<\/p>\n\n\n\n<p>El resultat final \u00e9s molt m\u00e9s que una gravaci\u00f3: \u00e9s una experi\u00e8ncia que els permet donar veu a les seves idees i descobrir tot all\u00f2 que hi ha darrere del m\u00f3n de la comunicaci\u00f3.<\/p>\n\n\n\n<p>Un projecte que dona veu al nostre alumnat i els permet aprendre\u2026 comunicant!<\/p>\n\n\n\n<p><strong>Trobareu els programes fent clic a la icona \ud83c\udfb5 de la p\u00e0gina principal.<\/strong><\/p>\n\n\n\n<p><\/p>\n","protected":false},"excerpt":{"rendered":"<p>Projecte de R\u00e0dio a 6\u00e8 de Prim\u00e0ria.A 6\u00e8 de prim\u00e0ria fem els nostres primers passos com a professionals de la r\u00e0dio!\ud83c\udf99\ufe0f A l&#8217;escola, l\u2019alumnat de 6\u00e8 s\u2019endinsa en el m\u00f3n de la r\u00e0dio per a con\u00e8ixer-ne els or\u00edgens, la seva evoluci\u00f3 al llarg dels anys, els diferents tipus de programes que existeixen, les persones que [&hellip;]<\/p>\n","protected":false},"author":38,"featured_media":0,"parent":22095,"menu_order":0,"comment_status":"closed","ping_status":"close","template":"","meta":{"_bbp_topic_count":0,"_bbp_reply_count":0,"_bbp_total_topic_count":0,"_bbp_total_reply_count":0,"_bbp_voice_count":0,"_bbp_anonymous_reply_count":0,"_bbp_topic_count_hidden":0,"_bbp_reply_count_hidden":0,"_bbp_forum_subforum_count":0,"site-sidebar-layout":"default","site-content-layout":"","ast-site-content-layout":"default","site-content-style":"default","site-sidebar-style":"default","ast-global-header-display":"","ast-banner-title-visibility":"","ast-main-header-display":"","ast-hfb-above-header-display":"","ast-hfb-below-header-display":"","ast-hfb-mobile-header-display":"","site-post-title":"","ast-breadcrumbs-content":"","ast-featured-img":"","footer-sml-layout":"","theme-transparent-header-meta":"","adv-header-id-meta":"","stick-header-meta":"","header-above-stick-meta":"","header-main-stick-meta":"","header-below-stick-meta":"","astra-migrate-meta-layouts":"set","ast-page-background-enabled":"default","ast-page-background-meta":{"desktop":{"background-color":"var(--ast-global-color-4)","background-image":"","background-repeat":"repeat","background-position":"center center","background-size":"auto","background-attachment":"scroll","background-type":"","background-media":"","overlay-type":"","overlay-color":"","overlay-opacity":"","overlay-gradient":""},"tablet":{"background-color":"","background-image":"","background-repeat":"repeat","background-position":"center center","background-size":"auto","background-attachment":"scroll","background-type":"","background-media":"","overlay-type":"","overlay-color":"","overlay-opacity":"","overlay-gradient":""},"mobile":{"background-color":"","background-image":"","background-repeat":"repeat","background-position":"center center","background-size":"auto","background-attachment":"scroll","background-type":"","background-media":"","overlay-type":"","overlay-color":"","overlay-opacity":"","overlay-gradient":""}},"ast-content-background-meta":{"desktop":{"background-color":"var(--ast-global-color-5)","background-image":"","background-repeat":"repeat","background-position":"center center","background-size":"auto","background-attachment":"scroll","background-type":"","background-media":"","overlay-type":"","overlay-color":"","overlay-opacity":"","overlay-gradient":""},"tablet":{"background-color":"var(--ast-global-color-5)","background-image":"","background-repeat":"repeat","background-position":"center center","background-size":"auto","background-attachment":"scroll","background-type":"","background-media":"","overlay-type":"","overlay-color":"","overlay-opacity":"","overlay-gradient":""},"mobile":{"background-color":"var(--ast-global-color-5)","background-image":"","background-repeat":"repeat","background-position":"center center","background-size":"auto","background-attachment":"scroll","background-type":"","background-media":"","overlay-type":"","overlay-color":"","overlay-opacity":"","overlay-gradient":""}},"footnotes":""},"class_list":["post-22114","page","type-page","status-publish","hentry"],"post_mailing_queue_ids":[],"_links":{"self":[{"href":"https:\/\/agora.xtec.cat\/iecomaruga\/wp-json\/wp\/v2\/pages\/22114","targetHints":{"allow":["GET"]}}],"collection":[{"href":"https:\/\/agora.xtec.cat\/iecomaruga\/wp-json\/wp\/v2\/pages"}],"about":[{"href":"https:\/\/agora.xtec.cat\/iecomaruga\/wp-json\/wp\/v2\/types\/page"}],"author":[{"embeddable":true,"href":"https:\/\/agora.xtec.cat\/iecomaruga\/wp-json\/wp\/v2\/users\/38"}],"replies":[{"embeddable":true,"href":"https:\/\/agora.xtec.cat\/iecomaruga\/wp-json\/wp\/v2\/comments?post=22114"}],"version-history":[{"count":4,"href":"https:\/\/agora.xtec.cat\/iecomaruga\/wp-json\/wp\/v2\/pages\/22114\/revisions"}],"predecessor-version":[{"id":22347,"href":"https:\/\/agora.xtec.cat\/iecomaruga\/wp-json\/wp\/v2\/pages\/22114\/revisions\/22347"}],"up":[{"embeddable":true,"href":"https:\/\/agora.xtec.cat\/iecomaruga\/wp-json\/wp\/v2\/pages\/22095"}],"wp:attachment":[{"href":"https:\/\/agora.xtec.cat\/iecomaruga\/wp-json\/wp\/v2\/media?parent=22114"}],"curies":[{"name":"wp","href":"https:\/\/api.w.org\/{rel}","templated":true}]}}