{"id":22112,"date":"2026-02-19T12:54:06","date_gmt":"2026-02-19T11:54:06","guid":{"rendered":"https:\/\/agora.xtec.cat\/iecomaruga\/?page_id=22112"},"modified":"2026-03-05T13:18:02","modified_gmt":"2026-03-05T12:18:02","slug":"cantania","status":"publish","type":"page","link":"https:\/\/agora.xtec.cat\/iecomaruga\/projectes\/cantania\/","title":{"rendered":"CANT\u00c0NIA"},"content":{"rendered":"\n<figure class=\"wp-block-image size-large\"><a href=\"https:\/\/agora.xtec.cat\/iecomaruga\/wp-content\/uploads\/usu2173\/2022\/05\/WhatsApp-Image-2022-05-25-at-18.07.25.jpeg\"><img loading=\"lazy\" decoding=\"async\" width=\"1024\" height=\"473\" src=\"https:\/\/agora.xtec.cat\/iecomaruga\/wp-content\/uploads\/usu2173\/2022\/05\/WhatsApp-Image-2022-05-25-at-18.07.25-1024x473.jpeg\" alt=\"\" class=\"wp-image-19563\" srcset=\"https:\/\/agora.xtec.cat\/iecomaruga\/wp-content\/uploads\/usu2173\/2022\/05\/WhatsApp-Image-2022-05-25-at-18.07.25-1024x473.jpeg 1024w, https:\/\/agora.xtec.cat\/iecomaruga\/wp-content\/uploads\/usu2173\/2022\/05\/WhatsApp-Image-2022-05-25-at-18.07.25-300x138.jpeg 300w, https:\/\/agora.xtec.cat\/iecomaruga\/wp-content\/uploads\/usu2173\/2022\/05\/WhatsApp-Image-2022-05-25-at-18.07.25-768x354.jpeg 768w, https:\/\/agora.xtec.cat\/iecomaruga\/wp-content\/uploads\/usu2173\/2022\/05\/WhatsApp-Image-2022-05-25-at-18.07.25.jpeg 1404w\" sizes=\"auto, (max-width: 1024px) 100vw, 1024px\" \/><\/a><\/figure>\n\n\n\n<p>El projecte <strong>Cant\u00e0nia<\/strong> \u00e9s una activitat musical participativa impulsada per <strong>L\u2019Auditori de Barcelona<\/strong>, en la qual participen milers d\u2019alumnes de prim\u00e0ria de diferents escoles cada any.<\/p>\n\n\n\n<p>Durant el curs, l\u2019alumnat prepara a l\u2019aula una cantata creada especialment per a aquest projecte, amb m\u00fasica i text d\u2019autors catalans. El treball musical inclou l\u2019aprenentatge de les can\u00e7ons, l\u2019expressi\u00f3 esc\u00e8nica i el treball coral.<\/p>\n\n\n\n<p>El projecte culmina amb un <strong>concert final al Teatre Municipal \u00c0ngel Guimer\u00e0<\/strong>, on els alumnes interpreten la cantata conjuntament amb altres escoles i amb l\u2019acompanyament de m\u00fasics professionals. Aquesta experi\u00e8ncia permet viure la m\u00fasica com una activitat col\u00b7lectiva i art\u00edstica \u00fanica.<\/p>\n","protected":false},"excerpt":{"rendered":"<p>El projecte Cant\u00e0nia \u00e9s una activitat musical participativa impulsada per L\u2019Auditori de Barcelona, en la qual participen milers d\u2019alumnes de prim\u00e0ria de diferents escoles cada any. Durant el curs, l\u2019alumnat prepara a l\u2019aula una cantata creada especialment per a aquest projecte, amb m\u00fasica i text d\u2019autors catalans. El treball musical inclou l\u2019aprenentatge de les can\u00e7ons, [&hellip;]<\/p>\n","protected":false},"author":38,"featured_media":19563,"parent":22095,"menu_order":0,"comment_status":"closed","ping_status":"close","template":"","meta":{"_bbp_topic_count":0,"_bbp_reply_count":0,"_bbp_total_topic_count":0,"_bbp_total_reply_count":0,"_bbp_voice_count":0,"_bbp_anonymous_reply_count":0,"_bbp_topic_count_hidden":0,"_bbp_reply_count_hidden":0,"_bbp_forum_subforum_count":0,"site-sidebar-layout":"default","site-content-layout":"","ast-site-content-layout":"default","site-content-style":"default","site-sidebar-style":"default","ast-global-header-display":"","ast-banner-title-visibility":"","ast-main-header-display":"","ast-hfb-above-header-display":"","ast-hfb-below-header-display":"","ast-hfb-mobile-header-display":"","site-post-title":"","ast-breadcrumbs-content":"","ast-featured-img":"","footer-sml-layout":"","theme-transparent-header-meta":"","adv-header-id-meta":"","stick-header-meta":"","header-above-stick-meta":"","header-main-stick-meta":"","header-below-stick-meta":"","astra-migrate-meta-layouts":"set","ast-page-background-enabled":"default","ast-page-background-meta":{"desktop":{"background-color":"var(--ast-global-color-4)","background-image":"","background-repeat":"repeat","background-position":"center center","background-size":"auto","background-attachment":"scroll","background-type":"","background-media":"","overlay-type":"","overlay-color":"","overlay-opacity":"","overlay-gradient":""},"tablet":{"background-color":"","background-image":"","background-repeat":"repeat","background-position":"center center","background-size":"auto","background-attachment":"scroll","background-type":"","background-media":"","overlay-type":"","overlay-color":"","overlay-opacity":"","overlay-gradient":""},"mobile":{"background-color":"","background-image":"","background-repeat":"repeat","background-position":"center center","background-size":"auto","background-attachment":"scroll","background-type":"","background-media":"","overlay-type":"","overlay-color":"","overlay-opacity":"","overlay-gradient":""}},"ast-content-background-meta":{"desktop":{"background-color":"var(--ast-global-color-5)","background-image":"","background-repeat":"repeat","background-position":"center center","background-size":"auto","background-attachment":"scroll","background-type":"","background-media":"","overlay-type":"","overlay-color":"","overlay-opacity":"","overlay-gradient":""},"tablet":{"background-color":"var(--ast-global-color-5)","background-image":"","background-repeat":"repeat","background-position":"center center","background-size":"auto","background-attachment":"scroll","background-type":"","background-media":"","overlay-type":"","overlay-color":"","overlay-opacity":"","overlay-gradient":""},"mobile":{"background-color":"var(--ast-global-color-5)","background-image":"","background-repeat":"repeat","background-position":"center center","background-size":"auto","background-attachment":"scroll","background-type":"","background-media":"","overlay-type":"","overlay-color":"","overlay-opacity":"","overlay-gradient":""}},"footnotes":""},"class_list":["post-22112","page","type-page","status-publish","has-post-thumbnail","hentry"],"post_mailing_queue_ids":[],"_links":{"self":[{"href":"https:\/\/agora.xtec.cat\/iecomaruga\/wp-json\/wp\/v2\/pages\/22112","targetHints":{"allow":["GET"]}}],"collection":[{"href":"https:\/\/agora.xtec.cat\/iecomaruga\/wp-json\/wp\/v2\/pages"}],"about":[{"href":"https:\/\/agora.xtec.cat\/iecomaruga\/wp-json\/wp\/v2\/types\/page"}],"author":[{"embeddable":true,"href":"https:\/\/agora.xtec.cat\/iecomaruga\/wp-json\/wp\/v2\/users\/38"}],"replies":[{"embeddable":true,"href":"https:\/\/agora.xtec.cat\/iecomaruga\/wp-json\/wp\/v2\/comments?post=22112"}],"version-history":[{"count":2,"href":"https:\/\/agora.xtec.cat\/iecomaruga\/wp-json\/wp\/v2\/pages\/22112\/revisions"}],"predecessor-version":[{"id":22268,"href":"https:\/\/agora.xtec.cat\/iecomaruga\/wp-json\/wp\/v2\/pages\/22112\/revisions\/22268"}],"up":[{"embeddable":true,"href":"https:\/\/agora.xtec.cat\/iecomaruga\/wp-json\/wp\/v2\/pages\/22095"}],"wp:featuredmedia":[{"embeddable":true,"href":"https:\/\/agora.xtec.cat\/iecomaruga\/wp-json\/wp\/v2\/media\/19563"}],"wp:attachment":[{"href":"https:\/\/agora.xtec.cat\/iecomaruga\/wp-json\/wp\/v2\/media?parent=22112"}],"curies":[{"name":"wp","href":"https:\/\/api.w.org\/{rel}","templated":true}]}}