{"id":22,"date":"2014-09-18T12:19:57","date_gmt":"2014-09-18T11:19:57","guid":{"rendered":"http:\/\/agora.xtec.cat\/iecomaruga\/?page_id=22"},"modified":"2026-02-19T12:50:38","modified_gmt":"2026-02-19T11:50:38","slug":"linstitutescola","status":"publish","type":"page","link":"https:\/\/agora.xtec.cat\/iecomaruga\/linstitutescola\/","title":{"rendered":"L&#8217;INSTITUT ESCOLA"},"content":{"rendered":"\n<p>L\u2019Institut Escola Coma-ruga neix de la fusi\u00f3 de les dues escoles, Escola Pla de Mar i<br>Escola Els Secallets, del barri mar\u00edtim de Coma-ruga situat al Vendrell.<br>L\u2019Institut Escola Coma-ruga \u00e9s un centre p\u00fablic de la Generalitat de Catalunya i el seu<br>funcionament t\u00e9 car\u00e0cter de servei p\u00fablic. \u00c9s una instituci\u00f3\u0301:<\/p>\n\n\n\n<ul class=\"wp-block-list\">\n<li>catalana<\/li>\n\n\n\n<li>acollidora<\/li>\n\n\n\n<li>integradora<\/li>\n\n\n\n<li>laica<\/li>\n\n\n\n<li>gratu\u00efta<\/li>\n\n\n\n<li>no discriminat\u00f2ria<\/li>\n\n\n\n<li>lliure<\/li>\n\n\n\n<li>democr\u00e0tica<br><\/li>\n<\/ul>\n\n\n\n<p>L\u2019Institut Escola, com qualsevol altra organitzaci\u00f3 social, necessita establir les seves<br>directrius i pautes d\u2019actuaci\u00f3 per tal de desenvolupar un treball racional i efica\u00e7.<br>L\u2019IE Coma-ruga \u00e9s un centre de doble l\u00ednia amb alguns grups triplicats ja que \u00e9s centre<br>\u00fanic de l\u2019\u00e0rea educativa de platges, \u00e9s a dir, acull l\u2019alumnat dels barris mar\u00edtims de<br>Coma-ruga, Sant Salvador i El Franc\u00e0s, a m\u00e9s de les urbanitzacions Torreblanca,<br>Mas Astor, El Roman\u00ed i Mas Borr\u00e0s.<br>L\u2019objectiu primer \u00e9s crear una l\u00ednia metodol\u00f2gica seguint els principis pedag\u00f2gics de<br>l\u2019antiga escola Pla de Mar afegint aquelles pr\u00e0ctiques educatives d\u2019\u00e8xit de l\u2019escola<br>Secallets i les noves propostes que es derivin d\u2019incloure una nova etapa educativa.<br>S\u2019han tingut en compte tamb\u00e9, l\u2019experi\u00e8ncia docent compartida entre el professorat,<br>la composici\u00f3 sociocultural de l\u2019alumnat i les seves fam\u00edlies, la dimensi\u00f3 social del<br>centre, la relaci\u00f3 amb d\u2019altres institucions i l\u2019entorn natural, social i geogr\u00e0fic on est\u00e0<br>arrelada l\u2019escola<br>L\u2019IE anir\u00e0 creixent progressivament implantant els cursos que pujaran de l\u2019ESO.<br>L\u2019edifici \u00fanic nom\u00e9s \u00e9s un projecte de futur sense data que s\u2019ubicar\u00e0 a la futura zona<br>educativa de Coma-ruga i partint de l\u2019edifici de l\u2019antiga escola Pla de Mar.<\/p>\n\n\n\n<p>Per tal d\u2019assumir aquesta situaci\u00f3 provisional, ubiquem els i les alumnes repartits en<br>els dos edificis (organitzaci\u00f3 segons grups assignats a cada curs escolar i ampliacions<br>d\u2019espais).<br><strong>EDIFICI VERD (C\/ Ocells, 27) i Edifici Seu.<\/strong><\/p>\n\n\n\n<p><br>Hi ha la previsi\u00f3 de la instal\u00b7laci\u00f3 d\u2019un m\u00f2dul prefabricat al pati de l\u2019Edifici verd. El<br>m\u00f2dul constar\u00e0 de 6 aules i un espai de lavabos.<br><strong>EDIFICI BLAU (Av. Parlament de Catalunya, 5-7)<\/strong><\/p>\n\n\n\n<p><\/p>\n","protected":false},"excerpt":{"rendered":"<p>L\u2019Institut Escola Coma-ruga neix de la fusi\u00f3 de les dues escoles, Escola Pla de Mar iEscola Els Secallets, del barri mar\u00edtim de Coma-ruga situat al Vendrell.L\u2019Institut Escola Coma-ruga \u00e9s un centre p\u00fablic de la Generalitat de Catalunya i el seufuncionament t\u00e9 car\u00e0cter de servei p\u00fablic. \u00c9s una instituci\u00f3\u0301: L\u2019Institut Escola, com qualsevol altra organitzaci\u00f3 social, [&hellip;]<\/p>\n","protected":false},"author":1,"featured_media":0,"parent":0,"menu_order":0,"comment_status":"closed","ping_status":"closed","template":"","meta":{"_bbp_topic_count":0,"_bbp_reply_count":0,"_bbp_total_topic_count":0,"_bbp_total_reply_count":0,"_bbp_voice_count":0,"_bbp_anonymous_reply_count":0,"_bbp_topic_count_hidden":0,"_bbp_reply_count_hidden":0,"_bbp_forum_subforum_count":0,"site-sidebar-layout":"default","site-content-layout":"","ast-site-content-layout":"default","site-content-style":"default","site-sidebar-style":"default","ast-global-header-display":"","ast-banner-title-visibility":"","ast-main-header-display":"","ast-hfb-above-header-display":"","ast-hfb-below-header-display":"","ast-hfb-mobile-header-display":"","site-post-title":"","ast-breadcrumbs-content":"","ast-featured-img":"","footer-sml-layout":"","theme-transparent-header-meta":"","adv-header-id-meta":"","stick-header-meta":"","header-above-stick-meta":"","header-main-stick-meta":"","header-below-stick-meta":"","astra-migrate-meta-layouts":"set","ast-page-background-enabled":"default","ast-page-background-meta":{"desktop":{"background-color":"var(--ast-global-color-4)","background-image":"","background-repeat":"repeat","background-position":"center center","background-size":"auto","background-attachment":"scroll","background-type":"","background-media":"","overlay-type":"","overlay-color":"","overlay-opacity":"","overlay-gradient":""},"tablet":{"background-color":"","background-image":"","background-repeat":"repeat","background-position":"center center","background-size":"auto","background-attachment":"scroll","background-type":"","background-media":"","overlay-type":"","overlay-color":"","overlay-opacity":"","overlay-gradient":""},"mobile":{"background-color":"","background-image":"","background-repeat":"repeat","background-position":"center center","background-size":"auto","background-attachment":"scroll","background-type":"","background-media":"","overlay-type":"","overlay-color":"","overlay-opacity":"","overlay-gradient":""}},"ast-content-background-meta":{"desktop":{"background-color":"var(--ast-global-color-5)","background-image":"","background-repeat":"repeat","background-position":"center center","background-size":"auto","background-attachment":"scroll","background-type":"","background-media":"","overlay-type":"","overlay-color":"","overlay-opacity":"","overlay-gradient":""},"tablet":{"background-color":"var(--ast-global-color-5)","background-image":"","background-repeat":"repeat","background-position":"center center","background-size":"auto","background-attachment":"scroll","background-type":"","background-media":"","overlay-type":"","overlay-color":"","overlay-opacity":"","overlay-gradient":""},"mobile":{"background-color":"var(--ast-global-color-5)","background-image":"","background-repeat":"repeat","background-position":"center center","background-size":"auto","background-attachment":"scroll","background-type":"","background-media":"","overlay-type":"","overlay-color":"","overlay-opacity":"","overlay-gradient":""}},"footnotes":""},"class_list":["post-22","page","type-page","status-publish","hentry"],"post_mailing_queue_ids":[],"_links":{"self":[{"href":"https:\/\/agora.xtec.cat\/iecomaruga\/wp-json\/wp\/v2\/pages\/22","targetHints":{"allow":["GET"]}}],"collection":[{"href":"https:\/\/agora.xtec.cat\/iecomaruga\/wp-json\/wp\/v2\/pages"}],"about":[{"href":"https:\/\/agora.xtec.cat\/iecomaruga\/wp-json\/wp\/v2\/types\/page"}],"author":[{"embeddable":true,"href":"https:\/\/agora.xtec.cat\/iecomaruga\/wp-json\/wp\/v2\/users\/1"}],"replies":[{"embeddable":true,"href":"https:\/\/agora.xtec.cat\/iecomaruga\/wp-json\/wp\/v2\/comments?post=22"}],"version-history":[{"count":2,"href":"https:\/\/agora.xtec.cat\/iecomaruga\/wp-json\/wp\/v2\/pages\/22\/revisions"}],"predecessor-version":[{"id":22100,"href":"https:\/\/agora.xtec.cat\/iecomaruga\/wp-json\/wp\/v2\/pages\/22\/revisions\/22100"}],"wp:attachment":[{"href":"https:\/\/agora.xtec.cat\/iecomaruga\/wp-json\/wp\/v2\/media?parent=22"}],"curies":[{"name":"wp","href":"https:\/\/api.w.org\/{rel}","templated":true}]}}