{"id":19857,"date":"2022-12-17T14:03:30","date_gmt":"2022-12-17T13:03:30","guid":{"rendered":"https:\/\/agora.xtec.cat\/iecomaruga\/?page_id=19857"},"modified":"2026-04-16T15:56:42","modified_gmt":"2026-04-16T13:56:42","slug":"documents-de-centre","status":"publish","type":"page","link":"https:\/\/agora.xtec.cat\/iecomaruga\/documents-de-centre\/","title":{"rendered":"Documents de Centre"},"content":{"rendered":"<p style=\"text-align: left;\"><a href=\"https:\/\/agora.xtec.cat\/iecomaruga\/wp-content\/uploads\/usu2173\/2021\/01\/PdD-Instiut-Escola-Coma-rugAA.pdf\">Projecte de Direcci\u00f3 Institut Escola Coma-ruga<\/a><\/p>\n<p><a href=\"https:\/\/drive.google.com\/file\/d\/1Qm-cqI9ET7L1ymXHGB5KZJdPkgTe67qZ\/view?usp=sharing\">PEC IE Coma-ruga<\/a><\/p>\n<p><a href=\"https:\/\/drive.google.com\/file\/d\/1xZm-PqrtdnBSLspgQX5xSbMwr0Q012if\/view?usp=sharing\">Programaci\u00f3 General Anual 25-26<\/a><\/p>\n<p><a href=\"https:\/\/drive.google.com\/file\/d\/1LMvdiyU3RJIFyRXmk-7jAS5gBZHz-2hu\/view?usp=sharing\">Mem\u00f2ria anual curs 24-25<\/a><\/p>\n<p><a href=\"https:\/\/drive.google.com\/file\/d\/1-wgfMNyWDT57BDsL0pH0hGmqZVTeLsKF\/view?usp=sharing\" target=\"_blank\" rel=\"noopener\">NOFC IE Coma-ruga<\/a><\/p>\n<p><a href=\"https:\/\/drive.google.com\/file\/d\/1dFC5rr3GzVS8gmjCRkaqhM15g7mpNrOm\/view?usp=drive_link\">Contracte cessi\u00f3 d&#8217;equipament inform\u00e0tic<\/a><\/p>\n<p><a href=\"https:\/\/drive.google.com\/file\/d\/1iXJbNXvBGYg6vjgRLn-UO041E_2zURDm\/view?usp=drive_link\">Carta comprom\u00eds i autoritzaci\u00f3 col\u00f2nies<\/a><\/p>\n<p><a href=\"https:\/\/drive.google.com\/file\/d\/1SdT5Tyq3NFrUvm8w7BfNeYYZ1w5P6tlZ\/view?usp=sharing\">Carta comprom\u00eds i autoritzaci\u00f3 viatge 4t ESO<\/a><\/p>\n<p><a href=\"https:\/\/drive.google.com\/file\/d\/1eXtDjYdd2_6xGyEiI_UmSjStFIznRJ_7\/view?usp=sharing\">Pla d&#8217;acollida de l&#8217;alumnat<\/a><\/p>\n<p><a href=\"https:\/\/drive.google.com\/file\/d\/1K7Bv_Mh_BzFdpu4nqzC6Fn3xpMzkTsiR\/view?usp=drive_link\">Document sol\u00b7licitud canvi de data prova<\/a><\/p>\n<p>Projecte ling\u00fc\u00edstic en actualitzaci\u00f3<\/p>\n<p><a href=\"https:\/\/agora.xtec.cat\/iecomaruga\/wp-content\/uploads\/usu2173\/2026\/04\/Dades-del-pressupost-10.pdf\">Dades del pressupost 2026<\/a><\/p>\n\n\n<p><\/p>\n","protected":false},"excerpt":{"rendered":"<p>Projecte de Direcci\u00f3 Institut Escola Coma-ruga PEC IE Coma-ruga Programaci\u00f3 General Anual 25-26 Mem\u00f2ria anual curs 24-25 NOFC IE Coma-ruga Contracte cessi\u00f3 d&#8217;equipament inform\u00e0tic Carta comprom\u00eds i autoritzaci\u00f3 col\u00f2nies Carta comprom\u00eds i autoritzaci\u00f3 viatge 4t ESO Pla d&#8217;acollida de l&#8217;alumnat Document sol\u00b7licitud canvi de data prova Projecte ling\u00fc\u00edstic en actualitzaci\u00f3 Dades del pressupost 2026<\/p>\n","protected":false},"author":5,"featured_media":0,"parent":0,"menu_order":0,"comment_status":"closed","ping_status":"closed","template":"","meta":{"_bbp_topic_count":0,"_bbp_reply_count":0,"_bbp_total_topic_count":0,"_bbp_total_reply_count":0,"_bbp_voice_count":0,"_bbp_anonymous_reply_count":0,"_bbp_topic_count_hidden":0,"_bbp_reply_count_hidden":0,"_bbp_forum_subforum_count":0,"site-sidebar-layout":"default","site-content-layout":"","ast-site-content-layout":"default","site-content-style":"default","site-sidebar-style":"default","ast-global-header-display":"","ast-banner-title-visibility":"","ast-main-header-display":"","ast-hfb-above-header-display":"","ast-hfb-below-header-display":"","ast-hfb-mobile-header-display":"","site-post-title":"","ast-breadcrumbs-content":"","ast-featured-img":"","footer-sml-layout":"","theme-transparent-header-meta":"","adv-header-id-meta":"","stick-header-meta":"","header-above-stick-meta":"","header-main-stick-meta":"","header-below-stick-meta":"","astra-migrate-meta-layouts":"set","ast-page-background-enabled":"default","ast-page-background-meta":{"desktop":{"background-color":"var(--ast-global-color-4)","background-image":"","background-repeat":"repeat","background-position":"center center","background-size":"auto","background-attachment":"scroll","background-type":"","background-media":"","overlay-type":"","overlay-color":"","overlay-opacity":"","overlay-gradient":""},"tablet":{"background-color":"","background-image":"","background-repeat":"repeat","background-position":"center center","background-size":"auto","background-attachment":"scroll","background-type":"","background-media":"","overlay-type":"","overlay-color":"","overlay-opacity":"","overlay-gradient":""},"mobile":{"background-color":"","background-image":"","background-repeat":"repeat","background-position":"center center","background-size":"auto","background-attachment":"scroll","background-type":"","background-media":"","overlay-type":"","overlay-color":"","overlay-opacity":"","overlay-gradient":""}},"ast-content-background-meta":{"desktop":{"background-color":"var(--ast-global-color-5)","background-image":"","background-repeat":"repeat","background-position":"center center","background-size":"auto","background-attachment":"scroll","background-type":"","background-media":"","overlay-type":"","overlay-color":"","overlay-opacity":"","overlay-gradient":""},"tablet":{"background-color":"var(--ast-global-color-5)","background-image":"","background-repeat":"repeat","background-position":"center center","background-size":"auto","background-attachment":"scroll","background-type":"","background-media":"","overlay-type":"","overlay-color":"","overlay-opacity":"","overlay-gradient":""},"mobile":{"background-color":"var(--ast-global-color-5)","background-image":"","background-repeat":"repeat","background-position":"center center","background-size":"auto","background-attachment":"scroll","background-type":"","background-media":"","overlay-type":"","overlay-color":"","overlay-opacity":"","overlay-gradient":""}},"footnotes":""},"class_list":["post-19857","page","type-page","status-publish","hentry"],"post_mailing_queue_ids":[],"_links":{"self":[{"href":"https:\/\/agora.xtec.cat\/iecomaruga\/wp-json\/wp\/v2\/pages\/19857","targetHints":{"allow":["GET"]}}],"collection":[{"href":"https:\/\/agora.xtec.cat\/iecomaruga\/wp-json\/wp\/v2\/pages"}],"about":[{"href":"https:\/\/agora.xtec.cat\/iecomaruga\/wp-json\/wp\/v2\/types\/page"}],"author":[{"embeddable":true,"href":"https:\/\/agora.xtec.cat\/iecomaruga\/wp-json\/wp\/v2\/users\/5"}],"replies":[{"embeddable":true,"href":"https:\/\/agora.xtec.cat\/iecomaruga\/wp-json\/wp\/v2\/comments?post=19857"}],"version-history":[{"count":6,"href":"https:\/\/agora.xtec.cat\/iecomaruga\/wp-json\/wp\/v2\/pages\/19857\/revisions"}],"predecessor-version":[{"id":22350,"href":"https:\/\/agora.xtec.cat\/iecomaruga\/wp-json\/wp\/v2\/pages\/19857\/revisions\/22350"}],"wp:attachment":[{"href":"https:\/\/agora.xtec.cat\/iecomaruga\/wp-json\/wp\/v2\/media?parent=19857"}],"curies":[{"name":"wp","href":"https:\/\/api.w.org\/{rel}","templated":true}]}}