{"id":8607,"date":"2019-10-17T16:40:59","date_gmt":"2019-10-17T14:40:59","guid":{"rendered":"http:\/\/agora.xtec.cat\/iecastell\/?page_id=8607"},"modified":"2019-10-17T16:40:59","modified_gmt":"2019-10-17T14:40:59","slug":"bones-practiques-en-el-tractament-de-problemes-i-conflictes","status":"publish","type":"page","link":"https:\/\/agora.xtec.cat\/iecastell\/bones-practiques-en-el-tractament-de-problemes-i-conflictes\/","title":{"rendered":"BONES PR\u00c0CTIQUES EN EL TRACTAMENT DE PROBLEMES I CONFLICTES"},"content":{"rendered":"<p><a href=\"https:\/\/agora.xtec.cat\/iecastell\/wp-content\/uploads\/usu288\/2019\/10\/resolucioconflicteslescola.jpg\"><img loading=\"lazy\" decoding=\"async\" class=\"wp-image-8608 aligncenter\" src=\"https:\/\/agora.xtec.cat\/iecastell\/wp-content\/uploads\/usu288\/2019\/10\/resolucioconflicteslescola-1024x299.jpg\" alt=\"\" width=\"630\" height=\"184\" srcset=\"https:\/\/agora.xtec.cat\/iecastell\/wp-content\/uploads\/usu288\/2019\/10\/resolucioconflicteslescola-1024x299.jpg 1024w, https:\/\/agora.xtec.cat\/iecastell\/wp-content\/uploads\/usu288\/2019\/10\/resolucioconflicteslescola-300x88.jpg 300w, https:\/\/agora.xtec.cat\/iecastell\/wp-content\/uploads\/usu288\/2019\/10\/resolucioconflicteslescola-768x224.jpg 768w, https:\/\/agora.xtec.cat\/iecastell\/wp-content\/uploads\/usu288\/2019\/10\/resolucioconflicteslescola.jpg 1200w\" sizes=\"auto, (max-width: 630px) 100vw, 630px\" \/><\/a><\/p>\n<ul>\n<li>Els problemes i conflictes s\u00f3n <strong><u>inherents a qualsevol centre<\/u><\/strong> educatiu i hem de saber conviure amb ells i gestionar-los de manera adequada.<\/li>\n<li>Tal com diuen les NOFC, hem de <strong><u>dirigir-nos sempre primer al tutor o tutora<\/u><\/strong>. Si el problema no es resol podem optar per demanar entrevista a algun membre de l&#8217;equip directiu.<\/li>\n<li><strong><u>No hem de fer mai difusi\u00f3<\/u><\/strong><u> dels problemes per les xarxes socials<\/u>.<\/li>\n<li>Hem d&#8217;aplicar el <strong><u>principi de reducci\u00f3<\/u><\/strong> dels problemes: no fer-los m\u00e9s grans, no dramatitzar-los.<\/li>\n<li>Han d&#8217;<strong><u>intervenir-hi les persones implicades<\/u><\/strong> o afectades i no d&#8217;altres.<\/li>\n<li>Hem de <strong><u>tenir confian\u00e7a en el centre educatiu<\/u><\/strong> i en els seus professionals, tenim protocols establerts per treballar tot tipus de situacions.<\/li>\n<li>S&#8217;aplicar\u00e0 el <strong><u>principi de confidencialitat<\/u><\/strong> i per tant no es far\u00e0 difusi\u00f3 del problema. Aix\u00f2 pot donar la sensaci\u00f3 que no s&#8217;est\u00e0 actuant, per\u00f2 <u>sempre s&#8217;actua<\/u>.<\/li>\n<\/ul>\n<p style=\"text-align: center;\">\n<p style=\"text-align: center;\"><strong>RECORDEU!<\/strong><\/p>\n<p style=\"text-align: center;\"><strong>1<\/strong><\/p>\n<p style=\"text-align: center;\"><strong>En cas que tinguis alg\u00fan dubte, neguit o problema <u>dirigeix-te a la tutora\/or<\/u> del grup classe.<\/strong><\/p>\n<p style=\"text-align: center;\"><strong>\u00a0<\/strong><strong>2<\/strong><\/p>\n<p style=\"text-align: center;\"><strong><u>No facis difusi\u00f3<\/u><\/strong><strong> del tema a les xarxes socials, nom\u00e9s crear\u00e0 alarma i no ajudar\u00e0 a la seva resoluci\u00f3.<\/strong><\/p>\n<p style=\"text-align: center;\"><strong>\u00a0<\/strong><strong>3<\/strong><\/p>\n<p style=\"text-align: center;\"><strong><u>Si<\/u><\/strong><strong> el problema <u>persisteix<\/u>, pots:<\/strong><\/p>\n<p style=\"text-align: center;\">Dirigir-te a un membre de l\u2019equip de gesti\u00f3 del centre<\/p>\n<p style=\"text-align: center;\">\u00a0Fer una sugger\u00e8ncia, queixa o reclamaci\u00f3 per escrit dirigida al director del centre<\/p>\n<p style=\"text-align: center;\">\u00a0(NOFC\/48 8.2)<\/p>\n<p style=\"text-align: center;\"><strong>\u00a0<\/strong><strong>\u00a04<\/strong><\/p>\n<p style=\"text-align: center;\"><strong><u>Col\u00b7laborem tots i totes<\/u><\/strong><strong> per una bona conviv\u00e8ncia al centre educatiu<\/strong><\/p>\n<p style=\"text-align: center;\">\n<p>&nbsp;<\/p>\n","protected":false},"excerpt":{"rendered":"<p>Els problemes i conflictes s\u00f3n inherents a qualsevol centre educatiu i hem de saber conviure amb ells i gestionar-los de manera adequada. Tal com diuen les NOFC, hem de dirigir-nos sempre primer al tutor o tutora. Si el problema no es resol podem optar per demanar entrevista a algun membre de l&#8217;equip directiu. No hem [&hellip;]<\/p>\n","protected":false},"author":3,"featured_media":0,"parent":0,"menu_order":0,"comment_status":"closed","ping_status":"closed","template":"","meta":{"_bbp_topic_count":0,"_bbp_reply_count":0,"_bbp_total_topic_count":0,"_bbp_total_reply_count":0,"_bbp_voice_count":0,"_bbp_anonymous_reply_count":0,"_bbp_topic_count_hidden":0,"_bbp_reply_count_hidden":0,"_bbp_forum_subforum_count":0,"site-sidebar-layout":"default","site-content-layout":"","ast-site-content-layout":"","site-content-style":"default","site-sidebar-style":"default","ast-global-header-display":"","ast-banner-title-visibility":"","ast-main-header-display":"","ast-hfb-above-header-display":"","ast-hfb-below-header-display":"","ast-hfb-mobile-header-display":"","site-post-title":"","ast-breadcrumbs-content":"","ast-featured-img":"","footer-sml-layout":"","theme-transparent-header-meta":"","adv-header-id-meta":"","stick-header-meta":"","header-above-stick-meta":"","header-main-stick-meta":"","header-below-stick-meta":"","astra-migrate-meta-layouts":"default","ast-page-background-enabled":"default","ast-page-background-meta":{"desktop":{"background-color":"var(--ast-global-color-4)","background-image":"","background-repeat":"repeat","background-position":"center center","background-size":"auto","background-attachment":"scroll","background-type":"","background-media":"","overlay-type":"","overlay-color":"","overlay-opacity":"","overlay-gradient":""},"tablet":{"background-color":"","background-image":"","background-repeat":"repeat","background-position":"center center","background-size":"auto","background-attachment":"scroll","background-type":"","background-media":"","overlay-type":"","overlay-color":"","overlay-opacity":"","overlay-gradient":""},"mobile":{"background-color":"","background-image":"","background-repeat":"repeat","background-position":"center center","background-size":"auto","background-attachment":"scroll","background-type":"","background-media":"","overlay-type":"","overlay-color":"","overlay-opacity":"","overlay-gradient":""}},"ast-content-background-meta":{"desktop":{"background-color":"var(--ast-global-color-5)","background-image":"","background-repeat":"repeat","background-position":"center center","background-size":"auto","background-attachment":"scroll","background-type":"","background-media":"","overlay-type":"","overlay-color":"","overlay-opacity":"","overlay-gradient":""},"tablet":{"background-color":"var(--ast-global-color-5)","background-image":"","background-repeat":"repeat","background-position":"center center","background-size":"auto","background-attachment":"scroll","background-type":"","background-media":"","overlay-type":"","overlay-color":"","overlay-opacity":"","overlay-gradient":""},"mobile":{"background-color":"var(--ast-global-color-5)","background-image":"","background-repeat":"repeat","background-position":"center center","background-size":"auto","background-attachment":"scroll","background-type":"","background-media":"","overlay-type":"","overlay-color":"","overlay-opacity":"","overlay-gradient":""}},"footnotes":""},"class_list":["post-8607","page","type-page","status-publish","hentry"],"post_mailing_queue_ids":[],"_links":{"self":[{"href":"https:\/\/agora.xtec.cat\/iecastell\/wp-json\/wp\/v2\/pages\/8607","targetHints":{"allow":["GET"]}}],"collection":[{"href":"https:\/\/agora.xtec.cat\/iecastell\/wp-json\/wp\/v2\/pages"}],"about":[{"href":"https:\/\/agora.xtec.cat\/iecastell\/wp-json\/wp\/v2\/types\/page"}],"author":[{"embeddable":true,"href":"https:\/\/agora.xtec.cat\/iecastell\/wp-json\/wp\/v2\/users\/3"}],"replies":[{"embeddable":true,"href":"https:\/\/agora.xtec.cat\/iecastell\/wp-json\/wp\/v2\/comments?post=8607"}],"version-history":[{"count":1,"href":"https:\/\/agora.xtec.cat\/iecastell\/wp-json\/wp\/v2\/pages\/8607\/revisions"}],"predecessor-version":[{"id":8609,"href":"https:\/\/agora.xtec.cat\/iecastell\/wp-json\/wp\/v2\/pages\/8607\/revisions\/8609"}],"wp:attachment":[{"href":"https:\/\/agora.xtec.cat\/iecastell\/wp-json\/wp\/v2\/media?parent=8607"}],"curies":[{"name":"wp","href":"https:\/\/api.w.org\/{rel}","templated":true}]}}