{"id":63,"date":"2014-09-18T10:06:31","date_gmt":"2014-09-18T10:06:31","guid":{"rendered":"http:\/\/agora.xtec.cat\/iecastell\/?page_id=63"},"modified":"2017-04-02T21:00:51","modified_gmt":"2017-04-02T19:00:51","slug":"serveis","status":"publish","type":"page","link":"https:\/\/agora.xtec.cat\/iecastell\/serveis\/","title":{"rendered":"Serveis"},"content":{"rendered":"<p style=\"color: #444444; text-align: center;\"><a href=\"http:\/\/agora.xtec.cat\/iecastell\/wp-content\/uploads\/usu288\/2014\/09\/jumping-healthy-kids.jpg\"><img loading=\"lazy\" decoding=\"async\" class=\"alignnone size-full wp-image-585\" src=\"http:\/\/agora.xtec.cat\/iecastell\/wp-content\/uploads\/usu288\/2014\/09\/jumping-healthy-kids.jpg\" alt=\"jumping-healthy-kids\" width=\"401\" height=\"245\" srcset=\"https:\/\/agora.xtec.cat\/iecastell\/wp-content\/uploads\/usu288\/2014\/09\/jumping-healthy-kids.jpg 401w, https:\/\/agora.xtec.cat\/iecastell\/wp-content\/uploads\/usu288\/2014\/09\/jumping-healthy-kids-300x183.jpg 300w\" sizes=\"auto, (max-width: 401px) 100vw, 401px\" \/><\/a><\/p>\n<p style=\"color: #444444;\">Gr\u00e0cies a la col\u00b7laboraci\u00f3 de l&#8217;AMPA l&#8217;Institut Escola pot oferir tota una s\u00e8rie de serveis d&#8217;atenci\u00f3 a les persones de la comunitat educativa (extraescolars, menjador, xerrades educatives, servei de biblioteca, casal d&#8217;estiu&#8230;). El Projecte Educatiu ser\u00e0 global tenint en compte totes les activitats que es desenvolupin en el centre, siguin o no en horari lectiu. D&#8217;aquesta manera qualsevol activitat es beneficiar\u00e0 de la cobertura del projecte i dels recursos del centre.<\/p>\n<p style=\"color: #444444;\">\n","protected":false},"excerpt":{"rendered":"<p>Gr\u00e0cies a la col\u00b7laboraci\u00f3 de l&#8217;AMPA l&#8217;Institut Escola pot oferir tota una s\u00e8rie de serveis d&#8217;atenci\u00f3 a les persones de la comunitat educativa (extraescolars, menjador, xerrades educatives, servei de biblioteca, casal d&#8217;estiu&#8230;). El Projecte Educatiu ser\u00e0 global tenint en compte totes les activitats que es desenvolupin en el centre, siguin o no en horari lectiu. [&hellip;]<\/p>\n","protected":false},"author":1,"featured_media":0,"parent":0,"menu_order":0,"comment_status":"closed","ping_status":"closed","template":"page-templates\/side-menu.php","meta":{"_bbp_topic_count":0,"_bbp_reply_count":0,"_bbp_total_topic_count":0,"_bbp_total_reply_count":0,"_bbp_voice_count":0,"_bbp_anonymous_reply_count":0,"_bbp_topic_count_hidden":0,"_bbp_reply_count_hidden":0,"_bbp_forum_subforum_count":0,"site-sidebar-layout":"default","site-content-layout":"","ast-site-content-layout":"","site-content-style":"default","site-sidebar-style":"default","ast-global-header-display":"","ast-banner-title-visibility":"","ast-main-header-display":"","ast-hfb-above-header-display":"","ast-hfb-below-header-display":"","ast-hfb-mobile-header-display":"","site-post-title":"","ast-breadcrumbs-content":"","ast-featured-img":"","footer-sml-layout":"","theme-transparent-header-meta":"","adv-header-id-meta":"","stick-header-meta":"","header-above-stick-meta":"","header-main-stick-meta":"","header-below-stick-meta":"","astra-migrate-meta-layouts":"default","ast-page-background-enabled":"default","ast-page-background-meta":{"desktop":{"background-color":"var(--ast-global-color-4)","background-image":"","background-repeat":"repeat","background-position":"center center","background-size":"auto","background-attachment":"scroll","background-type":"","background-media":"","overlay-type":"","overlay-color":"","overlay-opacity":"","overlay-gradient":""},"tablet":{"background-color":"","background-image":"","background-repeat":"repeat","background-position":"center center","background-size":"auto","background-attachment":"scroll","background-type":"","background-media":"","overlay-type":"","overlay-color":"","overlay-opacity":"","overlay-gradient":""},"mobile":{"background-color":"","background-image":"","background-repeat":"repeat","background-position":"center center","background-size":"auto","background-attachment":"scroll","background-type":"","background-media":"","overlay-type":"","overlay-color":"","overlay-opacity":"","overlay-gradient":""}},"ast-content-background-meta":{"desktop":{"background-color":"var(--ast-global-color-5)","background-image":"","background-repeat":"repeat","background-position":"center center","background-size":"auto","background-attachment":"scroll","background-type":"","background-media":"","overlay-type":"","overlay-color":"","overlay-opacity":"","overlay-gradient":""},"tablet":{"background-color":"var(--ast-global-color-5)","background-image":"","background-repeat":"repeat","background-position":"center center","background-size":"auto","background-attachment":"scroll","background-type":"","background-media":"","overlay-type":"","overlay-color":"","overlay-opacity":"","overlay-gradient":""},"mobile":{"background-color":"var(--ast-global-color-5)","background-image":"","background-repeat":"repeat","background-position":"center center","background-size":"auto","background-attachment":"scroll","background-type":"","background-media":"","overlay-type":"","overlay-color":"","overlay-opacity":"","overlay-gradient":""}},"footnotes":""},"class_list":["post-63","page","type-page","status-publish","hentry"],"post_mailing_queue_ids":[],"_links":{"self":[{"href":"https:\/\/agora.xtec.cat\/iecastell\/wp-json\/wp\/v2\/pages\/63","targetHints":{"allow":["GET"]}}],"collection":[{"href":"https:\/\/agora.xtec.cat\/iecastell\/wp-json\/wp\/v2\/pages"}],"about":[{"href":"https:\/\/agora.xtec.cat\/iecastell\/wp-json\/wp\/v2\/types\/page"}],"author":[{"embeddable":true,"href":"https:\/\/agora.xtec.cat\/iecastell\/wp-json\/wp\/v2\/users\/1"}],"replies":[{"embeddable":true,"href":"https:\/\/agora.xtec.cat\/iecastell\/wp-json\/wp\/v2\/comments?post=63"}],"version-history":[{"count":4,"href":"https:\/\/agora.xtec.cat\/iecastell\/wp-json\/wp\/v2\/pages\/63\/revisions"}],"predecessor-version":[{"id":587,"href":"https:\/\/agora.xtec.cat\/iecastell\/wp-json\/wp\/v2\/pages\/63\/revisions\/587"}],"wp:attachment":[{"href":"https:\/\/agora.xtec.cat\/iecastell\/wp-json\/wp\/v2\/media?parent=63"}],"curies":[{"name":"wp","href":"https:\/\/api.w.org\/{rel}","templated":true}]}}