{"id":547,"date":"2017-04-02T02:27:56","date_gmt":"2017-04-02T00:27:56","guid":{"rendered":"http:\/\/agora.xtec.cat\/iecastell\/?page_id=547"},"modified":"2022-07-13T12:17:59","modified_gmt":"2022-07-13T10:17:59","slug":"activitats-extraescolars","status":"publish","type":"page","link":"https:\/\/agora.xtec.cat\/iecastell\/activitats-extraescolars\/","title":{"rendered":"Activitats Extraescolars"},"content":{"rendered":"<p><a href=\"http:\/\/agora.xtec.cat\/iecastell\/wp-content\/uploads\/usu288\/2017\/04\/extrAESCOLARS-1-1.png\"><img loading=\"lazy\" decoding=\"async\" class=\"size-large wp-image-2197 aligncenter\" src=\"http:\/\/agora.xtec.cat\/iecastell\/wp-content\/uploads\/usu288\/2017\/04\/extrAESCOLARS-1-1.png\" alt=\"\" width=\"466\" height=\"225\" srcset=\"https:\/\/agora.xtec.cat\/iecastell\/wp-content\/uploads\/usu288\/2017\/04\/extrAESCOLARS-1-1.png 466w, https:\/\/agora.xtec.cat\/iecastell\/wp-content\/uploads\/usu288\/2017\/04\/extrAESCOLARS-1-1-300x145.png 300w\" sizes=\"auto, (max-width: 466px) 100vw, 466px\" \/><\/a>A l&#8217;enlla\u00e7 de la part inferior, trobareu la Revista d&#8217;extraescolars pel curs 2022-2023, preparada curosament des de l&#8217; AFAIEC i que \u00e9s un recull de la informaci\u00f3 detallada de cadascuna de les propostes d&#8217;activitats extraescolars a fer a l&#8217; IE Castellter\u00e7ol.<\/p>\n<p>Un inc\u00eds important \u00e9s en relaci\u00f3 a la LUDOTECA, la qual pel proper curs es reconverteix totalment i pren el nom de &#8220;Lleure conscient. Art Pl\u00e0stic i Esc\u00e8nic&#8221;.<\/p>\n<div>Esperem que us sigui \u00fatil i del vostre inter\u00e8s.<\/div>\n<div>\n<div><\/div>\n<\/div>\n<p>&nbsp;<\/p>\n<p style=\"text-align: center;\"><a href=\"https:\/\/agora.xtec.cat\/iecastell\/wp-content\/uploads\/usu288\/2022\/07\/Revista_Extraescolars_2022-2023.pdf\">Revista_Extraescolars_2022-2023<\/a><\/p>\n","protected":false},"excerpt":{"rendered":"<p>A l&#8217;enlla\u00e7 de la part inferior, trobareu la Revista d&#8217;extraescolars pel curs 2022-2023, preparada curosament des de l&#8217; AFAIEC i que \u00e9s un recull de la informaci\u00f3 detallada de cadascuna de les propostes d&#8217;activitats extraescolars a fer a l&#8217; IE Castellter\u00e7ol. Un inc\u00eds important \u00e9s en relaci\u00f3 a la LUDOTECA, la qual pel proper curs [&hellip;]<\/p>\n","protected":false},"author":3,"featured_media":0,"parent":0,"menu_order":0,"comment_status":"closed","ping_status":"closed","template":"","meta":{"_bbp_topic_count":0,"_bbp_reply_count":0,"_bbp_total_topic_count":0,"_bbp_total_reply_count":0,"_bbp_voice_count":0,"_bbp_anonymous_reply_count":0,"_bbp_topic_count_hidden":0,"_bbp_reply_count_hidden":0,"_bbp_forum_subforum_count":0,"site-sidebar-layout":"default","site-content-layout":"","ast-site-content-layout":"","site-content-style":"default","site-sidebar-style":"default","ast-global-header-display":"","ast-banner-title-visibility":"","ast-main-header-display":"","ast-hfb-above-header-display":"","ast-hfb-below-header-display":"","ast-hfb-mobile-header-display":"","site-post-title":"","ast-breadcrumbs-content":"","ast-featured-img":"","footer-sml-layout":"","theme-transparent-header-meta":"","adv-header-id-meta":"","stick-header-meta":"","header-above-stick-meta":"","header-main-stick-meta":"","header-below-stick-meta":"","astra-migrate-meta-layouts":"default","ast-page-background-enabled":"default","ast-page-background-meta":{"desktop":{"background-color":"var(--ast-global-color-4)","background-image":"","background-repeat":"repeat","background-position":"center center","background-size":"auto","background-attachment":"scroll","background-type":"","background-media":"","overlay-type":"","overlay-color":"","overlay-opacity":"","overlay-gradient":""},"tablet":{"background-color":"","background-image":"","background-repeat":"repeat","background-position":"center center","background-size":"auto","background-attachment":"scroll","background-type":"","background-media":"","overlay-type":"","overlay-color":"","overlay-opacity":"","overlay-gradient":""},"mobile":{"background-color":"","background-image":"","background-repeat":"repeat","background-position":"center center","background-size":"auto","background-attachment":"scroll","background-type":"","background-media":"","overlay-type":"","overlay-color":"","overlay-opacity":"","overlay-gradient":""}},"ast-content-background-meta":{"desktop":{"background-color":"var(--ast-global-color-5)","background-image":"","background-repeat":"repeat","background-position":"center center","background-size":"auto","background-attachment":"scroll","background-type":"","background-media":"","overlay-type":"","overlay-color":"","overlay-opacity":"","overlay-gradient":""},"tablet":{"background-color":"var(--ast-global-color-5)","background-image":"","background-repeat":"repeat","background-position":"center center","background-size":"auto","background-attachment":"scroll","background-type":"","background-media":"","overlay-type":"","overlay-color":"","overlay-opacity":"","overlay-gradient":""},"mobile":{"background-color":"var(--ast-global-color-5)","background-image":"","background-repeat":"repeat","background-position":"center center","background-size":"auto","background-attachment":"scroll","background-type":"","background-media":"","overlay-type":"","overlay-color":"","overlay-opacity":"","overlay-gradient":""}},"footnotes":""},"class_list":["post-547","page","type-page","status-publish","hentry"],"post_mailing_queue_ids":[],"_links":{"self":[{"href":"https:\/\/agora.xtec.cat\/iecastell\/wp-json\/wp\/v2\/pages\/547","targetHints":{"allow":["GET"]}}],"collection":[{"href":"https:\/\/agora.xtec.cat\/iecastell\/wp-json\/wp\/v2\/pages"}],"about":[{"href":"https:\/\/agora.xtec.cat\/iecastell\/wp-json\/wp\/v2\/types\/page"}],"author":[{"embeddable":true,"href":"https:\/\/agora.xtec.cat\/iecastell\/wp-json\/wp\/v2\/users\/3"}],"replies":[{"embeddable":true,"href":"https:\/\/agora.xtec.cat\/iecastell\/wp-json\/wp\/v2\/comments?post=547"}],"version-history":[{"count":3,"href":"https:\/\/agora.xtec.cat\/iecastell\/wp-json\/wp\/v2\/pages\/547\/revisions"}],"predecessor-version":[{"id":14380,"href":"https:\/\/agora.xtec.cat\/iecastell\/wp-json\/wp\/v2\/pages\/547\/revisions\/14380"}],"wp:attachment":[{"href":"https:\/\/agora.xtec.cat\/iecastell\/wp-json\/wp\/v2\/media?parent=547"}],"curies":[{"name":"wp","href":"https:\/\/api.w.org\/{rel}","templated":true}]}}