{"id":39,"date":"2014-09-17T16:36:44","date_gmt":"2014-09-17T16:36:44","guid":{"rendered":"http:\/\/agora.xtec.cat\/iecastell\/?page_id=39"},"modified":"2018-05-14T21:10:33","modified_gmt":"2018-05-14T19:10:33","slug":"instal%c2%b7lacions","status":"publish","type":"page","link":"https:\/\/agora.xtec.cat\/iecastell\/linstitut\/instal%c2%b7lacions\/","title":{"rendered":"Hist\u00f2ria i Instal\u00b7lacions"},"content":{"rendered":"<p><a href=\"http:\/\/agora.xtec.cat\/iecastell\/wp-content\/uploads\/usu288\/2014\/09\/Imagen1.png\"><img loading=\"lazy\" decoding=\"async\" class=\"wp-image-485 alignnone aligncenter\" src=\"http:\/\/agora.xtec.cat\/iecastell\/wp-content\/uploads\/usu288\/2014\/09\/Imagen1.png\" alt=\"Imagen1\" width=\"381\" height=\"301\" srcset=\"https:\/\/agora.xtec.cat\/iecastell\/wp-content\/uploads\/usu288\/2014\/09\/Imagen1.png 619w, https:\/\/agora.xtec.cat\/iecastell\/wp-content\/uploads\/usu288\/2014\/09\/Imagen1-300x237.png 300w\" sizes=\"auto, (max-width: 381px) 100vw, 381px\" \/><\/a><\/p>\n<p>La nostra escola es va construir als anys 70 en uns terrenys cedits per la senyora Ramona Calvet, filla d\u2019una fam\u00edlia burgesa de Barcelona. La primera matr\u00edcula a l\u2019any 74 va ser de 397 alumnes.<br \/>\nL\u2019escola de prim\u00e0ria i infantil es va convertir en IE el curs 2010-2011. Va comen\u00e7ar amb la l\u00ednia de 1r d\u2019ESO i durant els cursos posteriors va anar ampliant l\u2019oferta educativa fins el 4t d\u2019ESO.<\/p>\n<p><a href=\"http:\/\/agora.xtec.cat\/iecastell\/wp-content\/uploads\/usu288\/2014\/09\/Imagen2.png\"><img loading=\"lazy\" decoding=\"async\" class=\"wp-image-489 aligncenter\" src=\"http:\/\/agora.xtec.cat\/iecastell\/wp-content\/uploads\/usu288\/2014\/09\/Imagen2.png\" alt=\"Imagen2\" width=\"412\" height=\"269\" srcset=\"https:\/\/agora.xtec.cat\/iecastell\/wp-content\/uploads\/usu288\/2014\/09\/Imagen2.png 690w, https:\/\/agora.xtec.cat\/iecastell\/wp-content\/uploads\/usu288\/2014\/09\/Imagen2-300x196.png 300w\" sizes=\"auto, (max-width: 412px) 100vw, 412px\" \/><\/a><\/p>\n<p>Avui dia som\u00a0 uns 350 alumnes. Enguany ja hi ha dues promocions d\u2019alumnes que han passat a estudis post -obligatoris.<br \/>\nEl nostre centre t\u00e9 unes caracter\u00edstiques singulars. Ens trobem en un centre amb dos edificis que estan separats per una dist\u00e0ncia important per\u00f2 formen part d&#8217;un mateix projecte, amb professors de dues cultures diferenciades i amb alumnes de totes les etapes educatives obligat\u00f2ries. El nostre punt fort \u00e9s el fet de ser propers. El nostre centre \u00e9s acollidor, els professionals que treballem hi donem molta import\u00e0ncia a la tutoritzaci\u00f3 i al seguiment de proc\u00e9s dels alumnes, tot establint vincles i mostrant-nos propers a ells.<\/p>\n","protected":false},"excerpt":{"rendered":"<p>La nostra escola es va construir als anys 70 en uns terrenys cedits per la senyora Ramona Calvet, filla d\u2019una fam\u00edlia burgesa de Barcelona. La primera matr\u00edcula a l\u2019any 74 va ser de 397 alumnes. L\u2019escola de prim\u00e0ria i infantil es va convertir en IE el curs 2010-2011. Va comen\u00e7ar amb la l\u00ednia de 1r [&hellip;]<\/p>\n","protected":false},"author":1,"featured_media":0,"parent":19,"menu_order":30,"comment_status":"closed","ping_status":"closed","template":"page-templates\/side-menu.php","meta":{"_bbp_topic_count":0,"_bbp_reply_count":0,"_bbp_total_topic_count":0,"_bbp_total_reply_count":0,"_bbp_voice_count":0,"_bbp_anonymous_reply_count":0,"_bbp_topic_count_hidden":0,"_bbp_reply_count_hidden":0,"_bbp_forum_subforum_count":0,"site-sidebar-layout":"default","site-content-layout":"","ast-site-content-layout":"","site-content-style":"default","site-sidebar-style":"default","ast-global-header-display":"","ast-banner-title-visibility":"","ast-main-header-display":"","ast-hfb-above-header-display":"","ast-hfb-below-header-display":"","ast-hfb-mobile-header-display":"","site-post-title":"","ast-breadcrumbs-content":"","ast-featured-img":"","footer-sml-layout":"","theme-transparent-header-meta":"","adv-header-id-meta":"","stick-header-meta":"","header-above-stick-meta":"","header-main-stick-meta":"","header-below-stick-meta":"","astra-migrate-meta-layouts":"default","ast-page-background-enabled":"default","ast-page-background-meta":{"desktop":{"background-color":"var(--ast-global-color-4)","background-image":"","background-repeat":"repeat","background-position":"center center","background-size":"auto","background-attachment":"scroll","background-type":"","background-media":"","overlay-type":"","overlay-color":"","overlay-opacity":"","overlay-gradient":""},"tablet":{"background-color":"","background-image":"","background-repeat":"repeat","background-position":"center center","background-size":"auto","background-attachment":"scroll","background-type":"","background-media":"","overlay-type":"","overlay-color":"","overlay-opacity":"","overlay-gradient":""},"mobile":{"background-color":"","background-image":"","background-repeat":"repeat","background-position":"center center","background-size":"auto","background-attachment":"scroll","background-type":"","background-media":"","overlay-type":"","overlay-color":"","overlay-opacity":"","overlay-gradient":""}},"ast-content-background-meta":{"desktop":{"background-color":"var(--ast-global-color-5)","background-image":"","background-repeat":"repeat","background-position":"center center","background-size":"auto","background-attachment":"scroll","background-type":"","background-media":"","overlay-type":"","overlay-color":"","overlay-opacity":"","overlay-gradient":""},"tablet":{"background-color":"var(--ast-global-color-5)","background-image":"","background-repeat":"repeat","background-position":"center center","background-size":"auto","background-attachment":"scroll","background-type":"","background-media":"","overlay-type":"","overlay-color":"","overlay-opacity":"","overlay-gradient":""},"mobile":{"background-color":"var(--ast-global-color-5)","background-image":"","background-repeat":"repeat","background-position":"center center","background-size":"auto","background-attachment":"scroll","background-type":"","background-media":"","overlay-type":"","overlay-color":"","overlay-opacity":"","overlay-gradient":""}},"footnotes":""},"class_list":["post-39","page","type-page","status-publish","hentry"],"post_mailing_queue_ids":[],"_links":{"self":[{"href":"https:\/\/agora.xtec.cat\/iecastell\/wp-json\/wp\/v2\/pages\/39","targetHints":{"allow":["GET"]}}],"collection":[{"href":"https:\/\/agora.xtec.cat\/iecastell\/wp-json\/wp\/v2\/pages"}],"about":[{"href":"https:\/\/agora.xtec.cat\/iecastell\/wp-json\/wp\/v2\/types\/page"}],"author":[{"embeddable":true,"href":"https:\/\/agora.xtec.cat\/iecastell\/wp-json\/wp\/v2\/users\/1"}],"replies":[{"embeddable":true,"href":"https:\/\/agora.xtec.cat\/iecastell\/wp-json\/wp\/v2\/comments?post=39"}],"version-history":[{"count":3,"href":"https:\/\/agora.xtec.cat\/iecastell\/wp-json\/wp\/v2\/pages\/39\/revisions"}],"predecessor-version":[{"id":2173,"href":"https:\/\/agora.xtec.cat\/iecastell\/wp-json\/wp\/v2\/pages\/39\/revisions\/2173"}],"up":[{"embeddable":true,"href":"https:\/\/agora.xtec.cat\/iecastell\/wp-json\/wp\/v2\/pages\/19"}],"wp:attachment":[{"href":"https:\/\/agora.xtec.cat\/iecastell\/wp-json\/wp\/v2\/media?parent=39"}],"curies":[{"name":"wp","href":"https:\/\/api.w.org\/{rel}","templated":true}]}}