{"id":27,"date":"2014-09-17T16:24:03","date_gmt":"2014-09-17T16:24:03","guid":{"rendered":"http:\/\/agora.xtec.cat\/iecastell\/?page_id=27"},"modified":"2017-04-02T00:04:41","modified_gmt":"2017-04-01T22:04:41","slug":"historia","status":"publish","type":"page","link":"https:\/\/agora.xtec.cat\/iecastell\/linstitut\/historia\/","title":{"rendered":"L&#8217;Institut Escola"},"content":{"rendered":"<p>Som l&#8217;<strong>institut-escola de Castellter\u00e7ol<\/strong>, l\u2019\u00fanic institut-escola de la comarca del Moian\u00e8s. La nostra escola acull les etapes del segon cicle d&#8217;educaci\u00f3 infantil, prim\u00e0ria i ESO.<\/p>\n<p><strong>OFERIM<\/strong><\/p>\n<ol>\n<li><strong>Metodologies<\/strong> cada vegada m\u00e9s competencials.<\/li>\n<li><strong>Formaci\u00f3<\/strong> continuada del professorat.<\/li>\n<li><strong>Seguiment tutorial<\/strong> individualitzat i proper dels alumnes.<\/li>\n<li><strong>Conviv\u00e8ncia<\/strong>: benestar dels alumnes, mestres i\u00a0 comunitat eductiva.<\/li>\n<li><strong>Educaci\u00f3 de qualitat<\/strong>: L\u2019alumne\u00a0 com a centre dels aprenentatges.<\/li>\n<li><strong>Entorn privilegiat<\/strong> com a recurs imprescindible dels aprenentatges i valors.<\/li>\n<\/ol>\n<p><a href=\"http:\/\/agora.xtec.cat\/iecastell\/wp-content\/uploads\/usu288\/2014\/09\/lapices-2.jpg\"><img loading=\"lazy\" decoding=\"async\" class=\"alignnone wp-image-480\" src=\"http:\/\/agora.xtec.cat\/iecastell\/wp-content\/uploads\/usu288\/2014\/09\/lapices-2-1024x768.jpg\" alt=\"lapices-2\" width=\"300\" height=\"225\" srcset=\"https:\/\/agora.xtec.cat\/iecastell\/wp-content\/uploads\/usu288\/2014\/09\/lapices-2.jpg 1024w, https:\/\/agora.xtec.cat\/iecastell\/wp-content\/uploads\/usu288\/2014\/09\/lapices-2-300x225.jpg 300w, https:\/\/agora.xtec.cat\/iecastell\/wp-content\/uploads\/usu288\/2014\/09\/lapices-2-768x576.jpg 768w, https:\/\/agora.xtec.cat\/iecastell\/wp-content\/uploads\/usu288\/2014\/09\/lapices-2-200x150.jpg 200w\" sizes=\"auto, (max-width: 300px) 100vw, 300px\" \/><\/a><\/p>\n<p>&nbsp;<\/p>\n","protected":false},"excerpt":{"rendered":"<p>Som l&#8217;institut-escola de Castellter\u00e7ol, l\u2019\u00fanic institut-escola de la comarca del Moian\u00e8s. La nostra escola acull les etapes del segon cicle d&#8217;educaci\u00f3 infantil, prim\u00e0ria i ESO. OFERIM Metodologies cada vegada m\u00e9s competencials. Formaci\u00f3 continuada del professorat. Seguiment tutorial individualitzat i proper dels alumnes. Conviv\u00e8ncia: benestar dels alumnes, mestres i\u00a0 comunitat eductiva. Educaci\u00f3 de qualitat: L\u2019alumne\u00a0 com [&hellip;]<\/p>\n","protected":false},"author":1,"featured_media":0,"parent":19,"menu_order":20,"comment_status":"closed","ping_status":"closed","template":"page-templates\/side-menu.php","meta":{"_bbp_topic_count":0,"_bbp_reply_count":0,"_bbp_total_topic_count":0,"_bbp_total_reply_count":0,"_bbp_voice_count":0,"_bbp_anonymous_reply_count":0,"_bbp_topic_count_hidden":0,"_bbp_reply_count_hidden":0,"_bbp_forum_subforum_count":0,"site-sidebar-layout":"default","site-content-layout":"","ast-site-content-layout":"","site-content-style":"default","site-sidebar-style":"default","ast-global-header-display":"","ast-banner-title-visibility":"","ast-main-header-display":"","ast-hfb-above-header-display":"","ast-hfb-below-header-display":"","ast-hfb-mobile-header-display":"","site-post-title":"","ast-breadcrumbs-content":"","ast-featured-img":"","footer-sml-layout":"","theme-transparent-header-meta":"","adv-header-id-meta":"","stick-header-meta":"","header-above-stick-meta":"","header-main-stick-meta":"","header-below-stick-meta":"","astra-migrate-meta-layouts":"default","ast-page-background-enabled":"default","ast-page-background-meta":{"desktop":{"background-color":"var(--ast-global-color-4)","background-image":"","background-repeat":"repeat","background-position":"center center","background-size":"auto","background-attachment":"scroll","background-type":"","background-media":"","overlay-type":"","overlay-color":"","overlay-opacity":"","overlay-gradient":""},"tablet":{"background-color":"","background-image":"","background-repeat":"repeat","background-position":"center center","background-size":"auto","background-attachment":"scroll","background-type":"","background-media":"","overlay-type":"","overlay-color":"","overlay-opacity":"","overlay-gradient":""},"mobile":{"background-color":"","background-image":"","background-repeat":"repeat","background-position":"center center","background-size":"auto","background-attachment":"scroll","background-type":"","background-media":"","overlay-type":"","overlay-color":"","overlay-opacity":"","overlay-gradient":""}},"ast-content-background-meta":{"desktop":{"background-color":"var(--ast-global-color-5)","background-image":"","background-repeat":"repeat","background-position":"center center","background-size":"auto","background-attachment":"scroll","background-type":"","background-media":"","overlay-type":"","overlay-color":"","overlay-opacity":"","overlay-gradient":""},"tablet":{"background-color":"var(--ast-global-color-5)","background-image":"","background-repeat":"repeat","background-position":"center center","background-size":"auto","background-attachment":"scroll","background-type":"","background-media":"","overlay-type":"","overlay-color":"","overlay-opacity":"","overlay-gradient":""},"mobile":{"background-color":"var(--ast-global-color-5)","background-image":"","background-repeat":"repeat","background-position":"center center","background-size":"auto","background-attachment":"scroll","background-type":"","background-media":"","overlay-type":"","overlay-color":"","overlay-opacity":"","overlay-gradient":""}},"footnotes":""},"class_list":["post-27","page","type-page","status-publish","hentry"],"post_mailing_queue_ids":[],"_links":{"self":[{"href":"https:\/\/agora.xtec.cat\/iecastell\/wp-json\/wp\/v2\/pages\/27","targetHints":{"allow":["GET"]}}],"collection":[{"href":"https:\/\/agora.xtec.cat\/iecastell\/wp-json\/wp\/v2\/pages"}],"about":[{"href":"https:\/\/agora.xtec.cat\/iecastell\/wp-json\/wp\/v2\/types\/page"}],"author":[{"embeddable":true,"href":"https:\/\/agora.xtec.cat\/iecastell\/wp-json\/wp\/v2\/users\/1"}],"replies":[{"embeddable":true,"href":"https:\/\/agora.xtec.cat\/iecastell\/wp-json\/wp\/v2\/comments?post=27"}],"version-history":[{"count":3,"href":"https:\/\/agora.xtec.cat\/iecastell\/wp-json\/wp\/v2\/pages\/27\/revisions"}],"predecessor-version":[{"id":502,"href":"https:\/\/agora.xtec.cat\/iecastell\/wp-json\/wp\/v2\/pages\/27\/revisions\/502"}],"up":[{"embeddable":true,"href":"https:\/\/agora.xtec.cat\/iecastell\/wp-json\/wp\/v2\/pages\/19"}],"wp:attachment":[{"href":"https:\/\/agora.xtec.cat\/iecastell\/wp-json\/wp\/v2\/media?parent=27"}],"curies":[{"name":"wp","href":"https:\/\/api.w.org\/{rel}","templated":true}]}}