{"id":2514,"date":"2018-06-21T15:28:10","date_gmt":"2018-06-21T13:28:10","guid":{"rendered":"http:\/\/agora.xtec.cat\/iecastell\/?page_id=2514"},"modified":"2023-06-02T10:43:55","modified_gmt":"2023-06-02T08:43:55","slug":"reunions-de-pas-detapa","status":"publish","type":"page","link":"https:\/\/agora.xtec.cat\/iecastell\/reunions-de-pas-detapa\/","title":{"rendered":"Instruccions sol\u00b7licitud Beca NESE"},"content":{"rendered":"<p><strong><span style=\"text-decoration: underline;\">Aquest article \u00e9s un article &#8220;viu&#8221;, s&#8217;anir\u00e0 actualitzant, curs a curs, amb noves informacions, a mesura que es publiquin.\u00a0<\/span><\/strong><\/p>\n<p><span style=\"font-weight: 400;\">A continuaci\u00f3 us presentem unes breus instruccions sobre com tramitar els Ajuts per a alumnes amb necessitat espec\u00edfica de suport educatiu. Heu de tramitar-la i fer-nos arribar tota la documentaci\u00f3. L\u2019apartat referent a la fam\u00edlia (signatura dels membres de la unitat familiar) i al centre de reeducaci\u00f3 ha d\u2019estar emplenada. Si alguna fam\u00edlia no sap com tramitar-la l\u2019animem a intentar-ho mitjan\u00e7ant les instruccions que aqu\u00ed adjuntem, s\u00f3n 10 senzilles passes. Penseu que, en l\u2019actualitat, les sol\u00b7licituds de beques, preinscripcions a estudis, reserves m\u00e8diques i molts altres serveis funcionen telem\u00e0ticament. Aquesta \u00e9s una bona oportunitat per endinsar-se en uns tr\u00e0mits que, a primera vista, semblen complicats, per\u00f2 no ho s\u00f3n tant. Si teniu dificultats de causa major (com disposeu de dispositiu per realitzar el tr\u00e0mit, no disposeu d&#8217;Internet, etc.), contacteu amb el centre.\u00a0<\/span><\/p>\n<p><i><span style=\"font-weight: 400;\">*Tenir en compte que el curs 2020-2021 els criteris vers el diagn\u00f2stic de l\u2019alumnat es van veure modificats.\u00a0<\/span><\/i><\/p>\n<p><em>*Pel curs 2023-2024 hi ha novetats, com \u00e9s el cas del subsidi general de 400\u20ac. Per a m\u00e9s informaci\u00f3, consulteu la convocat\u00f2ria.\u00a0<\/em><\/p>\n<p><strong>Seguiu les instruccions, passa a passa.\u00a0<\/strong><\/p>\n<p>Abans de res, tingueu tota la documentaci\u00f3 a m\u00e0 per facilitar el proc\u00e9s de sol\u00b7licitud. Si voleu que el centre educatiu cobri els diners de la beca per gestionar els pagaments, haureu d&#8217;introduir el nostre n\u00famero de compte bancari NIF (CIF), sol\u00b7liciteu-los al centre. \u00c9s important que reviseu la informaci\u00f3 per comprovar que est\u00e0 tota actualitzada, especialment les dades de contacte.<\/p>\n<ol>\n<li style=\"font-weight: 400;\" aria-level=\"1\"><span style=\"font-weight: 400;\">Accedir al seg\u00fcent<\/span> <a href=\"http:\/\/ensenyament.gencat.cat\/ca\/tramits\/tramits-temes\/Ajuts-per-a-alumnes-amb-necessitat-especifica-de-suport-educatiu\"><span style=\"font-weight: 400;\">enlla\u00e7<\/span><\/a><span style=\"font-weight: 400;\">.<\/span><\/li>\n<li style=\"font-weight: 400;\" aria-level=\"1\"><span style=\"font-weight: 400;\">Anar a \u201cSol\u00b7licitar ajut\u201d i clicar a \u201cComen\u00e7a\u201d.<\/span><\/li>\n<li style=\"font-weight: 400;\" aria-level=\"1\"><span style=\"font-weight: 400;\">Llegir la informaci\u00f3 referent als terminis, documentaci\u00f3, requisits, taxes i tipus d\u2019ajuts.<\/span><\/li>\n<li style=\"font-weight: 400;\" aria-level=\"1\"><span style=\"font-weight: 400;\">Dins del Pas 1, clicar a \u201cPer Internet\u201d i, seguidament, a \u201cformulari sol\u00b7licitud\u201d.<\/span><\/li>\n<li style=\"font-weight: 400;\" aria-level=\"1\"><span style=\"font-weight: 400;\">S\u2019obrir\u00e0 la p\u00e0gina d\u2019identificaci\u00f3 on s\u2019haur\u00e0 d\u2019accedir amb les vostres dades d\u2019usuari si ja esteu registrat o no (n\u2019haureu de crear un)<\/span>\n<ol style=\"list-style-type: lower-alpha;\">\n<li style=\"font-weight: 400;\" aria-level=\"1\"><b>NO esteu registrats <\/b><span style=\"font-weight: 400;\">\u00e9s perqu\u00e8 no l\u2019heu demanat anteriorment o perqu\u00e8 no heu fet cap altre tr\u00e0mit via online amb el Ministerio de Educaci\u00f3n. Llavors, heu de clicar a \u201cReg\u00edstrese\u201d i, seguidament, a \u201cRegistro de persona f\u00edsica\u201d i seguir les instruccions. \u00c9s important que les dades siguin accessibles, necessitareu acc\u00e9s al correu electr\u00f2nic que introdu\u00efu per verificar el registre i per rebre les informacions.<\/span><\/li>\n<li style=\"font-weight: 400;\" aria-level=\"2\"><b>S\u00cd que esteu registrats <\/b><span style=\"font-weight: 400;\">perqu\u00e8 ja ho est\u00e0veu o perqu\u00e8 ho acabeu de fer podeu seguir amb les passes que presentem.<\/span><\/li>\n<\/ol>\n<\/li>\n<li style=\"font-weight: 400;\" aria-level=\"1\"><span style=\"font-weight: 400;\">Una vegada identificats accedireu a una nova pantalla amb informaci\u00f3 general i haureu d\u2019anar a \u201cdar de alta la solicitud\u201d.<\/span><\/li>\n<li style=\"font-weight: 400;\" aria-level=\"1\"><span style=\"font-weight: 400;\">Aqu\u00ed \u00e9s on haurem d\u2019emplenar els diversos apartats:<\/span>\n<ol style=\"list-style-type: lower-alpha;\">\n<li style=\"font-weight: 400;\" aria-level=\"2\"><span style=\"font-weight: 400;\">Full 1: Dades personals de l\u2019alumne\/a. En l\u2019apartat de \u201cdiscapacitat\u201d s\u2019ha de marcar si\/no depenent si l\u2019alumne\/a t\u00e9 un grau identificat de 33% o superior.\u00a0<\/span><\/li>\n<li style=\"font-weight: 400;\" aria-level=\"2\"><span style=\"font-weight: 400;\">Full 2: Afegirem els membres de la unitat familiar (les persones que viuen al mateix domicili que l\u2019alumne). Cada vegada que afegim un membre, hem de clicar a \u201cguardar familiar\u201d. Veurem com van apareixent tots.<\/span><\/li>\n<li style=\"font-weight: 400;\" aria-level=\"2\"><span style=\"font-weight: 400;\">Full 3: Dades referents a fam\u00edlia nombrosa, nombre de persones amb discapacitat (del sol\u00b7licitant o germans). Tot el que aqu\u00ed s\u2019indiqui s\u2019haur\u00e0 d\u2019acreditar amb la documentaci\u00f3 corresponent al presentar la sol\u00b7licitud. Apartat que nom\u00e9s\u00a0<\/span><span style=\"font-weight: 400;\">s\u2019ha d\u2019omplir en el cas que s\u2019autoritzi que els diners de la beca siguin ingressats al compte bancari del centre educatiu (IE Castellter\u00e7ol) perqu\u00e8 aquest ho gestioni. Tamb\u00e9 hi ha l\u2019apartat \u201cObservaciones\u201d, per indicar all\u00f2 que es consideri oport\u00fa.<\/span><\/li>\n<\/ol>\n<\/li>\n<li style=\"font-weight: 400;\" aria-level=\"1\"><span style=\"font-weight: 400;\">Una vegada tot complimentat, revisem que tot sigui correcte i cliquem \u201cacceptar\u201d.<\/span><\/li>\n<li style=\"font-weight: 400;\" aria-level=\"1\"><span style=\"font-weight: 400;\">Ara toca presentar la beca. Per realitzar-ho heu d\u2019imprimir el model de la sol\u00b7licitud que facilita l\u2019aplicaci\u00f3 i presentar-lo signat, juntament amb tota la documentaci\u00f3 acreditativa al centre educatiu abans del 9 de setembre. Tamb\u00e9 haureu d\u2019aportar l\u2019informe de reeducaci\u00f3 del centre o terapeuta amb qui vagi l\u2019alumne\/a.<\/span><\/li>\n<li style=\"font-weight: 400;\" aria-level=\"1\"><span style=\"font-weight: 400;\">\u00c9s molt important llegir correctament el document de la sol\u00b7licitud que obtindreu una vegada complimentada la beca donat que all\u00e0 apareixer\u00e0 tot el que s\u2019ha de signar i tot el que s\u2019ha d\u2019adjuntar.<\/span><\/li>\n<\/ol>\n<p><em>*Informacions a data 15 de setembre de 2021: <a href=\"https:\/\/agora.xtec.cat\/iecastell\/wp-content\/uploads\/usu288\/2021\/09\/NOVEDADES-e-INSTRUCCIONES-CONVOCATORIA-E_Especial_-2021.pdf\">NOVEDADES e INSTRUCCIONES CONVOCATORIA E_Especial_ 2021<\/a><\/em><\/p>\n<p><a href=\"https:\/\/www.ara.cat\/especials\/ensenyament\/novetats-l-oferta-formativa-universitaria-2023-2024_1_4637343.html\"><em>*Article diari novetats curs 2023-2024<\/em><\/a><\/p>\n<p><span style=\"font-weight: 400;\">Coordinaci\u00f3 pedag\u00f2gica \u2013 maig de 2023<\/span><\/p>\n","protected":false},"excerpt":{"rendered":"<p>Aquest article \u00e9s un article &#8220;viu&#8221;, s&#8217;anir\u00e0 actualitzant, curs a curs, amb noves informacions, a mesura que es publiquin.\u00a0 A continuaci\u00f3 us presentem unes breus instruccions sobre com tramitar els Ajuts per a alumnes amb necessitat espec\u00edfica de suport educatiu. Heu de tramitar-la i fer-nos arribar tota la documentaci\u00f3. L\u2019apartat referent a la fam\u00edlia (signatura [&hellip;]<\/p>\n","protected":false},"author":3,"featured_media":0,"parent":0,"menu_order":0,"comment_status":"closed","ping_status":"closed","template":"","meta":{"_bbp_topic_count":0,"_bbp_reply_count":0,"_bbp_total_topic_count":0,"_bbp_total_reply_count":0,"_bbp_voice_count":0,"_bbp_anonymous_reply_count":0,"_bbp_topic_count_hidden":0,"_bbp_reply_count_hidden":0,"_bbp_forum_subforum_count":0,"site-sidebar-layout":"default","site-content-layout":"","ast-site-content-layout":"","site-content-style":"default","site-sidebar-style":"default","ast-global-header-display":"","ast-banner-title-visibility":"","ast-main-header-display":"","ast-hfb-above-header-display":"","ast-hfb-below-header-display":"","ast-hfb-mobile-header-display":"","site-post-title":"","ast-breadcrumbs-content":"","ast-featured-img":"","footer-sml-layout":"","theme-transparent-header-meta":"","adv-header-id-meta":"","stick-header-meta":"","header-above-stick-meta":"","header-main-stick-meta":"","header-below-stick-meta":"","astra-migrate-meta-layouts":"default","ast-page-background-enabled":"default","ast-page-background-meta":{"desktop":{"background-color":"var(--ast-global-color-4)","background-image":"","background-repeat":"repeat","background-position":"center center","background-size":"auto","background-attachment":"scroll","background-type":"","background-media":"","overlay-type":"","overlay-color":"","overlay-opacity":"","overlay-gradient":""},"tablet":{"background-color":"","background-image":"","background-repeat":"repeat","background-position":"center center","background-size":"auto","background-attachment":"scroll","background-type":"","background-media":"","overlay-type":"","overlay-color":"","overlay-opacity":"","overlay-gradient":""},"mobile":{"background-color":"","background-image":"","background-repeat":"repeat","background-position":"center center","background-size":"auto","background-attachment":"scroll","background-type":"","background-media":"","overlay-type":"","overlay-color":"","overlay-opacity":"","overlay-gradient":""}},"ast-content-background-meta":{"desktop":{"background-color":"var(--ast-global-color-5)","background-image":"","background-repeat":"repeat","background-position":"center center","background-size":"auto","background-attachment":"scroll","background-type":"","background-media":"","overlay-type":"","overlay-color":"","overlay-opacity":"","overlay-gradient":""},"tablet":{"background-color":"var(--ast-global-color-5)","background-image":"","background-repeat":"repeat","background-position":"center center","background-size":"auto","background-attachment":"scroll","background-type":"","background-media":"","overlay-type":"","overlay-color":"","overlay-opacity":"","overlay-gradient":""},"mobile":{"background-color":"var(--ast-global-color-5)","background-image":"","background-repeat":"repeat","background-position":"center center","background-size":"auto","background-attachment":"scroll","background-type":"","background-media":"","overlay-type":"","overlay-color":"","overlay-opacity":"","overlay-gradient":""}},"footnotes":""},"class_list":["post-2514","page","type-page","status-publish","hentry"],"post_mailing_queue_ids":[],"_links":{"self":[{"href":"https:\/\/agora.xtec.cat\/iecastell\/wp-json\/wp\/v2\/pages\/2514","targetHints":{"allow":["GET"]}}],"collection":[{"href":"https:\/\/agora.xtec.cat\/iecastell\/wp-json\/wp\/v2\/pages"}],"about":[{"href":"https:\/\/agora.xtec.cat\/iecastell\/wp-json\/wp\/v2\/types\/page"}],"author":[{"embeddable":true,"href":"https:\/\/agora.xtec.cat\/iecastell\/wp-json\/wp\/v2\/users\/3"}],"replies":[{"embeddable":true,"href":"https:\/\/agora.xtec.cat\/iecastell\/wp-json\/wp\/v2\/comments?post=2514"}],"version-history":[{"count":4,"href":"https:\/\/agora.xtec.cat\/iecastell\/wp-json\/wp\/v2\/pages\/2514\/revisions"}],"predecessor-version":[{"id":15386,"href":"https:\/\/agora.xtec.cat\/iecastell\/wp-json\/wp\/v2\/pages\/2514\/revisions\/15386"}],"wp:attachment":[{"href":"https:\/\/agora.xtec.cat\/iecastell\/wp-json\/wp\/v2\/media?parent=2514"}],"curies":[{"name":"wp","href":"https:\/\/api.w.org\/{rel}","templated":true}]}}