{"id":2511,"date":"2018-06-21T15:16:50","date_gmt":"2018-06-21T13:16:50","guid":{"rendered":"http:\/\/agora.xtec.cat\/iecastell\/?page_id=2511"},"modified":"2022-07-14T11:19:01","modified_gmt":"2022-07-14T09:19:01","slug":"bevinguts-a-1r-deso","status":"publish","type":"page","link":"https:\/\/agora.xtec.cat\/iecastell\/bevinguts-a-1r-deso\/","title":{"rendered":"Bevinguts\/des a 1r d&#8217;ESO!"},"content":{"rendered":"<p><a href=\"http:\/\/agora.xtec.cat\/iecastell\/wp-content\/uploads\/usu288\/2018\/06\/IMG-20180424-WA0052.jpg\"><img loading=\"lazy\" decoding=\"async\" class=\"alignnone wp-image-2598\" src=\"http:\/\/agora.xtec.cat\/iecastell\/wp-content\/uploads\/usu288\/2018\/06\/IMG-20180424-WA0052-1024x574.jpg\" alt=\"\" width=\"483\" height=\"271\" srcset=\"https:\/\/agora.xtec.cat\/iecastell\/wp-content\/uploads\/usu288\/2018\/06\/IMG-20180424-WA0052-1024x574.jpg 1024w, https:\/\/agora.xtec.cat\/iecastell\/wp-content\/uploads\/usu288\/2018\/06\/IMG-20180424-WA0052-300x168.jpg 300w, https:\/\/agora.xtec.cat\/iecastell\/wp-content\/uploads\/usu288\/2018\/06\/IMG-20180424-WA0052-768x431.jpg 768w, https:\/\/agora.xtec.cat\/iecastell\/wp-content\/uploads\/usu288\/2018\/06\/IMG-20180424-WA0052.jpg 1180w\" sizes=\"auto, (max-width: 483px) 100vw, 483px\" \/><\/a><\/p>\n<p style=\"text-align: left;\"><span style=\"text-decoration: underline;\"><strong>Orientaci\u00f3 de les fam\u00edlies dels alumnes que cursaran 1r d&#8217;ESO<\/strong><\/span><\/p>\n<p style=\"text-align: left;\">A principis de SETEMBRE fem una <strong>reuni\u00f3 informativa amb les fam\u00edlies<\/strong><\/p>\n<p style=\"text-align: left;\"><a href=\"https:\/\/agora.xtec.cat\/iecastell\/wp-content\/uploads\/usu288\/2020\/06\/1rESO_ReunioJuliol.pdf\" target=\"_blank\" rel=\"noopener noreferrer\">INFORMACI\u00d3 PER A LES FAM\u00cdLIES<\/a><\/p>\n<p style=\"text-align: left;\"><a href=\"https:\/\/agora.xtec.cat\/iecastell\/wp-content\/uploads\/usu288\/2020\/06\/objectius-principals-del-projecte-educatiu.pdf\" target=\"_blank\" rel=\"noopener noreferrer\">OBJECTIUS PRINCIPALS DEL PROJECTE EDUCATIU<\/a><\/p>\n<p style=\"text-align: left;\"><strong>Documents necessaris per comen\u00e7ar l&#8217;etapa:<\/strong><\/p>\n<ul>\n<li style=\"text-align: left;\"><a href=\"https:\/\/agora.xtec.cat\/iecastell\/wp-content\/uploads\/usu288\/2022\/07\/Carta-de-compromis-educatiu.pdf\" target=\"_blank\" rel=\"noopener\">Carta de comprom\u00eds educatiu<\/a><\/li>\n<li style=\"text-align: left;\"><a href=\"https:\/\/agora.xtec.cat\/iecastell\/wp-content\/uploads\/usu288\/2020\/07\/Dret-imatge-AMPA-Bloc....pdf\" target=\"_blank\" rel=\"noopener noreferrer\">Autoritzaci\u00f3 imatge, dades, bloc&#8230;<\/a><\/li>\n<li style=\"text-align: left;\"><a href=\"http:\/\/agora.xtec.cat\/iecastell\/wp-content\/uploads\/usu288\/2018\/06\/autoritzaci\u00f3-de-sortides.pdf\" target=\"_blank\" rel=\"noopener noreferrer\">Autoritzaci\u00f3 de sortides<\/a><\/li>\n<li style=\"text-align: left;\"><a href=\"http:\/\/agora.xtec.cat\/iecastell\/wp-content\/uploads\/usu288\/2018\/06\/Protocol-de-nevades.pdf\" target=\"_blank\" rel=\"noopener noreferrer\">Dades del protocol de nevades<\/a><\/li>\n<li><a href=\"https:\/\/agora.xtec.cat\/iecastell\/wp-content\/uploads\/usu288\/2022\/07\/AUTORITZACIO-SKATE-ESO.pdf\" target=\"_blank\" rel=\"noopener\">Autoritzaci\u00f3 \u00fas de l&#8217;skate<\/a><\/li>\n<\/ul>\n<p style=\"text-align: left;\"><span style=\"text-decoration: underline;\"><strong>Reuni\u00f3\u00a0 d\u2019inici de curs<\/strong><\/span><\/p>\n<p style=\"text-align: left;\">Es far\u00e0 abans de l&#8217;inici de curs, al<strong> 5 de setembre a les 17.30h de la tarda,<\/strong> presencialment.<\/p>\n<p style=\"text-align: left;\">(s&#8217;enviar\u00e0 correu electr\u00f2nic per recordar la trobada)<\/p>\n<p style=\"text-align: left;\">\n","protected":false},"excerpt":{"rendered":"<p>Orientaci\u00f3 de les fam\u00edlies dels alumnes que cursaran 1r d&#8217;ESO A principis de SETEMBRE fem una reuni\u00f3 informativa amb les fam\u00edlies INFORMACI\u00d3 PER A LES FAM\u00cdLIES OBJECTIUS PRINCIPALS DEL PROJECTE EDUCATIU Documents necessaris per comen\u00e7ar l&#8217;etapa: Carta de comprom\u00eds educatiu Autoritzaci\u00f3 imatge, dades, bloc&#8230; Autoritzaci\u00f3 de sortides Dades del protocol de nevades Autoritzaci\u00f3 \u00fas de [&hellip;]<\/p>\n","protected":false},"author":3,"featured_media":0,"parent":0,"menu_order":0,"comment_status":"closed","ping_status":"closed","template":"","meta":{"_bbp_topic_count":0,"_bbp_reply_count":0,"_bbp_total_topic_count":0,"_bbp_total_reply_count":0,"_bbp_voice_count":0,"_bbp_anonymous_reply_count":0,"_bbp_topic_count_hidden":0,"_bbp_reply_count_hidden":0,"_bbp_forum_subforum_count":0,"site-sidebar-layout":"default","site-content-layout":"","ast-site-content-layout":"","site-content-style":"default","site-sidebar-style":"default","ast-global-header-display":"","ast-banner-title-visibility":"","ast-main-header-display":"","ast-hfb-above-header-display":"","ast-hfb-below-header-display":"","ast-hfb-mobile-header-display":"","site-post-title":"","ast-breadcrumbs-content":"","ast-featured-img":"","footer-sml-layout":"","theme-transparent-header-meta":"","adv-header-id-meta":"","stick-header-meta":"","header-above-stick-meta":"","header-main-stick-meta":"","header-below-stick-meta":"","astra-migrate-meta-layouts":"default","ast-page-background-enabled":"default","ast-page-background-meta":{"desktop":{"background-color":"var(--ast-global-color-4)","background-image":"","background-repeat":"repeat","background-position":"center center","background-size":"auto","background-attachment":"scroll","background-type":"","background-media":"","overlay-type":"","overlay-color":"","overlay-opacity":"","overlay-gradient":""},"tablet":{"background-color":"","background-image":"","background-repeat":"repeat","background-position":"center center","background-size":"auto","background-attachment":"scroll","background-type":"","background-media":"","overlay-type":"","overlay-color":"","overlay-opacity":"","overlay-gradient":""},"mobile":{"background-color":"","background-image":"","background-repeat":"repeat","background-position":"center center","background-size":"auto","background-attachment":"scroll","background-type":"","background-media":"","overlay-type":"","overlay-color":"","overlay-opacity":"","overlay-gradient":""}},"ast-content-background-meta":{"desktop":{"background-color":"var(--ast-global-color-5)","background-image":"","background-repeat":"repeat","background-position":"center center","background-size":"auto","background-attachment":"scroll","background-type":"","background-media":"","overlay-type":"","overlay-color":"","overlay-opacity":"","overlay-gradient":""},"tablet":{"background-color":"var(--ast-global-color-5)","background-image":"","background-repeat":"repeat","background-position":"center center","background-size":"auto","background-attachment":"scroll","background-type":"","background-media":"","overlay-type":"","overlay-color":"","overlay-opacity":"","overlay-gradient":""},"mobile":{"background-color":"var(--ast-global-color-5)","background-image":"","background-repeat":"repeat","background-position":"center center","background-size":"auto","background-attachment":"scroll","background-type":"","background-media":"","overlay-type":"","overlay-color":"","overlay-opacity":"","overlay-gradient":""}},"footnotes":""},"class_list":["post-2511","page","type-page","status-publish","hentry"],"post_mailing_queue_ids":[],"_links":{"self":[{"href":"https:\/\/agora.xtec.cat\/iecastell\/wp-json\/wp\/v2\/pages\/2511","targetHints":{"allow":["GET"]}}],"collection":[{"href":"https:\/\/agora.xtec.cat\/iecastell\/wp-json\/wp\/v2\/pages"}],"about":[{"href":"https:\/\/agora.xtec.cat\/iecastell\/wp-json\/wp\/v2\/types\/page"}],"author":[{"embeddable":true,"href":"https:\/\/agora.xtec.cat\/iecastell\/wp-json\/wp\/v2\/users\/3"}],"replies":[{"embeddable":true,"href":"https:\/\/agora.xtec.cat\/iecastell\/wp-json\/wp\/v2\/comments?post=2511"}],"version-history":[{"count":4,"href":"https:\/\/agora.xtec.cat\/iecastell\/wp-json\/wp\/v2\/pages\/2511\/revisions"}],"predecessor-version":[{"id":14422,"href":"https:\/\/agora.xtec.cat\/iecastell\/wp-json\/wp\/v2\/pages\/2511\/revisions\/14422"}],"wp:attachment":[{"href":"https:\/\/agora.xtec.cat\/iecastell\/wp-json\/wp\/v2\/media?parent=2511"}],"curies":[{"name":"wp","href":"https:\/\/api.w.org\/{rel}","templated":true}]}}