{"id":2493,"date":"2018-06-21T09:54:27","date_gmt":"2018-06-21T07:54:27","guid":{"rendered":"http:\/\/agora.xtec.cat\/iecastell\/?page_id=2493"},"modified":"2022-07-14T11:15:58","modified_gmt":"2022-07-14T09:15:58","slug":"benvinguts-a-p3","status":"publish","type":"page","link":"https:\/\/agora.xtec.cat\/iecastell\/benvinguts-a-p3\/","title":{"rendered":"Benvinguts a P3!"},"content":{"rendered":"<p><a href=\"http:\/\/agora.xtec.cat\/iecastell\/wp-content\/uploads\/usu288\/2018\/06\/20170917163324-inici-curs.jpg\"><img loading=\"lazy\" decoding=\"async\" class=\"alignnone wp-image-2494\" src=\"http:\/\/agora.xtec.cat\/iecastell\/wp-content\/uploads\/usu288\/2018\/06\/20170917163324-inici-curs-1024x724.jpg\" alt=\"\" width=\"646\" height=\"457\" srcset=\"https:\/\/agora.xtec.cat\/iecastell\/wp-content\/uploads\/usu288\/2018\/06\/20170917163324-inici-curs-1024x724.jpg 1024w, https:\/\/agora.xtec.cat\/iecastell\/wp-content\/uploads\/usu288\/2018\/06\/20170917163324-inici-curs-300x212.jpg 300w, https:\/\/agora.xtec.cat\/iecastell\/wp-content\/uploads\/usu288\/2018\/06\/20170917163324-inici-curs-768x543.jpg 768w, https:\/\/agora.xtec.cat\/iecastell\/wp-content\/uploads\/usu288\/2018\/06\/20170917163324-inici-curs.jpg 2048w\" sizes=\"auto, (max-width: 646px) 100vw, 646px\" \/><\/a><\/p>\n<p><span style=\"text-decoration: underline;\"><strong>Orientaci\u00f3 de les fam\u00edlies dels alumnes que cursaran P3<\/strong><\/span><\/p>\n<ul>\n<li><span style=\"text-decoration: underline;\">Durant ELS PRIMERS DIES DE SETEMBRE<\/span>\u00a0es far\u00e0 una <strong>primera reuni\u00f3 informativa.<\/strong><\/li>\n<\/ul>\n<p style=\"text-align: left;\"><a href=\"https:\/\/agora.xtec.cat\/iecastell\/wp-content\/uploads\/usu288\/2019\/03\/Informaci\u00f3-P3.pdf\" target=\"_blank\" rel=\"noopener noreferrer\">INFORMACI\u00d3 PER A LES FAM\u00cdLIES<\/a><\/p>\n<ul>\n<li style=\"text-align: left;\"><a href=\"https:\/\/agora.xtec.cat\/iecastell\/wp-content\/uploads\/usu288\/2020\/09\/PREINSCRIPCI\u00d3-P3-20-21.pdf\" target=\"_blank\" rel=\"noopener noreferrer\">Fullet\u00f3 preinscripci\u00f3<\/a><\/li>\n<li style=\"text-align: left;\">Documents necessaris per comen\u00e7ar l&#8217;etapa:<\/li>\n<li style=\"text-align: left;\"><strong>Foto de l&#8217;alumne\/a<\/strong><\/li>\n<li style=\"text-align: left;\"><a href=\"https:\/\/agora.xtec.cat\/iecastell\/wp-content\/uploads\/usu288\/2022\/07\/Carta-de-compromis-educatiu.pdf\" target=\"_blank\" rel=\"noopener\">Carta de comprom\u00eds educatiu<\/a><\/li>\n<li style=\"text-align: left;\"><a href=\"http:\/\/agora.xtec.cat\/iecastell\/wp-content\/uploads\/usu288\/2018\/06\/Dret-imatge-AMPA-Bloc....pdf\" target=\"_blank\" rel=\"noopener noreferrer\">Autoritzaci\u00f3 imatge, dades, bloc<\/a><\/li>\n<li style=\"text-align: left;\"><a href=\"http:\/\/agora.xtec.cat\/iecastell\/wp-content\/uploads\/usu288\/2018\/06\/autoritzaci\u00f3-de-sortides.pdf\" target=\"_blank\" rel=\"noopener noreferrer\">Autoritzaci\u00f3 de sortides<\/a><\/li>\n<li style=\"text-align: left;\"><a style=\"font-family: inherit; font-size: 1em; text-align: center;\" href=\"http:\/\/agora.xtec.cat\/iecastell\/wp-content\/uploads\/usu288\/2018\/06\/Protocol-de-nevades.pdf\" target=\"_blank\" rel=\"noopener noreferrer\">Dades pel protocol de nevades<\/a><\/li>\n<li style=\"text-align: left;\"><a style=\"font-family: inherit; font-size: 1em; text-align: center;\" href=\"https:\/\/agora.xtec.cat\/iecastell\/wp-content\/uploads\/usu288\/2020\/09\/MATR\u00cdCULA-P3-20-21-2.pdf\" target=\"_blank\" rel=\"noopener noreferrer\">Fullet\u00f3 de matr\u00edcula<\/a><\/li>\n<\/ul>\n<ul>\n<li><span style=\"text-decoration: underline;\">Durant la primera setmana de setembre<\/span> es faran entrevistes individuals.<\/li>\n<li><a style=\"font-family: inherit; font-size: 1em; text-align: center;\" href=\"http:\/\/agora.xtec.cat\/iecastell\/wp-content\/uploads\/usu288\/2018\/06\/Anamnesi-fam\u00edlies.pdf\" target=\"_blank\" rel=\"noopener noreferrer\">Per portar el dia de l&#8217;entrevista<\/a><\/li>\n<\/ul>\n<p><span style=\"text-decoration: underline;\"><strong>Reuni\u00f3\u00a0 d\u2019inici de curs<\/strong><\/span><\/p>\n<p>Es far\u00e0 durant la primera quinzena de setembre, estar al cas de les informacions, per mail, i publicacions al bloc del centre.<\/p>\n","protected":false},"excerpt":{"rendered":"<p>Orientaci\u00f3 de les fam\u00edlies dels alumnes que cursaran P3 Durant ELS PRIMERS DIES DE SETEMBRE\u00a0es far\u00e0 una primera reuni\u00f3 informativa. INFORMACI\u00d3 PER A LES FAM\u00cdLIES Fullet\u00f3 preinscripci\u00f3 Documents necessaris per comen\u00e7ar l&#8217;etapa: Foto de l&#8217;alumne\/a Carta de comprom\u00eds educatiu Autoritzaci\u00f3 imatge, dades, bloc Autoritzaci\u00f3 de sortides Dades pel protocol de nevades Fullet\u00f3 de matr\u00edcula Durant [&hellip;]<\/p>\n","protected":false},"author":3,"featured_media":0,"parent":0,"menu_order":0,"comment_status":"closed","ping_status":"closed","template":"","meta":{"_bbp_topic_count":0,"_bbp_reply_count":0,"_bbp_total_topic_count":0,"_bbp_total_reply_count":0,"_bbp_voice_count":0,"_bbp_anonymous_reply_count":0,"_bbp_topic_count_hidden":0,"_bbp_reply_count_hidden":0,"_bbp_forum_subforum_count":0,"site-sidebar-layout":"default","site-content-layout":"","ast-site-content-layout":"","site-content-style":"default","site-sidebar-style":"default","ast-global-header-display":"","ast-banner-title-visibility":"","ast-main-header-display":"","ast-hfb-above-header-display":"","ast-hfb-below-header-display":"","ast-hfb-mobile-header-display":"","site-post-title":"","ast-breadcrumbs-content":"","ast-featured-img":"","footer-sml-layout":"","theme-transparent-header-meta":"","adv-header-id-meta":"","stick-header-meta":"","header-above-stick-meta":"","header-main-stick-meta":"","header-below-stick-meta":"","astra-migrate-meta-layouts":"default","ast-page-background-enabled":"default","ast-page-background-meta":{"desktop":{"background-color":"var(--ast-global-color-4)","background-image":"","background-repeat":"repeat","background-position":"center center","background-size":"auto","background-attachment":"scroll","background-type":"","background-media":"","overlay-type":"","overlay-color":"","overlay-opacity":"","overlay-gradient":""},"tablet":{"background-color":"","background-image":"","background-repeat":"repeat","background-position":"center center","background-size":"auto","background-attachment":"scroll","background-type":"","background-media":"","overlay-type":"","overlay-color":"","overlay-opacity":"","overlay-gradient":""},"mobile":{"background-color":"","background-image":"","background-repeat":"repeat","background-position":"center center","background-size":"auto","background-attachment":"scroll","background-type":"","background-media":"","overlay-type":"","overlay-color":"","overlay-opacity":"","overlay-gradient":""}},"ast-content-background-meta":{"desktop":{"background-color":"var(--ast-global-color-5)","background-image":"","background-repeat":"repeat","background-position":"center center","background-size":"auto","background-attachment":"scroll","background-type":"","background-media":"","overlay-type":"","overlay-color":"","overlay-opacity":"","overlay-gradient":""},"tablet":{"background-color":"var(--ast-global-color-5)","background-image":"","background-repeat":"repeat","background-position":"center center","background-size":"auto","background-attachment":"scroll","background-type":"","background-media":"","overlay-type":"","overlay-color":"","overlay-opacity":"","overlay-gradient":""},"mobile":{"background-color":"var(--ast-global-color-5)","background-image":"","background-repeat":"repeat","background-position":"center center","background-size":"auto","background-attachment":"scroll","background-type":"","background-media":"","overlay-type":"","overlay-color":"","overlay-opacity":"","overlay-gradient":""}},"footnotes":""},"class_list":["post-2493","page","type-page","status-publish","hentry"],"post_mailing_queue_ids":[],"_links":{"self":[{"href":"https:\/\/agora.xtec.cat\/iecastell\/wp-json\/wp\/v2\/pages\/2493","targetHints":{"allow":["GET"]}}],"collection":[{"href":"https:\/\/agora.xtec.cat\/iecastell\/wp-json\/wp\/v2\/pages"}],"about":[{"href":"https:\/\/agora.xtec.cat\/iecastell\/wp-json\/wp\/v2\/types\/page"}],"author":[{"embeddable":true,"href":"https:\/\/agora.xtec.cat\/iecastell\/wp-json\/wp\/v2\/users\/3"}],"replies":[{"embeddable":true,"href":"https:\/\/agora.xtec.cat\/iecastell\/wp-json\/wp\/v2\/comments?post=2493"}],"version-history":[{"count":4,"href":"https:\/\/agora.xtec.cat\/iecastell\/wp-json\/wp\/v2\/pages\/2493\/revisions"}],"predecessor-version":[{"id":14420,"href":"https:\/\/agora.xtec.cat\/iecastell\/wp-json\/wp\/v2\/pages\/2493\/revisions\/14420"}],"wp:attachment":[{"href":"https:\/\/agora.xtec.cat\/iecastell\/wp-json\/wp\/v2\/media?parent=2493"}],"curies":[{"name":"wp","href":"https:\/\/api.w.org\/{rel}","templated":true}]}}