{"id":195,"date":"2014-09-22T10:39:39","date_gmt":"2014-09-22T10:39:39","guid":{"rendered":"http:\/\/agora.xtec.cat\/iecastell\/?page_id=195"},"modified":"2017-11-27T16:11:46","modified_gmt":"2017-11-27T15:11:46","slug":"estudis","status":"publish","type":"page","link":"https:\/\/agora.xtec.cat\/iecastell\/estudis\/","title":{"rendered":"Oferta Educativa"},"content":{"rendered":"<p style=\"text-align: center;\"><a href=\"http:\/\/agora.xtec.cat\/iecastell\/wp-content\/uploads\/usu288\/2014\/09\/images.png\"><img loading=\"lazy\" decoding=\"async\" class=\"alignnone size-full wp-image-529\" src=\"http:\/\/agora.xtec.cat\/iecastell\/wp-content\/uploads\/usu288\/2014\/09\/images.png\" alt=\"images\" width=\"451\" height=\"112\" srcset=\"https:\/\/agora.xtec.cat\/iecastell\/wp-content\/uploads\/usu288\/2014\/09\/images.png 451w, https:\/\/agora.xtec.cat\/iecastell\/wp-content\/uploads\/usu288\/2014\/09\/images-300x75.png 300w\" sizes=\"auto, (max-width: 451px) 100vw, 451px\" \/><\/a><\/p>\n<p>El nostre centre ofereix ensenyaments de totes les etapes educatives obligat\u00f2ries:<\/p>\n<p><strong>EDUCACI\u00d3 INFANTIL<\/strong> (no obligat\u00f2ria)<\/p>\n<p>En aquesta etapa es contribuir\u00e0 al desenvolupament emocional i afectiu, f\u00edsic i motor,social i cognitiu dels infants, en col\u00b7laboraci\u00f3 amb les seves fam\u00edlies, proporcionant-los un clima i entorn de confian\u00e7a on se sentin acollits i amb expectatives d&#8217;aprenentatge.<\/p>\n<p><strong>PRIM\u00c0RIA<\/strong><\/p>\n<p>Les finalitats b\u00e0siques d\u2019aquesta etapa educativa s\u00f3n proporcionar a l\u2019alumnat un marc d\u2019aprenentatges que li permetin iniciar-se en l\u2019adquisici\u00f3 de les compet\u00e8ncies b\u00e0siques i en l\u2019aplicaci\u00f3 dels instruments necessaris per adquirir nous aprenentatges.<br \/>\nAquesta etapa proporciona als infants una educaci\u00f3 que els permet assegurar el seu desenvolupament personal i posar les bases d\u2019una formaci\u00f3 basada en l\u2019autonomia personal, la responsabilitat, la solidaritat,la llibertat, la participaci\u00f3 i el comprom\u00eds individual i col\u00b7lectiu: con\u00e8ixer els elements b\u00e0sics de la llengua, l\u2019entorn geogr\u00e0fic, la hist\u00f2ria i les tradicions que li permetin arrelar-se al pa\u00eds, i poder participar en la construcci\u00f3 d\u2019un m\u00f3n millor i continuar aprenent al llarg de la vida.<\/p>\n<p><strong>SECUND\u00c0RIA<\/strong><\/p>\n<p>L\u2019etapa de l\u2019educaci\u00f3 secund\u00e0ria obligat\u00f2ria proporciona a tots els nois i les noies una educaci\u00f3 que els permet assegurar un desenvolupament personal s\u00f2lid, adquirir les compet\u00e8ncies culturals i socials relatives a l\u2019expressi\u00f3 i comprensi\u00f3 oral, a l\u2019escriptura, al c\u00e0lcul i a la resoluci\u00f3 de problemes de la vida quotidiana.<\/p>\n<p>Tamb\u00e9 contribueix a educar per a la igualtat de drets i oportunitats entre dones i homes, rebutjant tot tipus de comportaments discriminatoris per ra\u00f3 de sexe, a l\u2019autonomia personal, la coresponsabilitat i la interdepend\u00e8ncia personal i a la comprensi\u00f3 dels elements b\u00e0sics del m\u00f3n en els aspectes cient\u00edfic, social i cultural, en particular aquells elements que permeten un coneixement i arrelament a Catalunya.<\/p>\n<p>Aix\u00ed mateix, contribueix a desenvolupar les habilitats socials de treball i d\u2019estudi amb autonomia i esperit cr\u00edtic, la sensibilitat art\u00edstica, la creativitat i l\u2019afectivitat de tots els nois i les noies. L\u2019educaci\u00f3 secund\u00e0ria obligat\u00f2ria garanteix la igualtat real d\u2019oportunitats per desenvolupar les capacitats individuals, socials, intel\u00b7lectuals, art\u00edstiques, culturals i emocionals de tots els nois i les noies que cursen aquesta etapa.<\/p>\n<p><strong>SIEI<\/strong><\/p>\n<p>El<em> Suport Intensiu a l&#8217;Educaci\u00f3 Inclusiva<\/em>\u00a0 \u00e9s una unitat de recursos per afavorir la participaci\u00f3 de l\u2019alumnat amb necessitats educatives especials en entorns escolars ordinaris. La nostra unitat consta d&#8217;una psicopedagoga de secund\u00e0ria, una mestra d&#8217;educaci\u00f3 especial i una educadora d&#8217;educaci\u00f3 especial. L&#8217;atenci\u00f3 a l&#8217;alumnat es fa preferentment a l&#8217;aula ordin\u00e0ria per\u00f2 disposem de dos espais\/aules SIEI per atencions espec\u00edfiques, un espai a prim\u00e0ria-infantil i un altre a secund\u00e0ria.<\/p>\n","protected":false},"excerpt":{"rendered":"<p>El nostre centre ofereix ensenyaments de totes les etapes educatives obligat\u00f2ries: EDUCACI\u00d3 INFANTIL (no obligat\u00f2ria) En aquesta etapa es contribuir\u00e0 al desenvolupament emocional i afectiu, f\u00edsic i motor,social i cognitiu dels infants, en col\u00b7laboraci\u00f3 amb les seves fam\u00edlies, proporcionant-los un clima i entorn de confian\u00e7a on se sentin acollits i amb expectatives d&#8217;aprenentatge. PRIM\u00c0RIA Les [&hellip;]<\/p>\n","protected":false},"author":1,"featured_media":0,"parent":0,"menu_order":0,"comment_status":"closed","ping_status":"closed","template":"","meta":{"_bbp_topic_count":0,"_bbp_reply_count":0,"_bbp_total_topic_count":0,"_bbp_total_reply_count":0,"_bbp_voice_count":0,"_bbp_anonymous_reply_count":0,"_bbp_topic_count_hidden":0,"_bbp_reply_count_hidden":0,"_bbp_forum_subforum_count":0,"site-sidebar-layout":"default","site-content-layout":"","ast-site-content-layout":"","site-content-style":"default","site-sidebar-style":"default","ast-global-header-display":"","ast-banner-title-visibility":"","ast-main-header-display":"","ast-hfb-above-header-display":"","ast-hfb-below-header-display":"","ast-hfb-mobile-header-display":"","site-post-title":"","ast-breadcrumbs-content":"","ast-featured-img":"","footer-sml-layout":"","theme-transparent-header-meta":"","adv-header-id-meta":"","stick-header-meta":"","header-above-stick-meta":"","header-main-stick-meta":"","header-below-stick-meta":"","astra-migrate-meta-layouts":"default","ast-page-background-enabled":"default","ast-page-background-meta":{"desktop":{"background-color":"var(--ast-global-color-4)","background-image":"","background-repeat":"repeat","background-position":"center center","background-size":"auto","background-attachment":"scroll","background-type":"","background-media":"","overlay-type":"","overlay-color":"","overlay-opacity":"","overlay-gradient":""},"tablet":{"background-color":"","background-image":"","background-repeat":"repeat","background-position":"center center","background-size":"auto","background-attachment":"scroll","background-type":"","background-media":"","overlay-type":"","overlay-color":"","overlay-opacity":"","overlay-gradient":""},"mobile":{"background-color":"","background-image":"","background-repeat":"repeat","background-position":"center center","background-size":"auto","background-attachment":"scroll","background-type":"","background-media":"","overlay-type":"","overlay-color":"","overlay-opacity":"","overlay-gradient":""}},"ast-content-background-meta":{"desktop":{"background-color":"var(--ast-global-color-5)","background-image":"","background-repeat":"repeat","background-position":"center center","background-size":"auto","background-attachment":"scroll","background-type":"","background-media":"","overlay-type":"","overlay-color":"","overlay-opacity":"","overlay-gradient":""},"tablet":{"background-color":"var(--ast-global-color-5)","background-image":"","background-repeat":"repeat","background-position":"center center","background-size":"auto","background-attachment":"scroll","background-type":"","background-media":"","overlay-type":"","overlay-color":"","overlay-opacity":"","overlay-gradient":""},"mobile":{"background-color":"var(--ast-global-color-5)","background-image":"","background-repeat":"repeat","background-position":"center center","background-size":"auto","background-attachment":"scroll","background-type":"","background-media":"","overlay-type":"","overlay-color":"","overlay-opacity":"","overlay-gradient":""}},"footnotes":""},"class_list":["post-195","page","type-page","status-publish","hentry"],"post_mailing_queue_ids":[],"_links":{"self":[{"href":"https:\/\/agora.xtec.cat\/iecastell\/wp-json\/wp\/v2\/pages\/195","targetHints":{"allow":["GET"]}}],"collection":[{"href":"https:\/\/agora.xtec.cat\/iecastell\/wp-json\/wp\/v2\/pages"}],"about":[{"href":"https:\/\/agora.xtec.cat\/iecastell\/wp-json\/wp\/v2\/types\/page"}],"author":[{"embeddable":true,"href":"https:\/\/agora.xtec.cat\/iecastell\/wp-json\/wp\/v2\/users\/1"}],"replies":[{"embeddable":true,"href":"https:\/\/agora.xtec.cat\/iecastell\/wp-json\/wp\/v2\/comments?post=195"}],"version-history":[{"count":4,"href":"https:\/\/agora.xtec.cat\/iecastell\/wp-json\/wp\/v2\/pages\/195\/revisions"}],"predecessor-version":[{"id":1382,"href":"https:\/\/agora.xtec.cat\/iecastell\/wp-json\/wp\/v2\/pages\/195\/revisions\/1382"}],"wp:attachment":[{"href":"https:\/\/agora.xtec.cat\/iecastell\/wp-json\/wp\/v2\/media?parent=195"}],"curies":[{"name":"wp","href":"https:\/\/api.w.org\/{rel}","templated":true}]}}