{"id":1752,"date":"2018-02-28T13:26:35","date_gmt":"2018-02-28T12:26:35","guid":{"rendered":"http:\/\/agora.xtec.cat\/iecastell\/?page_id=1752"},"modified":"2021-07-15T13:07:13","modified_gmt":"2021-07-15T11:07:13","slug":"orientacio-4t-eso","status":"publish","type":"page","link":"https:\/\/agora.xtec.cat\/iecastell\/orientacio-4t-eso\/","title":{"rendered":"Programa Diversificaci\u00f3 Curricular (PDC)"},"content":{"rendered":"<p><b>Qu\u00e8 \u00e9s?<\/b><\/p>\n<p><span style=\"font-weight: 400;\">El nostre PDC \u00e9s un Projecte Singular (recurs de car\u00e0cter addicional) que s\u2019adre\u00e7a a l&#8217;alumnat de 4t d&#8217;ESO (excepcionalment a 3r ESO) i permet una organitzaci\u00f3 dels continguts i les mat\u00e8ries diferent a l&#8217;establerta amb el car\u00e0cter general per afavorir que l&#8217;alumnat assoleixi els objectius i les compet\u00e8ncies b\u00e0siques de l&#8217;etapa.<\/span><\/p>\n<p><b>Objectius<\/b><\/p>\n<p><span style=\"font-weight: 400;\">El que es busca aconseguir amb el PDC \u00e9s, b\u00e0sicament:<\/span><\/p>\n<ul>\n<li style=\"font-weight: 400;\" aria-level=\"1\"><span style=\"font-weight: 400;\">Reduir l\u2019absentisme escolar.\u00a0<\/span><\/li>\n<li style=\"font-weight: 400;\" aria-level=\"1\"><span style=\"font-weight: 400;\">Afavorir l\u2019acreditaci\u00f3 de l\u2019ESO amb l\u2019aplicaci\u00f3 d\u2019un programa adaptat.<\/span><\/li>\n<li style=\"font-weight: 400;\" aria-level=\"1\"><span style=\"font-weight: 400;\">Potenciar la continu\u00eftat en la formaci\u00f3 dels alumnes i\/o la seva inserci\u00f3 laboral.<\/span><\/li>\n<li style=\"font-weight: 400;\" aria-level=\"1\"><span style=\"font-weight: 400;\">Incrementar la implicaci\u00f3 de les fam\u00edlies amb relaci\u00f3 a l\u2019educaci\u00f3 i el seguiment dels alumnes.<\/span><\/li>\n<\/ul>\n<p><b>Caracter\u00edstiques rellevants<\/b><\/p>\n<ul>\n<li style=\"font-weight: 400;\" aria-level=\"1\"><span style=\"font-weight: 400;\">Flexibilitat hor\u00e0ria i organitzativa dels diversos continguts.<\/span><\/li>\n<li style=\"font-weight: 400;\" aria-level=\"1\"><span style=\"font-weight: 400;\">Seguiment tutorial exclusiu.\u00a0<\/span><\/li>\n<li style=\"font-weight: 400;\" aria-level=\"1\"><span style=\"font-weight: 400;\">Comprom\u00eds familiar (important i imprescindible).<\/span><\/li>\n<li style=\"font-weight: 400;\" aria-level=\"1\"><span style=\"font-weight: 400;\">Orientaci\u00f3 cap al m\u00f3n laboral.\u00a0<\/span><\/li>\n<li style=\"font-weight: 400;\" aria-level=\"1\"><span style=\"font-weight: 400;\">\u00c0mbit pr\u00e0ctic.\u00a0<\/span><\/li>\n<\/ul>\n<p><b>Alumnat beneficiari<\/b><\/p>\n<p><span style=\"font-weight: 400;\">Nom\u00e9s podr\u00e0 formar part d\u2019aquest programa aquell alumnat que compleixi amb els requisits acad\u00e8mics, personal, socials i de projecte de vida que siguins proposats per l\u2019Equip Docent. Un cop dins, hauran de complir amb les exig\u00e8ncies del programa o, del contrari, se\u2019ls pot treure del mateix.\u00a0<\/span><span style=\"font-weight: 400;\"><br \/>\n<\/span><\/p>\n<p><b>Horari<\/b><\/p>\n<p><span style=\"font-weight: 400;\">L\u2019horari dels alumnes participants al programa sol ser el mateix que els de la resta d\u2019alumnes del grup classe amb la difer\u00e8ncia que hi haur\u00e0 dos dies en els quals l\u2019alumne far\u00e0 l\u2019estada a empresa. <\/span><span style=\"font-weight: 400;\">Cada alumne pot tenir un horari diferent, fins i tot unes mat\u00e8ries diferents, segons els criteris pedag\u00f2gics i educatius que es trobin m\u00e9s adients per cada cas.<\/span><\/p>\n<p><b>\u00c0mbit pr\u00e0ctic &#8211; Estada a empresa<\/b><\/p>\n<p><span style=\"font-weight: 400;\">L\u2019alumnat participant al programa tenen l\u2019oportunitat d\u2019assistir setmanalment a una empresa on podran adquirir compet\u00e8ncies professionals i personals necess\u00e0ries per a la vida adulta i activa a la vegada que es contribuir\u00e0 a perfilar la seva orientaci\u00f3 acad\u00e8mica i professional. A m\u00e9s, es podran familiaritzar amb un ofici. Cal destacar que aix\u00f2 no seria possible de no ser pels empresaris i treballadors del municipi de Castellter\u00e7ol, els quals, col\u00b7laboren d&#8217;una forma plenament altruista amb el centre.\u00a0<\/span><\/p>\n<p><b>Adquisici\u00f3 del Graduat d\u2019ESO i Orientaci\u00f3 acad\u00e8mica i professional\u00a0<\/b><\/p>\n<p><span style=\"font-weight: 400;\">Tot i que hi hagi certa flexibilitat a l\u2019hora de treballar amb cada alumne, continuen existint uns objectius d\u2019etapa que s\u2019han d\u2019assolir per obtenir el graduat d&#8217;ESO (GESO). D\u2019altra banda, \u00e9s important tenir amb compte que l\u2019alumnat que cursi el PDC tindr\u00e0 una orientaci\u00f3 acad\u00e8mica cap a un CFGM (en el cas d\u2019assolir el GESO) o cap a un PFI (en el cas de no assolir-lo). D\u2019altra banda, aquests tipus de programes s\u00f3n ideals per l&#8217;alumnat que vol comen\u00e7ar a treballar.\u00a0<\/span><\/p>\n<p><b>Una mica d\u2019hist\u00f2ria<\/b><\/p>\n<p><span style=\"font-weight: 400;\">Aquest programa es va estrenar al curs 2015-16 a un edifici diferent al del centre educatiu. Poc despr\u00e9s, es va introduir dins del mateix edifici i, en l&#8217;actualitat est\u00e0 incl\u00f2s dins la mateixa aula. Gr\u00e0cies a l&#8217;alumnat d&#8217;aquest programa s&#8217;han realitzat col\u00b7laboracions amb l&#8217;Institut Moian\u00e8s i amb diverses empreses de la zona. D&#8217;igual manera, aquest alumnat a treballat segons els principis del Servei Comunitari en entitats com s\u00f3n C\u00e0ritas, Humana, resid\u00e8ncies de gent gran, etc.\u00a0<\/span><\/p>\n","protected":false},"excerpt":{"rendered":"<p>Qu\u00e8 \u00e9s? El nostre PDC \u00e9s un Projecte Singular (recurs de car\u00e0cter addicional) que s\u2019adre\u00e7a a l&#8217;alumnat de 4t d&#8217;ESO (excepcionalment a 3r ESO) i permet una organitzaci\u00f3 dels continguts i les mat\u00e8ries diferent a l&#8217;establerta amb el car\u00e0cter general per afavorir que l&#8217;alumnat assoleixi els objectius i les compet\u00e8ncies b\u00e0siques de l&#8217;etapa. Objectius El [&hellip;]<\/p>\n","protected":false},"author":3,"featured_media":0,"parent":0,"menu_order":0,"comment_status":"closed","ping_status":"closed","template":"","meta":{"_bbp_topic_count":0,"_bbp_reply_count":0,"_bbp_total_topic_count":0,"_bbp_total_reply_count":0,"_bbp_voice_count":0,"_bbp_anonymous_reply_count":0,"_bbp_topic_count_hidden":0,"_bbp_reply_count_hidden":0,"_bbp_forum_subforum_count":0,"site-sidebar-layout":"default","site-content-layout":"","ast-site-content-layout":"","site-content-style":"default","site-sidebar-style":"default","ast-global-header-display":"","ast-banner-title-visibility":"","ast-main-header-display":"","ast-hfb-above-header-display":"","ast-hfb-below-header-display":"","ast-hfb-mobile-header-display":"","site-post-title":"","ast-breadcrumbs-content":"","ast-featured-img":"","footer-sml-layout":"","theme-transparent-header-meta":"","adv-header-id-meta":"","stick-header-meta":"","header-above-stick-meta":"","header-main-stick-meta":"","header-below-stick-meta":"","astra-migrate-meta-layouts":"default","ast-page-background-enabled":"default","ast-page-background-meta":{"desktop":{"background-color":"var(--ast-global-color-4)","background-image":"","background-repeat":"repeat","background-position":"center center","background-size":"auto","background-attachment":"scroll","background-type":"","background-media":"","overlay-type":"","overlay-color":"","overlay-opacity":"","overlay-gradient":""},"tablet":{"background-color":"","background-image":"","background-repeat":"repeat","background-position":"center center","background-size":"auto","background-attachment":"scroll","background-type":"","background-media":"","overlay-type":"","overlay-color":"","overlay-opacity":"","overlay-gradient":""},"mobile":{"background-color":"","background-image":"","background-repeat":"repeat","background-position":"center center","background-size":"auto","background-attachment":"scroll","background-type":"","background-media":"","overlay-type":"","overlay-color":"","overlay-opacity":"","overlay-gradient":""}},"ast-content-background-meta":{"desktop":{"background-color":"var(--ast-global-color-5)","background-image":"","background-repeat":"repeat","background-position":"center center","background-size":"auto","background-attachment":"scroll","background-type":"","background-media":"","overlay-type":"","overlay-color":"","overlay-opacity":"","overlay-gradient":""},"tablet":{"background-color":"var(--ast-global-color-5)","background-image":"","background-repeat":"repeat","background-position":"center center","background-size":"auto","background-attachment":"scroll","background-type":"","background-media":"","overlay-type":"","overlay-color":"","overlay-opacity":"","overlay-gradient":""},"mobile":{"background-color":"var(--ast-global-color-5)","background-image":"","background-repeat":"repeat","background-position":"center center","background-size":"auto","background-attachment":"scroll","background-type":"","background-media":"","overlay-type":"","overlay-color":"","overlay-opacity":"","overlay-gradient":""}},"footnotes":""},"class_list":["post-1752","page","type-page","status-publish","hentry"],"post_mailing_queue_ids":[],"_links":{"self":[{"href":"https:\/\/agora.xtec.cat\/iecastell\/wp-json\/wp\/v2\/pages\/1752","targetHints":{"allow":["GET"]}}],"collection":[{"href":"https:\/\/agora.xtec.cat\/iecastell\/wp-json\/wp\/v2\/pages"}],"about":[{"href":"https:\/\/agora.xtec.cat\/iecastell\/wp-json\/wp\/v2\/types\/page"}],"author":[{"embeddable":true,"href":"https:\/\/agora.xtec.cat\/iecastell\/wp-json\/wp\/v2\/users\/3"}],"replies":[{"embeddable":true,"href":"https:\/\/agora.xtec.cat\/iecastell\/wp-json\/wp\/v2\/comments?post=1752"}],"version-history":[{"count":4,"href":"https:\/\/agora.xtec.cat\/iecastell\/wp-json\/wp\/v2\/pages\/1752\/revisions"}],"predecessor-version":[{"id":12731,"href":"https:\/\/agora.xtec.cat\/iecastell\/wp-json\/wp\/v2\/pages\/1752\/revisions\/12731"}],"wp:attachment":[{"href":"https:\/\/agora.xtec.cat\/iecastell\/wp-json\/wp\/v2\/media?parent=1752"}],"curies":[{"name":"wp","href":"https:\/\/api.w.org\/{rel}","templated":true}]}}