{"id":17423,"date":"2026-02-04T16:55:05","date_gmt":"2026-02-04T15:55:05","guid":{"rendered":"https:\/\/agora.xtec.cat\/iecastell\/?page_id=17423"},"modified":"2026-02-25T16:52:43","modified_gmt":"2026-02-25T15:52:43","slug":"on-som","status":"publish","type":"page","link":"https:\/\/agora.xtec.cat\/iecastell\/linstitut\/on-som\/","title":{"rendered":"Qui som?"},"content":{"rendered":"<div class=\"paragraph heading1 ng-star-inserted\" role=\"heading\" data-start-index=\"0\" aria-level=\"1\"><b class=\"ng-star-inserted\" data-start-index=\"0\"><a href=\"https:\/\/agora.xtec.cat\/iecastell\/wp-content\/uploads\/usu288\/2026\/02\/unnamed-2.png\"><img loading=\"lazy\" decoding=\"async\" class=\"alignnone size-large wp-image-17427\" src=\"https:\/\/agora.xtec.cat\/iecastell\/wp-content\/uploads\/usu288\/2026\/02\/unnamed-2-1024x572.png\" alt=\"\" width=\"1024\" height=\"572\" srcset=\"https:\/\/agora.xtec.cat\/iecastell\/wp-content\/uploads\/usu288\/2026\/02\/unnamed-2-1024x572.png 1024w, https:\/\/agora.xtec.cat\/iecastell\/wp-content\/uploads\/usu288\/2026\/02\/unnamed-2-300x167.png 300w, https:\/\/agora.xtec.cat\/iecastell\/wp-content\/uploads\/usu288\/2026\/02\/unnamed-2-768x429.png 768w, https:\/\/agora.xtec.cat\/iecastell\/wp-content\/uploads\/usu288\/2026\/02\/unnamed-2.png 1032w\" sizes=\"auto, (max-width: 1024px) 100vw, 1024px\" \/><\/a><\/b><\/div>\n<div role=\"heading\" data-start-index=\"0\" aria-level=\"1\"><\/div>\n<div role=\"heading\" data-start-index=\"0\" aria-level=\"1\"><\/div>\n<div class=\"paragraph heading1 ng-star-inserted\" role=\"heading\" data-start-index=\"0\" aria-level=\"1\"><b class=\"ng-star-inserted\" data-start-index=\"0\">L&#8217;EQUIP QUE FA BATEGAR L&#8217;IE CASTELLTER\u00c7OL: QUI SOM AQUEST 2025\/26?<\/b><\/div>\n<div class=\"paragraph normal ng-star-inserted\" data-start-index=\"66\"><span class=\"ng-star-inserted\" data-start-index=\"66\">Darrere de cada projecte, de cada classe i de cada aprenentatge a l&#8217;<\/span><b class=\"ng-star-inserted\" data-start-index=\"134\">IE Castellter\u00e7ol<\/b><span class=\"ng-star-inserted\" data-start-index=\"150\">, hi ha un equip de persones compromeses a fer d&#8217;aquest curs <\/span><b class=\"ng-star-inserted\" data-start-index=\"211\">2025\/26<\/b><span class=\"ng-star-inserted\" data-start-index=\"218\"> una experi\u00e8ncia inoblidable<\/span><span class=\"ng-star-inserted\" data-start-index=\"246\">. Aquesta entrada \u00e9s la vostra guia de refer\u00e8ncia per con\u00e8ixer qui \u00e9s qui al nostre centre, des de l&#8217;equip que coordina el tim\u00f3 fins als especialistes que ens ajuden a descobrir el m\u00f3n.<\/span><\/div>\n<div role=\"heading\" data-start-index=\"431\" aria-level=\"3\"><\/div>\n<div class=\"paragraph heading3 ng-star-inserted\" role=\"heading\" data-start-index=\"431\" aria-level=\"3\"><span style=\"text-decoration: underline;\"><b class=\"ng-star-inserted\" data-start-index=\"431\">L&#8217;engranatge: Equip Directiu i Coordinaci\u00f3<\/b><\/span><\/div>\n<div class=\"paragraph normal ng-star-inserted\" data-start-index=\"473\"><span class=\"ng-star-inserted\" data-start-index=\"473\">Perqu\u00e8 tot funcioni amb precisi\u00f3, comptem amb un equip de gesti\u00f3 i coordinaci\u00f3 que vetlla pel dia a dia del centre:<\/span><\/div>\n<div class=\"paragraph normal ng-star-inserted\" data-start-index=\"588\"><span class=\"ng-star-inserted\">\u2022 <\/span><b class=\"ng-star-inserted\" data-start-index=\"588\">Direcci\u00f3:<\/b><span class=\"ng-star-inserted\" data-start-index=\"597\"> Gemma Brun<\/span><span class=\"ng-star-inserted\" data-start-index=\"608\">.<\/span><\/div>\n<div class=\"paragraph normal ng-star-inserted\" data-start-index=\"609\"><span class=\"ng-star-inserted\">\u2022 <\/span><b class=\"ng-star-inserted\" data-start-index=\"609\">Caps d&#8217;estudis:<\/b><span class=\"ng-star-inserted\" data-start-index=\"624\"> Nancy Santiago (Prim\u00e0ria) i Alba Escol\u00e0 (Secund\u00e0ria)<\/span><span class=\"ng-star-inserted\" data-start-index=\"677\">.<\/span><\/div>\n<div class=\"paragraph normal ng-star-inserted\" data-start-index=\"678\"><span class=\"ng-star-inserted\">\u2022 <\/span><b class=\"ng-star-inserted\" data-start-index=\"678\">Coordinaci\u00f3 Pedag\u00f2gica:<\/b><span class=\"ng-star-inserted\" data-start-index=\"701\"> Joan Garcia<\/span><span class=\"ng-star-inserted\" data-start-index=\"713\">.<\/span><\/div>\n<div class=\"paragraph normal ng-star-inserted\" data-start-index=\"714\"><span class=\"ng-star-inserted\">\u2022 <\/span><b class=\"ng-star-inserted\" data-start-index=\"714\">Secretaria:<\/b><span class=\"ng-star-inserted\" data-start-index=\"725\"> Mari Caracuel<\/span><span class=\"ng-star-inserted\" data-start-index=\"739\">.<\/span><\/div>\n<div data-start-index=\"714\"><\/div>\n<div class=\"paragraph normal ng-star-inserted\" data-start-index=\"740\"><span class=\"ng-star-inserted\">\u2022 <\/span><b class=\"ng-star-inserted\" data-start-index=\"740\">Coordinadores d&#8217;etapa:<\/b><span class=\"ng-star-inserted\" data-start-index=\"762\"> N\u00faria Rod\u00e9s (Infantil i Cicle Inicial), Anna Carbonell (Cicle Mitj\u00e0 i Superior), Sandra Sallas (1r i 2n d&#8217;ESO) i Anna Henestrosa (3r i 4t d&#8217;ESO)<\/span><\/div>\n<div class=\"paragraph normal ng-star-inserted\" data-start-index=\"740\"><\/div>\n<div class=\"paragraph heading3 ng-star-inserted\" role=\"heading\" data-start-index=\"908\" aria-level=\"3\"><span style=\"text-decoration: underline;\"><b class=\"ng-star-inserted\" data-start-index=\"908\">L&#8217;etapa d&#8217;Infantil i Prim\u00e0ria<\/b><\/span><\/div>\n<div class=\"paragraph normal ng-star-inserted\" data-start-index=\"937\"><span class=\"ng-star-inserted\" data-start-index=\"937\">En aquestes etapes posem els fonaments de l&#8217;aprenentatge amb un acompanyament proper i constant:<\/span><\/div>\n<div class=\"paragraph normal ng-star-inserted\" data-start-index=\"1033\"><span class=\"ng-star-inserted\">\u2022 <\/span><b class=\"ng-star-inserted\" data-start-index=\"1033\">Educaci\u00f3 Infantil:<\/b><span class=\"ng-star-inserted\" data-start-index=\"1051\"> N\u00faria Rod\u00e9s (I3), Montse Alberch (I4) i Aina Vila (I5)<\/span><\/div>\n<div class=\"paragraph normal ng-star-inserted\" data-start-index=\"1033\"><\/div>\n<div class=\"paragraph normal ng-star-inserted\" data-start-index=\"1107\"><span class=\"ng-star-inserted\">\u2022 <\/span><b class=\"ng-star-inserted\" data-start-index=\"1107\">Cicle Inicial:<\/b><span class=\"ng-star-inserted\" data-start-index=\"1121\"> Mireia Gaja &#8211; Carla Segura (2n) i Cl\u00e0udia Pich (1r)<\/span><\/div>\n<div class=\"paragraph normal ng-star-inserted\" data-start-index=\"1179\"><span class=\"ng-star-inserted\">\u2022 <\/span><b class=\"ng-star-inserted\" data-start-index=\"1179\">Cicle Mitj\u00e0:<\/b><span class=\"ng-star-inserted\" data-start-index=\"1191\"> Eli Caracuel (3r) i Cristina Fargas (4t)<\/span><span class=\"ng-star-inserted\" data-start-index=\"1232\">.<\/span><\/div>\n<div class=\"paragraph normal ng-star-inserted\" data-start-index=\"1233\"><span class=\"ng-star-inserted\">\u2022 <\/span><b class=\"ng-star-inserted\" data-start-index=\"1233\">Cicle Superior:<\/b><span class=\"ng-star-inserted\" data-start-index=\"1248\"> Joan De Dios &#8211; Maria Daniela Martos &#8211; \u00c0ngels Gibert (5\u00e8) i Anna Carbonell (6\u00e8)<\/span><\/div>\n<div class=\"paragraph normal ng-star-inserted\" data-start-index=\"1233\"><\/div>\n<div class=\"paragraph normal ng-star-inserted\" data-start-index=\"1289\"><span class=\"ng-star-inserted\" data-start-index=\"1289\">A m\u00e9s, comptem amb especialistes en <\/span><b class=\"ng-star-inserted\" data-start-index=\"1325\">M\u00fasica<\/b><span class=\"ng-star-inserted\" data-start-index=\"1331\"> (Nancy Santiago), <\/span><b class=\"ng-star-inserted\" data-start-index=\"1350\">Educaci\u00f3 F\u00edsica<\/b><span class=\"ng-star-inserted\" data-start-index=\"1365\"> (Anna Llu\u00eds), <\/span><b class=\"ng-star-inserted\" data-start-index=\"1380\">Angl\u00e8s<\/b><span class=\"ng-star-inserted\" data-start-index=\"1386\"> (Jana Alboquers &#8211; Paula Grasa), <\/span><b class=\"ng-star-inserted\" data-start-index=\"1405\">Educaci\u00f3 Especial<\/b><span class=\"ng-star-inserted\" data-start-index=\"1422\"> (Tona Fern\u00e1ndez &#8211; Laia Sala i Ester Gall\u00e9s) i <\/span><b class=\"ng-star-inserted\" data-start-index=\"1457\">Religi\u00f3<\/b><span class=\"ng-star-inserted\" data-start-index=\"1464\"> (Sara Forte)<\/span><span class=\"ng-star-inserted\" data-start-index=\"1477\">. El refor\u00e7 el garanteixen la Gemma Brun, la Mari Caracuel, en Francesc Ruiz i l&#8217;Anna Gaja<\/span><span class=\"ng-star-inserted\" data-start-index=\"1567\">.<\/span><\/div>\n<div data-start-index=\"1289\"><\/div>\n<div class=\"paragraph heading3 ng-star-inserted\" role=\"heading\" data-start-index=\"1568\" aria-level=\"3\"><span style=\"text-decoration: underline;\"><b class=\"ng-star-inserted\" data-start-index=\"1568\">L&#8217;etapa de Secund\u00e0ria (ESO)<\/b><\/span><\/div>\n<div class=\"paragraph normal ng-star-inserted\" data-start-index=\"1595\"><span class=\"ng-star-inserted\" data-start-index=\"1595\">A l&#8217;edifici de secund\u00e0ria, el professorat acompanya l&#8217;alumnat en el seu cam\u00ed cap a l&#8217;etapa adulta amb especialistes en m\u00faltiples \u00e0rees:<\/span><\/div>\n<div class=\"paragraph normal ng-star-inserted\" data-start-index=\"1730\"><span class=\"ng-star-inserted\">\u2022 <\/span><b class=\"ng-star-inserted\" data-start-index=\"1730\">Tutories:<\/b><span class=\"ng-star-inserted\" data-start-index=\"1739\"> N\u00faria Abellan i Sara Borr\u00e0s (1r), Sergi Rodr\u00edguez i Joan Marc Turon (2n), Maria Ani i Natalia Tena (3r), Pau Or\u00f3 i Laia Culebras (4t)<\/span><span class=\"ng-star-inserted\" data-start-index=\"1876\">.<\/span><\/div>\n<div data-start-index=\"1730\"><\/div>\n<div class=\"paragraph normal ng-star-inserted\" data-start-index=\"1877\"><span class=\"ng-star-inserted\">\u2022 <\/span><b class=\"ng-star-inserted\" data-start-index=\"1877\">\u00c0mbits i Especialitats:<\/b><span class=\"ng-star-inserted\" data-start-index=\"1900\"> Sara Borr\u00e0s i Pau Or\u00f3 (Catal\u00e0), Eva Palmarola i Nat\u00e0lia Tena (Castell\u00e0), Laura Font, Fabianne Furman i Diana D\u00edaz (Angl\u00e8s), Alba Escol\u00e0, Laia Culebras, Joan Garcia i Maria Ani (Matem\u00e0tiques)<\/span><span class=\"ng-star-inserted\" data-start-index=\"2091\">.<\/span><\/div>\n<div data-start-index=\"1877\"><\/div>\n<div class=\"paragraph normal ng-star-inserted\" data-start-index=\"2092\"><span class=\"ng-star-inserted\">\u2022 <\/span><b class=\"ng-star-inserted\" data-start-index=\"2092\">Ci\u00e8ncies i Tecnologia:<\/b><span class=\"ng-star-inserted\" data-start-index=\"2114\"> \u00c0lex Rabat i Sergi Rodr\u00edguez (Socials), Joan Marc Turon (F\u00edsica i Qu\u00edmica), N\u00faria Abellan (Biologia) i Marcos Mateo amb Sandra Sallas (Tecnologia)<\/span><span class=\"ng-star-inserted\" data-start-index=\"2266\">.<\/span><\/div>\n<div data-start-index=\"2092\"><\/div>\n<div class=\"paragraph normal ng-star-inserted\" data-start-index=\"2267\"><span class=\"ng-star-inserted\">\u2022 <\/span><b class=\"ng-star-inserted\" data-start-index=\"2267\">Arts i Expressi\u00f3:<\/b><span class=\"ng-star-inserted\" data-start-index=\"2284\"> Francesc Ruiz (M\u00fasica), Ferran Manalbens (Visual i Pl\u00e0stica) i Anna Henestrosa (Educaci\u00f3 F\u00edsica)<\/span><span class=\"ng-star-inserted\" data-start-index=\"2381\">.<\/span><\/div>\n<div data-start-index=\"2267\"><\/div>\n<div class=\"paragraph normal ng-star-inserted\" data-start-index=\"2382\"><span class=\"ng-star-inserted\">\u2022 <\/span><b class=\"ng-star-inserted\" data-start-index=\"2382\">Suport i Orientaci\u00f3:<\/b><span class=\"ng-star-inserted\" data-start-index=\"2402\"> Montserrat Ribas (\u00c8tico-C\u00edvica i Orientaci\u00f3), Montserrat Rocadembosch (Orientaci\u00f3), Wilda Gili (SIEI) i Cristina Parra (Educadora)<\/span><span class=\"ng-star-inserted\" data-start-index=\"2533\">.<\/span><\/div>\n<div data-start-index=\"2382\"><\/div>\n<div class=\"paragraph heading3 ng-star-inserted\" role=\"heading\" data-start-index=\"2534\" aria-level=\"3\"><span style=\"text-decoration: underline;\"><b class=\"ng-star-inserted\" data-start-index=\"2534\">On ens podeu trobar?<\/b><\/span><\/div>\n<div class=\"paragraph normal ng-star-inserted\" data-start-index=\"2554\"><span class=\"ng-star-inserted\" data-start-index=\"2554\">Estem distribu\u00efts en dos espais, per\u00f2 compartim un mateix objectiu:<\/span><\/div>\n<div class=\"paragraph normal ng-star-inserted\" data-start-index=\"2621\"><span class=\"ng-star-inserted\">\u2022 <\/span><b class=\"ng-star-inserted\" data-start-index=\"2621\">Edifici escola:<\/b><span class=\"ng-star-inserted\" data-start-index=\"2636\"> C\/ Rocacorba 23-29<\/span><span class=\"ng-star-inserted\" data-start-index=\"2655\">.<\/span><\/div>\n<div data-start-index=\"2621\"><\/div>\n<div class=\"paragraph normal ng-star-inserted\" data-start-index=\"2656\"><span class=\"ng-star-inserted\">\u2022 <\/span><b class=\"ng-star-inserted\" data-start-index=\"2656\">Edifici secund\u00e0ria:<\/b><span class=\"ng-star-inserted\" data-start-index=\"2675\"> C\/ Joan Mir\u00f3 s\/n<\/span><span class=\"ng-star-inserted\" data-start-index=\"2692\">.<\/span><\/div>\n<div data-start-index=\"2656\"><\/div>\n<div class=\"paragraph normal ng-star-inserted\" data-start-index=\"2693\"><span class=\"ng-star-inserted\">\u2022 <\/span><b class=\"ng-star-inserted\" data-start-index=\"2693\">Tel\u00e8fon de contacte:<\/b><span class=\"ng-star-inserted\" data-start-index=\"2713\"> 938668040<\/span><span class=\"ng-star-inserted\" data-start-index=\"2723\">.<\/span><\/div>\n<div class=\"paragraph normal ng-star-inserted\" data-start-index=\"2724\"><span class=\"ng-star-inserted\">\u2022 <\/span><b class=\"ng-star-inserted\" data-start-index=\"2724\">Correu electr\u00f2nic:<\/b><span class=\"ng-star-inserted\" data-start-index=\"2742\"> a8071214<span class=\"\">@xt<\/span>ec.cat<\/span><span class=\"ng-star-inserted\" data-start-index=\"2760\">.<\/span><\/div>\n<div data-start-index=\"2761\"><\/div>\n<div class=\"paragraph normal ng-star-inserted\" data-start-index=\"2761\"><span class=\"ng-star-inserted\" data-start-index=\"2761\">Som un equip cohesionat i preparat per acompanyar-vos durant tot aquest viatge educatiu<\/span><span class=\"ng-star-inserted\" data-start-index=\"2848\">.<\/span><\/div>\n<div class=\"paragraph normal ng-star-inserted\" data-start-index=\"2761\"><span class=\"ng-star-inserted\" data-start-index=\"2848\"> Ens veiem a les aules!<\/span><\/div>\n<p>&nbsp;<\/p>\n<p><!--a=1--><\/p>\n<p><!--a=1--><!--a=1--><\/p>\n<p><!----comment node----><!--a=1--><\/p>\n<p><!----comment node----><!--a=1--><\/p>\n<p><!----comment node----><!--a=1--><\/p>\n<p><!----comment node----><!--a=1--><\/p>\n<p><!----comment node----><!--a=1--><\/p>\n<p><!----comment node----><!--a=1--><\/p>\n","protected":false},"excerpt":{"rendered":"<p>L&#8217;EQUIP QUE FA BATEGAR L&#8217;IE CASTELLTER\u00c7OL: QUI SOM AQUEST 2025\/26? Darrere de cada projecte, de cada classe i de cada aprenentatge a l&#8217;IE Castellter\u00e7ol, hi ha un equip de persones compromeses a fer d&#8217;aquest curs 2025\/26 una experi\u00e8ncia inoblidable. Aquesta entrada \u00e9s la vostra guia de refer\u00e8ncia per con\u00e8ixer qui \u00e9s qui al nostre centre, [&hellip;]<\/p>\n","protected":false},"author":43,"featured_media":0,"parent":19,"menu_order":0,"comment_status":"closed","ping_status":"closed","template":"","meta":{"_bbp_topic_count":0,"_bbp_reply_count":0,"_bbp_total_topic_count":0,"_bbp_total_reply_count":0,"_bbp_voice_count":0,"_bbp_anonymous_reply_count":0,"_bbp_topic_count_hidden":0,"_bbp_reply_count_hidden":0,"_bbp_forum_subforum_count":0,"site-sidebar-layout":"default","site-content-layout":"","ast-site-content-layout":"default","site-content-style":"default","site-sidebar-style":"default","ast-global-header-display":"","ast-banner-title-visibility":"","ast-main-header-display":"","ast-hfb-above-header-display":"","ast-hfb-below-header-display":"","ast-hfb-mobile-header-display":"","site-post-title":"","ast-breadcrumbs-content":"","ast-featured-img":"","footer-sml-layout":"","theme-transparent-header-meta":"default","adv-header-id-meta":"","stick-header-meta":"","header-above-stick-meta":"","header-main-stick-meta":"","header-below-stick-meta":"","astra-migrate-meta-layouts":"set","ast-page-background-enabled":"default","ast-page-background-meta":{"desktop":{"background-color":"var(--ast-global-color-4)","background-image":"","background-repeat":"repeat","background-position":"center center","background-size":"auto","background-attachment":"scroll","background-type":"","background-media":"","overlay-type":"","overlay-color":"","overlay-opacity":"","overlay-gradient":""},"tablet":{"background-color":"","background-image":"","background-repeat":"repeat","background-position":"center center","background-size":"auto","background-attachment":"scroll","background-type":"","background-media":"","overlay-type":"","overlay-color":"","overlay-opacity":"","overlay-gradient":""},"mobile":{"background-color":"","background-image":"","background-repeat":"repeat","background-position":"center center","background-size":"auto","background-attachment":"scroll","background-type":"","background-media":"","overlay-type":"","overlay-color":"","overlay-opacity":"","overlay-gradient":""}},"ast-content-background-meta":{"desktop":{"background-color":"var(--ast-global-color-5)","background-image":"","background-repeat":"repeat","background-position":"center center","background-size":"auto","background-attachment":"scroll","background-type":"","background-media":"","overlay-type":"","overlay-color":"","overlay-opacity":"","overlay-gradient":""},"tablet":{"background-color":"var(--ast-global-color-5)","background-image":"","background-repeat":"repeat","background-position":"center center","background-size":"auto","background-attachment":"scroll","background-type":"","background-media":"","overlay-type":"","overlay-color":"","overlay-opacity":"","overlay-gradient":""},"mobile":{"background-color":"var(--ast-global-color-5)","background-image":"","background-repeat":"repeat","background-position":"center center","background-size":"auto","background-attachment":"scroll","background-type":"","background-media":"","overlay-type":"","overlay-color":"","overlay-opacity":"","overlay-gradient":""}},"footnotes":""},"class_list":["post-17423","page","type-page","status-publish","hentry"],"post_mailing_queue_ids":[],"_links":{"self":[{"href":"https:\/\/agora.xtec.cat\/iecastell\/wp-json\/wp\/v2\/pages\/17423","targetHints":{"allow":["GET"]}}],"collection":[{"href":"https:\/\/agora.xtec.cat\/iecastell\/wp-json\/wp\/v2\/pages"}],"about":[{"href":"https:\/\/agora.xtec.cat\/iecastell\/wp-json\/wp\/v2\/types\/page"}],"author":[{"embeddable":true,"href":"https:\/\/agora.xtec.cat\/iecastell\/wp-json\/wp\/v2\/users\/43"}],"replies":[{"embeddable":true,"href":"https:\/\/agora.xtec.cat\/iecastell\/wp-json\/wp\/v2\/comments?post=17423"}],"version-history":[{"count":7,"href":"https:\/\/agora.xtec.cat\/iecastell\/wp-json\/wp\/v2\/pages\/17423\/revisions"}],"predecessor-version":[{"id":17487,"href":"https:\/\/agora.xtec.cat\/iecastell\/wp-json\/wp\/v2\/pages\/17423\/revisions\/17487"}],"up":[{"embeddable":true,"href":"https:\/\/agora.xtec.cat\/iecastell\/wp-json\/wp\/v2\/pages\/19"}],"wp:attachment":[{"href":"https:\/\/agora.xtec.cat\/iecastell\/wp-json\/wp\/v2\/media?parent=17423"}],"curies":[{"name":"wp","href":"https:\/\/api.w.org\/{rel}","templated":true}]}}