{"id":16680,"date":"2025-01-18T18:48:27","date_gmt":"2025-01-18T17:48:27","guid":{"rendered":"https:\/\/agora.xtec.cat\/iecastell\/?page_id=16680"},"modified":"2025-03-10T19:34:10","modified_gmt":"2025-03-10T18:34:10","slug":"3r-programacio-i-impressio-3d","status":"publish","type":"page","link":"https:\/\/agora.xtec.cat\/iecastell\/steam\/steam-secundaria\/3r-programacio-i-impressio-3d\/","title":{"rendered":"3r Programaci\u00f3 i impressi\u00f3 3D"},"content":{"rendered":"<p><strong>Descobreix el m\u00f3n del disseny i la fabricaci\u00f3 3D amb Steam4ALL!<\/strong><\/p>\n<p>A trav\u00e9s d\u2019aquesta iniciativa, l\u2019alumnat tindr\u00e0 l\u2019oportunitat d\u2019endinsar-se en el fascinant m\u00f3n de la programaci\u00f3, la impressi\u00f3 i el disseny 3D. Guiats per Steam4ALL, aprendran els processos essencials que els portaran a assolir un objectiu ambici\u00f3s: dissenyar i construir un dels edificis emblem\u00e0tics de Castellter\u00e7ol per formar part de la maqueta a escala del poble.<\/p>\n<p>Hem preparat una documentaci\u00f3 excepcional per ajudar-vos en cada pas d\u2019aquest emocionant projecte. Trobareu informaci\u00f3 detallada sobre conceptes, eines i t\u00e8cniques que us seran imprescindibles per donar vida a les vostres creacions. Feu clic al fitxer enlla\u00e7at i comenceu aquest viatge cap a l\u2019enginy i la creativitat!<\/p>\n<p>Castellter\u00e7ol pren forma gr\u00e0cies a les vostres mans!<\/p>\n<p><a href=\"https:\/\/agora.xtec.cat\/iecastell\/wp-content\/uploads\/usu288\/2025\/02\/Maqueta-de-Castelltercol.pdf\">Maquetem Castellter\u00e7ol<\/a><\/p>\n<p><strong>P\u00cdNDOLES EDUCATIVES:<\/strong><\/p>\n<table style=\"width: 100%; border-collapse: collapse; background-color: #b2d3d4;\">\n<tbody>\n<tr>\n<td style=\"width: 50%;\"><a href=\"https:\/\/agora.xtec.cat\/iecastell\/wp-content\/uploads\/usu288\/2025\/02\/98.1.10-T-CAT-Tinkercad.pdf\" target=\"_blank\" rel=\"noopener\">1. Disseny i programaci\u00f3 3D<\/a>. Tinkercad<\/p>\n<p><a href=\"https:\/\/agora.xtec.cat\/iecastell\/wp-content\/uploads\/usu288\/2025\/02\/Com-crear-les-cadires-dun-cinema-1-1.pdf\" target=\"_blank\" rel=\"noopener\">2. Com crear les cadires d\u2019un cinema<\/a><\/td>\n<td style=\"width: 50%;\"><a href=\"https:\/\/agora.xtec.cat\/iecastell\/wp-content\/uploads\/usu288\/2025\/02\/th-1-1.jpeg\"><img loading=\"lazy\" decoding=\"async\" class=\"alignnone size-full wp-image-16835\" src=\"https:\/\/agora.xtec.cat\/iecastell\/wp-content\/uploads\/usu288\/2025\/02\/th-1-1.jpeg\" alt=\"\" width=\"474\" height=\"395\" srcset=\"https:\/\/agora.xtec.cat\/iecastell\/wp-content\/uploads\/usu288\/2025\/02\/th-1-1.jpeg 474w, https:\/\/agora.xtec.cat\/iecastell\/wp-content\/uploads\/usu288\/2025\/02\/th-1-1-300x250.jpeg 300w\" sizes=\"auto, (max-width: 474px) 100vw, 474px\" \/><\/a><\/td>\n<\/tr>\n<\/tbody>\n<\/table>\n<p>&nbsp;<\/p>\n","protected":false},"excerpt":{"rendered":"<p>Descobreix el m\u00f3n del disseny i la fabricaci\u00f3 3D amb Steam4ALL! A trav\u00e9s d\u2019aquesta iniciativa, l\u2019alumnat tindr\u00e0 l\u2019oportunitat d\u2019endinsar-se en el fascinant m\u00f3n de la programaci\u00f3, la impressi\u00f3 i el disseny 3D. Guiats per Steam4ALL, aprendran els processos essencials que els portaran a assolir un objectiu ambici\u00f3s: dissenyar i construir un dels edificis emblem\u00e0tics de [&hellip;]<\/p>\n","protected":false},"author":43,"featured_media":0,"parent":16655,"menu_order":20,"comment_status":"closed","ping_status":"closed","template":"page-templates\/side-menu.php","meta":{"_bbp_topic_count":0,"_bbp_reply_count":0,"_bbp_total_topic_count":0,"_bbp_total_reply_count":0,"_bbp_voice_count":0,"_bbp_anonymous_reply_count":0,"_bbp_topic_count_hidden":0,"_bbp_reply_count_hidden":0,"_bbp_forum_subforum_count":0,"site-sidebar-layout":"default","site-content-layout":"","ast-site-content-layout":"","site-content-style":"default","site-sidebar-style":"default","ast-global-header-display":"","ast-banner-title-visibility":"","ast-main-header-display":"","ast-hfb-above-header-display":"","ast-hfb-below-header-display":"","ast-hfb-mobile-header-display":"","site-post-title":"","ast-breadcrumbs-content":"","ast-featured-img":"","footer-sml-layout":"","theme-transparent-header-meta":"","adv-header-id-meta":"","stick-header-meta":"","header-above-stick-meta":"","header-main-stick-meta":"","header-below-stick-meta":"","astra-migrate-meta-layouts":"default","ast-page-background-enabled":"default","ast-page-background-meta":{"desktop":{"background-color":"var(--ast-global-color-4)","background-image":"","background-repeat":"repeat","background-position":"center center","background-size":"auto","background-attachment":"scroll","background-type":"","background-media":"","overlay-type":"","overlay-color":"","overlay-opacity":"","overlay-gradient":""},"tablet":{"background-color":"","background-image":"","background-repeat":"repeat","background-position":"center center","background-size":"auto","background-attachment":"scroll","background-type":"","background-media":"","overlay-type":"","overlay-color":"","overlay-opacity":"","overlay-gradient":""},"mobile":{"background-color":"","background-image":"","background-repeat":"repeat","background-position":"center center","background-size":"auto","background-attachment":"scroll","background-type":"","background-media":"","overlay-type":"","overlay-color":"","overlay-opacity":"","overlay-gradient":""}},"ast-content-background-meta":{"desktop":{"background-color":"var(--ast-global-color-5)","background-image":"","background-repeat":"repeat","background-position":"center center","background-size":"auto","background-attachment":"scroll","background-type":"","background-media":"","overlay-type":"","overlay-color":"","overlay-opacity":"","overlay-gradient":""},"tablet":{"background-color":"var(--ast-global-color-5)","background-image":"","background-repeat":"repeat","background-position":"center center","background-size":"auto","background-attachment":"scroll","background-type":"","background-media":"","overlay-type":"","overlay-color":"","overlay-opacity":"","overlay-gradient":""},"mobile":{"background-color":"var(--ast-global-color-5)","background-image":"","background-repeat":"repeat","background-position":"center center","background-size":"auto","background-attachment":"scroll","background-type":"","background-media":"","overlay-type":"","overlay-color":"","overlay-opacity":"","overlay-gradient":""}},"footnotes":""},"class_list":["post-16680","page","type-page","status-publish","hentry"],"post_mailing_queue_ids":[],"_links":{"self":[{"href":"https:\/\/agora.xtec.cat\/iecastell\/wp-json\/wp\/v2\/pages\/16680","targetHints":{"allow":["GET"]}}],"collection":[{"href":"https:\/\/agora.xtec.cat\/iecastell\/wp-json\/wp\/v2\/pages"}],"about":[{"href":"https:\/\/agora.xtec.cat\/iecastell\/wp-json\/wp\/v2\/types\/page"}],"author":[{"embeddable":true,"href":"https:\/\/agora.xtec.cat\/iecastell\/wp-json\/wp\/v2\/users\/43"}],"replies":[{"embeddable":true,"href":"https:\/\/agora.xtec.cat\/iecastell\/wp-json\/wp\/v2\/comments?post=16680"}],"version-history":[{"count":6,"href":"https:\/\/agora.xtec.cat\/iecastell\/wp-json\/wp\/v2\/pages\/16680\/revisions"}],"predecessor-version":[{"id":16873,"href":"https:\/\/agora.xtec.cat\/iecastell\/wp-json\/wp\/v2\/pages\/16680\/revisions\/16873"}],"up":[{"embeddable":true,"href":"https:\/\/agora.xtec.cat\/iecastell\/wp-json\/wp\/v2\/pages\/16655"}],"wp:attachment":[{"href":"https:\/\/agora.xtec.cat\/iecastell\/wp-json\/wp\/v2\/media?parent=16680"}],"curies":[{"name":"wp","href":"https:\/\/api.w.org\/{rel}","templated":true}]}}