{"id":16657,"date":"2025-01-02T11:38:48","date_gmt":"2025-01-02T10:38:48","guid":{"rendered":"https:\/\/agora.xtec.cat\/iecastell\/?page_id=16657"},"modified":"2025-03-10T19:30:02","modified_gmt":"2025-03-10T18:30:02","slug":"3r-scratch","status":"publish","type":"page","link":"https:\/\/agora.xtec.cat\/iecastell\/steam\/steam-secundaria\/3r-scratch\/","title":{"rendered":"3r Scratch"},"content":{"rendered":"<p data-start=\"71\" data-end=\"107\"><strong data-start=\"71\" data-end=\"105\">Apr\u00e8n a Programar amb Scratch!<\/strong><\/p>\n<p data-start=\"109\" data-end=\"390\">Vols endinsar-te en el m\u00f3n de la programaci\u00f3 d&#8217;una manera divertida i intu\u00eftiva? A trav\u00e9s de <strong data-start=\"202\" data-end=\"213\">Scratch<\/strong>, des de l&#8217;equip d&#8217;STEAM4ALL ensenyen a l&#8217;alumnat a pensar com aut\u00e8ntics programadors\/es, utilitzant <strong data-start=\"292\" data-end=\"337\">algorismes, bucles i blocs de programaci\u00f3<\/strong> per crear jocs, hist\u00f2ries interactives i molt m\u00e9s.<\/p>\n<p data-start=\"392\" data-end=\"532\">Descobreix com la programaci\u00f3 pot ser f\u00e0cil i entretinguda mentre desenvolupes la teva creativitat i habilitats de resoluci\u00f3 de problemes!<\/p>\n<p data-start=\"392\" data-end=\"532\"><strong>Planificaci\u00f3:<\/strong><\/p>\n<p><a href=\"https:\/\/agora.xtec.cat\/iecastell\/wp-content\/uploads\/usu288\/2025\/02\/9999-Pla_curs_Scratch_3er_ESO.pdf\">Planificaci\u00f3 curs 2024-25<\/a><\/p>\n<p><strong>P\u00edndoles Educatives:<\/strong><\/p>\n<table style=\"width: 100%; border-collapse: collapse; background-color: #b2d3d4; height: 557px;\">\n<tbody>\n<tr style=\"height: 557px;\">\n<td style=\"width: 50%; height: 557px;\"><a href=\"https:\/\/agora.xtec.cat\/iecastell\/wp-content\/uploads\/usu288\/2025\/02\/1.-Pla-de-treball.pdf\" target=\"_blank\" rel=\"noopener\">1. Pla de treball<\/a><\/p>\n<p><a href=\"https:\/\/agora.xtec.cat\/iecastell\/wp-content\/uploads\/usu288\/2025\/02\/2.-Introduccio-a-Scratch-i-creacio-del-dialeg.pdf\" target=\"_blank\" rel=\"noopener\">2. Introducci\u00f3 a Scratch i creaci\u00f3 del di\u00e0leg<\/a><\/p>\n<p><a href=\"https:\/\/agora.xtec.cat\/iecastell\/wp-content\/uploads\/usu288\/2025\/02\/3.-Sinconitzar-el-dialeg-per-missatges.pdf\" target=\"_blank\" rel=\"noopener\">3. Sincronitzar el di\u00e0leg per missatges<\/a><\/p>\n<p><a href=\"https:\/\/agora.xtec.cat\/iecastell\/wp-content\/uploads\/usu288\/2025\/02\/4.-Les-variables-al-Dialeg.pdf\" target=\"_blank\" rel=\"noopener\">4. Les variables al Di\u00e0leg<\/a><\/p>\n<p><a href=\"https:\/\/agora.xtec.cat\/iecastell\/wp-content\/uploads\/usu288\/2025\/02\/5.-La-descompressio.pdf\" target=\"_blank\" rel=\"noopener\">5. La descompressi\u00f3<\/a><\/p>\n<p><a href=\"https:\/\/agora.xtec.cat\/iecastell\/wp-content\/uploads\/usu288\/2025\/02\/6.-Les-llistes.pdf\" target=\"_blank\" rel=\"noopener\">6. Les llistes<\/a><\/p>\n<p><a href=\"https:\/\/agora.xtec.cat\/iecastell\/wp-content\/uploads\/usu288\/2025\/02\/8.-Els-Blocs.pdf\" target=\"_blank\" rel=\"noopener\">7. Els Blocs<\/a><\/p>\n<p><a href=\"https:\/\/agora.xtec.cat\/iecastell\/wp-content\/uploads\/usu288\/2025\/02\/9.-Proces-de-aconseguir-objectius-i-resutats-a-programacio-.pdf\" target=\"_blank\" rel=\"noopener\">8. Proc\u00e9s d&#8217;aconseguir objectius i resultats a programaci\u00f3<\/a><\/p>\n<p><a href=\"https:\/\/agora.xtec.cat\/iecastell\/wp-content\/uploads\/usu288\/2025\/02\/10.-Debuging-strategies-Com-cercar-errades.pdf\" target=\"_blank\" rel=\"noopener\">9. Debuging strategies &#8211; Com cercar errades<\/a><\/p>\n<p><a href=\"https:\/\/agora.xtec.cat\/iecastell\/wp-content\/uploads\/usu288\/2025\/02\/11.-El-Joc-del-SIMON.pdf\" target=\"_blank\" rel=\"noopener\">10. El Joc del SIMON<\/a><\/p>\n<p><a href=\"https:\/\/agora.xtec.cat\/iecastell\/wp-content\/uploads\/usu288\/2025\/02\/12.-El-Joc-del-SIMON-la-codificacio.pdf\" target=\"_blank\" rel=\"noopener\">11. El Joc del SIMON &#8211; la codificaci\u00f3<\/a><\/p>\n<p><a href=\"https:\/\/agora.xtec.cat\/iecastell\/wp-content\/uploads\/usu288\/2025\/02\/13.-Apunts-de-funcions-condicionals.pdf\" target=\"_blank\" rel=\"noopener\">12. Apunts de funcions condicionals<\/a><\/p>\n<p><a href=\"https:\/\/agora.xtec.cat\/iecastell\/wp-content\/uploads\/usu288\/2025\/02\/14.-Consells.pdf\" target=\"_blank\" rel=\"noopener\">13<\/a>. Consells<\/td>\n<td style=\"width: 50%; height: 557px;\"><a href=\"https:\/\/agora.xtec.cat\/iecastell\/wp-content\/uploads\/usu288\/2025\/02\/th-1.jpeg\"><img loading=\"lazy\" decoding=\"async\" class=\"alignnone size-full wp-image-16830\" src=\"https:\/\/agora.xtec.cat\/iecastell\/wp-content\/uploads\/usu288\/2025\/02\/th-1.jpeg\" alt=\"\" width=\"474\" height=\"266\" srcset=\"https:\/\/agora.xtec.cat\/iecastell\/wp-content\/uploads\/usu288\/2025\/02\/th-1.jpeg 474w, https:\/\/agora.xtec.cat\/iecastell\/wp-content\/uploads\/usu288\/2025\/02\/th-1-300x168.jpeg 300w\" sizes=\"auto, (max-width: 474px) 100vw, 474px\" \/><\/a><\/td>\n<\/tr>\n<\/tbody>\n<\/table>\n<p>&nbsp;<\/p>\n","protected":false},"excerpt":{"rendered":"<p>Apr\u00e8n a Programar amb Scratch! Vols endinsar-te en el m\u00f3n de la programaci\u00f3 d&#8217;una manera divertida i intu\u00eftiva? A trav\u00e9s de Scratch, des de l&#8217;equip d&#8217;STEAM4ALL ensenyen a l&#8217;alumnat a pensar com aut\u00e8ntics programadors\/es, utilitzant algorismes, bucles i blocs de programaci\u00f3 per crear jocs, hist\u00f2ries interactives i molt m\u00e9s. Descobreix com la programaci\u00f3 pot ser [&hellip;]<\/p>\n","protected":false},"author":3,"featured_media":0,"parent":16655,"menu_order":10,"comment_status":"closed","ping_status":"closed","template":"page-templates\/side-menu.php","meta":{"_bbp_topic_count":0,"_bbp_reply_count":0,"_bbp_total_topic_count":0,"_bbp_total_reply_count":0,"_bbp_voice_count":0,"_bbp_anonymous_reply_count":0,"_bbp_topic_count_hidden":0,"_bbp_reply_count_hidden":0,"_bbp_forum_subforum_count":0,"site-sidebar-layout":"default","site-content-layout":"","ast-site-content-layout":"","site-content-style":"default","site-sidebar-style":"default","ast-global-header-display":"","ast-banner-title-visibility":"","ast-main-header-display":"","ast-hfb-above-header-display":"","ast-hfb-below-header-display":"","ast-hfb-mobile-header-display":"","site-post-title":"","ast-breadcrumbs-content":"","ast-featured-img":"","footer-sml-layout":"","theme-transparent-header-meta":"","adv-header-id-meta":"","stick-header-meta":"","header-above-stick-meta":"","header-main-stick-meta":"","header-below-stick-meta":"","astra-migrate-meta-layouts":"default","ast-page-background-enabled":"default","ast-page-background-meta":{"desktop":{"background-color":"var(--ast-global-color-4)","background-image":"","background-repeat":"repeat","background-position":"center center","background-size":"auto","background-attachment":"scroll","background-type":"","background-media":"","overlay-type":"","overlay-color":"","overlay-opacity":"","overlay-gradient":""},"tablet":{"background-color":"","background-image":"","background-repeat":"repeat","background-position":"center center","background-size":"auto","background-attachment":"scroll","background-type":"","background-media":"","overlay-type":"","overlay-color":"","overlay-opacity":"","overlay-gradient":""},"mobile":{"background-color":"","background-image":"","background-repeat":"repeat","background-position":"center center","background-size":"auto","background-attachment":"scroll","background-type":"","background-media":"","overlay-type":"","overlay-color":"","overlay-opacity":"","overlay-gradient":""}},"ast-content-background-meta":{"desktop":{"background-color":"var(--ast-global-color-5)","background-image":"","background-repeat":"repeat","background-position":"center center","background-size":"auto","background-attachment":"scroll","background-type":"","background-media":"","overlay-type":"","overlay-color":"","overlay-opacity":"","overlay-gradient":""},"tablet":{"background-color":"var(--ast-global-color-5)","background-image":"","background-repeat":"repeat","background-position":"center center","background-size":"auto","background-attachment":"scroll","background-type":"","background-media":"","overlay-type":"","overlay-color":"","overlay-opacity":"","overlay-gradient":""},"mobile":{"background-color":"var(--ast-global-color-5)","background-image":"","background-repeat":"repeat","background-position":"center center","background-size":"auto","background-attachment":"scroll","background-type":"","background-media":"","overlay-type":"","overlay-color":"","overlay-opacity":"","overlay-gradient":""}},"footnotes":""},"class_list":["post-16657","page","type-page","status-publish","hentry"],"post_mailing_queue_ids":[],"_links":{"self":[{"href":"https:\/\/agora.xtec.cat\/iecastell\/wp-json\/wp\/v2\/pages\/16657","targetHints":{"allow":["GET"]}}],"collection":[{"href":"https:\/\/agora.xtec.cat\/iecastell\/wp-json\/wp\/v2\/pages"}],"about":[{"href":"https:\/\/agora.xtec.cat\/iecastell\/wp-json\/wp\/v2\/types\/page"}],"author":[{"embeddable":true,"href":"https:\/\/agora.xtec.cat\/iecastell\/wp-json\/wp\/v2\/users\/3"}],"replies":[{"embeddable":true,"href":"https:\/\/agora.xtec.cat\/iecastell\/wp-json\/wp\/v2\/comments?post=16657"}],"version-history":[{"count":6,"href":"https:\/\/agora.xtec.cat\/iecastell\/wp-json\/wp\/v2\/pages\/16657\/revisions"}],"predecessor-version":[{"id":16871,"href":"https:\/\/agora.xtec.cat\/iecastell\/wp-json\/wp\/v2\/pages\/16657\/revisions\/16871"}],"up":[{"embeddable":true,"href":"https:\/\/agora.xtec.cat\/iecastell\/wp-json\/wp\/v2\/pages\/16655"}],"wp:attachment":[{"href":"https:\/\/agora.xtec.cat\/iecastell\/wp-json\/wp\/v2\/media?parent=16657"}],"curies":[{"name":"wp","href":"https:\/\/api.w.org\/{rel}","templated":true}]}}