{"id":16563,"date":"2024-12-09T10:12:08","date_gmt":"2024-12-09T09:12:08","guid":{"rendered":"https:\/\/agora.xtec.cat\/iecastell\/?page_id=16563"},"modified":"2025-01-02T13:05:40","modified_gmt":"2025-01-02T12:05:40","slug":"steam","status":"publish","type":"page","link":"https:\/\/agora.xtec.cat\/iecastell\/steam\/","title":{"rendered":"STEAM"},"content":{"rendered":"<p>Durant el curs 2024-25, l\u2019Institut Escola Ramona Calvet de Castellter\u00e7ol dur\u00e0 a terme el projecte STEAM (<span class=\"gBYvFf C9DxTc \">Science, Technology, Engineering, Arts and Maths) que<\/span><span class=\"gBYvFf C9DxTc \">\u00a0fa refer\u00e8ncia a un nou model d\u2019aprenentatge d\u2019aquestes mat\u00e8ries, amb un enfocament integral basat en el Learning-by-doing (aprenentatge mitjan\u00e7ant la pr\u00e0ctica), amb la col\u00b7laboraci\u00f3 d\u2019Steam4all.<\/span><\/p>\n<p><a href=\"https:\/\/sites.google.com\/view\/web-steam4all-catala\">Steam4all<\/a><span class=\"gBYvFf C9DxTc \">, \u00e9s una associaci\u00f3 sense \u00e0nim de lucre que neix amb l\u2019objectiu de promoure les\u00a0<\/span><span class=\"gBYvFf C9DxTc \">STEAM\u00a0<\/span><span class=\"gBYvFf C9DxTc \">en l\u2019alumnat de les escoles de zones rurals, incorporant una perspectiva de g\u00e8nere.\u00a0<\/span><\/p>\n<p>Els nostres objectius seran:<\/p>\n<ul>\n<li>Fomentar la formaci\u00f3 dels docents del claustre dins l\u2019\u00e0mbit cient\u00edfic, tecnol\u00f2gic i matem\u00e0tic.<\/li>\n<li>Potenciar les compet\u00e8ncies cient\u00edfiques, tecnol\u00f2giques i matem\u00e0tiques entre l\u2019alumnat i desenvolupar procediments per fer-ne l\u2019avaluaci\u00f3.<\/li>\n<li>Fomentar les vocacions STEAM i la cultura innovadora en la inf\u00e0ncia.<\/li>\n<\/ul>\n<p>Els treballs es realitzaran utilitzant els seg\u00fcents recursos:<\/p>\n<ul>\n<li>\n<ul>\n<li>LEGO SPIKE (Essential i Prime)<\/li>\n<li>SCRATCH 3.0<\/li>\n<li>TINKERCAD<\/li>\n<li>micro:bit<\/li>\n<li>\u2026<\/li>\n<\/ul>\n<\/li>\n<\/ul>\n","protected":false},"excerpt":{"rendered":"<p>Durant el curs 2024-25, l\u2019Institut Escola Ramona Calvet de Castellter\u00e7ol dur\u00e0 a terme el projecte STEAM (Science, Technology, Engineering, Arts and Maths) que\u00a0fa refer\u00e8ncia a un nou model d\u2019aprenentatge d\u2019aquestes mat\u00e8ries, amb un enfocament integral basat en el Learning-by-doing (aprenentatge mitjan\u00e7ant la pr\u00e0ctica), amb la col\u00b7laboraci\u00f3 d\u2019Steam4all. Steam4all, \u00e9s una associaci\u00f3 sense \u00e0nim de lucre [&hellip;]<\/p>\n","protected":false},"author":43,"featured_media":0,"parent":0,"menu_order":0,"comment_status":"closed","ping_status":"closed","template":"page-templates\/side-menu.php","meta":{"_bbp_topic_count":0,"_bbp_reply_count":0,"_bbp_total_topic_count":0,"_bbp_total_reply_count":0,"_bbp_voice_count":0,"_bbp_anonymous_reply_count":0,"_bbp_topic_count_hidden":0,"_bbp_reply_count_hidden":0,"_bbp_forum_subforum_count":0,"site-sidebar-layout":"default","site-content-layout":"","ast-site-content-layout":"","site-content-style":"default","site-sidebar-style":"default","ast-global-header-display":"","ast-banner-title-visibility":"","ast-main-header-display":"","ast-hfb-above-header-display":"","ast-hfb-below-header-display":"","ast-hfb-mobile-header-display":"","site-post-title":"","ast-breadcrumbs-content":"","ast-featured-img":"","footer-sml-layout":"","theme-transparent-header-meta":"","adv-header-id-meta":"","stick-header-meta":"","header-above-stick-meta":"","header-main-stick-meta":"","header-below-stick-meta":"","astra-migrate-meta-layouts":"default","ast-page-background-enabled":"default","ast-page-background-meta":{"desktop":{"background-color":"var(--ast-global-color-4)","background-image":"","background-repeat":"repeat","background-position":"center center","background-size":"auto","background-attachment":"scroll","background-type":"","background-media":"","overlay-type":"","overlay-color":"","overlay-opacity":"","overlay-gradient":""},"tablet":{"background-color":"","background-image":"","background-repeat":"repeat","background-position":"center center","background-size":"auto","background-attachment":"scroll","background-type":"","background-media":"","overlay-type":"","overlay-color":"","overlay-opacity":"","overlay-gradient":""},"mobile":{"background-color":"","background-image":"","background-repeat":"repeat","background-position":"center center","background-size":"auto","background-attachment":"scroll","background-type":"","background-media":"","overlay-type":"","overlay-color":"","overlay-opacity":"","overlay-gradient":""}},"ast-content-background-meta":{"desktop":{"background-color":"var(--ast-global-color-5)","background-image":"","background-repeat":"repeat","background-position":"center center","background-size":"auto","background-attachment":"scroll","background-type":"","background-media":"","overlay-type":"","overlay-color":"","overlay-opacity":"","overlay-gradient":""},"tablet":{"background-color":"var(--ast-global-color-5)","background-image":"","background-repeat":"repeat","background-position":"center center","background-size":"auto","background-attachment":"scroll","background-type":"","background-media":"","overlay-type":"","overlay-color":"","overlay-opacity":"","overlay-gradient":""},"mobile":{"background-color":"var(--ast-global-color-5)","background-image":"","background-repeat":"repeat","background-position":"center center","background-size":"auto","background-attachment":"scroll","background-type":"","background-media":"","overlay-type":"","overlay-color":"","overlay-opacity":"","overlay-gradient":""}},"footnotes":""},"class_list":["post-16563","page","type-page","status-publish","hentry"],"post_mailing_queue_ids":[],"_links":{"self":[{"href":"https:\/\/agora.xtec.cat\/iecastell\/wp-json\/wp\/v2\/pages\/16563","targetHints":{"allow":["GET"]}}],"collection":[{"href":"https:\/\/agora.xtec.cat\/iecastell\/wp-json\/wp\/v2\/pages"}],"about":[{"href":"https:\/\/agora.xtec.cat\/iecastell\/wp-json\/wp\/v2\/types\/page"}],"author":[{"embeddable":true,"href":"https:\/\/agora.xtec.cat\/iecastell\/wp-json\/wp\/v2\/users\/43"}],"replies":[{"embeddable":true,"href":"https:\/\/agora.xtec.cat\/iecastell\/wp-json\/wp\/v2\/comments?post=16563"}],"version-history":[{"count":5,"href":"https:\/\/agora.xtec.cat\/iecastell\/wp-json\/wp\/v2\/pages\/16563\/revisions"}],"predecessor-version":[{"id":16661,"href":"https:\/\/agora.xtec.cat\/iecastell\/wp-json\/wp\/v2\/pages\/16563\/revisions\/16661"}],"wp:attachment":[{"href":"https:\/\/agora.xtec.cat\/iecastell\/wp-json\/wp\/v2\/media?parent=16563"}],"curies":[{"name":"wp","href":"https:\/\/api.w.org\/{rel}","templated":true}]}}